{"id":1629,"date":"2021-02-16T12:03:52","date_gmt":"2021-02-16T11:03:52","guid":{"rendered":"https:\/\/letrainjaune.fr\/comment-venir\/"},"modified":"2023-07-13T17:17:07","modified_gmt":"2023-07-13T15:17:07","slug":"comment-venir","status":"publish","type":"page","link":"https:\/\/letrainjaune.fr\/ca\/organitzeu-el-vostre-viatge\/comment-venir\/","title":{"rendered":"Com arribar-hi?"},"content":{"rendered":"\n<h2 class=\"wp-block-heading\">Acc\u00e9s a la l\u00ednia del Tren Groc<\/h2>\n\n\n\n<h3 class=\"wp-block-heading\">Rutes<\/h3>\n\n\n<figure class=\"wp-block-image size-full\"><a href=https:\/\/letrainjaune.fr\/wp-content\/uploads\/2021\/09\/trainjauneArtboard-1carte-acces2.png title=\"\" rel=\"prettyPhoto\"><img src=https:\/\/letrainjaune.fr\/wp-content\/uploads\/2021\/09\/trainjauneArtboard-1carte-acces2.png alt=\"\" title=\"trainjauneArtboard-1carte-acces2\" width=\"\" class=\"wp-image-4847\"\/><\/a><\/figure>\n\n\n<h3 class=\"wp-block-heading\">Amb liO train d&#8217;Occit\u00e0nia<\/h3>\n\n\n\n<p><a href=\"http:\/\/trainlio.sncf.com\" target=\"_blank\" rel=\"noreferrer noopener\">Tren liO<\/a> L\u00ednia Perpiny\u00e0 \u2013 Vilafranca de Conflent i l\u00ednia Tolosa \u2013 La Tor de Querol\/Enveig<\/p>\n\n\n\n<p><a href=\"http:\/\/rodalies.gencat.cat\/ca\/inici\" target=\"_blank\" rel=\"noreferrer noopener\">Rodalies de Catalunya<\/a> l\u00ednia Barcelona \u2013 La Tor de Querol\/Enveig<\/p>\n\n\n\n<p>Barcelona Sants \u2013 La Tor de Querol-Enveig<\/p>\n\n\n\n<h3 class=\"wp-block-heading\">Amb autocar liO train d&#8217;Occit\u00e0nia<\/h3>\n\n\n\n<h4 class=\"wp-block-heading\">Fulls de temps<\/h4>\n\n\n\n<p>A continuaci\u00f3 trobareu els horaris de les diferents l\u00ednies d&#8217;autocars de la TER d&#8217;Occit\u00e0nia que us permetran arribar al territori de la <strong>Parc Natural Regional dels Pirineus Catalans.<\/strong><\/p>\n\n\n\n<p>Trobeu tota la informaci\u00f3 dels passatgers dels autocars de la TER d&#8217;Occit\u00e0nia&#8217;information voyageurs des autocars liO <a href=\"https:\/\/www.mestrajets.lio.laregion.fr\/\" target=\"_blank\" rel=\"noreferrer noopener\"><a href=\"https:\/\/www.mestrajets.lio.laregion.fr\/\" target=\"_blank\" rel=\"noreferrer noopener\">per consultar aqu\u00ed<\/a><\/a> ! <\/p>\n\n\n\n<h5 class=\"wp-block-heading\">De Perpiny\u00e0<\/h5>\n\n\n<figure class=\"wp-block-image size-full\"><a href=https:\/\/letrainjaune.fr\/wp-content\/uploads\/2021\/10\/2107-PLAN-PO-66-520-page-001-rotated.jpg title=\"Mapa l\u00ednia 520 Perpiny\u00e0 \u2013 Prades\" rel=\"prettyPhoto\"><img src=https:\/\/letrainjaune.fr\/wp-content\/uploads\/2021\/10\/2107-PLAN-PO-66-520-page-001-rotated.jpg alt=\"\" title=\"2107-PLAN-PO-66-520-page-001\" width=\"\" class=\"wp-image-5207\"\/><\/a><figcaption>Mapa l\u00ednia 520 Perpiny\u00e0 \u2013 Prades<span>&copy; R\u00e9gion Occitanie, DGDIM, Fabagogo <\/span><\/figcaption><\/figure>\n\n\n<div data-wp-interactive=\"core\/file\" class=\"wp-block-file\"><object data-wp-bind--hidden=\"!state.hasPdfPreview\" hidden class=\"wp-block-file__embed\" data=\"https:\/\/letrainjaune.fr\/wp-content\/uploads\/2021\/10\/520-Prades-Perpignan-8-novembre-2021-web.pdf\" type=\"application\/pdf\" style=\"width:100%;height:600px\" aria-label=\"Incrustaci\u00f3 del fitxer Contenu embarqu\u00e9 Ligne 520 Prades - Perpignan..\"><\/object><a href=\"https:\/\/letrainjaune.fr\/wp-content\/uploads\/2021\/10\/520-Prades-Perpignan-8-novembre-2021-web.pdf\">Ligne 520 Prades &#8211; Perpignan<\/a><a href=\"https:\/\/letrainjaune.fr\/wp-content\/uploads\/2021\/10\/520-Prades-Perpignan-8-novembre-2021-web.pdf\" class=\"wp-block-file__button\" download>T\u00e9l\u00e9charger<\/a><\/div>\n\n\n\n<div data-wp-interactive=\"core\/file\" class=\"wp-block-file\"><object data-wp-bind--hidden=\"!state.hasPdfPreview\" hidden class=\"wp-block-file__embed\" data=\"https:\/\/letrainjaune.fr\/wp-content\/uploads\/2021\/10\/520-Prades-Perpignan-web.pdf\" type=\"application\/pdf\" style=\"width:100%;height:600px\" aria-label=\"Incrustaci\u00f3 del fitxer Contenu embarqu\u00e9 Ligne 520 Prades - Perpignan..\"><\/object><a href=\"https:\/\/letrainjaune.fr\/wp-content\/uploads\/2021\/10\/520-Prades-Perpignan-web.pdf\">Ligne 520 Prades &#8211; Perpignan<\/a><a href=\"https:\/\/letrainjaune.fr\/wp-content\/uploads\/2021\/10\/520-Prades-Perpignan-web.pdf\" class=\"wp-block-file__button\" download>T\u00e9l\u00e9charger<\/a><\/div>\n\n\n<figure class=\"wp-block-image size-large\"><a href=https:\/\/letrainjaune.fr\/wp-content\/uploads\/2021\/08\/Plan-ligne-521-page-001.jpg title=\"Mapa l\u00ednia 521 Perpignan - Vernet les Bains\" rel=\"prettyPhoto\"><img src=https:\/\/letrainjaune.fr\/wp-content\/uploads\/2021\/08\/Plan-ligne-521-page-001-1920x1280.jpg alt=\"\" title=\"Plan-ligne-521-page-001\" width=\"\" class=\"wp-image-4655\"\/><\/a><figcaption>Mapa l\u00ednia 521 Perpignan &#8211; Vernet les Bains<span>&copy; R\u00e9gion Occitanie, DGDIM, Fabagogo <\/span><\/figcaption><\/figure>\n\n\n<div data-wp-interactive=\"core\/file\" class=\"wp-block-file\"><object data-wp-bind--hidden=\"!state.hasPdfPreview\" hidden class=\"wp-block-file__embed\" data=\"https:\/\/letrainjaune.fr\/wp-content\/uploads\/2021\/10\/521-Vernet-les-bains-Perpignan-web.pdf\" type=\"application\/pdf\" style=\"width:100%;height:600px\" aria-label=\"Incrustaci\u00f3 del fitxer Contenu embarqu\u00e9 Ligne 521 Vernet les Bains - Perpignan ..\"><\/object><a href=\"https:\/\/letrainjaune.fr\/wp-content\/uploads\/2021\/10\/521-Vernet-les-bains-Perpignan-web.pdf\">Ligne 521 Vernet les Bains &#8211; Perpignan <\/a><a href=\"https:\/\/letrainjaune.fr\/wp-content\/uploads\/2021\/10\/521-Vernet-les-bains-Perpignan-web.pdf\" class=\"wp-block-file__button\" download>T\u00e9l\u00e9charger<\/a><\/div>\n\n\n\n<div data-wp-interactive=\"core\/file\" class=\"wp-block-file\"><object data-wp-bind--hidden=\"!state.hasPdfPreview\" hidden class=\"wp-block-file__embed\" data=\"https:\/\/letrainjaune.fr\/wp-content\/uploads\/2021\/10\/521-Vernet-Perpignan-8-novembre-2021-web.pdf\" type=\"application\/pdf\" style=\"width:100%;height:600px\" aria-label=\"Incrustaci\u00f3 del fitxer Contenu embarqu\u00e9 Ligne 521 Vernet les Bains - Perpignan..\"><\/object><a href=\"https:\/\/letrainjaune.fr\/wp-content\/uploads\/2021\/10\/521-Vernet-Perpignan-8-novembre-2021-web.pdf\">Ligne 521 Vernet les Bains &#8211; Perpignan<\/a><a href=\"https:\/\/letrainjaune.fr\/wp-content\/uploads\/2021\/10\/521-Vernet-Perpignan-8-novembre-2021-web.pdf\" class=\"wp-block-file__button\" download>T\u00e9l\u00e9charger<\/a><\/div>\n\n\n<figure class=\"wp-block-image size-large\"><a href=https:\/\/letrainjaune.fr\/wp-content\/uploads\/2021\/08\/Plan-ligne-560-page-001.jpg title=\" Mapa l\u00ednia 560 Font Romeu - Perpignan \" rel=\"prettyPhoto\"><img src=https:\/\/letrainjaune.fr\/wp-content\/uploads\/2021\/08\/Plan-ligne-560-page-001-1920x1280.jpg alt=\"\" title=\"Plan-ligne-560-page-001\" width=\"\" class=\"wp-image-4659\"\/><\/a><figcaption> Mapa l\u00ednia 560 Font Romeu &#8211; Perpignan <span>&copy; R\u00e9gion Occitanie, DGDIM, Fabagogo <\/span><\/figcaption><\/figure>\n\n\n<div data-wp-interactive=\"core\/file\" class=\"wp-block-file\"><object data-wp-bind--hidden=\"!state.hasPdfPreview\" hidden class=\"wp-block-file__embed\" data=\"https:\/\/letrainjaune.fr\/wp-content\/uploads\/2022\/05\/560-Porte-Perpignan-A-compter-du-18-Avril.pdf\" type=\"application\/pdf\" style=\"width:100%;height:600px\" aria-label=\"Incrustaci\u00f3 del fitxer Contenu embarqu\u00e9 Ligne 560 Perpignan - Font-Romeu ..\"><\/object><a href=\"https:\/\/letrainjaune.fr\/wp-content\/uploads\/2022\/05\/560-Porte-Perpignan-A-compter-du-18-Avril.pdf\">Ligne 560 Perpignan &#8211; Font-Romeu <\/a><a href=\"https:\/\/letrainjaune.fr\/wp-content\/uploads\/2022\/05\/560-Porte-Perpignan-A-compter-du-18-Avril.pdf\" class=\"wp-block-file__button\" download>T\u00e9l\u00e9charger<\/a><\/div>\n\n\n\n<h5 class=\"wp-block-heading\">Depuis Toulouse <\/h5>\n\n\n\n<div class=\"wp-block-file\"><a href=\"https:\/\/letrainjaune.fr\/wp-content\/uploads\/2021\/07\/Latour-de-Carol-Foix-Toulouse.pdf\">Ligne Latour de Carol &#8211; Foix &#8211; Toulouse <\/a><a href=\"https:\/\/letrainjaune.fr\/wp-content\/uploads\/2021\/07\/Latour-de-Carol-Foix-Toulouse.pdf\" class=\"wp-block-file__button\" download>T\u00e9l\u00e9charger<\/a><\/div>\n\n\n\n<h5 class=\"wp-block-heading\">Ligne Transfrontali\u00e8res <em>Connect <\/em><\/h5>\n\n\n<figure class=\"wp-block-image size-large\"><a href=https:\/\/letrainjaune.fr\/wp-content\/uploads\/2021\/08\/Plan-ligne-566-page-001.jpg title=\" L\u00ednia  566 Port\u00e9 Puymorens - Puigcerda - Mont Louis \" rel=\"prettyPhoto\"><img src=https:\/\/letrainjaune.fr\/wp-content\/uploads\/2021\/08\/Plan-ligne-566-page-001-1920x1280.jpg alt=\"\" title=\"Plan-ligne-566-page-001\" width=\"\" class=\"wp-image-4612\"\/><\/a><figcaption> L\u00ednia  566 Port\u00e9 Puymorens &#8211; Puigcerda &#8211; Mont Louis <span>&copy; R\u00e9gion Occitanie, DGDIM, Fabagogo <\/span><\/figcaption><\/figure>\n\n\n<div class=\"wp-block-file\"><a href=\"https:\/\/letrainjaune.fr\/wp-content\/uploads\/2021\/07\/566-Porte-Puigcerda-Mont-Louis.pdf\">Ligne 566 Port\u00e9 Puymorens &#8211; Puigcerda &#8211; Mont Louis <\/a><a href=\"https:\/\/letrainjaune.fr\/wp-content\/uploads\/2021\/07\/566-Porte-Puigcerda-Mont-Louis.pdf\" class=\"wp-block-file__button\" download>T\u00e9l\u00e9charger<\/a><\/div>\n\n\n<figure class=\"wp-block-image size-large\"><a href=https:\/\/letrainjaune.fr\/wp-content\/uploads\/2021\/08\/Plan-ligne-569-page-001.jpg title=\" L\u00ednia  569 Formigu\u00e8res - Puigcerda - Err \" rel=\"prettyPhoto\"><img src=https:\/\/letrainjaune.fr\/wp-content\/uploads\/2021\/08\/Plan-ligne-569-page-001-1920x1280.jpg alt=\"\" title=\"Plan-ligne-569-page-001\" width=\"\" class=\"wp-image-4616\"\/><\/a><figcaption> L\u00ednia  569 Formigu\u00e8res &#8211; Puigcerda &#8211; Err <span>&copy; R\u00e9gion Occitanie, DGDIM, Fabagogo <\/span><\/figcaption><\/figure>\n\n\n<div class=\"wp-block-file\"><a href=\"https:\/\/letrainjaune.fr\/wp-content\/uploads\/2021\/07\/569-Formigueres-Puigcerda-Err.pdf\">Ligne 569 Formigu\u00e8res &#8211; Puigcerda &#8211; Err <\/a><a href=\"https:\/\/letrainjaune.fr\/wp-content\/uploads\/2021\/07\/569-Formigueres-Puigcerda-Err.pdf\" class=\"wp-block-file__button\" download>T\u00e9l\u00e9charger<\/a><\/div>\n\n\n\n<h3 class=\"wp-block-heading\">La xarxa TER d&#8217;Occit\u00e0nia<\/h3>\n\n\n\n<p>La TER d&#8217;Occit\u00e0nia, o tamb\u00e9 anomenada \u201cliO\u201d, \u00e9s la xarxa de transport regional de la regi\u00f3 d&#8217;Occit\u00e0nia que combina <strong>tren regional<\/strong> (abans TER), <strong>l\u00ednies d&#8217;autob\u00fas interurbans<\/strong> i serveis de <strong>transport sota demanda<\/strong>. Amb la TER d&#8217;Occit\u00e0nia, la Regi\u00f3 est\u00e0 construint una xarxa de transport que uneix tot el territori d&#8217;Occit\u00e0nia. Les l\u00ednies i els horaris d&#8217;autocars s&#8217;organitzen conjuntament amb la xarxa ferrovi\u00e0ria. <\/p>\n\n\n<figure class=\"wp-block-image size-large\"><a href=https:\/\/letrainjaune.fr\/wp-content\/uploads\/2021\/08\/Illustration_1_Finale_15042021.png title=\"\" rel=\"prettyPhoto\"><img src=https:\/\/letrainjaune.fr\/wp-content\/uploads\/2021\/08\/Illustration_1_Finale_15042021.png alt=\"\" title=\"Illustration_1_Finale_15042021\" width=\"\" class=\"wp-image-4297\"\/><\/a><figcaption><span>&copy; liO Occitanie <\/span><\/figcaption><\/figure>\n\n\n<p>A m\u00e9s, la TER d&#8217;Occit\u00e0nia tamb\u00e9 \u00e9s una pol\u00edtica de mobilitat que t\u00e9 en compte la mobilitat ecol\u00f2gica com la bicicleta o el cotxe compartit. S&#8217;ofereixen ajuts als ciutadans per adquirir una bicicleta cl\u00e0ssica o el\u00e8ctrica. Tamb\u00e9 s&#8217;inicien convocat\u00f2ries de projectes amb els territoris per desenvolupar localment serveis de cotxe compartit o zones multimodals.<\/p>\n\n\n\n<p>Tota la informaci\u00f3 <a href=\"https:\/\/www.lio.laregion.fr\/\" target=\"_blank\" rel=\"noreferrer noopener\"><\/a><a href=\"https:\/\/www.lio.laregion.fr\/\" target=\"_blank\" rel=\"noreferrer noopener\">disponible aqu\u00ed<\/a> ! <\/p>\n\n\n<figure class=\"wp-block-image size-full\"><a href=https:\/\/letrainjaune.fr\/wp-content\/uploads\/2021\/08\/RMP0092542_Grimault-Emmanuel-Region-Occitanie_-1.jpg title=\"L\u00ednia d'autocars de la TER d'Occit\u00e0nia entre Albi i Castres\" rel=\"prettyPhoto\"><img src=https:\/\/letrainjaune.fr\/wp-content\/uploads\/2021\/08\/RMP0092542_Grimault-Emmanuel-Region-Occitanie_-1.jpg alt=\"\" title=\"RMP0092542\" width=\"\" class=\"wp-image-4301\"\/><\/a><figcaption>L\u00ednia d&#8217;autocars de la TER d&#8217;Occit\u00e0nia entre Albi i Castres<span>&copy; Grimault Emmanuel &#8211; Region Occitanie<\/span><\/figcaption><\/figure>\n\n\n<div data-wp-interactive=\"core\/file\" class=\"wp-block-file\"><object data-wp-bind--hidden=\"!state.hasPdfPreview\" hidden class=\"wp-block-file__embed\" data=\"https:\/\/letrainjaune.fr\/wp-content\/uploads\/2021\/10\/Oc21-ReseauLIO-08-18-Etat.pdf\" type=\"application\/pdf\" style=\"width:100%;height:600px\" aria-label=\"Incrustaci\u00f3 del fitxer PDF embarqu\u00e9.\"><\/object><a href=\"https:\/\/letrainjaune.fr\/wp-content\/uploads\/2021\/10\/Oc21-ReseauLIO-08-18-Etat.pdf\" class=\"wp-block-file__button\" download>T\u00e9l\u00e9charger<\/a><\/div>\n","protected":false},"excerpt":{"rendered":"<p>Acc\u00e9s a la l\u00ednia del Tren Groc Rutes Amb liO train d&#8217;Occit\u00e0nia Tren liO L\u00ednia Perpiny\u00e0 \u2013 Vilafranca de Conflent i l\u00ednia Tolosa \u2013 La Tor de Querol\/Enveig Rodalies de Catalunya l\u00ednia Barcelona \u2013 La Tor de Querol\/Enveig Barcelona Sants \u2013 La Tor de Querol-Enveig Amb autocar liO train d&#8217;Occit\u00e0nia Fulls de temps A continuaci\u00f3 [&hellip;]<\/p>\n","protected":false},"author":2,"featured_media":4292,"parent":1710,"menu_order":1,"comment_status":"closed","ping_status":"closed","template":"","meta":{"_acf_changed":false,"inline_featured_image":false,"footnotes":""},"class_list":["post-1629","page","type-page","status-publish","has-post-thumbnail","hentry"],"acf":[],"yoast_head":"<!-- This site is optimized with the Yoast SEO plugin v25.4 - https:\/\/yoast.com\/wordpress\/plugins\/seo\/ -->\n<title>Com arribar-hi? - Dest\u00ed: El Tren Groc<\/title>\n<meta name=\"robots\" content=\"index, follow, max-snippet:-1, max-image-preview:large, max-video-preview:-1\" \/>\n<link rel=\"canonical\" href=\"https:\/\/letrainjaune.fr\/ca\/organitzeu-el-vostre-viatge\/comment-venir\/\" \/>\n<meta property=\"og:locale\" content=\"ca_ES\" \/>\n<meta property=\"og:type\" content=\"article\" \/>\n<meta property=\"og:title\" content=\"Com arribar-hi? - Dest\u00ed: El Tren Groc\" \/>\n<meta property=\"og:description\" content=\"Acc\u00e9s a la l\u00ednia del Tren Groc Rutes Amb liO train d&#8217;Occit\u00e0nia Tren liO L\u00ednia Perpiny\u00e0 \u2013 Vilafranca de Conflent i l\u00ednia Tolosa \u2013 La Tor de Querol\/Enveig Rodalies de Catalunya l\u00ednia Barcelona \u2013 La Tor de Querol\/Enveig Barcelona Sants \u2013 La Tor de Querol-Enveig Amb autocar liO train d&#8217;Occit\u00e0nia Fulls de temps A continuaci\u00f3 [&hellip;]\" \/>\n<meta property=\"og:url\" content=\"https:\/\/letrainjaune.fr\/ca\/organitzeu-el-vostre-viatge\/comment-venir\/\" \/>\n<meta property=\"og:site_name\" content=\"Dest\u00ed: El Tren Groc\" \/>\n<meta property=\"article:modified_time\" content=\"2023-07-13T15:17:07+00:00\" \/>\n<meta property=\"og:image\" content=\"https:\/\/letrainjaune.fr\/wp-content\/uploads\/2021\/08\/RMP0124308_Lapeyrere-Sebastien-Region-Occitanie_.jpg\" \/>\n\t<meta property=\"og:image:width\" content=\"800\" \/>\n\t<meta property=\"og:image:height\" content=\"556\" \/>\n\t<meta property=\"og:image:type\" content=\"image\/jpeg\" \/>\n<meta name=\"twitter:card\" content=\"summary_large_image\" \/>\n<meta name=\"twitter:label1\" content=\"Temps estimat de lectura\" \/>\n\t<meta name=\"twitter:data1\" content=\"4 minuts\" \/>\n<script type=\"application\/ld+json\" class=\"yoast-schema-graph\">{\"@context\":\"https:\/\/schema.org\",\"@graph\":[{\"@type\":\"WebPage\",\"@id\":\"https:\/\/letrainjaune.fr\/ca\/organitzeu-el-vostre-viatge\/comment-venir\/\",\"url\":\"https:\/\/letrainjaune.fr\/ca\/organitzeu-el-vostre-viatge\/comment-venir\/\",\"name\":\"Com arribar-hi? - Dest\u00ed: El Tren Groc\",\"isPartOf\":{\"@id\":\"https:\/\/letrainjaune.fr\/ca\/#website\"},\"primaryImageOfPage\":{\"@id\":\"https:\/\/letrainjaune.fr\/ca\/organitzeu-el-vostre-viatge\/comment-venir\/#primaryimage\"},\"image\":{\"@id\":\"https:\/\/letrainjaune.fr\/ca\/organitzeu-el-vostre-viatge\/comment-venir\/#primaryimage\"},\"thumbnailUrl\":\"https:\/\/letrainjaune.fr\/wp-content\/uploads\/2021\/08\/RMP0124308_Lapeyrere-Sebastien-Region-Occitanie_.jpg\",\"datePublished\":\"2021-02-16T11:03:52+00:00\",\"dateModified\":\"2023-07-13T15:17:07+00:00\",\"breadcrumb\":{\"@id\":\"https:\/\/letrainjaune.fr\/ca\/organitzeu-el-vostre-viatge\/comment-venir\/#breadcrumb\"},\"inLanguage\":\"ca\",\"potentialAction\":[{\"@type\":\"ReadAction\",\"target\":[\"https:\/\/letrainjaune.fr\/ca\/organitzeu-el-vostre-viatge\/comment-venir\/\"]}]},{\"@type\":\"ImageObject\",\"inLanguage\":\"ca\",\"@id\":\"https:\/\/letrainjaune.fr\/ca\/organitzeu-el-vostre-viatge\/comment-venir\/#primaryimage\",\"url\":\"https:\/\/letrainjaune.fr\/wp-content\/uploads\/2021\/08\/RMP0124308_Lapeyrere-Sebastien-Region-Occitanie_.jpg\",\"contentUrl\":\"https:\/\/letrainjaune.fr\/wp-content\/uploads\/2021\/08\/RMP0124308_Lapeyrere-Sebastien-Region-Occitanie_.jpg\",\"width\":800,\"height\":556,\"caption\":\"Train Regiolis TER Occitanie en gare de l' Isle-Jourdain (32)\"},{\"@type\":\"BreadcrumbList\",\"@id\":\"https:\/\/letrainjaune.fr\/ca\/organitzeu-el-vostre-viatge\/comment-venir\/#breadcrumb\",\"itemListElement\":[{\"@type\":\"ListItem\",\"position\":1,\"name\":\"Benvinguda\",\"item\":\"https:\/\/letrainjaune.fr\/ca\/\"},{\"@type\":\"ListItem\",\"position\":2,\"name\":\"Organitzeu el vostre viatge\",\"item\":\"https:\/\/letrainjaune.fr\/ca\/organitzeu-el-vostre-viatge\/\"},{\"@type\":\"ListItem\",\"position\":3,\"name\":\"Com arribar-hi?\"}]},{\"@type\":\"WebSite\",\"@id\":\"https:\/\/letrainjaune.fr\/ca\/#website\",\"url\":\"https:\/\/letrainjaune.fr\/ca\/\",\"name\":\"Dest\u00ed: El Tren Groc\",\"description\":\"Dans les Pyr\u00e9n\u00e9es Catalanes, d\u00e9couvrez ce train sur le plus haut chemin de fer d\u2019Europe.\",\"publisher\":{\"@id\":\"https:\/\/letrainjaune.fr\/ca\/#organization\"},\"potentialAction\":[{\"@type\":\"SearchAction\",\"target\":{\"@type\":\"EntryPoint\",\"urlTemplate\":\"https:\/\/letrainjaune.fr\/ca\/?s={search_term_string}\"},\"query-input\":{\"@type\":\"PropertyValueSpecification\",\"valueRequired\":true,\"valueName\":\"search_term_string\"}}],\"inLanguage\":\"ca\"},{\"@type\":\"Organization\",\"@id\":\"https:\/\/letrainjaune.fr\/ca\/#organization\",\"name\":\"Dest\u00ed: El Tren Groc\",\"url\":\"https:\/\/letrainjaune.fr\/ca\/\",\"logo\":{\"@type\":\"ImageObject\",\"inLanguage\":\"ca\",\"@id\":\"https:\/\/letrainjaune.fr\/ca\/#\/schema\/logo\/image\/\",\"url\":\"https:\/\/letrainjaune.fr\/wp-content\/uploads\/2021\/04\/TJ_logo-TJ-footer.svg\",\"contentUrl\":\"https:\/\/letrainjaune.fr\/wp-content\/uploads\/2021\/04\/TJ_logo-TJ-footer.svg\",\"width\":\"1920\",\"height\":\"9999\",\"caption\":\"Dest\u00ed: El Tren Groc\"},\"image\":{\"@id\":\"https:\/\/letrainjaune.fr\/ca\/#\/schema\/logo\/image\/\"}}]}<\/script>\n<!-- \/ Yoast SEO plugin. -->","yoast_head_json":{"title":"Com arribar-hi? - Dest\u00ed: El Tren Groc","robots":{"index":"index","follow":"follow","max-snippet":"max-snippet:-1","max-image-preview":"max-image-preview:large","max-video-preview":"max-video-preview:-1"},"canonical":"https:\/\/letrainjaune.fr\/ca\/organitzeu-el-vostre-viatge\/comment-venir\/","og_locale":"ca_ES","og_type":"article","og_title":"Com arribar-hi? - Dest\u00ed: El Tren Groc","og_description":"Acc\u00e9s a la l\u00ednia del Tren Groc Rutes Amb liO train d&#8217;Occit\u00e0nia Tren liO L\u00ednia Perpiny\u00e0 \u2013 Vilafranca de Conflent i l\u00ednia Tolosa \u2013 La Tor de Querol\/Enveig Rodalies de Catalunya l\u00ednia Barcelona \u2013 La Tor de Querol\/Enveig Barcelona Sants \u2013 La Tor de Querol-Enveig Amb autocar liO train d&#8217;Occit\u00e0nia Fulls de temps A continuaci\u00f3 [&hellip;]","og_url":"https:\/\/letrainjaune.fr\/ca\/organitzeu-el-vostre-viatge\/comment-venir\/","og_site_name":"Dest\u00ed: El Tren Groc","article_modified_time":"2023-07-13T15:17:07+00:00","og_image":[{"width":800,"height":556,"url":"https:\/\/letrainjaune.fr\/wp-content\/uploads\/2021\/08\/RMP0124308_Lapeyrere-Sebastien-Region-Occitanie_.jpg","type":"image\/jpeg"}],"twitter_card":"summary_large_image","twitter_misc":{"Temps estimat de lectura":"4 minuts"},"schema":{"@context":"https:\/\/schema.org","@graph":[{"@type":"WebPage","@id":"https:\/\/letrainjaune.fr\/ca\/organitzeu-el-vostre-viatge\/comment-venir\/","url":"https:\/\/letrainjaune.fr\/ca\/organitzeu-el-vostre-viatge\/comment-venir\/","name":"Com arribar-hi? - Dest\u00ed: El Tren Groc","isPartOf":{"@id":"https:\/\/letrainjaune.fr\/ca\/#website"},"primaryImageOfPage":{"@id":"https:\/\/letrainjaune.fr\/ca\/organitzeu-el-vostre-viatge\/comment-venir\/#primaryimage"},"image":{"@id":"https:\/\/letrainjaune.fr\/ca\/organitzeu-el-vostre-viatge\/comment-venir\/#primaryimage"},"thumbnailUrl":"https:\/\/letrainjaune.fr\/wp-content\/uploads\/2021\/08\/RMP0124308_Lapeyrere-Sebastien-Region-Occitanie_.jpg","datePublished":"2021-02-16T11:03:52+00:00","dateModified":"2023-07-13T15:17:07+00:00","breadcrumb":{"@id":"https:\/\/letrainjaune.fr\/ca\/organitzeu-el-vostre-viatge\/comment-venir\/#breadcrumb"},"inLanguage":"ca","potentialAction":[{"@type":"ReadAction","target":["https:\/\/letrainjaune.fr\/ca\/organitzeu-el-vostre-viatge\/comment-venir\/"]}]},{"@type":"ImageObject","inLanguage":"ca","@id":"https:\/\/letrainjaune.fr\/ca\/organitzeu-el-vostre-viatge\/comment-venir\/#primaryimage","url":"https:\/\/letrainjaune.fr\/wp-content\/uploads\/2021\/08\/RMP0124308_Lapeyrere-Sebastien-Region-Occitanie_.jpg","contentUrl":"https:\/\/letrainjaune.fr\/wp-content\/uploads\/2021\/08\/RMP0124308_Lapeyrere-Sebastien-Region-Occitanie_.jpg","width":800,"height":556,"caption":"Train Regiolis TER Occitanie en gare de l' Isle-Jourdain (32)"},{"@type":"BreadcrumbList","@id":"https:\/\/letrainjaune.fr\/ca\/organitzeu-el-vostre-viatge\/comment-venir\/#breadcrumb","itemListElement":[{"@type":"ListItem","position":1,"name":"Benvinguda","item":"https:\/\/letrainjaune.fr\/ca\/"},{"@type":"ListItem","position":2,"name":"Organitzeu el vostre viatge","item":"https:\/\/letrainjaune.fr\/ca\/organitzeu-el-vostre-viatge\/"},{"@type":"ListItem","position":3,"name":"Com arribar-hi?"}]},{"@type":"WebSite","@id":"https:\/\/letrainjaune.fr\/ca\/#website","url":"https:\/\/letrainjaune.fr\/ca\/","name":"Dest\u00ed: El Tren Groc","description":"Dans les Pyr\u00e9n\u00e9es Catalanes, d\u00e9couvrez ce train sur le plus haut chemin de fer d\u2019Europe.","publisher":{"@id":"https:\/\/letrainjaune.fr\/ca\/#organization"},"potentialAction":[{"@type":"SearchAction","target":{"@type":"EntryPoint","urlTemplate":"https:\/\/letrainjaune.fr\/ca\/?s={search_term_string}"},"query-input":{"@type":"PropertyValueSpecification","valueRequired":true,"valueName":"search_term_string"}}],"inLanguage":"ca"},{"@type":"Organization","@id":"https:\/\/letrainjaune.fr\/ca\/#organization","name":"Dest\u00ed: El Tren Groc","url":"https:\/\/letrainjaune.fr\/ca\/","logo":{"@type":"ImageObject","inLanguage":"ca","@id":"https:\/\/letrainjaune.fr\/ca\/#\/schema\/logo\/image\/","url":"https:\/\/letrainjaune.fr\/wp-content\/uploads\/2021\/04\/TJ_logo-TJ-footer.svg","contentUrl":"https:\/\/letrainjaune.fr\/wp-content\/uploads\/2021\/04\/TJ_logo-TJ-footer.svg","width":"1920","height":"9999","caption":"Dest\u00ed: El Tren Groc"},"image":{"@id":"https:\/\/letrainjaune.fr\/ca\/#\/schema\/logo\/image\/"}}]}},"_links":{"self":[{"href":"https:\/\/letrainjaune.fr\/ca\/wp-json\/wp\/v2\/pages\/1629","targetHints":{"allow":["GET"]}}],"collection":[{"href":"https:\/\/letrainjaune.fr\/ca\/wp-json\/wp\/v2\/pages"}],"about":[{"href":"https:\/\/letrainjaune.fr\/ca\/wp-json\/wp\/v2\/types\/page"}],"author":[{"embeddable":true,"href":"https:\/\/letrainjaune.fr\/ca\/wp-json\/wp\/v2\/users\/2"}],"replies":[{"embeddable":true,"href":"https:\/\/letrainjaune.fr\/ca\/wp-json\/wp\/v2\/comments?post=1629"}],"version-history":[{"count":4,"href":"https:\/\/letrainjaune.fr\/ca\/wp-json\/wp\/v2\/pages\/1629\/revisions"}],"predecessor-version":[{"id":10737,"href":"https:\/\/letrainjaune.fr\/ca\/wp-json\/wp\/v2\/pages\/1629\/revisions\/10737"}],"up":[{"embeddable":true,"href":"https:\/\/letrainjaune.fr\/ca\/wp-json\/wp\/v2\/pages\/1710"}],"wp:featuredmedia":[{"embeddable":true,"href":"https:\/\/letrainjaune.fr\/ca\/wp-json\/wp\/v2\/media\/4292"}],"wp:attachment":[{"href":"https:\/\/letrainjaune.fr\/ca\/wp-json\/wp\/v2\/media?parent=1629"}],"curies":[{"name":"wp","href":"https:\/\/api.w.org\/{rel}","templated":true}]}}