{"id":1694,"date":"2021-02-16T09:35:38","date_gmt":"2021-02-16T08:35:38","guid":{"rendered":"https:\/\/letrainjaune.fr\/ligne-et-gares\/"},"modified":"2023-06-26T17:47:34","modified_gmt":"2023-06-26T15:47:34","slug":"linia-i-estacions","status":"publish","type":"page","link":"https:\/\/letrainjaune.fr\/ca\/linia-i-estacions\/","title":{"rendered":"La l\u00ednia i les seves estacions"},"content":{"rendered":"\n<p>La l\u00ednia del Tren Groc travessa el Parc Natural Regional Pirineu-Catal\u00e0 passant per 22 pobles i llogarets! D&#8217;aquests, 8 ho s\u00f3n <strong>aturades obligat\u00f2ries <\/strong>(estacions) i 14 s\u00f3n <strong>opcionals<\/strong> (a petici\u00f3).<\/p>\n\n\n\n<p>Prop de les parades opcionals, el tren nom\u00e9s s&#8217;atura a petici\u00f3 o quan els viatgers es troben a la vora de la via. <\/p>\n","protected":false},"excerpt":{"rendered":"<p>La l\u00ednia del Tren Groc travessa el Parc Natural Regional Pirineu-Catal\u00e0 passant per 22 pobles i llogarets! D&#8217;aquests, 8 ho s\u00f3n aturades obligat\u00f2ries (estacions) i 14 s\u00f3n opcionals (a petici\u00f3). Prop de les parades opcionals, el tren nom\u00e9s s&#8217;atura a petici\u00f3 o quan els viatgers es troben a la vora de la via.<\/p>\n","protected":false},"author":2,"featured_media":1328,"parent":0,"menu_order":3,"comment_status":"closed","ping_status":"closed","template":"page-templates\/page-gares.php","meta":{"_acf_changed":false,"inline_featured_image":false,"footnotes":""},"class_list":["post-1694","page","type-page","status-publish","has-post-thumbnail","hentry"],"acf":[],"yoast_head":"<!-- This site is optimized with the Yoast SEO plugin v25.4 - https:\/\/yoast.com\/wordpress\/plugins\/seo\/ -->\n<title>La l\u00ednia i les seves estacions - Dest\u00ed: El Tren Groc<\/title>\n<meta name=\"robots\" content=\"index, follow, max-snippet:-1, max-image-preview:large, max-video-preview:-1\" \/>\n<link rel=\"canonical\" href=\"https:\/\/letrainjaune.fr\/ca\/linia-i-estacions\/\" \/>\n<meta property=\"og:locale\" content=\"ca_ES\" \/>\n<meta property=\"og:type\" content=\"article\" \/>\n<meta property=\"og:title\" content=\"La l\u00ednia i les seves estacions - Dest\u00ed: El Tren Groc\" \/>\n<meta property=\"og:description\" content=\"La l\u00ednia del Tren Groc travessa el Parc Natural Regional Pirineu-Catal\u00e0 passant per 22 pobles i llogarets! D&#8217;aquests, 8 ho s\u00f3n aturades obligat\u00f2ries (estacions) i 14 s\u00f3n opcionals (a petici\u00f3). Prop de les parades opcionals, el tren nom\u00e9s s&#8217;atura a petici\u00f3 o quan els viatgers es troben a la vora de la via.\" \/>\n<meta property=\"og:url\" content=\"https:\/\/letrainjaune.fr\/ca\/linia-i-estacions\/\" \/>\n<meta property=\"og:site_name\" content=\"Dest\u00ed: El Tren Groc\" \/>\n<meta property=\"article:modified_time\" content=\"2023-06-26T15:47:34+00:00\" \/>\n<meta property=\"og:image\" content=\"https:\/\/letrainjaune.fr\/wp-content\/uploads\/2021\/05\/TrainJaune-hiver-\u00a9JCMILHET_PNRPC-13-bd-2.jpg\" \/>\n\t<meta property=\"og:image:width\" content=\"1920\" \/>\n\t<meta property=\"og:image:height\" content=\"881\" \/>\n\t<meta property=\"og:image:type\" content=\"image\/jpeg\" \/>\n<meta name=\"twitter:card\" content=\"summary_large_image\" \/>\n<meta name=\"twitter:label1\" content=\"Temps estimat de lectura\" \/>\n\t<meta name=\"twitter:data1\" content=\"1 minut\" \/>\n<script type=\"application\/ld+json\" class=\"yoast-schema-graph\">{\"@context\":\"https:\/\/schema.org\",\"@graph\":[{\"@type\":\"WebPage\",\"@id\":\"https:\/\/letrainjaune.fr\/ca\/linia-i-estacions\/\",\"url\":\"https:\/\/letrainjaune.fr\/ca\/linia-i-estacions\/\",\"name\":\"La l\u00ednia i les seves estacions - Dest\u00ed: El Tren Groc\",\"isPartOf\":{\"@id\":\"https:\/\/letrainjaune.fr\/ca\/#website\"},\"primaryImageOfPage\":{\"@id\":\"https:\/\/letrainjaune.fr\/ca\/linia-i-estacions\/#primaryimage\"},\"image\":{\"@id\":\"https:\/\/letrainjaune.fr\/ca\/linia-i-estacions\/#primaryimage\"},\"thumbnailUrl\":\"https:\/\/letrainjaune.fr\/wp-content\/uploads\/2021\/05\/TrainJaune-hiver-\u00a9JCMILHET_PNRPC-13-bd-2.jpg\",\"datePublished\":\"2021-02-16T08:35:38+00:00\",\"dateModified\":\"2023-06-26T15:47:34+00:00\",\"breadcrumb\":{\"@id\":\"https:\/\/letrainjaune.fr\/ca\/linia-i-estacions\/#breadcrumb\"},\"inLanguage\":\"ca\",\"potentialAction\":[{\"@type\":\"ReadAction\",\"target\":[\"https:\/\/letrainjaune.fr\/ca\/linia-i-estacions\/\"]}]},{\"@type\":\"ImageObject\",\"inLanguage\":\"ca\",\"@id\":\"https:\/\/letrainjaune.fr\/ca\/linia-i-estacions\/#primaryimage\",\"url\":\"https:\/\/letrainjaune.fr\/wp-content\/uploads\/2021\/05\/TrainJaune-hiver-\u00a9JCMILHET_PNRPC-13-bd-2.jpg\",\"contentUrl\":\"https:\/\/letrainjaune.fr\/wp-content\/uploads\/2021\/05\/TrainJaune-hiver-\u00a9JCMILHET_PNRPC-13-bd-2.jpg\",\"width\":1920,\"height\":881},{\"@type\":\"BreadcrumbList\",\"@id\":\"https:\/\/letrainjaune.fr\/ca\/linia-i-estacions\/#breadcrumb\",\"itemListElement\":[{\"@type\":\"ListItem\",\"position\":1,\"name\":\"Benvinguda\",\"item\":\"https:\/\/letrainjaune.fr\/ca\/\"},{\"@type\":\"ListItem\",\"position\":2,\"name\":\"La l\u00ednia i les seves estacions\"}]},{\"@type\":\"WebSite\",\"@id\":\"https:\/\/letrainjaune.fr\/ca\/#website\",\"url\":\"https:\/\/letrainjaune.fr\/ca\/\",\"name\":\"Dest\u00ed: El Tren Groc\",\"description\":\"Dans les Pyr\u00e9n\u00e9es Catalanes, d\u00e9couvrez ce train sur le plus haut chemin de fer d\u2019Europe.\",\"publisher\":{\"@id\":\"https:\/\/letrainjaune.fr\/ca\/#organization\"},\"potentialAction\":[{\"@type\":\"SearchAction\",\"target\":{\"@type\":\"EntryPoint\",\"urlTemplate\":\"https:\/\/letrainjaune.fr\/ca\/?s={search_term_string}\"},\"query-input\":{\"@type\":\"PropertyValueSpecification\",\"valueRequired\":true,\"valueName\":\"search_term_string\"}}],\"inLanguage\":\"ca\"},{\"@type\":\"Organization\",\"@id\":\"https:\/\/letrainjaune.fr\/ca\/#organization\",\"name\":\"Dest\u00ed: El Tren Groc\",\"url\":\"https:\/\/letrainjaune.fr\/ca\/\",\"logo\":{\"@type\":\"ImageObject\",\"inLanguage\":\"ca\",\"@id\":\"https:\/\/letrainjaune.fr\/ca\/#\/schema\/logo\/image\/\",\"url\":\"https:\/\/letrainjaune.fr\/wp-content\/uploads\/2021\/04\/TJ_logo-TJ-footer.svg\",\"contentUrl\":\"https:\/\/letrainjaune.fr\/wp-content\/uploads\/2021\/04\/TJ_logo-TJ-footer.svg\",\"width\":\"1920\",\"height\":\"9999\",\"caption\":\"Dest\u00ed: El Tren Groc\"},\"image\":{\"@id\":\"https:\/\/letrainjaune.fr\/ca\/#\/schema\/logo\/image\/\"}}]}<\/script>\n<!-- \/ Yoast SEO plugin. -->","yoast_head_json":{"title":"La l\u00ednia i les seves estacions - Dest\u00ed: El Tren Groc","robots":{"index":"index","follow":"follow","max-snippet":"max-snippet:-1","max-image-preview":"max-image-preview:large","max-video-preview":"max-video-preview:-1"},"canonical":"https:\/\/letrainjaune.fr\/ca\/linia-i-estacions\/","og_locale":"ca_ES","og_type":"article","og_title":"La l\u00ednia i les seves estacions - Dest\u00ed: El Tren Groc","og_description":"La l\u00ednia del Tren Groc travessa el Parc Natural Regional Pirineu-Catal\u00e0 passant per 22 pobles i llogarets! D&#8217;aquests, 8 ho s\u00f3n aturades obligat\u00f2ries (estacions) i 14 s\u00f3n opcionals (a petici\u00f3). Prop de les parades opcionals, el tren nom\u00e9s s&#8217;atura a petici\u00f3 o quan els viatgers es troben a la vora de la via.","og_url":"https:\/\/letrainjaune.fr\/ca\/linia-i-estacions\/","og_site_name":"Dest\u00ed: El Tren Groc","article_modified_time":"2023-06-26T15:47:34+00:00","og_image":[{"width":1920,"height":881,"url":"https:\/\/letrainjaune.fr\/wp-content\/uploads\/2021\/05\/TrainJaune-hiver-\u00a9JCMILHET_PNRPC-13-bd-2.jpg","type":"image\/jpeg"}],"twitter_card":"summary_large_image","twitter_misc":{"Temps estimat de lectura":"1 minut"},"schema":{"@context":"https:\/\/schema.org","@graph":[{"@type":"WebPage","@id":"https:\/\/letrainjaune.fr\/ca\/linia-i-estacions\/","url":"https:\/\/letrainjaune.fr\/ca\/linia-i-estacions\/","name":"La l\u00ednia i les seves estacions - Dest\u00ed: El Tren Groc","isPartOf":{"@id":"https:\/\/letrainjaune.fr\/ca\/#website"},"primaryImageOfPage":{"@id":"https:\/\/letrainjaune.fr\/ca\/linia-i-estacions\/#primaryimage"},"image":{"@id":"https:\/\/letrainjaune.fr\/ca\/linia-i-estacions\/#primaryimage"},"thumbnailUrl":"https:\/\/letrainjaune.fr\/wp-content\/uploads\/2021\/05\/TrainJaune-hiver-\u00a9JCMILHET_PNRPC-13-bd-2.jpg","datePublished":"2021-02-16T08:35:38+00:00","dateModified":"2023-06-26T15:47:34+00:00","breadcrumb":{"@id":"https:\/\/letrainjaune.fr\/ca\/linia-i-estacions\/#breadcrumb"},"inLanguage":"ca","potentialAction":[{"@type":"ReadAction","target":["https:\/\/letrainjaune.fr\/ca\/linia-i-estacions\/"]}]},{"@type":"ImageObject","inLanguage":"ca","@id":"https:\/\/letrainjaune.fr\/ca\/linia-i-estacions\/#primaryimage","url":"https:\/\/letrainjaune.fr\/wp-content\/uploads\/2021\/05\/TrainJaune-hiver-\u00a9JCMILHET_PNRPC-13-bd-2.jpg","contentUrl":"https:\/\/letrainjaune.fr\/wp-content\/uploads\/2021\/05\/TrainJaune-hiver-\u00a9JCMILHET_PNRPC-13-bd-2.jpg","width":1920,"height":881},{"@type":"BreadcrumbList","@id":"https:\/\/letrainjaune.fr\/ca\/linia-i-estacions\/#breadcrumb","itemListElement":[{"@type":"ListItem","position":1,"name":"Benvinguda","item":"https:\/\/letrainjaune.fr\/ca\/"},{"@type":"ListItem","position":2,"name":"La l\u00ednia i les seves estacions"}]},{"@type":"WebSite","@id":"https:\/\/letrainjaune.fr\/ca\/#website","url":"https:\/\/letrainjaune.fr\/ca\/","name":"Dest\u00ed: El Tren Groc","description":"Dans les Pyr\u00e9n\u00e9es Catalanes, d\u00e9couvrez ce train sur le plus haut chemin de fer d\u2019Europe.","publisher":{"@id":"https:\/\/letrainjaune.fr\/ca\/#organization"},"potentialAction":[{"@type":"SearchAction","target":{"@type":"EntryPoint","urlTemplate":"https:\/\/letrainjaune.fr\/ca\/?s={search_term_string}"},"query-input":{"@type":"PropertyValueSpecification","valueRequired":true,"valueName":"search_term_string"}}],"inLanguage":"ca"},{"@type":"Organization","@id":"https:\/\/letrainjaune.fr\/ca\/#organization","name":"Dest\u00ed: El Tren Groc","url":"https:\/\/letrainjaune.fr\/ca\/","logo":{"@type":"ImageObject","inLanguage":"ca","@id":"https:\/\/letrainjaune.fr\/ca\/#\/schema\/logo\/image\/","url":"https:\/\/letrainjaune.fr\/wp-content\/uploads\/2021\/04\/TJ_logo-TJ-footer.svg","contentUrl":"https:\/\/letrainjaune.fr\/wp-content\/uploads\/2021\/04\/TJ_logo-TJ-footer.svg","width":"1920","height":"9999","caption":"Dest\u00ed: El Tren Groc"},"image":{"@id":"https:\/\/letrainjaune.fr\/ca\/#\/schema\/logo\/image\/"}}]}},"_links":{"self":[{"href":"https:\/\/letrainjaune.fr\/ca\/wp-json\/wp\/v2\/pages\/1694","targetHints":{"allow":["GET"]}}],"collection":[{"href":"https:\/\/letrainjaune.fr\/ca\/wp-json\/wp\/v2\/pages"}],"about":[{"href":"https:\/\/letrainjaune.fr\/ca\/wp-json\/wp\/v2\/types\/page"}],"author":[{"embeddable":true,"href":"https:\/\/letrainjaune.fr\/ca\/wp-json\/wp\/v2\/users\/2"}],"replies":[{"embeddable":true,"href":"https:\/\/letrainjaune.fr\/ca\/wp-json\/wp\/v2\/comments?post=1694"}],"version-history":[{"count":3,"href":"https:\/\/letrainjaune.fr\/ca\/wp-json\/wp\/v2\/pages\/1694\/revisions"}],"predecessor-version":[{"id":10382,"href":"https:\/\/letrainjaune.fr\/ca\/wp-json\/wp\/v2\/pages\/1694\/revisions\/10382"}],"wp:featuredmedia":[{"embeddable":true,"href":"https:\/\/letrainjaune.fr\/ca\/wp-json\/wp\/v2\/media\/1328"}],"wp:attachment":[{"href":"https:\/\/letrainjaune.fr\/ca\/wp-json\/wp\/v2\/media?parent=1694"}],"curies":[{"name":"wp","href":"https:\/\/api.w.org\/{rel}","templated":true}]}}