{"id":1752,"date":"2021-02-16T09:40:43","date_gmt":"2021-02-16T08:40:43","guid":{"rendered":"https:\/\/letrainjaune.fr\/horaires-et-infos\/"},"modified":"2025-06-13T09:04:28","modified_gmt":"2025-06-13T07:04:28","slug":"horaires-et-infos","status":"publish","type":"page","link":"https:\/\/letrainjaune.fr\/ca\/horaires-et-infos\/","title":{"rendered":"Horaris i informaci\u00f3"},"content":{"rendered":"\n<p>A m\u00e9s del seu tr\u00e0nsit tur\u00edstic d&#8217;estiu, el Tren Groc \u00e9s sobretot un Tren de la TER d&#8217;Occit\u00e0nia que garanteix diverses rotacions di\u00e0ries durant tot l&#8217;any siguin les condicions meteorol\u00f2giques. A continuaci\u00f3 trobareu els horaris de les l\u00ednies aplicables des de 27 de maig de 2023 al 9 de desembre de 2023. <\/p>\n\n\n\n<p>Recordeu comprovar la circulaci\u00f3 del vostre tren abans de la sortida, podeu obtenir la devoluci\u00f3 del bitllet en cas de cancel\u00b7laci\u00f3. <\/p>\n\n\n\n<p><a href=\"https:\/\/onicster.force.com\/formulaireOCC\/s\/?region=FR-OCC\" target=\"_blank\" rel=\"noreferrer noopener\"><\/a><a href=\"https:\/\/onicster.force.com\/formulaireOCC\/s\/?region=FR-OCC\" target=\"_blank\" rel=\"noreferrer noopener\">Feu la vostra sol\u00b7licitud aqu\u00ed.<\/a> <\/p>\n\n\n\n<div data-wp-interactive=\"core\/file\" class=\"wp-block-file\"><object data-wp-bind--hidden=\"!state.hasPdfPreview\" hidden class=\"wp-block-file__embed\" data=\"https:\/\/letrainjaune.fr\/wp-content\/uploads\/2025\/06\/Horaires-TRAIN-JAUNE-du-24-Mai-AU-13-decembre-25.pdf\" type=\"application\/pdf\" style=\"width:100%;height:600px\" aria-label=\"Incrustaci\u00f3 del fitxer Horaires TRAIN JAUNE du 24 Mai AU 13 d\u00e9cembre 25.\"><\/object><a id=\"wp-block-file--media-ad39e59b-e229-41a9-95f8-224d13b60a3b\" href=\"https:\/\/letrainjaune.fr\/wp-content\/uploads\/2025\/06\/Horaires-TRAIN-JAUNE-du-24-Mai-AU-13-decembre-25.pdf\">Horaires TRAIN JAUNE du 24 Mai AU 13 d\u00e9cembre 25<\/a><a href=\"https:\/\/letrainjaune.fr\/wp-content\/uploads\/2025\/06\/Horaires-TRAIN-JAUNE-du-24-Mai-AU-13-decembre-25.pdf\" class=\"wp-block-file__button wp-element-button\" download aria-describedby=\"wp-block-file--media-ad39e59b-e229-41a9-95f8-224d13b60a3b\">T\u00e9l\u00e9charger<\/a><\/div>\n\n\n\n<h2 class=\"wp-block-heading\">Tarifes espec\u00edfiques<\/h2>\n\n\n\n<p>Abonament de 31 dies FrequenciO&#8217; a 44 \u20ac al mes, per persona, reservat per als clients que resideixen a prop del tren groc. Oferta v\u00e0lida des de i cap a totes les estacions del Tren Groc, aix\u00ed com a l&#8217;autocar liO 566. Nombre il\u00b7limitat de viatges durant 31 dies consecutius a partir de la data d&#8217;inici de la subscripci\u00f3.<\/p>\n\n\n\n<p>Compra a les taquilles de les estacions del Tren Groc (de Villefranche-Vernet-les-Bains a Latour-de-Carol-Enveitg).<br>Bitllet individual i nominatiu. No acumulable amb cap altra rebaixa, ni amb cap altra tarifa de SNCF. Justificant de resident a presentar en el moment de la compra: consulta el detall de les peces a trainlio.sncf.com.<\/p>\n\n\n\n\n\n<p><strong><strong>Al llarg dels seus 63 km, el recorregut del tren groc \u201cVilafranca de Conflent \u2013 Vernet\/ La Tor de Querol-Enveig, coneguda com la l\u00ednia de la Cerdanya, d\u00f3na servei a 21 estacions, 8 de les quals s\u00f3n obligat\u00f2ries<\/strong><em> <\/em><\/strong><em>(Vilafranca de Conflent, Oleta, Fontpedrosa Banys de Sant Tom\u00e0s, Montllu\u00eds, Font-Romeu, Sallagosa, Guingueta d&#8217;Ix i La Tor de Querol \/ Enveig)<\/em> la resta d&#8217;estacions estan sota demanda (tamb\u00e9 s&#8217;anomenen \u201cparades\u201d). \u00c9s una manera ideal i memorable de descobrir el territori del Parc Natural Regional dels Pirineus Catalans d&#8217;una manera divertida i amable, <strong>en vagons oberts o tancats<\/strong>, segons la temporada&#8230;<\/p>\n\n\n\n<p><strong><strong>5 estacions <\/strong><\/strong>entre els 21 de la l\u00ednia estan equipats amb finestra. \u00c9s possible reservar el bitllet amb antelaci\u00f3, independentment de la sortida i la destinaci\u00f3.<\/p>\n\n\n<figure class=\"wp-block-image size-large\"><a href=https:\/\/letrainjaune.fr\/wp-content\/uploads\/2021\/09\/4096-2731-max-3.jpg title=\"El Tren Groc a la tardor\" rel=\"prettyPhoto\"><img src=https:\/\/letrainjaune.fr\/wp-content\/uploads\/2021\/09\/4096-2731-max-3-1920x1280.jpg alt=\"\" title=\"4096-2731-max-3\" width=\"\" class=\"wp-image-4751\"\/><\/a><figcaption>El Tren Groc a la tardor<span>&copy; JC MILHET <\/span><\/figcaption><\/figure>\n\n\n<p><strong><strong>El Tren Groc funciona tot l&#8217;any<\/strong> <\/strong>amb alguns per\u00edodes d&#8217;interrupci\u00f3 relacionats amb el manteniment de l\u00ednies i equips. A l&#8217;estiu, donada la seva gran assist\u00e8ncia, \u00e9s important i aconsellable reservar places amb antelaci\u00f3 a les webs de reserves online :<\/p>\n\n\n\n<ul class=\"wp-block-list\">\n<li><a href=\"https:\/\/www.ter.sncf.com\/occitanie\/horaires\/recherche\" target=\"_blank\" rel=\"noreferrer noopener\"><\/a><a href=\"https:\/\/www.ter.sncf.com\/occitanie\/horaires\/recherche\" target=\"_blank\" rel=\"noreferrer noopener\">Lloc de reserves de tren de la TER d&#8217;Occit\u00e0nia<\/a><\/li>\n\n\n\n<li><a href=\"https:\/\/www.oui.sncf\/\" target=\"_blank\" rel=\"noreferrer noopener\"><\/a><a href=\"https:\/\/www.oui.sncf\/\" target=\"_blank\" rel=\"noreferrer noopener\">S\u00ed, web de la SNCF<\/a><\/li>\n\n\n\n<li><a href=\"https:\/\/m.ter.sncf.com\/occitanie\" target=\"_blank\" rel=\"noreferrer noopener\"><\/a><a href=\"https:\/\/m.ter.sncf.com\/occitanie\" target=\"_blank\" rel=\"noreferrer noopener\">Lloc web de la TER de l&#8217;Occit\u00e0nia<\/a><\/li>\n<\/ul>\n\n\n\n<p>Cal comptar <strong>3 hores per un viatge d&#8217;anada de Vilafranca de Conflent a La Tor de Querol \/ Enveig per 22,50 \u20ac (exclosa la promoci\u00f3 d&#8217;estiu de la Regi\u00f3 a 5 euros per viatge), \u00e9s a dir, 6 hores A\/R mini (aturada d&#8217;unes hores al terminal) per 45 \u20ac preu complet. <\/strong>Les<strong> tarifes depenen de la durada del viatge desitjat, el nombre de persones, les promocions de temporada<\/strong>. <\/p>\n\n\n\n<ul class=\"wp-block-list\">\n<li>A l&#8217;estaci\u00f3 de Montllu\u00eds no hi ha llan\u00e7adores quan arriba el tren per pujar al poble. Prevegi 1 km per pujar des de l&#8217;estaci\u00f3 fins a la ciutat (entre 15 i 20 minuts caminant). <\/li>\n<\/ul>\n\n\n\n<p class=\"has-text-align-center\"><span class=\"has-inline-color has-green-color\"><strong><strong>Informaci\u00f3 Tel\u00e8fon Tren Groc<\/strong> de Villefranche a partir de l&#8217;1 de juliol de 2022, de 8.30 a 12 h i de 13.30 a 17.15&nbsp;:04 68 96 63 63<\/strong><\/span><\/p>\n\n\n\n<p><\/p>\n\n\n\n<p>Els <strong>bitllets de grup <em>\u201cTribu Evasio\u201d<\/em><\/strong> es poden reservar a l&#8217;estaci\u00f3 o per Internet: -30% a partir de 3 persones, -40% a partir de 4 i -50% a partir de 5<em>. <\/em>Els joves de 12 a -26 anys tenen una reducci\u00f3 del -50%&#8230;<em>.<\/em><\/p>\n\n\n\n<p>A t\u00edtol indicatiu, durades i preus (exclosa la promoci\u00f3 d&#8217;estiu) segons les rutes reservades:<\/p>\n\n\n\n<ul class=\"wp-block-list\">\n<li>Vilafranca de Conflent\/Montllu\u00eds: 1h15 \u2013 10,90 \u20ac\/persona anada (preu normal)<\/li>\n\n\n\n<li>Vilafranca de Conflent\/Font-Romeu: 1h45 \u2013 13,30 \u20ac\/persona<\/li>\n\n\n\n<li>Vilafranca de Conflent\/La Tor de Querol: 3h10 \u2013 22,50 \u20ac\/persona<\/li>\n\n\n\n<li>La Tor de Querol Enveig\/ Font-Romeu: 1h15 \u2013 11,60 \u20ac \/persona<\/li>\n\n\n\n<li>La Tor de Querol Enveig\/ Montllu\u00eds: 1h40 \u2013 13,90 \u20ac\/persona<\/li>\n<\/ul>\n\n\n\n<p>Amb un bitllet de tornada, els viatgers poden fer escala. Tanmateix, ho han d&#8217;indicar a l&#8217;hora de comprar les entrades.<strong>(condicions a consultar a les estacions SNCF o TER d\u2019Occit\u00e0nia en el moment de la reserva)<\/strong>.<\/p>\n\n\n\n<p><strong><strong>Cotxets, bicicletes (nombre limitat, informaci\u00f3 a l&#8217;estaci\u00f3) i altres equipaments <\/strong><\/strong>s&#8217;accepten a bord del tren groc <em>(assegureu-vos d&#8217;informar-vos pr\u00e8viament de les condicions a les estacions). <\/em>Tingueu en compte, per\u00f2, que no hi ha ascensors espec\u00edfics per accedir als vagons alts.<\/p>\n\n\n\n<p><strong>S&#8217;admeten<\/strong> gossos <strong>al <\/strong>tren groc per un<strong> suplement de 7 euros (nom\u00e9s anada)<\/strong>. Els gossos de m\u00e9s de 6 kg han d&#8217;anar amb morri\u00f3 i lligats. S&#8217;ha de prestar una atenci\u00f3 especial als gossos porus perqu\u00e8 els viatges en tren s\u00f3n sorollosos, sobretot quan es passen per t\u00fanels; manteniu-los lligats. Proporcioneu aigua perqu\u00e8 els vagons oberts estan molt exposats a la calor.<\/p>\n\n\n\n<div data-wp-interactive=\"core\/file\" class=\"wp-block-file\"><object data-wp-bind--hidden=\"!state.hasPdfPreview\" hidden class=\"wp-block-file__embed\" data=\"https:\/\/letrainjaune.fr\/wp-content\/uploads\/2023\/07\/affiche_train_jaune-1.pdf\" type=\"application\/pdf\" style=\"width:100%;height:600px\" aria-label=\"Incrustaci\u00f3 del fitxer affiche_train_jaune-1.\"><\/object><a href=\"https:\/\/letrainjaune.fr\/wp-content\/uploads\/2023\/07\/affiche_train_jaune-1.pdf\">affiche_train_jaune-1<\/a><a href=\"https:\/\/letrainjaune.fr\/wp-content\/uploads\/2023\/07\/affiche_train_jaune-1.pdf\" class=\"wp-block-file__button wp-element-button\" download>T\u00e9l\u00e9charger<\/a><\/div>\n\n\n\n<iframe loading=\"lazy\" src=\"https:\/\/www.ter.sncf.com\/occitanie\/marque-grise?partner_name=pnr_train_jaune\" allow=\"fullscreen\" width=\"900\" height=\"700 \"><\/iframe>\n","protected":false},"excerpt":{"rendered":"<p>A m\u00e9s del seu tr\u00e0nsit tur\u00edstic d&#8217;estiu, el Tren Groc \u00e9s sobretot un Tren de la TER d&#8217;Occit\u00e0nia que garanteix diverses rotacions di\u00e0ries durant tot l&#8217;any siguin les condicions meteorol\u00f2giques. A continuaci\u00f3 trobareu els horaris de les l\u00ednies aplicables des de 27 de maig de 2023 al 9 de desembre de 2023. Recordeu comprovar la [&hellip;]<\/p>\n","protected":false},"author":2,"featured_media":4318,"parent":0,"menu_order":12,"comment_status":"closed","ping_status":"closed","template":"","meta":{"_acf_changed":false,"inline_featured_image":false,"footnotes":""},"class_list":["post-1752","page","type-page","status-publish","has-post-thumbnail","hentry"],"acf":[],"yoast_head":"<!-- This site is optimized with the Yoast SEO plugin v25.4 - https:\/\/yoast.com\/wordpress\/plugins\/seo\/ -->\n<title>Horaris i informaci\u00f3 - Dest\u00ed: El Tren Groc<\/title>\n<meta name=\"robots\" content=\"index, follow, max-snippet:-1, max-image-preview:large, max-video-preview:-1\" \/>\n<link rel=\"canonical\" href=\"https:\/\/letrainjaune.fr\/ca\/horaires-et-infos\/\" \/>\n<meta property=\"og:locale\" content=\"ca_ES\" \/>\n<meta property=\"og:type\" content=\"article\" \/>\n<meta property=\"og:title\" content=\"Horaris i informaci\u00f3 - Dest\u00ed: El Tren Groc\" \/>\n<meta property=\"og:description\" content=\"A m\u00e9s del seu tr\u00e0nsit tur\u00edstic d&#8217;estiu, el Tren Groc \u00e9s sobretot un Tren de la TER d&#8217;Occit\u00e0nia que garanteix diverses rotacions di\u00e0ries durant tot l&#8217;any siguin les condicions meteorol\u00f2giques. A continuaci\u00f3 trobareu els horaris de les l\u00ednies aplicables des de 27 de maig de 2023 al 9 de desembre de 2023. Recordeu comprovar la [&hellip;]\" \/>\n<meta property=\"og:url\" content=\"https:\/\/letrainjaune.fr\/ca\/horaires-et-infos\/\" \/>\n<meta property=\"og:site_name\" content=\"Dest\u00ed: El Tren Groc\" \/>\n<meta property=\"article:modified_time\" content=\"2025-06-13T07:04:28+00:00\" \/>\n<meta property=\"og:image\" content=\"https:\/\/letrainjaune.fr\/wp-content\/uploads\/2021\/08\/TrainJaune-automne-\u00a9JCMILHET_PNRPC-3.jpg\" \/>\n\t<meta property=\"og:image:width\" content=\"2500\" \/>\n\t<meta property=\"og:image:height\" content=\"1667\" \/>\n\t<meta property=\"og:image:type\" content=\"image\/jpeg\" \/>\n<meta name=\"twitter:card\" content=\"summary_large_image\" \/>\n<meta name=\"twitter:label1\" content=\"Temps estimat de lectura\" \/>\n\t<meta name=\"twitter:data1\" content=\"5 minuts\" \/>\n<script type=\"application\/ld+json\" class=\"yoast-schema-graph\">{\"@context\":\"https:\/\/schema.org\",\"@graph\":[{\"@type\":\"WebPage\",\"@id\":\"https:\/\/letrainjaune.fr\/ca\/horaires-et-infos\/\",\"url\":\"https:\/\/letrainjaune.fr\/ca\/horaires-et-infos\/\",\"name\":\"Horaris i informaci\u00f3 - Dest\u00ed: El Tren Groc\",\"isPartOf\":{\"@id\":\"https:\/\/letrainjaune.fr\/ca\/#website\"},\"primaryImageOfPage\":{\"@id\":\"https:\/\/letrainjaune.fr\/ca\/horaires-et-infos\/#primaryimage\"},\"image\":{\"@id\":\"https:\/\/letrainjaune.fr\/ca\/horaires-et-infos\/#primaryimage\"},\"thumbnailUrl\":\"https:\/\/letrainjaune.fr\/wp-content\/uploads\/2021\/08\/TrainJaune-automne-\u00a9JCMILHET_PNRPC-3.jpg\",\"datePublished\":\"2021-02-16T08:40:43+00:00\",\"dateModified\":\"2025-06-13T07:04:28+00:00\",\"breadcrumb\":{\"@id\":\"https:\/\/letrainjaune.fr\/ca\/horaires-et-infos\/#breadcrumb\"},\"inLanguage\":\"ca\",\"potentialAction\":[{\"@type\":\"ReadAction\",\"target\":[\"https:\/\/letrainjaune.fr\/ca\/horaires-et-infos\/\"]}]},{\"@type\":\"ImageObject\",\"inLanguage\":\"ca\",\"@id\":\"https:\/\/letrainjaune.fr\/ca\/horaires-et-infos\/#primaryimage\",\"url\":\"https:\/\/letrainjaune.fr\/wp-content\/uploads\/2021\/08\/TrainJaune-automne-\u00a9JCMILHET_PNRPC-3.jpg\",\"contentUrl\":\"https:\/\/letrainjaune.fr\/wp-content\/uploads\/2021\/08\/TrainJaune-automne-\u00a9JCMILHET_PNRPC-3.jpg\",\"width\":2500,\"height\":1667,\"caption\":\"Train Jaune automne\"},{\"@type\":\"BreadcrumbList\",\"@id\":\"https:\/\/letrainjaune.fr\/ca\/horaires-et-infos\/#breadcrumb\",\"itemListElement\":[{\"@type\":\"ListItem\",\"position\":1,\"name\":\"Benvinguda\",\"item\":\"https:\/\/letrainjaune.fr\/ca\/\"},{\"@type\":\"ListItem\",\"position\":2,\"name\":\"Horaris i informaci\u00f3\"}]},{\"@type\":\"WebSite\",\"@id\":\"https:\/\/letrainjaune.fr\/ca\/#website\",\"url\":\"https:\/\/letrainjaune.fr\/ca\/\",\"name\":\"Dest\u00ed: El Tren Groc\",\"description\":\"Dans les Pyr\u00e9n\u00e9es Catalanes, d\u00e9couvrez ce train sur le plus haut chemin de fer d\u2019Europe.\",\"publisher\":{\"@id\":\"https:\/\/letrainjaune.fr\/ca\/#organization\"},\"potentialAction\":[{\"@type\":\"SearchAction\",\"target\":{\"@type\":\"EntryPoint\",\"urlTemplate\":\"https:\/\/letrainjaune.fr\/ca\/?s={search_term_string}\"},\"query-input\":{\"@type\":\"PropertyValueSpecification\",\"valueRequired\":true,\"valueName\":\"search_term_string\"}}],\"inLanguage\":\"ca\"},{\"@type\":\"Organization\",\"@id\":\"https:\/\/letrainjaune.fr\/ca\/#organization\",\"name\":\"Dest\u00ed: El Tren Groc\",\"url\":\"https:\/\/letrainjaune.fr\/ca\/\",\"logo\":{\"@type\":\"ImageObject\",\"inLanguage\":\"ca\",\"@id\":\"https:\/\/letrainjaune.fr\/ca\/#\/schema\/logo\/image\/\",\"url\":\"https:\/\/letrainjaune.fr\/wp-content\/uploads\/2021\/04\/TJ_logo-TJ-footer.svg\",\"contentUrl\":\"https:\/\/letrainjaune.fr\/wp-content\/uploads\/2021\/04\/TJ_logo-TJ-footer.svg\",\"width\":\"1920\",\"height\":\"9999\",\"caption\":\"Dest\u00ed: El Tren Groc\"},\"image\":{\"@id\":\"https:\/\/letrainjaune.fr\/ca\/#\/schema\/logo\/image\/\"}}]}<\/script>\n<!-- \/ Yoast SEO plugin. -->","yoast_head_json":{"title":"Horaris i informaci\u00f3 - Dest\u00ed: El Tren Groc","robots":{"index":"index","follow":"follow","max-snippet":"max-snippet:-1","max-image-preview":"max-image-preview:large","max-video-preview":"max-video-preview:-1"},"canonical":"https:\/\/letrainjaune.fr\/ca\/horaires-et-infos\/","og_locale":"ca_ES","og_type":"article","og_title":"Horaris i informaci\u00f3 - Dest\u00ed: El Tren Groc","og_description":"A m\u00e9s del seu tr\u00e0nsit tur\u00edstic d&#8217;estiu, el Tren Groc \u00e9s sobretot un Tren de la TER d&#8217;Occit\u00e0nia que garanteix diverses rotacions di\u00e0ries durant tot l&#8217;any siguin les condicions meteorol\u00f2giques. A continuaci\u00f3 trobareu els horaris de les l\u00ednies aplicables des de 27 de maig de 2023 al 9 de desembre de 2023. Recordeu comprovar la [&hellip;]","og_url":"https:\/\/letrainjaune.fr\/ca\/horaires-et-infos\/","og_site_name":"Dest\u00ed: El Tren Groc","article_modified_time":"2025-06-13T07:04:28+00:00","og_image":[{"width":2500,"height":1667,"url":"https:\/\/letrainjaune.fr\/wp-content\/uploads\/2021\/08\/TrainJaune-automne-\u00a9JCMILHET_PNRPC-3.jpg","type":"image\/jpeg"}],"twitter_card":"summary_large_image","twitter_misc":{"Temps estimat de lectura":"5 minuts"},"schema":{"@context":"https:\/\/schema.org","@graph":[{"@type":"WebPage","@id":"https:\/\/letrainjaune.fr\/ca\/horaires-et-infos\/","url":"https:\/\/letrainjaune.fr\/ca\/horaires-et-infos\/","name":"Horaris i informaci\u00f3 - Dest\u00ed: El Tren Groc","isPartOf":{"@id":"https:\/\/letrainjaune.fr\/ca\/#website"},"primaryImageOfPage":{"@id":"https:\/\/letrainjaune.fr\/ca\/horaires-et-infos\/#primaryimage"},"image":{"@id":"https:\/\/letrainjaune.fr\/ca\/horaires-et-infos\/#primaryimage"},"thumbnailUrl":"https:\/\/letrainjaune.fr\/wp-content\/uploads\/2021\/08\/TrainJaune-automne-\u00a9JCMILHET_PNRPC-3.jpg","datePublished":"2021-02-16T08:40:43+00:00","dateModified":"2025-06-13T07:04:28+00:00","breadcrumb":{"@id":"https:\/\/letrainjaune.fr\/ca\/horaires-et-infos\/#breadcrumb"},"inLanguage":"ca","potentialAction":[{"@type":"ReadAction","target":["https:\/\/letrainjaune.fr\/ca\/horaires-et-infos\/"]}]},{"@type":"ImageObject","inLanguage":"ca","@id":"https:\/\/letrainjaune.fr\/ca\/horaires-et-infos\/#primaryimage","url":"https:\/\/letrainjaune.fr\/wp-content\/uploads\/2021\/08\/TrainJaune-automne-\u00a9JCMILHET_PNRPC-3.jpg","contentUrl":"https:\/\/letrainjaune.fr\/wp-content\/uploads\/2021\/08\/TrainJaune-automne-\u00a9JCMILHET_PNRPC-3.jpg","width":2500,"height":1667,"caption":"Train Jaune automne"},{"@type":"BreadcrumbList","@id":"https:\/\/letrainjaune.fr\/ca\/horaires-et-infos\/#breadcrumb","itemListElement":[{"@type":"ListItem","position":1,"name":"Benvinguda","item":"https:\/\/letrainjaune.fr\/ca\/"},{"@type":"ListItem","position":2,"name":"Horaris i informaci\u00f3"}]},{"@type":"WebSite","@id":"https:\/\/letrainjaune.fr\/ca\/#website","url":"https:\/\/letrainjaune.fr\/ca\/","name":"Dest\u00ed: El Tren Groc","description":"Dans les Pyr\u00e9n\u00e9es Catalanes, d\u00e9couvrez ce train sur le plus haut chemin de fer d\u2019Europe.","publisher":{"@id":"https:\/\/letrainjaune.fr\/ca\/#organization"},"potentialAction":[{"@type":"SearchAction","target":{"@type":"EntryPoint","urlTemplate":"https:\/\/letrainjaune.fr\/ca\/?s={search_term_string}"},"query-input":{"@type":"PropertyValueSpecification","valueRequired":true,"valueName":"search_term_string"}}],"inLanguage":"ca"},{"@type":"Organization","@id":"https:\/\/letrainjaune.fr\/ca\/#organization","name":"Dest\u00ed: El Tren Groc","url":"https:\/\/letrainjaune.fr\/ca\/","logo":{"@type":"ImageObject","inLanguage":"ca","@id":"https:\/\/letrainjaune.fr\/ca\/#\/schema\/logo\/image\/","url":"https:\/\/letrainjaune.fr\/wp-content\/uploads\/2021\/04\/TJ_logo-TJ-footer.svg","contentUrl":"https:\/\/letrainjaune.fr\/wp-content\/uploads\/2021\/04\/TJ_logo-TJ-footer.svg","width":"1920","height":"9999","caption":"Dest\u00ed: El Tren Groc"},"image":{"@id":"https:\/\/letrainjaune.fr\/ca\/#\/schema\/logo\/image\/"}}]}},"_links":{"self":[{"href":"https:\/\/letrainjaune.fr\/ca\/wp-json\/wp\/v2\/pages\/1752","targetHints":{"allow":["GET"]}}],"collection":[{"href":"https:\/\/letrainjaune.fr\/ca\/wp-json\/wp\/v2\/pages"}],"about":[{"href":"https:\/\/letrainjaune.fr\/ca\/wp-json\/wp\/v2\/types\/page"}],"author":[{"embeddable":true,"href":"https:\/\/letrainjaune.fr\/ca\/wp-json\/wp\/v2\/users\/2"}],"replies":[{"embeddable":true,"href":"https:\/\/letrainjaune.fr\/ca\/wp-json\/wp\/v2\/comments?post=1752"}],"version-history":[{"count":8,"href":"https:\/\/letrainjaune.fr\/ca\/wp-json\/wp\/v2\/pages\/1752\/revisions"}],"predecessor-version":[{"id":16127,"href":"https:\/\/letrainjaune.fr\/ca\/wp-json\/wp\/v2\/pages\/1752\/revisions\/16127"}],"wp:featuredmedia":[{"embeddable":true,"href":"https:\/\/letrainjaune.fr\/ca\/wp-json\/wp\/v2\/media\/4318"}],"wp:attachment":[{"href":"https:\/\/letrainjaune.fr\/ca\/wp-json\/wp\/v2\/media?parent=1752"}],"curies":[{"name":"wp","href":"https:\/\/api.w.org\/{rel}","templated":true}]}}