{"id":1829,"date":"2021-06-22T18:31:47","date_gmt":"2021-06-22T16:31:47","guid":{"rendered":"https:\/\/letrainjaune.fr\/?page_id=1829"},"modified":"2023-06-06T17:13:53","modified_gmt":"2023-06-06T15:13:53","slug":"politica-de-privadesa","status":"publish","type":"page","link":"https:\/\/letrainjaune.fr\/ca\/politica-de-privadesa\/","title":{"rendered":"Pol\u00edtica de privadesa"},"content":{"rendered":"\n<p>Le document suivant pr\u00e9sente les r\u00e8gles relatives aux traitement des diff\u00e9rentes donn\u00e9es personnelles collect\u00e9es par le<em> Parc naturel r\u00e9gional des Pyr\u00e9n\u00e9es-catalanes <\/em>dans le cadre de la navigation sur le site internet officiel de la ligne du Train Jaune. Il vise aussi \u00e0 expliquer et \u00e0 d\u00e9terminer les diff\u00e9rentes donn\u00e9es personnelles que nous collectons lorsque vous utilisez ce site internet.<\/p>\n\n\n\n<p>Cette politique de confidentialit\u00e9 peut, bien entendu, \u00eatre modifi\u00e9e \u00e0 tout moment notamment afin de respecter les changements apport\u00e9s aux lois et r\u00e9glementations en vigueur et \u00e0 suivre les \u00e9ventuelles \u00e9volutions de cette plateforme num\u00e9rique.<\/p>\n\n\n\n<h2 class=\"wp-block-heading\">Qui sommes-nous ? <\/h2>\n\n\n\n<p>Le pr\u00e9sent site est dirig\u00e9 par le Parc naturel r\u00e9gional des Pyr\u00e9n\u00e9es-catalanes. <\/p>\n\n\n\n<p>L\u2019adresse de notre site est&nbsp;: <em>https:\/\/letrainjaune.fr<\/em><\/p>\n\n\n\n<h2 class=\"wp-block-heading\"><strong>Utilisation des donn\u00e9es personnelles<\/strong><\/h2>\n\n\n\n<p>Le pr\u00e9sent site ne poss\u00e8de : <\/p>\n\n\n\n<ul class=\"wp-block-list\"><li>Pas de modules de commentaires. <\/li><li>Pas de formulaires de contact. <\/li><li>Pas de newsletter ou de module qui permette de stocker des adresses mail. <\/li><li>Pas d&#8217;espaces personnels. <\/li><\/ul>\n\n\n\n<h2 class=\"wp-block-heading\">Cookies <\/h2>\n\n\n\n<h3 class=\"wp-block-heading\">Qu&#8217;est ce qu&#8217;un cookie ? <\/h3>\n\n\n\n<p>Un <em>cookie <\/em>est un petit fichier texte contenant diverses informations vous concernant. Il est d\u00e9pos\u00e9 dans la m\u00e9moire du terminal de connexion (ordinateur, tablette&#8230;) par le serveur du site visit\u00e9 ou par un serveurs tiers. Il permet pendant sa dur\u00e9e de validit\u00e9 d\u2019identifier le terminal lors de vos prochaines visites. La dur\u00e9e de vie d\u2019un cookie de connexion est de deux jours, celle d\u2019un cookie d\u2019option d\u2019\u00e9cran est d\u2019un an. Si vous cochez \u201cSe souvenir de moi\u201d, votre cookie de connexion sera conserv\u00e9 pendant deux semaines.<\/p>\n\n\n\n<h3 class=\"wp-block-heading\">Quels cookies utilisons nous sur ce site ? <\/h3>\n\n\n\n<p>Les cookies essentiels li\u00e9s :<\/p>\n\n\n\n<ul class=\"wp-block-list\"><li>A l&#8217;h\u00e9bergement de vid\u00e9os. <\/li><li>Aux outils statistiques de visites du site (avec anonymisation des adresses IP). <\/li><\/ul>\n\n\n\n<p>Ces outils nous permettent de conna\u00eetre et d\u2019analyser les performances de notre site et, ainsi, d\u2019en am\u00e9liorer le contenu et le fonctionnement. Ils mesurent \u00e9galement les donn\u00e9es de navigation.<\/p>\n\n\n\n<p>Consulter notre <a href=\"https:\/\/letrainjaune.fr\/cookie-policy-eu\/\">politique de cookies<\/a><\/p>\n\n\n\n<h3 class=\"wp-block-heading\">Accepter ou refuser les cookies <\/h3>\n\n\n\n<p>Vous pouvez \u00e0 tout moment choisir d\u2019accepter ou de refuser l\u2019installation des cookies sur votre terminal en configurant votre&nbsp; logiciel de navigation. Vous pouvez \u00e9galement configurer votre&nbsp; navigateur de mani\u00e8re \u00e0 ce que l\u2019acceptation ou le refus des cookies&nbsp; vous soient propos\u00e9s ponctuellement, avant qu\u2019un cookie ne soit&nbsp; enregistr\u00e9 sur votre terminal ou lors de votre connexion sur un site par exemple. <\/p>\n\n\n\n<p><meta charset=\"utf-8\">Consulter notre <a href=\"https:\/\/letrainjaune.fr\/cookie-policy-eu\/\">politique de cookies<\/a><\/p>\n\n\n\n<h2 class=\"wp-block-heading\">Contenu embarqu\u00e9 depuis d&#8217;autres sites <\/h2>\n\n\n\n<p>Les articles de ce site peuvent inclure des contenus int\u00e9gr\u00e9s (par exemple des vid\u00e9os, images, articles\u2026). Le contenu int\u00e9gr\u00e9 depuis d\u2019autres sites se comporte de la m\u00eame mani\u00e8re que si le visiteur se rendait sur cet autre site.<\/p>\n\n\n\n<p>Ces sites web pourraient collecter des donn\u00e9es sur vous, utiliser des cookies, embarquer des outils de suivis tiers, suivre vos interactions avec ces contenus embarqu\u00e9s si vous disposez d\u2019un compte connect\u00e9 sur leur site web.<\/p>\n\n\n\n<h2 class=\"wp-block-heading\">Contacte<\/h2>\n\n\n\n<p>Pour toute question relative \u00e0 notre politique de confidentialit\u00e9 ou pour toute demande relative \u00e0 vos donn\u00e9es personnelles, nous vous rappelons que vous pouvez nous contacter :<\/p>\n\n\n\n<ul class=\"wp-block-list\"><li>En nous adressant un mail \u00e0 l\u2019adresse suivante : <em>tristan.roux@parc-pyrenees-catalanes.fr<\/em><\/li><li>En nous adressant un courrier \u00e0 l\u2019adresse suivante : Tristan ROUX, maison du <em>Parc naturel r\u00e9gional des Pyr\u00e9n\u00e9es-catalanes, <\/em>La Bastide, 66360 Olette<em>.<\/em><\/li><\/ul>\n\n\n\n<p>Si vous jugez que vos donn\u00e9es ne sont pas assez prot\u00e9g\u00e9es, il vous est \u00e9galement possible d\u2019introduire une r\u00e9clamation aupr\u00e8s de la CNIL.<\/p>\n","protected":false},"excerpt":{"rendered":"<p>Le document suivant pr\u00e9sente les r\u00e8gles relatives aux traitement des diff\u00e9rentes donn\u00e9es personnelles collect\u00e9es par le Parc naturel r\u00e9gional des Pyr\u00e9n\u00e9es-catalanes dans le cadre de la navigation sur le site internet officiel de la ligne du Train Jaune. Il vise aussi \u00e0 expliquer et \u00e0 d\u00e9terminer les diff\u00e9rentes donn\u00e9es personnelles que nous collectons lorsque vous [&hellip;]<\/p>\n","protected":false},"author":2,"featured_media":0,"parent":0,"menu_order":22,"comment_status":"closed","ping_status":"closed","template":"","meta":{"_acf_changed":false,"inline_featured_image":false,"footnotes":""},"class_list":["post-1829","page","type-page","status-publish","hentry"],"acf":[],"yoast_head":"<!-- This site is optimized with the Yoast SEO plugin v25.4 - https:\/\/yoast.com\/wordpress\/plugins\/seo\/ -->\n<title>Pol\u00edtica de privadesa - Dest\u00ed: El Tren Groc<\/title>\n<meta name=\"robots\" content=\"index, follow, max-snippet:-1, max-image-preview:large, max-video-preview:-1\" \/>\n<link rel=\"canonical\" href=\"https:\/\/letrainjaune.fr\/ca\/politica-de-privadesa\/\" \/>\n<meta property=\"og:locale\" content=\"ca_ES\" \/>\n<meta property=\"og:type\" content=\"article\" \/>\n<meta property=\"og:title\" content=\"Pol\u00edtica de privadesa - Dest\u00ed: El Tren Groc\" \/>\n<meta property=\"og:description\" content=\"Le document suivant pr\u00e9sente les r\u00e8gles relatives aux traitement des diff\u00e9rentes donn\u00e9es personnelles collect\u00e9es par le Parc naturel r\u00e9gional des Pyr\u00e9n\u00e9es-catalanes dans le cadre de la navigation sur le site internet officiel de la ligne du Train Jaune. Il vise aussi \u00e0 expliquer et \u00e0 d\u00e9terminer les diff\u00e9rentes donn\u00e9es personnelles que nous collectons lorsque vous [&hellip;]\" \/>\n<meta property=\"og:url\" content=\"https:\/\/letrainjaune.fr\/ca\/politica-de-privadesa\/\" \/>\n<meta property=\"og:site_name\" content=\"Dest\u00ed: El Tren Groc\" \/>\n<meta property=\"article:modified_time\" content=\"2023-06-06T15:13:53+00:00\" \/>\n<meta name=\"twitter:card\" content=\"summary_large_image\" \/>\n<meta name=\"twitter:label1\" content=\"Temps estimat de lectura\" \/>\n\t<meta name=\"twitter:data1\" content=\"3 minuts\" \/>\n<script type=\"application\/ld+json\" class=\"yoast-schema-graph\">{\"@context\":\"https:\/\/schema.org\",\"@graph\":[{\"@type\":\"WebPage\",\"@id\":\"https:\/\/letrainjaune.fr\/ca\/politica-de-privadesa\/\",\"url\":\"https:\/\/letrainjaune.fr\/ca\/politica-de-privadesa\/\",\"name\":\"Pol\u00edtica de privadesa - Dest\u00ed: El Tren Groc\",\"isPartOf\":{\"@id\":\"https:\/\/letrainjaune.fr\/ca\/#website\"},\"datePublished\":\"2021-06-22T16:31:47+00:00\",\"dateModified\":\"2023-06-06T15:13:53+00:00\",\"breadcrumb\":{\"@id\":\"https:\/\/letrainjaune.fr\/ca\/politica-de-privadesa\/#breadcrumb\"},\"inLanguage\":\"ca\",\"potentialAction\":[{\"@type\":\"ReadAction\",\"target\":[\"https:\/\/letrainjaune.fr\/ca\/politica-de-privadesa\/\"]}]},{\"@type\":\"BreadcrumbList\",\"@id\":\"https:\/\/letrainjaune.fr\/ca\/politica-de-privadesa\/#breadcrumb\",\"itemListElement\":[{\"@type\":\"ListItem\",\"position\":1,\"name\":\"Benvinguda\",\"item\":\"https:\/\/letrainjaune.fr\/ca\/\"},{\"@type\":\"ListItem\",\"position\":2,\"name\":\"Pol\u00edtica de privadesa\"}]},{\"@type\":\"WebSite\",\"@id\":\"https:\/\/letrainjaune.fr\/ca\/#website\",\"url\":\"https:\/\/letrainjaune.fr\/ca\/\",\"name\":\"Dest\u00ed: El Tren Groc\",\"description\":\"Dans les Pyr\u00e9n\u00e9es Catalanes, d\u00e9couvrez ce train sur le plus haut chemin de fer d\u2019Europe.\",\"publisher\":{\"@id\":\"https:\/\/letrainjaune.fr\/ca\/#organization\"},\"potentialAction\":[{\"@type\":\"SearchAction\",\"target\":{\"@type\":\"EntryPoint\",\"urlTemplate\":\"https:\/\/letrainjaune.fr\/ca\/?s={search_term_string}\"},\"query-input\":{\"@type\":\"PropertyValueSpecification\",\"valueRequired\":true,\"valueName\":\"search_term_string\"}}],\"inLanguage\":\"ca\"},{\"@type\":\"Organization\",\"@id\":\"https:\/\/letrainjaune.fr\/ca\/#organization\",\"name\":\"Dest\u00ed: El Tren Groc\",\"url\":\"https:\/\/letrainjaune.fr\/ca\/\",\"logo\":{\"@type\":\"ImageObject\",\"inLanguage\":\"ca\",\"@id\":\"https:\/\/letrainjaune.fr\/ca\/#\/schema\/logo\/image\/\",\"url\":\"https:\/\/letrainjaune.fr\/wp-content\/uploads\/2021\/04\/TJ_logo-TJ-footer.svg\",\"contentUrl\":\"https:\/\/letrainjaune.fr\/wp-content\/uploads\/2021\/04\/TJ_logo-TJ-footer.svg\",\"width\":\"1920\",\"height\":\"9999\",\"caption\":\"Dest\u00ed: El Tren Groc\"},\"image\":{\"@id\":\"https:\/\/letrainjaune.fr\/ca\/#\/schema\/logo\/image\/\"}}]}<\/script>\n<!-- \/ Yoast SEO plugin. -->","yoast_head_json":{"title":"Pol\u00edtica de privadesa - Dest\u00ed: El Tren Groc","robots":{"index":"index","follow":"follow","max-snippet":"max-snippet:-1","max-image-preview":"max-image-preview:large","max-video-preview":"max-video-preview:-1"},"canonical":"https:\/\/letrainjaune.fr\/ca\/politica-de-privadesa\/","og_locale":"ca_ES","og_type":"article","og_title":"Pol\u00edtica de privadesa - Dest\u00ed: El Tren Groc","og_description":"Le document suivant pr\u00e9sente les r\u00e8gles relatives aux traitement des diff\u00e9rentes donn\u00e9es personnelles collect\u00e9es par le Parc naturel r\u00e9gional des Pyr\u00e9n\u00e9es-catalanes dans le cadre de la navigation sur le site internet officiel de la ligne du Train Jaune. Il vise aussi \u00e0 expliquer et \u00e0 d\u00e9terminer les diff\u00e9rentes donn\u00e9es personnelles que nous collectons lorsque vous [&hellip;]","og_url":"https:\/\/letrainjaune.fr\/ca\/politica-de-privadesa\/","og_site_name":"Dest\u00ed: El Tren Groc","article_modified_time":"2023-06-06T15:13:53+00:00","twitter_card":"summary_large_image","twitter_misc":{"Temps estimat de lectura":"3 minuts"},"schema":{"@context":"https:\/\/schema.org","@graph":[{"@type":"WebPage","@id":"https:\/\/letrainjaune.fr\/ca\/politica-de-privadesa\/","url":"https:\/\/letrainjaune.fr\/ca\/politica-de-privadesa\/","name":"Pol\u00edtica de privadesa - Dest\u00ed: El Tren Groc","isPartOf":{"@id":"https:\/\/letrainjaune.fr\/ca\/#website"},"datePublished":"2021-06-22T16:31:47+00:00","dateModified":"2023-06-06T15:13:53+00:00","breadcrumb":{"@id":"https:\/\/letrainjaune.fr\/ca\/politica-de-privadesa\/#breadcrumb"},"inLanguage":"ca","potentialAction":[{"@type":"ReadAction","target":["https:\/\/letrainjaune.fr\/ca\/politica-de-privadesa\/"]}]},{"@type":"BreadcrumbList","@id":"https:\/\/letrainjaune.fr\/ca\/politica-de-privadesa\/#breadcrumb","itemListElement":[{"@type":"ListItem","position":1,"name":"Benvinguda","item":"https:\/\/letrainjaune.fr\/ca\/"},{"@type":"ListItem","position":2,"name":"Pol\u00edtica de privadesa"}]},{"@type":"WebSite","@id":"https:\/\/letrainjaune.fr\/ca\/#website","url":"https:\/\/letrainjaune.fr\/ca\/","name":"Dest\u00ed: El Tren Groc","description":"Dans les Pyr\u00e9n\u00e9es Catalanes, d\u00e9couvrez ce train sur le plus haut chemin de fer d\u2019Europe.","publisher":{"@id":"https:\/\/letrainjaune.fr\/ca\/#organization"},"potentialAction":[{"@type":"SearchAction","target":{"@type":"EntryPoint","urlTemplate":"https:\/\/letrainjaune.fr\/ca\/?s={search_term_string}"},"query-input":{"@type":"PropertyValueSpecification","valueRequired":true,"valueName":"search_term_string"}}],"inLanguage":"ca"},{"@type":"Organization","@id":"https:\/\/letrainjaune.fr\/ca\/#organization","name":"Dest\u00ed: El Tren Groc","url":"https:\/\/letrainjaune.fr\/ca\/","logo":{"@type":"ImageObject","inLanguage":"ca","@id":"https:\/\/letrainjaune.fr\/ca\/#\/schema\/logo\/image\/","url":"https:\/\/letrainjaune.fr\/wp-content\/uploads\/2021\/04\/TJ_logo-TJ-footer.svg","contentUrl":"https:\/\/letrainjaune.fr\/wp-content\/uploads\/2021\/04\/TJ_logo-TJ-footer.svg","width":"1920","height":"9999","caption":"Dest\u00ed: El Tren Groc"},"image":{"@id":"https:\/\/letrainjaune.fr\/ca\/#\/schema\/logo\/image\/"}}]}},"_links":{"self":[{"href":"https:\/\/letrainjaune.fr\/ca\/wp-json\/wp\/v2\/pages\/1829","targetHints":{"allow":["GET"]}}],"collection":[{"href":"https:\/\/letrainjaune.fr\/ca\/wp-json\/wp\/v2\/pages"}],"about":[{"href":"https:\/\/letrainjaune.fr\/ca\/wp-json\/wp\/v2\/types\/page"}],"author":[{"embeddable":true,"href":"https:\/\/letrainjaune.fr\/ca\/wp-json\/wp\/v2\/users\/2"}],"replies":[{"embeddable":true,"href":"https:\/\/letrainjaune.fr\/ca\/wp-json\/wp\/v2\/comments?post=1829"}],"version-history":[{"count":4,"href":"https:\/\/letrainjaune.fr\/ca\/wp-json\/wp\/v2\/pages\/1829\/revisions"}],"predecessor-version":[{"id":9645,"href":"https:\/\/letrainjaune.fr\/ca\/wp-json\/wp\/v2\/pages\/1829\/revisions\/9645"}],"wp:attachment":[{"href":"https:\/\/letrainjaune.fr\/ca\/wp-json\/wp\/v2\/media?parent=1829"}],"curies":[{"name":"wp","href":"https:\/\/api.w.org\/{rel}","templated":true}]}}