{"id":1867,"date":"2021-02-16T10:00:22","date_gmt":"2021-02-16T09:00:22","guid":{"rendered":"https:\/\/letrainjaune.fr\/descobriu-el-train-jaune\/experience-du-train\/"},"modified":"2023-06-23T14:48:16","modified_gmt":"2023-06-23T12:48:16","slug":"viure-l-experiencia-del-tren","status":"publish","type":"page","link":"https:\/\/letrainjaune.fr\/ca\/descobriu-el-tren-groc\/viure-l-experiencia-del-tren\/","title":{"rendered":"Viviu un viatge de 360\u00b0"},"content":{"rendered":"\n<h2 class=\"wp-block-heading\">Pujeu al Tren Groc!<\/h2>\n\n\n\n<p>El Tren Groc \u00e9s una l\u00ednia ferrovi\u00e0ria emblem\u00e0tica del territori del Parc Natural Regional Pirineu-Catal\u00e0. Des de fa m\u00e9s de 100 anys, els paisatges que ofereix aquest viatge han estat molt diferents amb les estacions i la progressi\u00f3 sinuosa a les valls i altiplans.<br>Embarqueu-vos a bord gr\u00e0cies a aquestes pel\u00b7l\u00edcules en 360 graus i descobriu el m\u00edtic Tren Groc amb tots els colors dels paisatges del Pirineu catal\u00e0, com si estigu\u00e9s pujat a ell.<\/p>\n\n\n\n<p>Nom\u00e9s heu de comen\u00e7ar a reproduir un dels v\u00eddeos en funci\u00f3 de la temporada que l&#8217;interessi i moure el ratol\u00ed per orientar l&#8217;angle de visi\u00f3 si esteu en un ordinador, o moure el tel\u00e8fon si esteu en un m\u00f2bil.<\/p>\n\n\n\n<p><\/p>\n\n\n\n<p>Bon viatge i fins ben aviat per viure l&#8217;experi\u00e8ncia en directe<\/p>\n","protected":false},"excerpt":{"rendered":"<p>Pujeu al Tren Groc! El Tren Groc \u00e9s una l\u00ednia ferrovi\u00e0ria emblem\u00e0tica del territori del Parc Natural Regional Pirineu-Catal\u00e0. Des de fa m\u00e9s de 100 anys, els paisatges que ofereix aquest viatge han estat molt diferents amb les estacions i la progressi\u00f3 sinuosa a les valls i altiplans.Embarqueu-vos a bord gr\u00e0cies a aquestes pel\u00b7l\u00edcules en [&hellip;]<\/p>\n","protected":false},"author":2,"featured_media":4963,"parent":1688,"menu_order":3,"comment_status":"closed","ping_status":"closed","template":"","meta":{"_acf_changed":false,"inline_featured_image":false,"footnotes":""},"class_list":["post-1867","page","type-page","status-publish","has-post-thumbnail","hentry"],"acf":[],"yoast_head":"<!-- This site is optimized with the Yoast SEO plugin v25.4 - https:\/\/yoast.com\/wordpress\/plugins\/seo\/ -->\n<title>Viviu un viatge de 360\u00b0 - Dest\u00ed: El Tren Groc<\/title>\n<meta name=\"robots\" content=\"index, follow, max-snippet:-1, max-image-preview:large, max-video-preview:-1\" \/>\n<link rel=\"canonical\" href=\"https:\/\/letrainjaune.fr\/ca\/descobriu-el-tren-groc\/viure-l-experiencia-del-tren\/\" \/>\n<meta property=\"og:locale\" content=\"ca_ES\" \/>\n<meta property=\"og:type\" content=\"article\" \/>\n<meta property=\"og:title\" content=\"Viviu un viatge de 360\u00b0 - Dest\u00ed: El Tren Groc\" \/>\n<meta property=\"og:description\" content=\"Pujeu al Tren Groc! El Tren Groc \u00e9s una l\u00ednia ferrovi\u00e0ria emblem\u00e0tica del territori del Parc Natural Regional Pirineu-Catal\u00e0. Des de fa m\u00e9s de 100 anys, els paisatges que ofereix aquest viatge han estat molt diferents amb les estacions i la progressi\u00f3 sinuosa a les valls i altiplans.Embarqueu-vos a bord gr\u00e0cies a aquestes pel\u00b7l\u00edcules en [&hellip;]\" \/>\n<meta property=\"og:url\" content=\"https:\/\/letrainjaune.fr\/ca\/descobriu-el-tren-groc\/viure-l-experiencia-del-tren\/\" \/>\n<meta property=\"og:site_name\" content=\"Dest\u00ed: El Tren Groc\" \/>\n<meta property=\"article:modified_time\" content=\"2023-06-23T12:48:16+00:00\" \/>\n<meta property=\"og:image\" content=\"https:\/\/letrainjaune.fr\/wp-content\/uploads\/2021\/09\/360miniature.jpg\" \/>\n\t<meta property=\"og:image:width\" content=\"672\" \/>\n\t<meta property=\"og:image:height\" content=\"378\" \/>\n\t<meta property=\"og:image:type\" content=\"image\/jpeg\" \/>\n<meta name=\"twitter:card\" content=\"summary_large_image\" \/>\n<meta name=\"twitter:label1\" content=\"Temps estimat de lectura\" \/>\n\t<meta name=\"twitter:data1\" content=\"1 minut\" \/>\n<script type=\"application\/ld+json\" class=\"yoast-schema-graph\">{\"@context\":\"https:\/\/schema.org\",\"@graph\":[{\"@type\":\"WebPage\",\"@id\":\"https:\/\/letrainjaune.fr\/ca\/descobriu-el-tren-groc\/viure-l-experiencia-del-tren\/\",\"url\":\"https:\/\/letrainjaune.fr\/ca\/descobriu-el-tren-groc\/viure-l-experiencia-del-tren\/\",\"name\":\"Viviu un viatge de 360\u00b0 - Dest\u00ed: El Tren Groc\",\"isPartOf\":{\"@id\":\"https:\/\/letrainjaune.fr\/ca\/#website\"},\"primaryImageOfPage\":{\"@id\":\"https:\/\/letrainjaune.fr\/ca\/descobriu-el-tren-groc\/viure-l-experiencia-del-tren\/#primaryimage\"},\"image\":{\"@id\":\"https:\/\/letrainjaune.fr\/ca\/descobriu-el-tren-groc\/viure-l-experiencia-del-tren\/#primaryimage\"},\"thumbnailUrl\":\"https:\/\/letrainjaune.fr\/wp-content\/uploads\/2021\/09\/360miniature.jpg\",\"datePublished\":\"2021-02-16T09:00:22+00:00\",\"dateModified\":\"2023-06-23T12:48:16+00:00\",\"breadcrumb\":{\"@id\":\"https:\/\/letrainjaune.fr\/ca\/descobriu-el-tren-groc\/viure-l-experiencia-del-tren\/#breadcrumb\"},\"inLanguage\":\"ca\",\"potentialAction\":[{\"@type\":\"ReadAction\",\"target\":[\"https:\/\/letrainjaune.fr\/ca\/descobriu-el-tren-groc\/viure-l-experiencia-del-tren\/\"]}]},{\"@type\":\"ImageObject\",\"inLanguage\":\"ca\",\"@id\":\"https:\/\/letrainjaune.fr\/ca\/descobriu-el-tren-groc\/viure-l-experiencia-del-tren\/#primaryimage\",\"url\":\"https:\/\/letrainjaune.fr\/wp-content\/uploads\/2021\/09\/360miniature.jpg\",\"contentUrl\":\"https:\/\/letrainjaune.fr\/wp-content\/uploads\/2021\/09\/360miniature.jpg\",\"width\":672,\"height\":378},{\"@type\":\"BreadcrumbList\",\"@id\":\"https:\/\/letrainjaune.fr\/ca\/descobriu-el-tren-groc\/viure-l-experiencia-del-tren\/#breadcrumb\",\"itemListElement\":[{\"@type\":\"ListItem\",\"position\":1,\"name\":\"Benvinguda\",\"item\":\"https:\/\/letrainjaune.fr\/ca\/\"},{\"@type\":\"ListItem\",\"position\":2,\"name\":\"Descobriu el tren groc\",\"item\":\"https:\/\/letrainjaune.fr\/ca\/descobriu-el-tren-groc\/\"},{\"@type\":\"ListItem\",\"position\":3,\"name\":\"Viviu un viatge de 360\u00b0\"}]},{\"@type\":\"WebSite\",\"@id\":\"https:\/\/letrainjaune.fr\/ca\/#website\",\"url\":\"https:\/\/letrainjaune.fr\/ca\/\",\"name\":\"Dest\u00ed: El Tren Groc\",\"description\":\"Dans les Pyr\u00e9n\u00e9es Catalanes, d\u00e9couvrez ce train sur le plus haut chemin de fer d\u2019Europe.\",\"publisher\":{\"@id\":\"https:\/\/letrainjaune.fr\/ca\/#organization\"},\"potentialAction\":[{\"@type\":\"SearchAction\",\"target\":{\"@type\":\"EntryPoint\",\"urlTemplate\":\"https:\/\/letrainjaune.fr\/ca\/?s={search_term_string}\"},\"query-input\":{\"@type\":\"PropertyValueSpecification\",\"valueRequired\":true,\"valueName\":\"search_term_string\"}}],\"inLanguage\":\"ca\"},{\"@type\":\"Organization\",\"@id\":\"https:\/\/letrainjaune.fr\/ca\/#organization\",\"name\":\"Dest\u00ed: El Tren Groc\",\"url\":\"https:\/\/letrainjaune.fr\/ca\/\",\"logo\":{\"@type\":\"ImageObject\",\"inLanguage\":\"ca\",\"@id\":\"https:\/\/letrainjaune.fr\/ca\/#\/schema\/logo\/image\/\",\"url\":\"https:\/\/letrainjaune.fr\/wp-content\/uploads\/2021\/04\/TJ_logo-TJ-footer.svg\",\"contentUrl\":\"https:\/\/letrainjaune.fr\/wp-content\/uploads\/2021\/04\/TJ_logo-TJ-footer.svg\",\"width\":\"1920\",\"height\":\"9999\",\"caption\":\"Dest\u00ed: El Tren Groc\"},\"image\":{\"@id\":\"https:\/\/letrainjaune.fr\/ca\/#\/schema\/logo\/image\/\"}}]}<\/script>\n<!-- \/ Yoast SEO plugin. -->","yoast_head_json":{"title":"Viviu un viatge de 360\u00b0 - Dest\u00ed: El Tren Groc","robots":{"index":"index","follow":"follow","max-snippet":"max-snippet:-1","max-image-preview":"max-image-preview:large","max-video-preview":"max-video-preview:-1"},"canonical":"https:\/\/letrainjaune.fr\/ca\/descobriu-el-tren-groc\/viure-l-experiencia-del-tren\/","og_locale":"ca_ES","og_type":"article","og_title":"Viviu un viatge de 360\u00b0 - Dest\u00ed: El Tren Groc","og_description":"Pujeu al Tren Groc! El Tren Groc \u00e9s una l\u00ednia ferrovi\u00e0ria emblem\u00e0tica del territori del Parc Natural Regional Pirineu-Catal\u00e0. Des de fa m\u00e9s de 100 anys, els paisatges que ofereix aquest viatge han estat molt diferents amb les estacions i la progressi\u00f3 sinuosa a les valls i altiplans.Embarqueu-vos a bord gr\u00e0cies a aquestes pel\u00b7l\u00edcules en [&hellip;]","og_url":"https:\/\/letrainjaune.fr\/ca\/descobriu-el-tren-groc\/viure-l-experiencia-del-tren\/","og_site_name":"Dest\u00ed: El Tren Groc","article_modified_time":"2023-06-23T12:48:16+00:00","og_image":[{"width":672,"height":378,"url":"https:\/\/letrainjaune.fr\/wp-content\/uploads\/2021\/09\/360miniature.jpg","type":"image\/jpeg"}],"twitter_card":"summary_large_image","twitter_misc":{"Temps estimat de lectura":"1 minut"},"schema":{"@context":"https:\/\/schema.org","@graph":[{"@type":"WebPage","@id":"https:\/\/letrainjaune.fr\/ca\/descobriu-el-tren-groc\/viure-l-experiencia-del-tren\/","url":"https:\/\/letrainjaune.fr\/ca\/descobriu-el-tren-groc\/viure-l-experiencia-del-tren\/","name":"Viviu un viatge de 360\u00b0 - Dest\u00ed: El Tren Groc","isPartOf":{"@id":"https:\/\/letrainjaune.fr\/ca\/#website"},"primaryImageOfPage":{"@id":"https:\/\/letrainjaune.fr\/ca\/descobriu-el-tren-groc\/viure-l-experiencia-del-tren\/#primaryimage"},"image":{"@id":"https:\/\/letrainjaune.fr\/ca\/descobriu-el-tren-groc\/viure-l-experiencia-del-tren\/#primaryimage"},"thumbnailUrl":"https:\/\/letrainjaune.fr\/wp-content\/uploads\/2021\/09\/360miniature.jpg","datePublished":"2021-02-16T09:00:22+00:00","dateModified":"2023-06-23T12:48:16+00:00","breadcrumb":{"@id":"https:\/\/letrainjaune.fr\/ca\/descobriu-el-tren-groc\/viure-l-experiencia-del-tren\/#breadcrumb"},"inLanguage":"ca","potentialAction":[{"@type":"ReadAction","target":["https:\/\/letrainjaune.fr\/ca\/descobriu-el-tren-groc\/viure-l-experiencia-del-tren\/"]}]},{"@type":"ImageObject","inLanguage":"ca","@id":"https:\/\/letrainjaune.fr\/ca\/descobriu-el-tren-groc\/viure-l-experiencia-del-tren\/#primaryimage","url":"https:\/\/letrainjaune.fr\/wp-content\/uploads\/2021\/09\/360miniature.jpg","contentUrl":"https:\/\/letrainjaune.fr\/wp-content\/uploads\/2021\/09\/360miniature.jpg","width":672,"height":378},{"@type":"BreadcrumbList","@id":"https:\/\/letrainjaune.fr\/ca\/descobriu-el-tren-groc\/viure-l-experiencia-del-tren\/#breadcrumb","itemListElement":[{"@type":"ListItem","position":1,"name":"Benvinguda","item":"https:\/\/letrainjaune.fr\/ca\/"},{"@type":"ListItem","position":2,"name":"Descobriu el tren groc","item":"https:\/\/letrainjaune.fr\/ca\/descobriu-el-tren-groc\/"},{"@type":"ListItem","position":3,"name":"Viviu un viatge de 360\u00b0"}]},{"@type":"WebSite","@id":"https:\/\/letrainjaune.fr\/ca\/#website","url":"https:\/\/letrainjaune.fr\/ca\/","name":"Dest\u00ed: El Tren Groc","description":"Dans les Pyr\u00e9n\u00e9es Catalanes, d\u00e9couvrez ce train sur le plus haut chemin de fer d\u2019Europe.","publisher":{"@id":"https:\/\/letrainjaune.fr\/ca\/#organization"},"potentialAction":[{"@type":"SearchAction","target":{"@type":"EntryPoint","urlTemplate":"https:\/\/letrainjaune.fr\/ca\/?s={search_term_string}"},"query-input":{"@type":"PropertyValueSpecification","valueRequired":true,"valueName":"search_term_string"}}],"inLanguage":"ca"},{"@type":"Organization","@id":"https:\/\/letrainjaune.fr\/ca\/#organization","name":"Dest\u00ed: El Tren Groc","url":"https:\/\/letrainjaune.fr\/ca\/","logo":{"@type":"ImageObject","inLanguage":"ca","@id":"https:\/\/letrainjaune.fr\/ca\/#\/schema\/logo\/image\/","url":"https:\/\/letrainjaune.fr\/wp-content\/uploads\/2021\/04\/TJ_logo-TJ-footer.svg","contentUrl":"https:\/\/letrainjaune.fr\/wp-content\/uploads\/2021\/04\/TJ_logo-TJ-footer.svg","width":"1920","height":"9999","caption":"Dest\u00ed: El Tren Groc"},"image":{"@id":"https:\/\/letrainjaune.fr\/ca\/#\/schema\/logo\/image\/"}}]}},"_links":{"self":[{"href":"https:\/\/letrainjaune.fr\/ca\/wp-json\/wp\/v2\/pages\/1867","targetHints":{"allow":["GET"]}}],"collection":[{"href":"https:\/\/letrainjaune.fr\/ca\/wp-json\/wp\/v2\/pages"}],"about":[{"href":"https:\/\/letrainjaune.fr\/ca\/wp-json\/wp\/v2\/types\/page"}],"author":[{"embeddable":true,"href":"https:\/\/letrainjaune.fr\/ca\/wp-json\/wp\/v2\/users\/2"}],"replies":[{"embeddable":true,"href":"https:\/\/letrainjaune.fr\/ca\/wp-json\/wp\/v2\/comments?post=1867"}],"version-history":[{"count":3,"href":"https:\/\/letrainjaune.fr\/ca\/wp-json\/wp\/v2\/pages\/1867\/revisions"}],"predecessor-version":[{"id":9975,"href":"https:\/\/letrainjaune.fr\/ca\/wp-json\/wp\/v2\/pages\/1867\/revisions\/9975"}],"up":[{"embeddable":true,"href":"https:\/\/letrainjaune.fr\/ca\/wp-json\/wp\/v2\/pages\/1688"}],"wp:featuredmedia":[{"embeddable":true,"href":"https:\/\/letrainjaune.fr\/ca\/wp-json\/wp\/v2\/media\/4963"}],"wp:attachment":[{"href":"https:\/\/letrainjaune.fr\/ca\/wp-json\/wp\/v2\/media?parent=1867"}],"curies":[{"name":"wp","href":"https:\/\/api.w.org\/{rel}","templated":true}]}}