{"id":1874,"date":"2021-02-16T11:39:59","date_gmt":"2021-02-16T10:39:59","guid":{"rendered":"https:\/\/letrainjaune.fr\/descobriu-el-train-jaune\/references-et-ouvrages\/"},"modified":"2023-06-23T14:42:25","modified_gmt":"2023-06-23T12:42:25","slug":"referencies-i-llibres","status":"publish","type":"page","link":"https:\/\/letrainjaune.fr\/ca\/descobriu-el-tren-groc\/referencies-i-llibres\/","title":{"rendered":"Refer\u00e8ncies i llibres"},"content":{"rendered":"\n<h2 class=\"wp-block-heading\">Llibres que no us podeu perdre!<\/h2>\n\n\n\n<p>Comandeu-los al vostre llibreter favorit o als arxius de la vostra mediateca per als llibres exhaurits.<\/p>\n\n\n\n<p>Gr\u00e0cies als col\u00b7laboradors: Comit\u00e8 d&#8217;Usuaris del Tren Groc, Pierre Cazenove, Fran\u00e7oise Demelin (Edicions Talaia) <\/p>\n","protected":false},"excerpt":{"rendered":"<p>Llibres que no us podeu perdre! Comandeu-los al vostre llibreter favorit o als arxius de la vostra mediateca per als llibres exhaurits. Gr\u00e0cies als col\u00b7laboradors: Comit\u00e8 d&#8217;Usuaris del Tren Groc, Pierre Cazenove, Fran\u00e7oise Demelin (Edicions Talaia)<\/p>\n","protected":false},"author":2,"featured_media":4286,"parent":1688,"menu_order":4,"comment_status":"closed","ping_status":"closed","template":"","meta":{"_acf_changed":false,"inline_featured_image":false,"footnotes":""},"class_list":["post-1874","page","type-page","status-publish","has-post-thumbnail","hentry"],"acf":[],"yoast_head":"<!-- This site is optimized with the Yoast SEO plugin v25.4 - https:\/\/yoast.com\/wordpress\/plugins\/seo\/ -->\n<title>Refer\u00e8ncies i llibres - Dest\u00ed: El Tren Groc<\/title>\n<meta name=\"robots\" content=\"index, follow, max-snippet:-1, max-image-preview:large, max-video-preview:-1\" \/>\n<link rel=\"canonical\" href=\"https:\/\/letrainjaune.fr\/ca\/descobriu-el-tren-groc\/referencies-i-llibres\/\" \/>\n<meta property=\"og:locale\" content=\"ca_ES\" \/>\n<meta property=\"og:type\" content=\"article\" \/>\n<meta property=\"og:title\" content=\"Refer\u00e8ncies i llibres - Dest\u00ed: El Tren Groc\" \/>\n<meta property=\"og:description\" content=\"Llibres que no us podeu perdre! Comandeu-los al vostre llibreter favorit o als arxius de la vostra mediateca per als llibres exhaurits. Gr\u00e0cies als col\u00b7laboradors: Comit\u00e8 d&#8217;Usuaris del Tren Groc, Pierre Cazenove, Fran\u00e7oise Demelin (Edicions Talaia)\" \/>\n<meta property=\"og:url\" content=\"https:\/\/letrainjaune.fr\/ca\/descobriu-el-tren-groc\/referencies-i-llibres\/\" \/>\n<meta property=\"og:site_name\" content=\"Dest\u00ed: El Tren Groc\" \/>\n<meta property=\"article:modified_time\" content=\"2023-06-23T12:42:25+00:00\" \/>\n<meta property=\"og:image\" content=\"https:\/\/letrainjaune.fr\/wp-content\/uploads\/2021\/08\/Barrage_Boullouses1\u00a9Coll.jpg\" \/>\n\t<meta property=\"og:image:width\" content=\"1611\" \/>\n\t<meta property=\"og:image:height\" content=\"1050\" \/>\n\t<meta property=\"og:image:type\" content=\"image\/jpeg\" \/>\n<meta name=\"twitter:card\" content=\"summary_large_image\" \/>\n<meta name=\"twitter:label1\" content=\"Temps estimat de lectura\" \/>\n\t<meta name=\"twitter:data1\" content=\"1 minut\" \/>\n<script type=\"application\/ld+json\" class=\"yoast-schema-graph\">{\"@context\":\"https:\/\/schema.org\",\"@graph\":[{\"@type\":\"WebPage\",\"@id\":\"https:\/\/letrainjaune.fr\/ca\/descobriu-el-tren-groc\/referencies-i-llibres\/\",\"url\":\"https:\/\/letrainjaune.fr\/ca\/descobriu-el-tren-groc\/referencies-i-llibres\/\",\"name\":\"Refer\u00e8ncies i llibres - Dest\u00ed: El Tren Groc\",\"isPartOf\":{\"@id\":\"https:\/\/letrainjaune.fr\/ca\/#website\"},\"primaryImageOfPage\":{\"@id\":\"https:\/\/letrainjaune.fr\/ca\/descobriu-el-tren-groc\/referencies-i-llibres\/#primaryimage\"},\"image\":{\"@id\":\"https:\/\/letrainjaune.fr\/ca\/descobriu-el-tren-groc\/referencies-i-llibres\/#primaryimage\"},\"thumbnailUrl\":\"https:\/\/letrainjaune.fr\/wp-content\/uploads\/2021\/08\/Barrage_Boullouses1\u00a9Coll.jpg\",\"datePublished\":\"2021-02-16T10:39:59+00:00\",\"dateModified\":\"2023-06-23T12:42:25+00:00\",\"breadcrumb\":{\"@id\":\"https:\/\/letrainjaune.fr\/ca\/descobriu-el-tren-groc\/referencies-i-llibres\/#breadcrumb\"},\"inLanguage\":\"ca\",\"potentialAction\":[{\"@type\":\"ReadAction\",\"target\":[\"https:\/\/letrainjaune.fr\/ca\/descobriu-el-tren-groc\/referencies-i-llibres\/\"]}]},{\"@type\":\"ImageObject\",\"inLanguage\":\"ca\",\"@id\":\"https:\/\/letrainjaune.fr\/ca\/descobriu-el-tren-groc\/referencies-i-llibres\/#primaryimage\",\"url\":\"https:\/\/letrainjaune.fr\/wp-content\/uploads\/2021\/08\/Barrage_Boullouses1\u00a9Coll.jpg\",\"contentUrl\":\"https:\/\/letrainjaune.fr\/wp-content\/uploads\/2021\/08\/Barrage_Boullouses1\u00a9Coll.jpg\",\"width\":1611,\"height\":1050,\"caption\":\"Barrage des Bouillouses\"},{\"@type\":\"BreadcrumbList\",\"@id\":\"https:\/\/letrainjaune.fr\/ca\/descobriu-el-tren-groc\/referencies-i-llibres\/#breadcrumb\",\"itemListElement\":[{\"@type\":\"ListItem\",\"position\":1,\"name\":\"Benvinguda\",\"item\":\"https:\/\/letrainjaune.fr\/ca\/\"},{\"@type\":\"ListItem\",\"position\":2,\"name\":\"Descobriu el tren groc\",\"item\":\"https:\/\/letrainjaune.fr\/ca\/descobriu-el-tren-groc\/\"},{\"@type\":\"ListItem\",\"position\":3,\"name\":\"Refer\u00e8ncies i llibres\"}]},{\"@type\":\"WebSite\",\"@id\":\"https:\/\/letrainjaune.fr\/ca\/#website\",\"url\":\"https:\/\/letrainjaune.fr\/ca\/\",\"name\":\"Dest\u00ed: El Tren Groc\",\"description\":\"Dans les Pyr\u00e9n\u00e9es Catalanes, d\u00e9couvrez ce train sur le plus haut chemin de fer d\u2019Europe.\",\"publisher\":{\"@id\":\"https:\/\/letrainjaune.fr\/ca\/#organization\"},\"potentialAction\":[{\"@type\":\"SearchAction\",\"target\":{\"@type\":\"EntryPoint\",\"urlTemplate\":\"https:\/\/letrainjaune.fr\/ca\/?s={search_term_string}\"},\"query-input\":{\"@type\":\"PropertyValueSpecification\",\"valueRequired\":true,\"valueName\":\"search_term_string\"}}],\"inLanguage\":\"ca\"},{\"@type\":\"Organization\",\"@id\":\"https:\/\/letrainjaune.fr\/ca\/#organization\",\"name\":\"Dest\u00ed: El Tren Groc\",\"url\":\"https:\/\/letrainjaune.fr\/ca\/\",\"logo\":{\"@type\":\"ImageObject\",\"inLanguage\":\"ca\",\"@id\":\"https:\/\/letrainjaune.fr\/ca\/#\/schema\/logo\/image\/\",\"url\":\"https:\/\/letrainjaune.fr\/wp-content\/uploads\/2021\/04\/TJ_logo-TJ-footer.svg\",\"contentUrl\":\"https:\/\/letrainjaune.fr\/wp-content\/uploads\/2021\/04\/TJ_logo-TJ-footer.svg\",\"width\":\"1920\",\"height\":\"9999\",\"caption\":\"Dest\u00ed: El Tren Groc\"},\"image\":{\"@id\":\"https:\/\/letrainjaune.fr\/ca\/#\/schema\/logo\/image\/\"}}]}<\/script>\n<!-- \/ Yoast SEO plugin. -->","yoast_head_json":{"title":"Refer\u00e8ncies i llibres - Dest\u00ed: El Tren Groc","robots":{"index":"index","follow":"follow","max-snippet":"max-snippet:-1","max-image-preview":"max-image-preview:large","max-video-preview":"max-video-preview:-1"},"canonical":"https:\/\/letrainjaune.fr\/ca\/descobriu-el-tren-groc\/referencies-i-llibres\/","og_locale":"ca_ES","og_type":"article","og_title":"Refer\u00e8ncies i llibres - Dest\u00ed: El Tren Groc","og_description":"Llibres que no us podeu perdre! Comandeu-los al vostre llibreter favorit o als arxius de la vostra mediateca per als llibres exhaurits. Gr\u00e0cies als col\u00b7laboradors: Comit\u00e8 d&#8217;Usuaris del Tren Groc, Pierre Cazenove, Fran\u00e7oise Demelin (Edicions Talaia)","og_url":"https:\/\/letrainjaune.fr\/ca\/descobriu-el-tren-groc\/referencies-i-llibres\/","og_site_name":"Dest\u00ed: El Tren Groc","article_modified_time":"2023-06-23T12:42:25+00:00","og_image":[{"width":1611,"height":1050,"url":"https:\/\/letrainjaune.fr\/wp-content\/uploads\/2021\/08\/Barrage_Boullouses1\u00a9Coll.jpg","type":"image\/jpeg"}],"twitter_card":"summary_large_image","twitter_misc":{"Temps estimat de lectura":"1 minut"},"schema":{"@context":"https:\/\/schema.org","@graph":[{"@type":"WebPage","@id":"https:\/\/letrainjaune.fr\/ca\/descobriu-el-tren-groc\/referencies-i-llibres\/","url":"https:\/\/letrainjaune.fr\/ca\/descobriu-el-tren-groc\/referencies-i-llibres\/","name":"Refer\u00e8ncies i llibres - Dest\u00ed: El Tren Groc","isPartOf":{"@id":"https:\/\/letrainjaune.fr\/ca\/#website"},"primaryImageOfPage":{"@id":"https:\/\/letrainjaune.fr\/ca\/descobriu-el-tren-groc\/referencies-i-llibres\/#primaryimage"},"image":{"@id":"https:\/\/letrainjaune.fr\/ca\/descobriu-el-tren-groc\/referencies-i-llibres\/#primaryimage"},"thumbnailUrl":"https:\/\/letrainjaune.fr\/wp-content\/uploads\/2021\/08\/Barrage_Boullouses1\u00a9Coll.jpg","datePublished":"2021-02-16T10:39:59+00:00","dateModified":"2023-06-23T12:42:25+00:00","breadcrumb":{"@id":"https:\/\/letrainjaune.fr\/ca\/descobriu-el-tren-groc\/referencies-i-llibres\/#breadcrumb"},"inLanguage":"ca","potentialAction":[{"@type":"ReadAction","target":["https:\/\/letrainjaune.fr\/ca\/descobriu-el-tren-groc\/referencies-i-llibres\/"]}]},{"@type":"ImageObject","inLanguage":"ca","@id":"https:\/\/letrainjaune.fr\/ca\/descobriu-el-tren-groc\/referencies-i-llibres\/#primaryimage","url":"https:\/\/letrainjaune.fr\/wp-content\/uploads\/2021\/08\/Barrage_Boullouses1\u00a9Coll.jpg","contentUrl":"https:\/\/letrainjaune.fr\/wp-content\/uploads\/2021\/08\/Barrage_Boullouses1\u00a9Coll.jpg","width":1611,"height":1050,"caption":"Barrage des Bouillouses"},{"@type":"BreadcrumbList","@id":"https:\/\/letrainjaune.fr\/ca\/descobriu-el-tren-groc\/referencies-i-llibres\/#breadcrumb","itemListElement":[{"@type":"ListItem","position":1,"name":"Benvinguda","item":"https:\/\/letrainjaune.fr\/ca\/"},{"@type":"ListItem","position":2,"name":"Descobriu el tren groc","item":"https:\/\/letrainjaune.fr\/ca\/descobriu-el-tren-groc\/"},{"@type":"ListItem","position":3,"name":"Refer\u00e8ncies i llibres"}]},{"@type":"WebSite","@id":"https:\/\/letrainjaune.fr\/ca\/#website","url":"https:\/\/letrainjaune.fr\/ca\/","name":"Dest\u00ed: El Tren Groc","description":"Dans les Pyr\u00e9n\u00e9es Catalanes, d\u00e9couvrez ce train sur le plus haut chemin de fer d\u2019Europe.","publisher":{"@id":"https:\/\/letrainjaune.fr\/ca\/#organization"},"potentialAction":[{"@type":"SearchAction","target":{"@type":"EntryPoint","urlTemplate":"https:\/\/letrainjaune.fr\/ca\/?s={search_term_string}"},"query-input":{"@type":"PropertyValueSpecification","valueRequired":true,"valueName":"search_term_string"}}],"inLanguage":"ca"},{"@type":"Organization","@id":"https:\/\/letrainjaune.fr\/ca\/#organization","name":"Dest\u00ed: El Tren Groc","url":"https:\/\/letrainjaune.fr\/ca\/","logo":{"@type":"ImageObject","inLanguage":"ca","@id":"https:\/\/letrainjaune.fr\/ca\/#\/schema\/logo\/image\/","url":"https:\/\/letrainjaune.fr\/wp-content\/uploads\/2021\/04\/TJ_logo-TJ-footer.svg","contentUrl":"https:\/\/letrainjaune.fr\/wp-content\/uploads\/2021\/04\/TJ_logo-TJ-footer.svg","width":"1920","height":"9999","caption":"Dest\u00ed: El Tren Groc"},"image":{"@id":"https:\/\/letrainjaune.fr\/ca\/#\/schema\/logo\/image\/"}}]}},"_links":{"self":[{"href":"https:\/\/letrainjaune.fr\/ca\/wp-json\/wp\/v2\/pages\/1874","targetHints":{"allow":["GET"]}}],"collection":[{"href":"https:\/\/letrainjaune.fr\/ca\/wp-json\/wp\/v2\/pages"}],"about":[{"href":"https:\/\/letrainjaune.fr\/ca\/wp-json\/wp\/v2\/types\/page"}],"author":[{"embeddable":true,"href":"https:\/\/letrainjaune.fr\/ca\/wp-json\/wp\/v2\/users\/2"}],"replies":[{"embeddable":true,"href":"https:\/\/letrainjaune.fr\/ca\/wp-json\/wp\/v2\/comments?post=1874"}],"version-history":[{"count":3,"href":"https:\/\/letrainjaune.fr\/ca\/wp-json\/wp\/v2\/pages\/1874\/revisions"}],"predecessor-version":[{"id":9972,"href":"https:\/\/letrainjaune.fr\/ca\/wp-json\/wp\/v2\/pages\/1874\/revisions\/9972"}],"up":[{"embeddable":true,"href":"https:\/\/letrainjaune.fr\/ca\/wp-json\/wp\/v2\/pages\/1688"}],"wp:featuredmedia":[{"embeddable":true,"href":"https:\/\/letrainjaune.fr\/ca\/wp-json\/wp\/v2\/media\/4286"}],"wp:attachment":[{"href":"https:\/\/letrainjaune.fr\/ca\/wp-json\/wp\/v2\/media?parent=1874"}],"curies":[{"name":"wp","href":"https:\/\/api.w.org\/{rel}","templated":true}]}}