{"id":1883,"date":"2021-02-16T11:55:20","date_gmt":"2021-02-16T10:55:20","guid":{"rendered":"https:\/\/letrainjaune.fr\/per-veure-i-fer\/temps-forts\/"},"modified":"2023-06-23T11:17:46","modified_gmt":"2023-06-23T09:17:46","slug":"aspectes-mes-destacats-de-lany","status":"publish","type":"page","link":"https:\/\/letrainjaune.fr\/ca\/per-veure-i-per-fer\/aspectes-mes-destacats-de-lany\/","title":{"rendered":"Aspectes m\u00e9s destacats de l&#8217;any"},"content":{"rendered":"\n<p>Descobriu aqu\u00ed la nostra selecci\u00f3 d&#8217;alguns esdeveniments imperdibles al nostre territori, per viure absolutament durant la teva visita al territori del <strong>Parc Natural Regional dels Pirineus Catalans<\/strong>!<\/p>\n","protected":false},"excerpt":{"rendered":"<p>Descobriu aqu\u00ed la nostra selecci\u00f3 d&#8217;alguns esdeveniments imperdibles al nostre territori, per viure absolutament durant la teva visita al territori del Parc Natural Regional dels Pirineus Catalans!<\/p>\n","protected":false},"author":2,"featured_media":4094,"parent":1704,"menu_order":5,"comment_status":"closed","ping_status":"closed","template":"page-templates\/page-temps-forts.php","meta":{"_acf_changed":false,"inline_featured_image":false,"footnotes":""},"class_list":["post-1883","page","type-page","status-publish","has-post-thumbnail","hentry"],"acf":[],"yoast_head":"<!-- This site is optimized with the Yoast SEO plugin v25.4 - https:\/\/yoast.com\/wordpress\/plugins\/seo\/ -->\n<title>Aspectes m\u00e9s destacats de l&#039;any - Dest\u00ed: El Tren Groc<\/title>\n<meta name=\"robots\" content=\"index, follow, max-snippet:-1, max-image-preview:large, max-video-preview:-1\" \/>\n<link rel=\"canonical\" href=\"https:\/\/letrainjaune.fr\/ca\/per-veure-i-per-fer\/aspectes-mes-destacats-de-lany\/\" \/>\n<meta property=\"og:locale\" content=\"ca_ES\" \/>\n<meta property=\"og:type\" content=\"article\" \/>\n<meta property=\"og:title\" content=\"Aspectes m\u00e9s destacats de l&#039;any - Dest\u00ed: El Tren Groc\" \/>\n<meta property=\"og:description\" content=\"Descobriu aqu\u00ed la nostra selecci\u00f3 d&#8217;alguns esdeveniments imperdibles al nostre territori, per viure absolutament durant la teva visita al territori del Parc Natural Regional dels Pirineus Catalans!\" \/>\n<meta property=\"og:url\" content=\"https:\/\/letrainjaune.fr\/ca\/per-veure-i-per-fer\/aspectes-mes-destacats-de-lany\/\" \/>\n<meta property=\"og:site_name\" content=\"Dest\u00ed: El Tren Groc\" \/>\n<meta property=\"article:modified_time\" content=\"2023-06-23T09:17:46+00:00\" \/>\n<meta property=\"og:image\" content=\"https:\/\/letrainjaune.fr\/wp-content\/uploads\/2021\/07\/Festive-Eyne-@Association-les-Eynoiseries-5.jpg\" \/>\n\t<meta property=\"og:image:width\" content=\"1280\" \/>\n\t<meta property=\"og:image:height\" content=\"960\" \/>\n\t<meta property=\"og:image:type\" content=\"image\/jpeg\" \/>\n<meta name=\"twitter:card\" content=\"summary_large_image\" \/>\n<meta name=\"twitter:label1\" content=\"Temps estimat de lectura\" \/>\n\t<meta name=\"twitter:data1\" content=\"1 minut\" \/>\n<script type=\"application\/ld+json\" class=\"yoast-schema-graph\">{\"@context\":\"https:\/\/schema.org\",\"@graph\":[{\"@type\":\"WebPage\",\"@id\":\"https:\/\/letrainjaune.fr\/ca\/per-veure-i-per-fer\/aspectes-mes-destacats-de-lany\/\",\"url\":\"https:\/\/letrainjaune.fr\/ca\/per-veure-i-per-fer\/aspectes-mes-destacats-de-lany\/\",\"name\":\"Aspectes m\u00e9s destacats de l'any - Dest\u00ed: El Tren Groc\",\"isPartOf\":{\"@id\":\"https:\/\/letrainjaune.fr\/ca\/#website\"},\"primaryImageOfPage\":{\"@id\":\"https:\/\/letrainjaune.fr\/ca\/per-veure-i-per-fer\/aspectes-mes-destacats-de-lany\/#primaryimage\"},\"image\":{\"@id\":\"https:\/\/letrainjaune.fr\/ca\/per-veure-i-per-fer\/aspectes-mes-destacats-de-lany\/#primaryimage\"},\"thumbnailUrl\":\"https:\/\/letrainjaune.fr\/wp-content\/uploads\/2021\/07\/Festive-Eyne-@Association-les-Eynoiseries-5.jpg\",\"datePublished\":\"2021-02-16T10:55:20+00:00\",\"dateModified\":\"2023-06-23T09:17:46+00:00\",\"breadcrumb\":{\"@id\":\"https:\/\/letrainjaune.fr\/ca\/per-veure-i-per-fer\/aspectes-mes-destacats-de-lany\/#breadcrumb\"},\"inLanguage\":\"ca\",\"potentialAction\":[{\"@type\":\"ReadAction\",\"target\":[\"https:\/\/letrainjaune.fr\/ca\/per-veure-i-per-fer\/aspectes-mes-destacats-de-lany\/\"]}]},{\"@type\":\"ImageObject\",\"inLanguage\":\"ca\",\"@id\":\"https:\/\/letrainjaune.fr\/ca\/per-veure-i-per-fer\/aspectes-mes-destacats-de-lany\/#primaryimage\",\"url\":\"https:\/\/letrainjaune.fr\/wp-content\/uploads\/2021\/07\/Festive-Eyne-@Association-les-Eynoiseries-5.jpg\",\"contentUrl\":\"https:\/\/letrainjaune.fr\/wp-content\/uploads\/2021\/07\/Festive-Eyne-@Association-les-Eynoiseries-5.jpg\",\"width\":1280,\"height\":960,\"caption\":\"F'Estive d'Eina\"},{\"@type\":\"BreadcrumbList\",\"@id\":\"https:\/\/letrainjaune.fr\/ca\/per-veure-i-per-fer\/aspectes-mes-destacats-de-lany\/#breadcrumb\",\"itemListElement\":[{\"@type\":\"ListItem\",\"position\":1,\"name\":\"Benvinguda\",\"item\":\"https:\/\/letrainjaune.fr\/ca\/\"},{\"@type\":\"ListItem\",\"position\":2,\"name\":\"Per veure i per fer\",\"item\":\"https:\/\/letrainjaune.fr\/ca\/per-veure-i-per-fer\/\"},{\"@type\":\"ListItem\",\"position\":3,\"name\":\"Aspectes m\u00e9s destacats de l&#8217;any\"}]},{\"@type\":\"WebSite\",\"@id\":\"https:\/\/letrainjaune.fr\/ca\/#website\",\"url\":\"https:\/\/letrainjaune.fr\/ca\/\",\"name\":\"Dest\u00ed: El Tren Groc\",\"description\":\"Dans les Pyr\u00e9n\u00e9es Catalanes, d\u00e9couvrez ce train sur le plus haut chemin de fer d\u2019Europe.\",\"publisher\":{\"@id\":\"https:\/\/letrainjaune.fr\/ca\/#organization\"},\"potentialAction\":[{\"@type\":\"SearchAction\",\"target\":{\"@type\":\"EntryPoint\",\"urlTemplate\":\"https:\/\/letrainjaune.fr\/ca\/?s={search_term_string}\"},\"query-input\":{\"@type\":\"PropertyValueSpecification\",\"valueRequired\":true,\"valueName\":\"search_term_string\"}}],\"inLanguage\":\"ca\"},{\"@type\":\"Organization\",\"@id\":\"https:\/\/letrainjaune.fr\/ca\/#organization\",\"name\":\"Dest\u00ed: El Tren Groc\",\"url\":\"https:\/\/letrainjaune.fr\/ca\/\",\"logo\":{\"@type\":\"ImageObject\",\"inLanguage\":\"ca\",\"@id\":\"https:\/\/letrainjaune.fr\/ca\/#\/schema\/logo\/image\/\",\"url\":\"https:\/\/letrainjaune.fr\/wp-content\/uploads\/2021\/04\/TJ_logo-TJ-footer.svg\",\"contentUrl\":\"https:\/\/letrainjaune.fr\/wp-content\/uploads\/2021\/04\/TJ_logo-TJ-footer.svg\",\"width\":\"1920\",\"height\":\"9999\",\"caption\":\"Dest\u00ed: El Tren Groc\"},\"image\":{\"@id\":\"https:\/\/letrainjaune.fr\/ca\/#\/schema\/logo\/image\/\"}}]}<\/script>\n<!-- \/ Yoast SEO plugin. -->","yoast_head_json":{"title":"Aspectes m\u00e9s destacats de l'any - Dest\u00ed: El Tren Groc","robots":{"index":"index","follow":"follow","max-snippet":"max-snippet:-1","max-image-preview":"max-image-preview:large","max-video-preview":"max-video-preview:-1"},"canonical":"https:\/\/letrainjaune.fr\/ca\/per-veure-i-per-fer\/aspectes-mes-destacats-de-lany\/","og_locale":"ca_ES","og_type":"article","og_title":"Aspectes m\u00e9s destacats de l'any - Dest\u00ed: El Tren Groc","og_description":"Descobriu aqu\u00ed la nostra selecci\u00f3 d&#8217;alguns esdeveniments imperdibles al nostre territori, per viure absolutament durant la teva visita al territori del Parc Natural Regional dels Pirineus Catalans!","og_url":"https:\/\/letrainjaune.fr\/ca\/per-veure-i-per-fer\/aspectes-mes-destacats-de-lany\/","og_site_name":"Dest\u00ed: El Tren Groc","article_modified_time":"2023-06-23T09:17:46+00:00","og_image":[{"width":1280,"height":960,"url":"https:\/\/letrainjaune.fr\/wp-content\/uploads\/2021\/07\/Festive-Eyne-@Association-les-Eynoiseries-5.jpg","type":"image\/jpeg"}],"twitter_card":"summary_large_image","twitter_misc":{"Temps estimat de lectura":"1 minut"},"schema":{"@context":"https:\/\/schema.org","@graph":[{"@type":"WebPage","@id":"https:\/\/letrainjaune.fr\/ca\/per-veure-i-per-fer\/aspectes-mes-destacats-de-lany\/","url":"https:\/\/letrainjaune.fr\/ca\/per-veure-i-per-fer\/aspectes-mes-destacats-de-lany\/","name":"Aspectes m\u00e9s destacats de l'any - Dest\u00ed: El Tren Groc","isPartOf":{"@id":"https:\/\/letrainjaune.fr\/ca\/#website"},"primaryImageOfPage":{"@id":"https:\/\/letrainjaune.fr\/ca\/per-veure-i-per-fer\/aspectes-mes-destacats-de-lany\/#primaryimage"},"image":{"@id":"https:\/\/letrainjaune.fr\/ca\/per-veure-i-per-fer\/aspectes-mes-destacats-de-lany\/#primaryimage"},"thumbnailUrl":"https:\/\/letrainjaune.fr\/wp-content\/uploads\/2021\/07\/Festive-Eyne-@Association-les-Eynoiseries-5.jpg","datePublished":"2021-02-16T10:55:20+00:00","dateModified":"2023-06-23T09:17:46+00:00","breadcrumb":{"@id":"https:\/\/letrainjaune.fr\/ca\/per-veure-i-per-fer\/aspectes-mes-destacats-de-lany\/#breadcrumb"},"inLanguage":"ca","potentialAction":[{"@type":"ReadAction","target":["https:\/\/letrainjaune.fr\/ca\/per-veure-i-per-fer\/aspectes-mes-destacats-de-lany\/"]}]},{"@type":"ImageObject","inLanguage":"ca","@id":"https:\/\/letrainjaune.fr\/ca\/per-veure-i-per-fer\/aspectes-mes-destacats-de-lany\/#primaryimage","url":"https:\/\/letrainjaune.fr\/wp-content\/uploads\/2021\/07\/Festive-Eyne-@Association-les-Eynoiseries-5.jpg","contentUrl":"https:\/\/letrainjaune.fr\/wp-content\/uploads\/2021\/07\/Festive-Eyne-@Association-les-Eynoiseries-5.jpg","width":1280,"height":960,"caption":"F'Estive d'Eina"},{"@type":"BreadcrumbList","@id":"https:\/\/letrainjaune.fr\/ca\/per-veure-i-per-fer\/aspectes-mes-destacats-de-lany\/#breadcrumb","itemListElement":[{"@type":"ListItem","position":1,"name":"Benvinguda","item":"https:\/\/letrainjaune.fr\/ca\/"},{"@type":"ListItem","position":2,"name":"Per veure i per fer","item":"https:\/\/letrainjaune.fr\/ca\/per-veure-i-per-fer\/"},{"@type":"ListItem","position":3,"name":"Aspectes m\u00e9s destacats de l&#8217;any"}]},{"@type":"WebSite","@id":"https:\/\/letrainjaune.fr\/ca\/#website","url":"https:\/\/letrainjaune.fr\/ca\/","name":"Dest\u00ed: El Tren Groc","description":"Dans les Pyr\u00e9n\u00e9es Catalanes, d\u00e9couvrez ce train sur le plus haut chemin de fer d\u2019Europe.","publisher":{"@id":"https:\/\/letrainjaune.fr\/ca\/#organization"},"potentialAction":[{"@type":"SearchAction","target":{"@type":"EntryPoint","urlTemplate":"https:\/\/letrainjaune.fr\/ca\/?s={search_term_string}"},"query-input":{"@type":"PropertyValueSpecification","valueRequired":true,"valueName":"search_term_string"}}],"inLanguage":"ca"},{"@type":"Organization","@id":"https:\/\/letrainjaune.fr\/ca\/#organization","name":"Dest\u00ed: El Tren Groc","url":"https:\/\/letrainjaune.fr\/ca\/","logo":{"@type":"ImageObject","inLanguage":"ca","@id":"https:\/\/letrainjaune.fr\/ca\/#\/schema\/logo\/image\/","url":"https:\/\/letrainjaune.fr\/wp-content\/uploads\/2021\/04\/TJ_logo-TJ-footer.svg","contentUrl":"https:\/\/letrainjaune.fr\/wp-content\/uploads\/2021\/04\/TJ_logo-TJ-footer.svg","width":"1920","height":"9999","caption":"Dest\u00ed: El Tren Groc"},"image":{"@id":"https:\/\/letrainjaune.fr\/ca\/#\/schema\/logo\/image\/"}}]}},"_links":{"self":[{"href":"https:\/\/letrainjaune.fr\/ca\/wp-json\/wp\/v2\/pages\/1883","targetHints":{"allow":["GET"]}}],"collection":[{"href":"https:\/\/letrainjaune.fr\/ca\/wp-json\/wp\/v2\/pages"}],"about":[{"href":"https:\/\/letrainjaune.fr\/ca\/wp-json\/wp\/v2\/types\/page"}],"author":[{"embeddable":true,"href":"https:\/\/letrainjaune.fr\/ca\/wp-json\/wp\/v2\/users\/2"}],"replies":[{"embeddable":true,"href":"https:\/\/letrainjaune.fr\/ca\/wp-json\/wp\/v2\/comments?post=1883"}],"version-history":[{"count":2,"href":"https:\/\/letrainjaune.fr\/ca\/wp-json\/wp\/v2\/pages\/1883\/revisions"}],"predecessor-version":[{"id":9949,"href":"https:\/\/letrainjaune.fr\/ca\/wp-json\/wp\/v2\/pages\/1883\/revisions\/9949"}],"up":[{"embeddable":true,"href":"https:\/\/letrainjaune.fr\/ca\/wp-json\/wp\/v2\/pages\/1704"}],"wp:featuredmedia":[{"embeddable":true,"href":"https:\/\/letrainjaune.fr\/ca\/wp-json\/wp\/v2\/media\/4094"}],"wp:attachment":[{"href":"https:\/\/letrainjaune.fr\/ca\/wp-json\/wp\/v2\/media?parent=1883"}],"curies":[{"name":"wp","href":"https:\/\/api.w.org\/{rel}","templated":true}]}}