{"id":1887,"date":"2021-06-22T18:41:40","date_gmt":"2021-06-22T16:41:40","guid":{"rendered":"https:\/\/letrainjaune.fr\/?page_id=1887"},"modified":"2023-07-21T15:11:15","modified_gmt":"2023-07-21T13:11:15","slug":"itinerancia","status":"publish","type":"page","link":"https:\/\/letrainjaune.fr\/ca\/organitzeu-el-vostre-viatge\/itinerancia\/","title":{"rendered":"Itiner\u00e0ncia"},"content":{"rendered":"\n<p>Aqu\u00ed trobar\u00e0s la informaci\u00f3 que necessites per moure&#8217;t entre les estacions del Tren Groc, ja sigui amb transport p\u00fablic, a peu o fins i tot amb bicicleta! <\/p>\n\n\n\n<div class=\"wp-block-buttons is-layout-flex wp-block-buttons-is-layout-flex\">\n<div class=\"wp-block-button\"><a class=\"wp-block-button__link\" href=\"https:\/\/letrainjaune.fr\/organiser-votre-trajet\/itinerance\/carte-itinerance\/\">Carte Itin\u00e9rance<\/a><\/div>\n<\/div>\n","protected":false},"excerpt":{"rendered":"<p>Aqu\u00ed trobar\u00e0s la informaci\u00f3 que necessites per moure&#8217;t entre les estacions del Tren Groc, ja sigui amb transport p\u00fablic, a peu o fins i tot amb bicicleta!<\/p>\n","protected":false},"author":2,"featured_media":4307,"parent":1710,"menu_order":2,"comment_status":"closed","ping_status":"closed","template":"","meta":{"_acf_changed":false,"inline_featured_image":false,"footnotes":""},"class_list":["post-1887","page","type-page","status-publish","has-post-thumbnail","hentry"],"acf":[],"yoast_head":"<!-- This site is optimized with the Yoast SEO plugin v25.4 - https:\/\/yoast.com\/wordpress\/plugins\/seo\/ -->\n<title>Itiner\u00e0ncia - Dest\u00ed: El Tren Groc<\/title>\n<meta name=\"robots\" content=\"index, follow, max-snippet:-1, max-image-preview:large, max-video-preview:-1\" \/>\n<link rel=\"canonical\" href=\"https:\/\/letrainjaune.fr\/ca\/organitzeu-el-vostre-viatge\/itinerancia\/\" \/>\n<meta property=\"og:locale\" content=\"ca_ES\" \/>\n<meta property=\"og:type\" content=\"article\" \/>\n<meta property=\"og:title\" content=\"Itiner\u00e0ncia - Dest\u00ed: El Tren Groc\" \/>\n<meta property=\"og:description\" content=\"Aqu\u00ed trobar\u00e0s la informaci\u00f3 que necessites per moure&#8217;t entre les estacions del Tren Groc, ja sigui amb transport p\u00fablic, a peu o fins i tot amb bicicleta!\" \/>\n<meta property=\"og:url\" content=\"https:\/\/letrainjaune.fr\/ca\/organitzeu-el-vostre-viatge\/itinerancia\/\" \/>\n<meta property=\"og:site_name\" content=\"Dest\u00ed: El Tren Groc\" \/>\n<meta property=\"article:modified_time\" content=\"2023-07-21T13:11:15+00:00\" \/>\n<meta property=\"og:image\" content=\"https:\/\/letrainjaune.fr\/wp-content\/uploads\/2021\/08\/4096-2731-max-4.jpg\" \/>\n\t<meta property=\"og:image:width\" content=\"2500\" \/>\n\t<meta property=\"og:image:height\" content=\"1667\" \/>\n\t<meta property=\"og:image:type\" content=\"image\/jpeg\" \/>\n<meta name=\"twitter:card\" content=\"summary_large_image\" \/>\n<meta name=\"twitter:label1\" content=\"Temps estimat de lectura\" \/>\n\t<meta name=\"twitter:data1\" content=\"1 minut\" \/>\n<script type=\"application\/ld+json\" class=\"yoast-schema-graph\">{\"@context\":\"https:\/\/schema.org\",\"@graph\":[{\"@type\":\"WebPage\",\"@id\":\"https:\/\/letrainjaune.fr\/ca\/organitzeu-el-vostre-viatge\/itinerancia\/\",\"url\":\"https:\/\/letrainjaune.fr\/ca\/organitzeu-el-vostre-viatge\/itinerancia\/\",\"name\":\"Itiner\u00e0ncia - Dest\u00ed: El Tren Groc\",\"isPartOf\":{\"@id\":\"https:\/\/letrainjaune.fr\/ca\/#website\"},\"primaryImageOfPage\":{\"@id\":\"https:\/\/letrainjaune.fr\/ca\/organitzeu-el-vostre-viatge\/itinerancia\/#primaryimage\"},\"image\":{\"@id\":\"https:\/\/letrainjaune.fr\/ca\/organitzeu-el-vostre-viatge\/itinerancia\/#primaryimage\"},\"thumbnailUrl\":\"https:\/\/letrainjaune.fr\/wp-content\/uploads\/2021\/08\/4096-2731-max-4.jpg\",\"datePublished\":\"2021-06-22T16:41:40+00:00\",\"dateModified\":\"2023-07-21T13:11:15+00:00\",\"breadcrumb\":{\"@id\":\"https:\/\/letrainjaune.fr\/ca\/organitzeu-el-vostre-viatge\/itinerancia\/#breadcrumb\"},\"inLanguage\":\"ca\",\"potentialAction\":[{\"@type\":\"ReadAction\",\"target\":[\"https:\/\/letrainjaune.fr\/ca\/organitzeu-el-vostre-viatge\/itinerancia\/\"]}]},{\"@type\":\"ImageObject\",\"inLanguage\":\"ca\",\"@id\":\"https:\/\/letrainjaune.fr\/ca\/organitzeu-el-vostre-viatge\/itinerancia\/#primaryimage\",\"url\":\"https:\/\/letrainjaune.fr\/wp-content\/uploads\/2021\/08\/4096-2731-max-4.jpg\",\"contentUrl\":\"https:\/\/letrainjaune.fr\/wp-content\/uploads\/2021\/08\/4096-2731-max-4.jpg\",\"width\":2500,\"height\":1667,\"caption\":\"Train Jaune sur Viaduc S\u00e9journ\u00e9\"},{\"@type\":\"BreadcrumbList\",\"@id\":\"https:\/\/letrainjaune.fr\/ca\/organitzeu-el-vostre-viatge\/itinerancia\/#breadcrumb\",\"itemListElement\":[{\"@type\":\"ListItem\",\"position\":1,\"name\":\"Benvinguda\",\"item\":\"https:\/\/letrainjaune.fr\/ca\/\"},{\"@type\":\"ListItem\",\"position\":2,\"name\":\"Organitzeu el vostre viatge\",\"item\":\"https:\/\/letrainjaune.fr\/ca\/organitzeu-el-vostre-viatge\/\"},{\"@type\":\"ListItem\",\"position\":3,\"name\":\"Itiner\u00e0ncia\"}]},{\"@type\":\"WebSite\",\"@id\":\"https:\/\/letrainjaune.fr\/ca\/#website\",\"url\":\"https:\/\/letrainjaune.fr\/ca\/\",\"name\":\"Dest\u00ed: El Tren Groc\",\"description\":\"Dans les Pyr\u00e9n\u00e9es Catalanes, d\u00e9couvrez ce train sur le plus haut chemin de fer d\u2019Europe.\",\"publisher\":{\"@id\":\"https:\/\/letrainjaune.fr\/ca\/#organization\"},\"potentialAction\":[{\"@type\":\"SearchAction\",\"target\":{\"@type\":\"EntryPoint\",\"urlTemplate\":\"https:\/\/letrainjaune.fr\/ca\/?s={search_term_string}\"},\"query-input\":{\"@type\":\"PropertyValueSpecification\",\"valueRequired\":true,\"valueName\":\"search_term_string\"}}],\"inLanguage\":\"ca\"},{\"@type\":\"Organization\",\"@id\":\"https:\/\/letrainjaune.fr\/ca\/#organization\",\"name\":\"Dest\u00ed: El Tren Groc\",\"url\":\"https:\/\/letrainjaune.fr\/ca\/\",\"logo\":{\"@type\":\"ImageObject\",\"inLanguage\":\"ca\",\"@id\":\"https:\/\/letrainjaune.fr\/ca\/#\/schema\/logo\/image\/\",\"url\":\"https:\/\/letrainjaune.fr\/wp-content\/uploads\/2021\/04\/TJ_logo-TJ-footer.svg\",\"contentUrl\":\"https:\/\/letrainjaune.fr\/wp-content\/uploads\/2021\/04\/TJ_logo-TJ-footer.svg\",\"width\":\"1920\",\"height\":\"9999\",\"caption\":\"Dest\u00ed: El Tren Groc\"},\"image\":{\"@id\":\"https:\/\/letrainjaune.fr\/ca\/#\/schema\/logo\/image\/\"}}]}<\/script>\n<!-- \/ Yoast SEO plugin. -->","yoast_head_json":{"title":"Itiner\u00e0ncia - Dest\u00ed: El Tren Groc","robots":{"index":"index","follow":"follow","max-snippet":"max-snippet:-1","max-image-preview":"max-image-preview:large","max-video-preview":"max-video-preview:-1"},"canonical":"https:\/\/letrainjaune.fr\/ca\/organitzeu-el-vostre-viatge\/itinerancia\/","og_locale":"ca_ES","og_type":"article","og_title":"Itiner\u00e0ncia - Dest\u00ed: El Tren Groc","og_description":"Aqu\u00ed trobar\u00e0s la informaci\u00f3 que necessites per moure&#8217;t entre les estacions del Tren Groc, ja sigui amb transport p\u00fablic, a peu o fins i tot amb bicicleta!","og_url":"https:\/\/letrainjaune.fr\/ca\/organitzeu-el-vostre-viatge\/itinerancia\/","og_site_name":"Dest\u00ed: El Tren Groc","article_modified_time":"2023-07-21T13:11:15+00:00","og_image":[{"width":2500,"height":1667,"url":"https:\/\/letrainjaune.fr\/wp-content\/uploads\/2021\/08\/4096-2731-max-4.jpg","type":"image\/jpeg"}],"twitter_card":"summary_large_image","twitter_misc":{"Temps estimat de lectura":"1 minut"},"schema":{"@context":"https:\/\/schema.org","@graph":[{"@type":"WebPage","@id":"https:\/\/letrainjaune.fr\/ca\/organitzeu-el-vostre-viatge\/itinerancia\/","url":"https:\/\/letrainjaune.fr\/ca\/organitzeu-el-vostre-viatge\/itinerancia\/","name":"Itiner\u00e0ncia - Dest\u00ed: El Tren Groc","isPartOf":{"@id":"https:\/\/letrainjaune.fr\/ca\/#website"},"primaryImageOfPage":{"@id":"https:\/\/letrainjaune.fr\/ca\/organitzeu-el-vostre-viatge\/itinerancia\/#primaryimage"},"image":{"@id":"https:\/\/letrainjaune.fr\/ca\/organitzeu-el-vostre-viatge\/itinerancia\/#primaryimage"},"thumbnailUrl":"https:\/\/letrainjaune.fr\/wp-content\/uploads\/2021\/08\/4096-2731-max-4.jpg","datePublished":"2021-06-22T16:41:40+00:00","dateModified":"2023-07-21T13:11:15+00:00","breadcrumb":{"@id":"https:\/\/letrainjaune.fr\/ca\/organitzeu-el-vostre-viatge\/itinerancia\/#breadcrumb"},"inLanguage":"ca","potentialAction":[{"@type":"ReadAction","target":["https:\/\/letrainjaune.fr\/ca\/organitzeu-el-vostre-viatge\/itinerancia\/"]}]},{"@type":"ImageObject","inLanguage":"ca","@id":"https:\/\/letrainjaune.fr\/ca\/organitzeu-el-vostre-viatge\/itinerancia\/#primaryimage","url":"https:\/\/letrainjaune.fr\/wp-content\/uploads\/2021\/08\/4096-2731-max-4.jpg","contentUrl":"https:\/\/letrainjaune.fr\/wp-content\/uploads\/2021\/08\/4096-2731-max-4.jpg","width":2500,"height":1667,"caption":"Train Jaune sur Viaduc S\u00e9journ\u00e9"},{"@type":"BreadcrumbList","@id":"https:\/\/letrainjaune.fr\/ca\/organitzeu-el-vostre-viatge\/itinerancia\/#breadcrumb","itemListElement":[{"@type":"ListItem","position":1,"name":"Benvinguda","item":"https:\/\/letrainjaune.fr\/ca\/"},{"@type":"ListItem","position":2,"name":"Organitzeu el vostre viatge","item":"https:\/\/letrainjaune.fr\/ca\/organitzeu-el-vostre-viatge\/"},{"@type":"ListItem","position":3,"name":"Itiner\u00e0ncia"}]},{"@type":"WebSite","@id":"https:\/\/letrainjaune.fr\/ca\/#website","url":"https:\/\/letrainjaune.fr\/ca\/","name":"Dest\u00ed: El Tren Groc","description":"Dans les Pyr\u00e9n\u00e9es Catalanes, d\u00e9couvrez ce train sur le plus haut chemin de fer d\u2019Europe.","publisher":{"@id":"https:\/\/letrainjaune.fr\/ca\/#organization"},"potentialAction":[{"@type":"SearchAction","target":{"@type":"EntryPoint","urlTemplate":"https:\/\/letrainjaune.fr\/ca\/?s={search_term_string}"},"query-input":{"@type":"PropertyValueSpecification","valueRequired":true,"valueName":"search_term_string"}}],"inLanguage":"ca"},{"@type":"Organization","@id":"https:\/\/letrainjaune.fr\/ca\/#organization","name":"Dest\u00ed: El Tren Groc","url":"https:\/\/letrainjaune.fr\/ca\/","logo":{"@type":"ImageObject","inLanguage":"ca","@id":"https:\/\/letrainjaune.fr\/ca\/#\/schema\/logo\/image\/","url":"https:\/\/letrainjaune.fr\/wp-content\/uploads\/2021\/04\/TJ_logo-TJ-footer.svg","contentUrl":"https:\/\/letrainjaune.fr\/wp-content\/uploads\/2021\/04\/TJ_logo-TJ-footer.svg","width":"1920","height":"9999","caption":"Dest\u00ed: El Tren Groc"},"image":{"@id":"https:\/\/letrainjaune.fr\/ca\/#\/schema\/logo\/image\/"}}]}},"_links":{"self":[{"href":"https:\/\/letrainjaune.fr\/ca\/wp-json\/wp\/v2\/pages\/1887","targetHints":{"allow":["GET"]}}],"collection":[{"href":"https:\/\/letrainjaune.fr\/ca\/wp-json\/wp\/v2\/pages"}],"about":[{"href":"https:\/\/letrainjaune.fr\/ca\/wp-json\/wp\/v2\/types\/page"}],"author":[{"embeddable":true,"href":"https:\/\/letrainjaune.fr\/ca\/wp-json\/wp\/v2\/users\/2"}],"replies":[{"embeddable":true,"href":"https:\/\/letrainjaune.fr\/ca\/wp-json\/wp\/v2\/comments?post=1887"}],"version-history":[{"count":3,"href":"https:\/\/letrainjaune.fr\/ca\/wp-json\/wp\/v2\/pages\/1887\/revisions"}],"predecessor-version":[{"id":10836,"href":"https:\/\/letrainjaune.fr\/ca\/wp-json\/wp\/v2\/pages\/1887\/revisions\/10836"}],"up":[{"embeddable":true,"href":"https:\/\/letrainjaune.fr\/ca\/wp-json\/wp\/v2\/pages\/1710"}],"wp:featuredmedia":[{"embeddable":true,"href":"https:\/\/letrainjaune.fr\/ca\/wp-json\/wp\/v2\/media\/4307"}],"wp:attachment":[{"href":"https:\/\/letrainjaune.fr\/ca\/wp-json\/wp\/v2\/media?parent=1887"}],"curies":[{"name":"wp","href":"https:\/\/api.w.org\/{rel}","templated":true}]}}