{"id":1899,"date":"2021-06-22T18:44:55","date_gmt":"2021-06-22T16:44:55","guid":{"rendered":"https:\/\/letrainjaune.fr\/?page_id=1899"},"modified":"2023-06-06T17:12:28","modified_gmt":"2023-06-06T15:12:28","slug":"contactes","status":"publish","type":"page","link":"https:\/\/letrainjaune.fr\/ca\/contactes\/","title":{"rendered":"Contactes"},"content":{"rendered":"\n<figure class=\"wp-block-table is-style-stripes\"><table><tbody><tr><td class=\"has-text-align-center\" data-align=\"center\"><strong>Organisme<\/strong><\/td><td class=\"has-text-align-center\" data-align=\"center\"><strong>Adresse compl\u00e8te<\/strong><\/td><td class=\"has-text-align-center\" data-align=\"center\"><strong>T\u00e9l\u00e9phone<\/strong><\/td><td class=\"has-text-align-center\" data-align=\"center\"><strong>Mail contact<\/strong><\/td><\/tr><tr><td class=\"has-text-align-center\" data-align=\"center\">Office de tourisme intercommunal de Conflent-Canigo<\/td><td class=\"has-text-align-center\" data-align=\"center\">10 Place de la R\u00e9publique, 66 500 Prades.<\/td><td class=\"has-text-align-center\" data-align=\"center\">04 68 05 41 02<\/td><td class=\"has-text-align-center\" data-align=\"center\">info@tourisme-canigou.com<\/td><\/tr><tr><td class=\"has-text-align-center\" data-align=\"center\">Office de tourisme de Mont-Louis<\/td><td class=\"has-text-align-center\" data-align=\"center\">6 Boulevard Vauban, 66 210 Mont-Louis<\/td><td class=\"has-text-align-center\" data-align=\"center\">04 68 04 21 97<\/td><td class=\"has-text-align-center\" data-align=\"center\">otmontlouis@wanadoo.fr<\/td><\/tr><tr><td class=\"has-text-align-center\" data-align=\"center\">Office de tourisme intercommunal Pyr\u00e9n\u00e9es-catalanes<\/td><td class=\"has-text-align-center\" data-align=\"center\">Rue de la Quillane, 66210 La Llagone<\/td><td class=\"has-text-align-center\" data-align=\"center\">04 68 04 49 86<\/td><td class=\"has-text-align-center\" data-align=\"center\">contact@pyrenees-catalanes.com<\/td><\/tr><tr><td class=\"has-text-align-center\" data-align=\"center\">Office de tourisme de Font-Romeu<\/td><td class=\"has-text-align-center\" data-align=\"center\">82 Avenue Emmanuel Brousse, 66120 Font-Romeu Odeillo Via<\/td><td class=\"has-text-align-center\" data-align=\"center\">04 68 30 68 30<\/td><td class=\"has-text-align-center\" data-align=\"center\">office@font-romeu.fr<\/td><\/tr><tr><td class=\"has-text-align-center\" data-align=\"center\">Office de tourisme de Bolqu\u00e8re \/ Pyr\u00e9n\u00e9es 2000<\/td><td class=\"has-text-align-center\" data-align=\"center\">Avenue du Serrat de l&#8217;Ours, 66210 Bolqu\u00e8re<\/td><td class=\"has-text-align-center\" data-align=\"center\">04 68 30 12 42<\/td><td class=\"has-text-align-center\" data-align=\"center\">infos@pyrenees2000.com<\/td><\/tr><tr><td class=\"has-text-align-center\" data-align=\"center\">Office de tourisme intercommunal Pyr\u00e9n\u00e9es-Cerdagne<\/td><td class=\"has-text-align-center\" data-align=\"center\">1 Place du Roser, 66 800 Saillagouse.<\/td><td class=\"has-text-align-center\" data-align=\"center\">04 68 04 15 47<\/td><td class=\"has-text-align-center\" data-align=\"center\">Formulaire de contact : https:\/\/www.pyrenees-cerdagne.com\/pratique\/nous-contacter<\/td><\/tr><tr><td class=\"has-text-align-center\" data-align=\"center\">Parc naturel r\u00e9gional des Pyr\u00e9n\u00e9es-catalanes<\/td><td class=\"has-text-align-center\" data-align=\"center\">La Bastide, 66 360 Olette<\/td><td class=\"has-text-align-center\" data-align=\"center\">04 68 04 97 60<\/td><td class=\"has-text-align-center\" data-align=\"center\">contact@pnrpc.fr<\/td><\/tr><\/tbody><\/table><\/figure>\n","protected":false},"excerpt":{"rendered":"<p>Organisme Adresse compl\u00e8te T\u00e9l\u00e9phone Mail contact Office de tourisme intercommunal de Conflent-Canigo 10 Place de la R\u00e9publique, 66 500 Prades. 04 68 05 41 02 info@tourisme-canigou.com Office de tourisme de Mont-Louis 6 Boulevard Vauban, 66 210 Mont-Louis 04 68 04 21 97 otmontlouis@wanadoo.fr Office de tourisme intercommunal Pyr\u00e9n\u00e9es-catalanes Rue de la Quillane, 66210 La Llagone [&hellip;]<\/p>\n","protected":false},"author":2,"featured_media":4330,"parent":0,"menu_order":21,"comment_status":"closed","ping_status":"closed","template":"","meta":{"_acf_changed":false,"inline_featured_image":false,"footnotes":""},"class_list":["post-1899","page","type-page","status-publish","has-post-thumbnail","hentry"],"acf":[],"yoast_head":"<!-- This site is optimized with the Yoast SEO plugin v25.4 - https:\/\/yoast.com\/wordpress\/plugins\/seo\/ -->\n<title>Contactes - Dest\u00ed: El Tren Groc<\/title>\n<meta name=\"robots\" content=\"index, follow, max-snippet:-1, max-image-preview:large, max-video-preview:-1\" \/>\n<link rel=\"canonical\" href=\"https:\/\/letrainjaune.fr\/ca\/contactes\/\" \/>\n<meta property=\"og:locale\" content=\"ca_ES\" \/>\n<meta property=\"og:type\" content=\"article\" \/>\n<meta property=\"og:title\" content=\"Contactes - Dest\u00ed: El Tren Groc\" \/>\n<meta property=\"og:description\" content=\"Organisme Adresse compl\u00e8te T\u00e9l\u00e9phone Mail contact Office de tourisme intercommunal de Conflent-Canigo 10 Place de la R\u00e9publique, 66 500 Prades. 04 68 05 41 02 info@tourisme-canigou.com Office de tourisme de Mont-Louis 6 Boulevard Vauban, 66 210 Mont-Louis 04 68 04 21 97 otmontlouis@wanadoo.fr Office de tourisme intercommunal Pyr\u00e9n\u00e9es-catalanes Rue de la Quillane, 66210 La Llagone [&hellip;]\" \/>\n<meta property=\"og:url\" content=\"https:\/\/letrainjaune.fr\/ca\/contactes\/\" \/>\n<meta property=\"og:site_name\" content=\"Dest\u00ed: El Tren Groc\" \/>\n<meta property=\"article:modified_time\" content=\"2023-06-06T15:12:28+00:00\" \/>\n<meta property=\"og:image\" content=\"https:\/\/letrainjaune.fr\/wp-content\/uploads\/2021\/08\/Pont_Gisclard4\u00a9Coll.jpg\" \/>\n\t<meta property=\"og:image:width\" content=\"1620\" \/>\n\t<meta property=\"og:image:height\" content=\"1031\" \/>\n\t<meta property=\"og:image:type\" content=\"image\/jpeg\" \/>\n<meta name=\"twitter:card\" content=\"summary_large_image\" \/>\n<meta name=\"twitter:label1\" content=\"Temps estimat de lectura\" \/>\n\t<meta name=\"twitter:data1\" content=\"1 minut\" \/>\n<script type=\"application\/ld+json\" class=\"yoast-schema-graph\">{\"@context\":\"https:\/\/schema.org\",\"@graph\":[{\"@type\":\"WebPage\",\"@id\":\"https:\/\/letrainjaune.fr\/ca\/contactes\/\",\"url\":\"https:\/\/letrainjaune.fr\/ca\/contactes\/\",\"name\":\"Contactes - Dest\u00ed: El Tren Groc\",\"isPartOf\":{\"@id\":\"https:\/\/letrainjaune.fr\/ca\/#website\"},\"primaryImageOfPage\":{\"@id\":\"https:\/\/letrainjaune.fr\/ca\/contactes\/#primaryimage\"},\"image\":{\"@id\":\"https:\/\/letrainjaune.fr\/ca\/contactes\/#primaryimage\"},\"thumbnailUrl\":\"https:\/\/letrainjaune.fr\/wp-content\/uploads\/2021\/08\/Pont_Gisclard4\u00a9Coll.jpg\",\"datePublished\":\"2021-06-22T16:44:55+00:00\",\"dateModified\":\"2023-06-06T15:12:28+00:00\",\"breadcrumb\":{\"@id\":\"https:\/\/letrainjaune.fr\/ca\/contactes\/#breadcrumb\"},\"inLanguage\":\"ca\",\"potentialAction\":[{\"@type\":\"ReadAction\",\"target\":[\"https:\/\/letrainjaune.fr\/ca\/contactes\/\"]}]},{\"@type\":\"ImageObject\",\"inLanguage\":\"ca\",\"@id\":\"https:\/\/letrainjaune.fr\/ca\/contactes\/#primaryimage\",\"url\":\"https:\/\/letrainjaune.fr\/wp-content\/uploads\/2021\/08\/Pont_Gisclard4\u00a9Coll.jpg\",\"contentUrl\":\"https:\/\/letrainjaune.fr\/wp-content\/uploads\/2021\/08\/Pont_Gisclard4\u00a9Coll.jpg\",\"width\":1620,\"height\":1031,\"caption\":\"Pont Gisclard\"},{\"@type\":\"BreadcrumbList\",\"@id\":\"https:\/\/letrainjaune.fr\/ca\/contactes\/#breadcrumb\",\"itemListElement\":[{\"@type\":\"ListItem\",\"position\":1,\"name\":\"Benvinguda\",\"item\":\"https:\/\/letrainjaune.fr\/ca\/\"},{\"@type\":\"ListItem\",\"position\":2,\"name\":\"Contactes\"}]},{\"@type\":\"WebSite\",\"@id\":\"https:\/\/letrainjaune.fr\/ca\/#website\",\"url\":\"https:\/\/letrainjaune.fr\/ca\/\",\"name\":\"Dest\u00ed: El Tren Groc\",\"description\":\"Dans les Pyr\u00e9n\u00e9es Catalanes, d\u00e9couvrez ce train sur le plus haut chemin de fer d\u2019Europe.\",\"publisher\":{\"@id\":\"https:\/\/letrainjaune.fr\/ca\/#organization\"},\"potentialAction\":[{\"@type\":\"SearchAction\",\"target\":{\"@type\":\"EntryPoint\",\"urlTemplate\":\"https:\/\/letrainjaune.fr\/ca\/?s={search_term_string}\"},\"query-input\":{\"@type\":\"PropertyValueSpecification\",\"valueRequired\":true,\"valueName\":\"search_term_string\"}}],\"inLanguage\":\"ca\"},{\"@type\":\"Organization\",\"@id\":\"https:\/\/letrainjaune.fr\/ca\/#organization\",\"name\":\"Dest\u00ed: El Tren Groc\",\"url\":\"https:\/\/letrainjaune.fr\/ca\/\",\"logo\":{\"@type\":\"ImageObject\",\"inLanguage\":\"ca\",\"@id\":\"https:\/\/letrainjaune.fr\/ca\/#\/schema\/logo\/image\/\",\"url\":\"https:\/\/letrainjaune.fr\/wp-content\/uploads\/2021\/04\/TJ_logo-TJ-footer.svg\",\"contentUrl\":\"https:\/\/letrainjaune.fr\/wp-content\/uploads\/2021\/04\/TJ_logo-TJ-footer.svg\",\"width\":\"1920\",\"height\":\"9999\",\"caption\":\"Dest\u00ed: El Tren Groc\"},\"image\":{\"@id\":\"https:\/\/letrainjaune.fr\/ca\/#\/schema\/logo\/image\/\"}}]}<\/script>\n<!-- \/ Yoast SEO plugin. -->","yoast_head_json":{"title":"Contactes - Dest\u00ed: El Tren Groc","robots":{"index":"index","follow":"follow","max-snippet":"max-snippet:-1","max-image-preview":"max-image-preview:large","max-video-preview":"max-video-preview:-1"},"canonical":"https:\/\/letrainjaune.fr\/ca\/contactes\/","og_locale":"ca_ES","og_type":"article","og_title":"Contactes - Dest\u00ed: El Tren Groc","og_description":"Organisme Adresse compl\u00e8te T\u00e9l\u00e9phone Mail contact Office de tourisme intercommunal de Conflent-Canigo 10 Place de la R\u00e9publique, 66 500 Prades. 04 68 05 41 02 info@tourisme-canigou.com Office de tourisme de Mont-Louis 6 Boulevard Vauban, 66 210 Mont-Louis 04 68 04 21 97 otmontlouis@wanadoo.fr Office de tourisme intercommunal Pyr\u00e9n\u00e9es-catalanes Rue de la Quillane, 66210 La Llagone [&hellip;]","og_url":"https:\/\/letrainjaune.fr\/ca\/contactes\/","og_site_name":"Dest\u00ed: El Tren Groc","article_modified_time":"2023-06-06T15:12:28+00:00","og_image":[{"width":1620,"height":1031,"url":"https:\/\/letrainjaune.fr\/wp-content\/uploads\/2021\/08\/Pont_Gisclard4\u00a9Coll.jpg","type":"image\/jpeg"}],"twitter_card":"summary_large_image","twitter_misc":{"Temps estimat de lectura":"1 minut"},"schema":{"@context":"https:\/\/schema.org","@graph":[{"@type":"WebPage","@id":"https:\/\/letrainjaune.fr\/ca\/contactes\/","url":"https:\/\/letrainjaune.fr\/ca\/contactes\/","name":"Contactes - Dest\u00ed: El Tren Groc","isPartOf":{"@id":"https:\/\/letrainjaune.fr\/ca\/#website"},"primaryImageOfPage":{"@id":"https:\/\/letrainjaune.fr\/ca\/contactes\/#primaryimage"},"image":{"@id":"https:\/\/letrainjaune.fr\/ca\/contactes\/#primaryimage"},"thumbnailUrl":"https:\/\/letrainjaune.fr\/wp-content\/uploads\/2021\/08\/Pont_Gisclard4\u00a9Coll.jpg","datePublished":"2021-06-22T16:44:55+00:00","dateModified":"2023-06-06T15:12:28+00:00","breadcrumb":{"@id":"https:\/\/letrainjaune.fr\/ca\/contactes\/#breadcrumb"},"inLanguage":"ca","potentialAction":[{"@type":"ReadAction","target":["https:\/\/letrainjaune.fr\/ca\/contactes\/"]}]},{"@type":"ImageObject","inLanguage":"ca","@id":"https:\/\/letrainjaune.fr\/ca\/contactes\/#primaryimage","url":"https:\/\/letrainjaune.fr\/wp-content\/uploads\/2021\/08\/Pont_Gisclard4\u00a9Coll.jpg","contentUrl":"https:\/\/letrainjaune.fr\/wp-content\/uploads\/2021\/08\/Pont_Gisclard4\u00a9Coll.jpg","width":1620,"height":1031,"caption":"Pont Gisclard"},{"@type":"BreadcrumbList","@id":"https:\/\/letrainjaune.fr\/ca\/contactes\/#breadcrumb","itemListElement":[{"@type":"ListItem","position":1,"name":"Benvinguda","item":"https:\/\/letrainjaune.fr\/ca\/"},{"@type":"ListItem","position":2,"name":"Contactes"}]},{"@type":"WebSite","@id":"https:\/\/letrainjaune.fr\/ca\/#website","url":"https:\/\/letrainjaune.fr\/ca\/","name":"Dest\u00ed: El Tren Groc","description":"Dans les Pyr\u00e9n\u00e9es Catalanes, d\u00e9couvrez ce train sur le plus haut chemin de fer d\u2019Europe.","publisher":{"@id":"https:\/\/letrainjaune.fr\/ca\/#organization"},"potentialAction":[{"@type":"SearchAction","target":{"@type":"EntryPoint","urlTemplate":"https:\/\/letrainjaune.fr\/ca\/?s={search_term_string}"},"query-input":{"@type":"PropertyValueSpecification","valueRequired":true,"valueName":"search_term_string"}}],"inLanguage":"ca"},{"@type":"Organization","@id":"https:\/\/letrainjaune.fr\/ca\/#organization","name":"Dest\u00ed: El Tren Groc","url":"https:\/\/letrainjaune.fr\/ca\/","logo":{"@type":"ImageObject","inLanguage":"ca","@id":"https:\/\/letrainjaune.fr\/ca\/#\/schema\/logo\/image\/","url":"https:\/\/letrainjaune.fr\/wp-content\/uploads\/2021\/04\/TJ_logo-TJ-footer.svg","contentUrl":"https:\/\/letrainjaune.fr\/wp-content\/uploads\/2021\/04\/TJ_logo-TJ-footer.svg","width":"1920","height":"9999","caption":"Dest\u00ed: El Tren Groc"},"image":{"@id":"https:\/\/letrainjaune.fr\/ca\/#\/schema\/logo\/image\/"}}]}},"_links":{"self":[{"href":"https:\/\/letrainjaune.fr\/ca\/wp-json\/wp\/v2\/pages\/1899","targetHints":{"allow":["GET"]}}],"collection":[{"href":"https:\/\/letrainjaune.fr\/ca\/wp-json\/wp\/v2\/pages"}],"about":[{"href":"https:\/\/letrainjaune.fr\/ca\/wp-json\/wp\/v2\/types\/page"}],"author":[{"embeddable":true,"href":"https:\/\/letrainjaune.fr\/ca\/wp-json\/wp\/v2\/users\/2"}],"replies":[{"embeddable":true,"href":"https:\/\/letrainjaune.fr\/ca\/wp-json\/wp\/v2\/comments?post=1899"}],"version-history":[{"count":2,"href":"https:\/\/letrainjaune.fr\/ca\/wp-json\/wp\/v2\/pages\/1899\/revisions"}],"predecessor-version":[{"id":9642,"href":"https:\/\/letrainjaune.fr\/ca\/wp-json\/wp\/v2\/pages\/1899\/revisions\/9642"}],"wp:featuredmedia":[{"embeddable":true,"href":"https:\/\/letrainjaune.fr\/ca\/wp-json\/wp\/v2\/media\/4330"}],"wp:attachment":[{"href":"https:\/\/letrainjaune.fr\/ca\/wp-json\/wp\/v2\/media?parent=1899"}],"curies":[{"name":"wp","href":"https:\/\/api.w.org\/{rel}","templated":true}]}}