{"id":1627,"date":"2021-02-16T12:16:21","date_gmt":"2021-02-16T11:16:21","guid":{"rendered":"https:\/\/letrainjaune.fr\/contacts\/"},"modified":"2023-06-27T10:23:52","modified_gmt":"2023-06-27T08:23:52","slug":"contacts","status":"publish","type":"page","link":"https:\/\/letrainjaune.fr\/en\/plan-your-trip\/contacts\/","title":{"rendered":"Contacts"},"content":{"rendered":"\n<p>Railway and tourism professionals are at your service to answer your questions.<\/p>\n\n\n\n<figure class=\"wp-block-table is-style-stripes\"><table><thead><tr><th class=\"has-text-align-center\" data-align=\"center\"><strong>Organization<\/strong><\/th><th class=\"has-text-align-center\" data-align=\"center\">Address<\/th><th class=\"has-text-align-center\" data-align=\"center\">Phone number<\/th><th class=\"has-text-align-center\" data-align=\"center\">E-mail address<\/th><\/tr><\/thead><tbody><tr><td class=\"has-text-align-center\" data-align=\"center\"><strong>Intercommunal tourist office Conflent Canig\u00f3<\/strong><\/td><td class=\"has-text-align-center\" data-align=\"center\">10 Place de la R\u00e9publique, 66 500 Prades.<\/td><td class=\"has-text-align-center\" data-align=\"center\">04 68 05 41 02<\/td><td class=\"has-text-align-center\" data-align=\"center\">info@tourisme-canigou.com<\/td><\/tr><tr><td class=\"has-text-align-center\" data-align=\"center\"><strong>Office de tourisme de Mont-Louis<\/strong><\/td><td class=\"has-text-align-center\" data-align=\"center\">6 Boulevard Vauban, 66 210 Mont-Louis<\/td><td class=\"has-text-align-center\" data-align=\"center\">04 68 04 21 97<\/td><td class=\"has-text-align-center\" data-align=\"center\">otmontlouis@wanadoo.fr<\/td><\/tr><tr><td class=\"has-text-align-center\" data-align=\"center\"><strong>Tourist Office intercommunal <br>Pyr\u00e9n\u00e9es-catalanes<\/strong><\/td><td class=\"has-text-align-center\" data-align=\"center\">Rue de la Quillane, 66210 La Llagone<\/td><td class=\"has-text-align-center\" data-align=\"center\">04 68 04 49 86<\/td><td class=\"has-text-align-center\" data-align=\"center\">contact@pyrenees-catalanes.com<\/td><\/tr><tr><td class=\"has-text-align-center\" data-align=\"center\"><strong>Tourist Office Font-Romeu<\/strong><\/td><td class=\"has-text-align-center\" data-align=\"center\">82 Avenue Emmanuel Brousse, 66120 Font-Romeu Odeillo Via<\/td><td class=\"has-text-align-center\" data-align=\"center\">04 68 30 68 30<\/td><td class=\"has-text-align-center\" data-align=\"center\">office@font-romeu.fr<\/td><\/tr><tr><td class=\"has-text-align-center\" data-align=\"center\"><strong>Tourist Office Bolqu\u00e8re\/Pyr\u00e9n\u00e9es 2000<\/strong><\/td><td class=\"has-text-align-center\" data-align=\"center\">Avenue du Serrat de l&#8217;Ours, 66210 Bolqu\u00e8re<\/td><td class=\"has-text-align-center\" data-align=\"center\">04 68 30 12 42<\/td><td class=\"has-text-align-center\" data-align=\"center\">infos@pyrenees2000.com<\/td><\/tr><tr><td class=\"has-text-align-center\" data-align=\"center\"><strong>Intercommunal tourist office <\/strong><br><strong>Pyr\u00e9n\u00e9es-Cerdagne<\/strong><\/td><td class=\"has-text-align-center\" data-align=\"center\">1 Place du Roser, 66 800 Saillagouse.<\/td><td class=\"has-text-align-center\" data-align=\"center\">04 68 04 15 47<\/td><td class=\"has-text-align-center\" data-align=\"center\">Formulaire de contact : https:\/\/www.pyrenees-cerdagne.com\/pratique\/nous-contacter<\/td><\/tr><tr><td class=\"has-text-align-center\" data-align=\"center\"><strong>Regional Natural Park of the Catalan Pyrenees<\/strong><\/td><td class=\"has-text-align-center\" data-align=\"center\">La Bastide, 66 360 Olette<\/td><td class=\"has-text-align-center\" data-align=\"center\">04 68 04 97 60<\/td><td class=\"has-text-align-center\" data-align=\"center\">contact@pnrpc.fr<\/td><\/tr><tr><td class=\"has-text-align-center\" data-align=\"center\"><strong> <\/strong><br><strong> Villefranche-de-Conflent train station <\/strong><\/td><td class=\"has-text-align-center\" data-align=\"center\">66820 Villefranche-de-Conflent <\/td><td class=\"has-text-align-center\" data-align=\"center\">04 68 96 63 62 <\/td><td class=\"has-text-align-center\" data-align=\"center\"><\/td><\/tr><tr><td class=\"has-text-align-center\" data-align=\"center\"><strong>Mont-Louis <\/strong> <strong>train station<\/strong> <\/td><td class=\"has-text-align-center\" data-align=\"center\">La, 1 Rue Moffre, 66210 La Cabanasse <\/td><td class=\"has-text-align-center\" data-align=\"center\">04 68 04 13 58 <\/td><td class=\"has-text-align-center\" data-align=\"center\"><\/td><\/tr><tr><td class=\"has-text-align-center\" data-align=\"center\"><strong> Latour-de-Carol <strong>train station<\/strong>  <\/strong><\/td><td class=\"has-text-align-center\" data-align=\"center\">66760 Enveitg <\/td><td class=\"has-text-align-center\" data-align=\"center\">04 68 30 85 26\/24 <\/td><td class=\"has-text-align-center\" data-align=\"center\"><\/td><\/tr><\/tbody><\/table><\/figure>\n\n\n\n<p><\/p>\n\n\n\n<p><\/p>\n","protected":false},"excerpt":{"rendered":"<p>Railway and tourism professionals are at your service to answer your questions. Organization Address Phone number E-mail address Intercommunal tourist office Conflent Canig\u00f3 10 Place de la R\u00e9publique, 66 500 Prades. 04 68 05 41 02 info@tourisme-canigou.com Office de tourisme de Mont-Louis 6 Boulevard Vauban, 66 210 Mont-Louis 04 68 04 21 97 otmontlouis@wanadoo.fr Tourist [&hellip;]<\/p>\n","protected":false},"author":2,"featured_media":4875,"parent":1711,"menu_order":7,"comment_status":"closed","ping_status":"closed","template":"","meta":{"_acf_changed":false,"inline_featured_image":false,"footnotes":""},"class_list":["post-1627","page","type-page","status-publish","has-post-thumbnail","hentry"],"acf":[],"yoast_head":"<!-- This site is optimized with the Yoast SEO plugin v25.4 - https:\/\/yoast.com\/wordpress\/plugins\/seo\/ -->\n<title>Contacts - Let\u2019s Get on the Yellow Train<\/title>\n<meta name=\"robots\" content=\"index, follow, max-snippet:-1, max-image-preview:large, max-video-preview:-1\" \/>\n<link rel=\"canonical\" href=\"https:\/\/letrainjaune.fr\/en\/plan-your-trip\/contacts\/\" \/>\n<meta property=\"og:locale\" content=\"en_US\" \/>\n<meta property=\"og:type\" content=\"article\" \/>\n<meta property=\"og:title\" content=\"Contacts - Let\u2019s Get on the Yellow Train\" \/>\n<meta property=\"og:description\" content=\"Railway and tourism professionals are at your service to answer your questions. Organization Address Phone number E-mail address Intercommunal tourist office Conflent Canig\u00f3 10 Place de la R\u00e9publique, 66 500 Prades. 04 68 05 41 02 info@tourisme-canigou.com Office de tourisme de Mont-Louis 6 Boulevard Vauban, 66 210 Mont-Louis 04 68 04 21 97 otmontlouis@wanadoo.fr Tourist [&hellip;]\" \/>\n<meta property=\"og:url\" content=\"https:\/\/letrainjaune.fr\/en\/plan-your-trip\/contacts\/\" \/>\n<meta property=\"og:site_name\" content=\"Let\u2019s Get on the Yellow Train\" \/>\n<meta property=\"article:modified_time\" content=\"2023-06-27T08:23:52+00:00\" \/>\n<meta property=\"og:image\" content=\"https:\/\/letrainjaune.fr\/wp-content\/uploads\/2021\/09\/Schema_Pont_Gisclard\u00a9Coll-scaled.jpg\" \/>\n\t<meta property=\"og:image:width\" content=\"1920\" \/>\n\t<meta property=\"og:image:height\" content=\"1252\" \/>\n\t<meta property=\"og:image:type\" content=\"image\/jpeg\" \/>\n<meta name=\"twitter:card\" content=\"summary_large_image\" \/>\n<meta name=\"twitter:label1\" content=\"Est. reading time\" \/>\n\t<meta name=\"twitter:data1\" content=\"1 minute\" \/>\n<script type=\"application\/ld+json\" class=\"yoast-schema-graph\">{\"@context\":\"https:\/\/schema.org\",\"@graph\":[{\"@type\":\"WebPage\",\"@id\":\"https:\/\/letrainjaune.fr\/en\/plan-your-trip\/contacts\/\",\"url\":\"https:\/\/letrainjaune.fr\/en\/plan-your-trip\/contacts\/\",\"name\":\"Contacts - Let\u2019s Get on the Yellow Train\",\"isPartOf\":{\"@id\":\"https:\/\/letrainjaune.fr\/en\/#website\"},\"primaryImageOfPage\":{\"@id\":\"https:\/\/letrainjaune.fr\/en\/plan-your-trip\/contacts\/#primaryimage\"},\"image\":{\"@id\":\"https:\/\/letrainjaune.fr\/en\/plan-your-trip\/contacts\/#primaryimage\"},\"thumbnailUrl\":\"https:\/\/letrainjaune.fr\/wp-content\/uploads\/2021\/09\/Schema_Pont_Gisclard\u00a9Coll-scaled.jpg\",\"datePublished\":\"2021-02-16T11:16:21+00:00\",\"dateModified\":\"2023-06-27T08:23:52+00:00\",\"breadcrumb\":{\"@id\":\"https:\/\/letrainjaune.fr\/en\/plan-your-trip\/contacts\/#breadcrumb\"},\"inLanguage\":\"en-US\",\"potentialAction\":[{\"@type\":\"ReadAction\",\"target\":[\"https:\/\/letrainjaune.fr\/en\/plan-your-trip\/contacts\/\"]}]},{\"@type\":\"ImageObject\",\"inLanguage\":\"en-US\",\"@id\":\"https:\/\/letrainjaune.fr\/en\/plan-your-trip\/contacts\/#primaryimage\",\"url\":\"https:\/\/letrainjaune.fr\/wp-content\/uploads\/2021\/09\/Schema_Pont_Gisclard\u00a9Coll-scaled.jpg\",\"contentUrl\":\"https:\/\/letrainjaune.fr\/wp-content\/uploads\/2021\/09\/Schema_Pont_Gisclard\u00a9Coll-scaled.jpg\",\"width\":1920,\"height\":1252,\"caption\":\"Drawing of the Gisclard Bridge\"},{\"@type\":\"BreadcrumbList\",\"@id\":\"https:\/\/letrainjaune.fr\/en\/plan-your-trip\/contacts\/#breadcrumb\",\"itemListElement\":[{\"@type\":\"ListItem\",\"position\":1,\"name\":\"Home page\",\"item\":\"https:\/\/letrainjaune.fr\/en\/\"},{\"@type\":\"ListItem\",\"position\":2,\"name\":\"Plan your trip\",\"item\":\"https:\/\/letrainjaune.fr\/en\/plan-your-trip\/\"},{\"@type\":\"ListItem\",\"position\":3,\"name\":\"Contacts\"}]},{\"@type\":\"WebSite\",\"@id\":\"https:\/\/letrainjaune.fr\/en\/#website\",\"url\":\"https:\/\/letrainjaune.fr\/en\/\",\"name\":\"Let\u2019s Get on the Yellow Train\",\"description\":\"Dans les Pyr\u00e9n\u00e9es Catalanes, d\u00e9couvrez ce train sur le plus haut chemin de fer d\u2019Europe.\",\"publisher\":{\"@id\":\"https:\/\/letrainjaune.fr\/en\/#organization\"},\"potentialAction\":[{\"@type\":\"SearchAction\",\"target\":{\"@type\":\"EntryPoint\",\"urlTemplate\":\"https:\/\/letrainjaune.fr\/en\/?s={search_term_string}\"},\"query-input\":{\"@type\":\"PropertyValueSpecification\",\"valueRequired\":true,\"valueName\":\"search_term_string\"}}],\"inLanguage\":\"en-US\"},{\"@type\":\"Organization\",\"@id\":\"https:\/\/letrainjaune.fr\/en\/#organization\",\"name\":\"Let\u2019s Get on the Yellow Train\",\"url\":\"https:\/\/letrainjaune.fr\/en\/\",\"logo\":{\"@type\":\"ImageObject\",\"inLanguage\":\"en-US\",\"@id\":\"https:\/\/letrainjaune.fr\/en\/#\/schema\/logo\/image\/\",\"url\":\"https:\/\/letrainjaune.fr\/wp-content\/uploads\/2021\/04\/TJ_logo-TJ-footer.svg\",\"contentUrl\":\"https:\/\/letrainjaune.fr\/wp-content\/uploads\/2021\/04\/TJ_logo-TJ-footer.svg\",\"width\":\"1920\",\"height\":\"9999\",\"caption\":\"Let\u2019s Get on the Yellow Train\"},\"image\":{\"@id\":\"https:\/\/letrainjaune.fr\/en\/#\/schema\/logo\/image\/\"}}]}<\/script>\n<!-- \/ Yoast SEO plugin. -->","yoast_head_json":{"title":"Contacts - Let\u2019s Get on the Yellow Train","robots":{"index":"index","follow":"follow","max-snippet":"max-snippet:-1","max-image-preview":"max-image-preview:large","max-video-preview":"max-video-preview:-1"},"canonical":"https:\/\/letrainjaune.fr\/en\/plan-your-trip\/contacts\/","og_locale":"en_US","og_type":"article","og_title":"Contacts - Let\u2019s Get on the Yellow Train","og_description":"Railway and tourism professionals are at your service to answer your questions. Organization Address Phone number E-mail address Intercommunal tourist office Conflent Canig\u00f3 10 Place de la R\u00e9publique, 66 500 Prades. 04 68 05 41 02 info@tourisme-canigou.com Office de tourisme de Mont-Louis 6 Boulevard Vauban, 66 210 Mont-Louis 04 68 04 21 97 otmontlouis@wanadoo.fr Tourist [&hellip;]","og_url":"https:\/\/letrainjaune.fr\/en\/plan-your-trip\/contacts\/","og_site_name":"Let\u2019s Get on the Yellow Train","article_modified_time":"2023-06-27T08:23:52+00:00","og_image":[{"width":1920,"height":1252,"url":"https:\/\/letrainjaune.fr\/wp-content\/uploads\/2021\/09\/Schema_Pont_Gisclard\u00a9Coll-scaled.jpg","type":"image\/jpeg"}],"twitter_card":"summary_large_image","twitter_misc":{"Est. reading time":"1 minute"},"schema":{"@context":"https:\/\/schema.org","@graph":[{"@type":"WebPage","@id":"https:\/\/letrainjaune.fr\/en\/plan-your-trip\/contacts\/","url":"https:\/\/letrainjaune.fr\/en\/plan-your-trip\/contacts\/","name":"Contacts - Let\u2019s Get on the Yellow Train","isPartOf":{"@id":"https:\/\/letrainjaune.fr\/en\/#website"},"primaryImageOfPage":{"@id":"https:\/\/letrainjaune.fr\/en\/plan-your-trip\/contacts\/#primaryimage"},"image":{"@id":"https:\/\/letrainjaune.fr\/en\/plan-your-trip\/contacts\/#primaryimage"},"thumbnailUrl":"https:\/\/letrainjaune.fr\/wp-content\/uploads\/2021\/09\/Schema_Pont_Gisclard\u00a9Coll-scaled.jpg","datePublished":"2021-02-16T11:16:21+00:00","dateModified":"2023-06-27T08:23:52+00:00","breadcrumb":{"@id":"https:\/\/letrainjaune.fr\/en\/plan-your-trip\/contacts\/#breadcrumb"},"inLanguage":"en-US","potentialAction":[{"@type":"ReadAction","target":["https:\/\/letrainjaune.fr\/en\/plan-your-trip\/contacts\/"]}]},{"@type":"ImageObject","inLanguage":"en-US","@id":"https:\/\/letrainjaune.fr\/en\/plan-your-trip\/contacts\/#primaryimage","url":"https:\/\/letrainjaune.fr\/wp-content\/uploads\/2021\/09\/Schema_Pont_Gisclard\u00a9Coll-scaled.jpg","contentUrl":"https:\/\/letrainjaune.fr\/wp-content\/uploads\/2021\/09\/Schema_Pont_Gisclard\u00a9Coll-scaled.jpg","width":1920,"height":1252,"caption":"Drawing of the Gisclard Bridge"},{"@type":"BreadcrumbList","@id":"https:\/\/letrainjaune.fr\/en\/plan-your-trip\/contacts\/#breadcrumb","itemListElement":[{"@type":"ListItem","position":1,"name":"Home page","item":"https:\/\/letrainjaune.fr\/en\/"},{"@type":"ListItem","position":2,"name":"Plan your trip","item":"https:\/\/letrainjaune.fr\/en\/plan-your-trip\/"},{"@type":"ListItem","position":3,"name":"Contacts"}]},{"@type":"WebSite","@id":"https:\/\/letrainjaune.fr\/en\/#website","url":"https:\/\/letrainjaune.fr\/en\/","name":"Let\u2019s Get on the Yellow Train","description":"Dans les Pyr\u00e9n\u00e9es Catalanes, d\u00e9couvrez ce train sur le plus haut chemin de fer d\u2019Europe.","publisher":{"@id":"https:\/\/letrainjaune.fr\/en\/#organization"},"potentialAction":[{"@type":"SearchAction","target":{"@type":"EntryPoint","urlTemplate":"https:\/\/letrainjaune.fr\/en\/?s={search_term_string}"},"query-input":{"@type":"PropertyValueSpecification","valueRequired":true,"valueName":"search_term_string"}}],"inLanguage":"en-US"},{"@type":"Organization","@id":"https:\/\/letrainjaune.fr\/en\/#organization","name":"Let\u2019s Get on the Yellow Train","url":"https:\/\/letrainjaune.fr\/en\/","logo":{"@type":"ImageObject","inLanguage":"en-US","@id":"https:\/\/letrainjaune.fr\/en\/#\/schema\/logo\/image\/","url":"https:\/\/letrainjaune.fr\/wp-content\/uploads\/2021\/04\/TJ_logo-TJ-footer.svg","contentUrl":"https:\/\/letrainjaune.fr\/wp-content\/uploads\/2021\/04\/TJ_logo-TJ-footer.svg","width":"1920","height":"9999","caption":"Let\u2019s Get on the Yellow Train"},"image":{"@id":"https:\/\/letrainjaune.fr\/en\/#\/schema\/logo\/image\/"}}]}},"_links":{"self":[{"href":"https:\/\/letrainjaune.fr\/en\/wp-json\/wp\/v2\/pages\/1627","targetHints":{"allow":["GET"]}}],"collection":[{"href":"https:\/\/letrainjaune.fr\/en\/wp-json\/wp\/v2\/pages"}],"about":[{"href":"https:\/\/letrainjaune.fr\/en\/wp-json\/wp\/v2\/types\/page"}],"author":[{"embeddable":true,"href":"https:\/\/letrainjaune.fr\/en\/wp-json\/wp\/v2\/users\/2"}],"replies":[{"embeddable":true,"href":"https:\/\/letrainjaune.fr\/en\/wp-json\/wp\/v2\/comments?post=1627"}],"version-history":[{"count":4,"href":"https:\/\/letrainjaune.fr\/en\/wp-json\/wp\/v2\/pages\/1627\/revisions"}],"predecessor-version":[{"id":10424,"href":"https:\/\/letrainjaune.fr\/en\/wp-json\/wp\/v2\/pages\/1627\/revisions\/10424"}],"up":[{"embeddable":true,"href":"https:\/\/letrainjaune.fr\/en\/wp-json\/wp\/v2\/pages\/1711"}],"wp:featuredmedia":[{"embeddable":true,"href":"https:\/\/letrainjaune.fr\/en\/wp-json\/wp\/v2\/media\/4875"}],"wp:attachment":[{"href":"https:\/\/letrainjaune.fr\/en\/wp-json\/wp\/v2\/media?parent=1627"}],"curies":[{"name":"wp","href":"https:\/\/api.w.org\/{rel}","templated":true}]}}