{"id":1630,"date":"2021-02-16T12:03:52","date_gmt":"2021-02-16T11:03:52","guid":{"rendered":"https:\/\/letrainjaune.fr\/comment-venir\/"},"modified":"2023-07-13T17:30:11","modified_gmt":"2023-07-13T15:30:11","slug":"comment-venir","status":"publish","type":"page","link":"https:\/\/letrainjaune.fr\/en\/plan-your-trip\/comment-venir\/","title":{"rendered":"How Do I Get Here?"},"content":{"rendered":"\n<h2 class=\"wp-block-heading\">Access to the Yellow Train line<\/h2>\n\n\n\n<h3 class=\"wp-block-heading\">Routes<\/h3>\n\n\n<figure class=\"wp-block-image size-full\"><a href=https:\/\/letrainjaune.fr\/wp-content\/uploads\/2021\/09\/trainjauneArtboard-1carte-acces2.png title=\"\" rel=\"prettyPhoto\"><img src=https:\/\/letrainjaune.fr\/wp-content\/uploads\/2021\/09\/trainjauneArtboard-1carte-acces2.png alt=\"\" title=\"trainjauneArtboard-1carte-acces2\" width=\"\" class=\"wp-image-4848\"\/><\/a><\/figure>\n\n\n<h3 class=\"wp-block-heading\">By liO Train<\/h3>\n\n\n\n<p><a href=\"http:\/\/trainlio.sncf.com\" target=\"_blank\" rel=\"noreferrer noopener\"><\/a><a href=\"http:\/\/trainlio.sncf.com\" target=\"_blank\" rel=\"noreferrer noopener\">liO Train<\/a>  from Perpignan to Villefranche-de-Conflent and from Toulouse to Latour-de-Carol\/Enveigt<\/p>\n\n\n\n<p><a href=\"http:\/\/rodalies.gencat.cat\/ca\/inici\" target=\"_blank\" rel=\"noreferrer noopener\">Rodalies de Catalunya<\/a> from Barcelona to Latour-de-Carol\/Enveig <\/p>\n\n\n\n<p>From Barcelona Sants to La Tor de Querol-Enveig<\/p>\n\n\n\n<h3 class=\"wp-block-heading\">By liO Buses<\/h3>\n\n\n\n<h4 class=\"wp-block-heading\">Timetables<\/h4>\n\n\n\n<p>You will find below the timetables for all the active bus lines within the territory of the <strong>Natural Regional Park of the Catalan Pyrenees<\/strong>.<\/p>\n\n\n\n<p>Find all the passenger information for liO buses <a href=\"https:\/\/www.mestrajets.lio.laregion.fr\/\" target=\"_blank\" rel=\"noreferrer noopener\">here<\/a> ! <\/p>\n\n\n\n<h5 class=\"wp-block-heading\">From Perpignan<\/h5>\n\n\n<figure class=\"wp-block-image size-full\"><a href=https:\/\/letrainjaune.fr\/wp-content\/uploads\/2021\/10\/2107-PLAN-PO-66-520-page-001-rotated.jpg title=\"Practical information for line 520 from Perpignan to Prades\" rel=\"prettyPhoto\"><img src=https:\/\/letrainjaune.fr\/wp-content\/uploads\/2021\/10\/2107-PLAN-PO-66-520-page-001-rotated.jpg alt=\"\" title=\"2107-PLAN-PO-66-520-page-001\" width=\"\" class=\"wp-image-5208\"\/><\/a><figcaption>Practical information for line 520 from Perpignan to Prades<span>&copy; R\u00e9gion Occitanie, DGDIM, Fabagogo <\/span><\/figcaption><\/figure>\n\n\n<div data-wp-interactive=\"core\/file\" class=\"wp-block-file\"><object data-wp-bind--hidden=\"!state.hasPdfPreview\" hidden class=\"wp-block-file__embed\" data=\"https:\/\/letrainjaune.fr\/wp-content\/uploads\/2021\/10\/520-Prades-Perpignan-8-novembre-2021-web.pdf\" type=\"application\/pdf\" style=\"width:100%;height:600px\" aria-label=\"Embed of Contenu embarqu\u00e9 Ligne 520 Prades - Perpignan..\"><\/object><a href=\"https:\/\/letrainjaune.fr\/wp-content\/uploads\/2021\/10\/520-Prades-Perpignan-8-novembre-2021-web.pdf\">Ligne 520 Prades &#8211; Perpignan<\/a><a href=\"https:\/\/letrainjaune.fr\/wp-content\/uploads\/2021\/10\/520-Prades-Perpignan-8-novembre-2021-web.pdf\" class=\"wp-block-file__button\" download>T\u00e9l\u00e9charger<\/a><\/div>\n\n\n\n<div data-wp-interactive=\"core\/file\" class=\"wp-block-file\"><object data-wp-bind--hidden=\"!state.hasPdfPreview\" hidden class=\"wp-block-file__embed\" data=\"https:\/\/letrainjaune.fr\/wp-content\/uploads\/2021\/10\/520-Prades-Perpignan-web.pdf\" type=\"application\/pdf\" style=\"width:100%;height:600px\" aria-label=\"Embed of Contenu embarqu\u00e9 Ligne 520 Prades - Perpignan..\"><\/object><a href=\"https:\/\/letrainjaune.fr\/wp-content\/uploads\/2021\/10\/520-Prades-Perpignan-web.pdf\">Ligne 520 Prades &#8211; Perpignan<\/a><a href=\"https:\/\/letrainjaune.fr\/wp-content\/uploads\/2021\/10\/520-Prades-Perpignan-web.pdf\" class=\"wp-block-file__button\" download>T\u00e9l\u00e9charger<\/a><\/div>\n\n\n<figure class=\"wp-block-image size-large\"><a href=https:\/\/letrainjaune.fr\/wp-content\/uploads\/2021\/08\/Plan-ligne-521-page-001.jpg title=\"Practical information for line 521 Perpignan - Vernet les Bains\" rel=\"prettyPhoto\"><img src=https:\/\/letrainjaune.fr\/wp-content\/uploads\/2021\/08\/Plan-ligne-521-page-001-1920x1280.jpg alt=\"\" title=\"Plan-ligne-521-page-001\" width=\"\" class=\"wp-image-4656\"\/><\/a><figcaption>Practical information for line 521 Perpignan &#8211; Vernet les Bains<span>&copy; R\u00e9gion Occitanie, DGDIM, Fabagogo <\/span><\/figcaption><\/figure>\n\n\n<div data-wp-interactive=\"core\/file\" class=\"wp-block-file\"><object data-wp-bind--hidden=\"!state.hasPdfPreview\" hidden class=\"wp-block-file__embed\" data=\"https:\/\/letrainjaune.fr\/wp-content\/uploads\/2021\/10\/521-Vernet-les-bains-Perpignan-web.pdf\" type=\"application\/pdf\" style=\"width:100%;height:600px\" aria-label=\"Embed of Contenu embarqu\u00e9 Ligne 521 Vernet les Bains - Perpignan ..\"><\/object><a href=\"https:\/\/letrainjaune.fr\/wp-content\/uploads\/2021\/10\/521-Vernet-les-bains-Perpignan-web.pdf\">Ligne 521 Vernet les Bains &#8211; Perpignan <\/a><a href=\"https:\/\/letrainjaune.fr\/wp-content\/uploads\/2021\/10\/521-Vernet-les-bains-Perpignan-web.pdf\" class=\"wp-block-file__button\" download>T\u00e9l\u00e9charger<\/a><\/div>\n\n\n\n<div data-wp-interactive=\"core\/file\" class=\"wp-block-file\"><object data-wp-bind--hidden=\"!state.hasPdfPreview\" hidden class=\"wp-block-file__embed\" data=\"https:\/\/letrainjaune.fr\/wp-content\/uploads\/2021\/10\/521-Vernet-Perpignan-8-novembre-2021-web.pdf\" type=\"application\/pdf\" style=\"width:100%;height:600px\" aria-label=\"Embed of Contenu embarqu\u00e9 Ligne 521 Vernet les Bains - Perpignan..\"><\/object><a href=\"https:\/\/letrainjaune.fr\/wp-content\/uploads\/2021\/10\/521-Vernet-Perpignan-8-novembre-2021-web.pdf\">Ligne 521 Vernet les Bains &#8211; Perpignan<\/a><a href=\"https:\/\/letrainjaune.fr\/wp-content\/uploads\/2021\/10\/521-Vernet-Perpignan-8-novembre-2021-web.pdf\" class=\"wp-block-file__button\" download>T\u00e9l\u00e9charger<\/a><\/div>\n\n\n<figure class=\"wp-block-image size-large\"><a href=https:\/\/letrainjaune.fr\/wp-content\/uploads\/2021\/08\/Plan-ligne-560-page-001.jpg title=\"Ligne 560 Font Romeu - Perpignan \" rel=\"prettyPhoto\"><img src=https:\/\/letrainjaune.fr\/wp-content\/uploads\/2021\/08\/Plan-ligne-560-page-001-1920x1280.jpg alt=\"\" title=\"Plan-ligne-560-page-001\" width=\"\" class=\"wp-image-4660\"\/><\/a><figcaption>Ligne 560 Font Romeu &#8211; Perpignan <span>&copy; R\u00e9gion Occitanie, DGDIM, Fabagogo <\/span><\/figcaption><\/figure>\n\n\n<div data-wp-interactive=\"core\/file\" class=\"wp-block-file\"><object data-wp-bind--hidden=\"!state.hasPdfPreview\" hidden class=\"wp-block-file__embed\" data=\"https:\/\/letrainjaune.fr\/wp-content\/uploads\/2022\/05\/560-Porte-Perpignan-A-compter-du-18-Avril.pdf\" type=\"application\/pdf\" style=\"width:100%;height:600px\" aria-label=\"Embed of Contenu embarqu\u00e9 Ligne 560 Perpignan - Font-Romeu ..\"><\/object><a href=\"https:\/\/letrainjaune.fr\/wp-content\/uploads\/2022\/05\/560-Porte-Perpignan-A-compter-du-18-Avril.pdf\">Ligne 560 Perpignan &#8211; Font-Romeu <\/a><a href=\"https:\/\/letrainjaune.fr\/wp-content\/uploads\/2022\/05\/560-Porte-Perpignan-A-compter-du-18-Avril.pdf\" class=\"wp-block-file__button\" download>T\u00e9l\u00e9charger<\/a><\/div>\n\n\n\n<h5 class=\"wp-block-heading\">From Toulouse <\/h5>\n\n\n\n<div class=\"wp-block-file\"><a href=\"https:\/\/letrainjaune.fr\/wp-content\/uploads\/2021\/07\/Latour-de-Carol-Foix-Toulouse.pdf\">Ligne Latour de Carol &#8211; Foix &#8211; Toulouse <\/a><a href=\"https:\/\/letrainjaune.fr\/wp-content\/uploads\/2021\/07\/Latour-de-Carol-Foix-Toulouse.pdf\" class=\"wp-block-file__button\" download>T\u00e9l\u00e9charger<\/a><\/div>\n\n\n\n<h5 class=\"wp-block-heading\"> Cross-border line <em>Connect <\/em><\/h5>\n\n\n<figure class=\"wp-block-image size-large\"><a href=https:\/\/letrainjaune.fr\/wp-content\/uploads\/2021\/08\/Plan-ligne-566-page-001.jpg title=\" Line  566 Port\u00e9 Puymorens - Puigcerda - Mont Louis \" rel=\"prettyPhoto\"><img src=https:\/\/letrainjaune.fr\/wp-content\/uploads\/2021\/08\/Plan-ligne-566-page-001-1920x1280.jpg alt=\"\" title=\"Plan-ligne-566-page-001\" width=\"\" class=\"wp-image-4613\"\/><\/a><figcaption> Line  566 Port\u00e9 Puymorens &#8211; Puigcerda &#8211; Mont Louis <span>&copy; R\u00e9gion Occitanie, DGDIM, Fabagogo <\/span><\/figcaption><\/figure>\n\n\n<div class=\"wp-block-file\"><a href=\"https:\/\/letrainjaune.fr\/wp-content\/uploads\/2021\/07\/566-Porte-Puigcerda-Mont-Louis.pdf\">Ligne 566 Port\u00e9 Puymorens &#8211; Puigcerda &#8211; Mont Louis <\/a><a href=\"https:\/\/letrainjaune.fr\/wp-content\/uploads\/2021\/07\/566-Porte-Puigcerda-Mont-Louis.pdf\" class=\"wp-block-file__button\" download>T\u00e9l\u00e9charger<\/a><\/div>\n\n\n<figure class=\"wp-block-image size-large\"><a href=https:\/\/letrainjaune.fr\/wp-content\/uploads\/2021\/08\/Plan-ligne-569-page-001.jpg title=\" Line  569 Formigu\u00e8res - Puigcerda - Err \" rel=\"prettyPhoto\"><img src=https:\/\/letrainjaune.fr\/wp-content\/uploads\/2021\/08\/Plan-ligne-569-page-001-1920x1280.jpg alt=\"\" title=\"Plan-ligne-569-page-001\" width=\"840\" class=\"wp-image-4617\"\/><\/a><figcaption> Line  569 Formigu\u00e8res &#8211; Puigcerda &#8211; Err <span>&copy; R\u00e9gion Occitanie, DGDIM, Fabagogo <\/span><\/figcaption><\/figure>\n\n\n<div class=\"wp-block-file\"><a href=\"https:\/\/letrainjaune.fr\/wp-content\/uploads\/2021\/07\/569-Formigueres-Puigcerda-Err.pdf\">Ligne 569 Formigu\u00e8res &#8211; Puigcerda &#8211; Err <\/a><a href=\"https:\/\/letrainjaune.fr\/wp-content\/uploads\/2021\/07\/569-Formigueres-Puigcerda-Err.pdf\" class=\"wp-block-file__button\" download>T\u00e9l\u00e9charger<\/a><\/div>\n\n\n\n<h3 class=\"wp-block-heading\">The liO Occitanie Network<\/h3>\n\n\n\n<p>liO is the regional transport network of the Occitanie Region which combines the <strong>regional train<\/strong> (ex-TER), <strong>intercity bus lines<\/strong>, and <strong>on-demand transport services<\/strong>. With liO, the Region is building a transport network that covers all the territory of the Occitanie Region. The bus lines and timetables are meant to complement the railway network.<\/p>\n\n\n<figure class=\"wp-block-image size-large\"><a href=https:\/\/letrainjaune.fr\/wp-content\/uploads\/2021\/08\/Illustration_1_Finale_15042021.png title=\"\" rel=\"prettyPhoto\"><img src=https:\/\/letrainjaune.fr\/wp-content\/uploads\/2021\/08\/Illustration_1_Finale_15042021.png alt=\"\" title=\"Illustration_1_Finale_15042021\" width=\"\" class=\"wp-image-4298\"\/><\/a><figcaption><span>&copy; liO Occitanie <\/span><\/figcaption><\/figure>\n\n\n<p>In addition, liO also promotes a mobility policy that takes into account soft mobility such as cycling or carsharing. State aids are also offered to citizens who want to buy a classic bike or an electric bike. Calls for projects are also launched in cooperation with the territories to locally develop carsharing services or multimodal areas.<\/p>\n\n\n\n<p>All information available <a href=\"https:\/\/www.lio.laregion.fr\/\" target=\"_blank\" rel=\"noreferrer noopener\"><\/a><a href=\"https:\/\/www.lio.laregion.fr\/\" target=\"_blank\" rel=\"noreferrer noopener\">here<\/a> ! <\/p>\n\n\n<figure class=\"wp-block-image size-full\"><a href=https:\/\/letrainjaune.fr\/wp-content\/uploads\/2021\/08\/RMP0092542_Grimault-Emmanuel-Region-Occitanie_-1.jpg title=\"LiO bus line between Albi and Castres\" rel=\"prettyPhoto\"><img src=https:\/\/letrainjaune.fr\/wp-content\/uploads\/2021\/08\/RMP0092542_Grimault-Emmanuel-Region-Occitanie_-1.jpg alt=\"\" title=\"RMP0092542\" width=\"\" class=\"wp-image-4302\"\/><\/a><figcaption>LiO bus line between Albi and Castres<span>&copy; Grimault Emmanuel &#8211; Region Occitanie<\/span><\/figcaption><\/figure>\n\n\n<div data-wp-interactive=\"core\/file\" class=\"wp-block-file\"><object data-wp-bind--hidden=\"!state.hasPdfPreview\" hidden class=\"wp-block-file__embed\" data=\"https:\/\/letrainjaune.fr\/wp-content\/uploads\/2021\/10\/Oc21-ReseauLIO-08-18-Etat.pdf\" type=\"application\/pdf\" style=\"width:100%;height:600px\" aria-label=\"Embed of PDF embarqu\u00e9.\"><\/object><a href=\"https:\/\/letrainjaune.fr\/wp-content\/uploads\/2021\/10\/Oc21-ReseauLIO-08-18-Etat.pdf\" class=\"wp-block-file__button\" download>T\u00e9l\u00e9charger<\/a><\/div>\n","protected":false},"excerpt":{"rendered":"<p>Access to the Yellow Train line Routes By liO Train liO Train from Perpignan to Villefranche-de-Conflent and from Toulouse to Latour-de-Carol\/Enveigt Rodalies de Catalunya from Barcelona to Latour-de-Carol\/Enveig From Barcelona Sants to La Tor de Querol-Enveig By liO Buses Timetables You will find below the timetables for all the active bus lines within the territory [&hellip;]<\/p>\n","protected":false},"author":2,"featured_media":4293,"parent":1711,"menu_order":1,"comment_status":"closed","ping_status":"closed","template":"","meta":{"_acf_changed":false,"inline_featured_image":false,"footnotes":""},"class_list":["post-1630","page","type-page","status-publish","has-post-thumbnail","hentry"],"acf":[],"yoast_head":"<!-- This site is optimized with the Yoast SEO plugin v25.4 - https:\/\/yoast.com\/wordpress\/plugins\/seo\/ -->\n<title>How Do I Get Here? - Let\u2019s Get on the Yellow Train<\/title>\n<meta name=\"robots\" content=\"index, follow, max-snippet:-1, max-image-preview:large, max-video-preview:-1\" \/>\n<link rel=\"canonical\" href=\"https:\/\/letrainjaune.fr\/en\/plan-your-trip\/comment-venir\/\" \/>\n<meta property=\"og:locale\" content=\"en_US\" \/>\n<meta property=\"og:type\" content=\"article\" \/>\n<meta property=\"og:title\" content=\"How Do I Get Here? - Let\u2019s Get on the Yellow Train\" \/>\n<meta property=\"og:description\" content=\"Access to the Yellow Train line Routes By liO Train liO Train from Perpignan to Villefranche-de-Conflent and from Toulouse to Latour-de-Carol\/Enveigt Rodalies de Catalunya from Barcelona to Latour-de-Carol\/Enveig From Barcelona Sants to La Tor de Querol-Enveig By liO Buses Timetables You will find below the timetables for all the active bus lines within the territory [&hellip;]\" \/>\n<meta property=\"og:url\" content=\"https:\/\/letrainjaune.fr\/en\/plan-your-trip\/comment-venir\/\" \/>\n<meta property=\"og:site_name\" content=\"Let\u2019s Get on the Yellow Train\" \/>\n<meta property=\"article:modified_time\" content=\"2023-07-13T15:30:11+00:00\" \/>\n<meta property=\"og:image\" content=\"https:\/\/letrainjaune.fr\/wp-content\/uploads\/2021\/08\/RMP0124308_Lapeyrere-Sebastien-Region-Occitanie_.jpg\" \/>\n\t<meta property=\"og:image:width\" content=\"800\" \/>\n\t<meta property=\"og:image:height\" content=\"556\" \/>\n\t<meta property=\"og:image:type\" content=\"image\/jpeg\" \/>\n<meta name=\"twitter:card\" content=\"summary_large_image\" \/>\n<meta name=\"twitter:label1\" content=\"Est. reading time\" \/>\n\t<meta name=\"twitter:data1\" content=\"4 minutes\" \/>\n<script type=\"application\/ld+json\" class=\"yoast-schema-graph\">{\"@context\":\"https:\/\/schema.org\",\"@graph\":[{\"@type\":\"WebPage\",\"@id\":\"https:\/\/letrainjaune.fr\/en\/plan-your-trip\/comment-venir\/\",\"url\":\"https:\/\/letrainjaune.fr\/en\/plan-your-trip\/comment-venir\/\",\"name\":\"How Do I Get Here? - Let\u2019s Get on the Yellow Train\",\"isPartOf\":{\"@id\":\"https:\/\/letrainjaune.fr\/en\/#website\"},\"primaryImageOfPage\":{\"@id\":\"https:\/\/letrainjaune.fr\/en\/plan-your-trip\/comment-venir\/#primaryimage\"},\"image\":{\"@id\":\"https:\/\/letrainjaune.fr\/en\/plan-your-trip\/comment-venir\/#primaryimage\"},\"thumbnailUrl\":\"https:\/\/letrainjaune.fr\/wp-content\/uploads\/2021\/08\/RMP0124308_Lapeyrere-Sebastien-Region-Occitanie_.jpg\",\"datePublished\":\"2021-02-16T11:03:52+00:00\",\"dateModified\":\"2023-07-13T15:30:11+00:00\",\"breadcrumb\":{\"@id\":\"https:\/\/letrainjaune.fr\/en\/plan-your-trip\/comment-venir\/#breadcrumb\"},\"inLanguage\":\"en-US\",\"potentialAction\":[{\"@type\":\"ReadAction\",\"target\":[\"https:\/\/letrainjaune.fr\/en\/plan-your-trip\/comment-venir\/\"]}]},{\"@type\":\"ImageObject\",\"inLanguage\":\"en-US\",\"@id\":\"https:\/\/letrainjaune.fr\/en\/plan-your-trip\/comment-venir\/#primaryimage\",\"url\":\"https:\/\/letrainjaune.fr\/wp-content\/uploads\/2021\/08\/RMP0124308_Lapeyrere-Sebastien-Region-Occitanie_.jpg\",\"contentUrl\":\"https:\/\/letrainjaune.fr\/wp-content\/uploads\/2021\/08\/RMP0124308_Lapeyrere-Sebastien-Region-Occitanie_.jpg\",\"width\":800,\"height\":556,\"caption\":\"Train Regiolis TER Occitanie en gare de l' Isle-Jourdain (32)\"},{\"@type\":\"BreadcrumbList\",\"@id\":\"https:\/\/letrainjaune.fr\/en\/plan-your-trip\/comment-venir\/#breadcrumb\",\"itemListElement\":[{\"@type\":\"ListItem\",\"position\":1,\"name\":\"Home page\",\"item\":\"https:\/\/letrainjaune.fr\/en\/\"},{\"@type\":\"ListItem\",\"position\":2,\"name\":\"Plan your trip\",\"item\":\"https:\/\/letrainjaune.fr\/en\/plan-your-trip\/\"},{\"@type\":\"ListItem\",\"position\":3,\"name\":\"How Do I Get Here?\"}]},{\"@type\":\"WebSite\",\"@id\":\"https:\/\/letrainjaune.fr\/en\/#website\",\"url\":\"https:\/\/letrainjaune.fr\/en\/\",\"name\":\"Let\u2019s Get on the Yellow Train\",\"description\":\"Dans les Pyr\u00e9n\u00e9es Catalanes, d\u00e9couvrez ce train sur le plus haut chemin de fer d\u2019Europe.\",\"publisher\":{\"@id\":\"https:\/\/letrainjaune.fr\/en\/#organization\"},\"potentialAction\":[{\"@type\":\"SearchAction\",\"target\":{\"@type\":\"EntryPoint\",\"urlTemplate\":\"https:\/\/letrainjaune.fr\/en\/?s={search_term_string}\"},\"query-input\":{\"@type\":\"PropertyValueSpecification\",\"valueRequired\":true,\"valueName\":\"search_term_string\"}}],\"inLanguage\":\"en-US\"},{\"@type\":\"Organization\",\"@id\":\"https:\/\/letrainjaune.fr\/en\/#organization\",\"name\":\"Let\u2019s Get on the Yellow Train\",\"url\":\"https:\/\/letrainjaune.fr\/en\/\",\"logo\":{\"@type\":\"ImageObject\",\"inLanguage\":\"en-US\",\"@id\":\"https:\/\/letrainjaune.fr\/en\/#\/schema\/logo\/image\/\",\"url\":\"https:\/\/letrainjaune.fr\/wp-content\/uploads\/2021\/04\/TJ_logo-TJ-footer.svg\",\"contentUrl\":\"https:\/\/letrainjaune.fr\/wp-content\/uploads\/2021\/04\/TJ_logo-TJ-footer.svg\",\"width\":\"1920\",\"height\":\"9999\",\"caption\":\"Let\u2019s Get on the Yellow Train\"},\"image\":{\"@id\":\"https:\/\/letrainjaune.fr\/en\/#\/schema\/logo\/image\/\"}}]}<\/script>\n<!-- \/ Yoast SEO plugin. -->","yoast_head_json":{"title":"How Do I Get Here? - Let\u2019s Get on the Yellow Train","robots":{"index":"index","follow":"follow","max-snippet":"max-snippet:-1","max-image-preview":"max-image-preview:large","max-video-preview":"max-video-preview:-1"},"canonical":"https:\/\/letrainjaune.fr\/en\/plan-your-trip\/comment-venir\/","og_locale":"en_US","og_type":"article","og_title":"How Do I Get Here? - Let\u2019s Get on the Yellow Train","og_description":"Access to the Yellow Train line Routes By liO Train liO Train from Perpignan to Villefranche-de-Conflent and from Toulouse to Latour-de-Carol\/Enveigt Rodalies de Catalunya from Barcelona to Latour-de-Carol\/Enveig From Barcelona Sants to La Tor de Querol-Enveig By liO Buses Timetables You will find below the timetables for all the active bus lines within the territory [&hellip;]","og_url":"https:\/\/letrainjaune.fr\/en\/plan-your-trip\/comment-venir\/","og_site_name":"Let\u2019s Get on the Yellow Train","article_modified_time":"2023-07-13T15:30:11+00:00","og_image":[{"width":800,"height":556,"url":"https:\/\/letrainjaune.fr\/wp-content\/uploads\/2021\/08\/RMP0124308_Lapeyrere-Sebastien-Region-Occitanie_.jpg","type":"image\/jpeg"}],"twitter_card":"summary_large_image","twitter_misc":{"Est. reading time":"4 minutes"},"schema":{"@context":"https:\/\/schema.org","@graph":[{"@type":"WebPage","@id":"https:\/\/letrainjaune.fr\/en\/plan-your-trip\/comment-venir\/","url":"https:\/\/letrainjaune.fr\/en\/plan-your-trip\/comment-venir\/","name":"How Do I Get Here? - Let\u2019s Get on the Yellow Train","isPartOf":{"@id":"https:\/\/letrainjaune.fr\/en\/#website"},"primaryImageOfPage":{"@id":"https:\/\/letrainjaune.fr\/en\/plan-your-trip\/comment-venir\/#primaryimage"},"image":{"@id":"https:\/\/letrainjaune.fr\/en\/plan-your-trip\/comment-venir\/#primaryimage"},"thumbnailUrl":"https:\/\/letrainjaune.fr\/wp-content\/uploads\/2021\/08\/RMP0124308_Lapeyrere-Sebastien-Region-Occitanie_.jpg","datePublished":"2021-02-16T11:03:52+00:00","dateModified":"2023-07-13T15:30:11+00:00","breadcrumb":{"@id":"https:\/\/letrainjaune.fr\/en\/plan-your-trip\/comment-venir\/#breadcrumb"},"inLanguage":"en-US","potentialAction":[{"@type":"ReadAction","target":["https:\/\/letrainjaune.fr\/en\/plan-your-trip\/comment-venir\/"]}]},{"@type":"ImageObject","inLanguage":"en-US","@id":"https:\/\/letrainjaune.fr\/en\/plan-your-trip\/comment-venir\/#primaryimage","url":"https:\/\/letrainjaune.fr\/wp-content\/uploads\/2021\/08\/RMP0124308_Lapeyrere-Sebastien-Region-Occitanie_.jpg","contentUrl":"https:\/\/letrainjaune.fr\/wp-content\/uploads\/2021\/08\/RMP0124308_Lapeyrere-Sebastien-Region-Occitanie_.jpg","width":800,"height":556,"caption":"Train Regiolis TER Occitanie en gare de l' Isle-Jourdain (32)"},{"@type":"BreadcrumbList","@id":"https:\/\/letrainjaune.fr\/en\/plan-your-trip\/comment-venir\/#breadcrumb","itemListElement":[{"@type":"ListItem","position":1,"name":"Home page","item":"https:\/\/letrainjaune.fr\/en\/"},{"@type":"ListItem","position":2,"name":"Plan your trip","item":"https:\/\/letrainjaune.fr\/en\/plan-your-trip\/"},{"@type":"ListItem","position":3,"name":"How Do I Get Here?"}]},{"@type":"WebSite","@id":"https:\/\/letrainjaune.fr\/en\/#website","url":"https:\/\/letrainjaune.fr\/en\/","name":"Let\u2019s Get on the Yellow Train","description":"Dans les Pyr\u00e9n\u00e9es Catalanes, d\u00e9couvrez ce train sur le plus haut chemin de fer d\u2019Europe.","publisher":{"@id":"https:\/\/letrainjaune.fr\/en\/#organization"},"potentialAction":[{"@type":"SearchAction","target":{"@type":"EntryPoint","urlTemplate":"https:\/\/letrainjaune.fr\/en\/?s={search_term_string}"},"query-input":{"@type":"PropertyValueSpecification","valueRequired":true,"valueName":"search_term_string"}}],"inLanguage":"en-US"},{"@type":"Organization","@id":"https:\/\/letrainjaune.fr\/en\/#organization","name":"Let\u2019s Get on the Yellow Train","url":"https:\/\/letrainjaune.fr\/en\/","logo":{"@type":"ImageObject","inLanguage":"en-US","@id":"https:\/\/letrainjaune.fr\/en\/#\/schema\/logo\/image\/","url":"https:\/\/letrainjaune.fr\/wp-content\/uploads\/2021\/04\/TJ_logo-TJ-footer.svg","contentUrl":"https:\/\/letrainjaune.fr\/wp-content\/uploads\/2021\/04\/TJ_logo-TJ-footer.svg","width":"1920","height":"9999","caption":"Let\u2019s Get on the Yellow Train"},"image":{"@id":"https:\/\/letrainjaune.fr\/en\/#\/schema\/logo\/image\/"}}]}},"_links":{"self":[{"href":"https:\/\/letrainjaune.fr\/en\/wp-json\/wp\/v2\/pages\/1630","targetHints":{"allow":["GET"]}}],"collection":[{"href":"https:\/\/letrainjaune.fr\/en\/wp-json\/wp\/v2\/pages"}],"about":[{"href":"https:\/\/letrainjaune.fr\/en\/wp-json\/wp\/v2\/types\/page"}],"author":[{"embeddable":true,"href":"https:\/\/letrainjaune.fr\/en\/wp-json\/wp\/v2\/users\/2"}],"replies":[{"embeddable":true,"href":"https:\/\/letrainjaune.fr\/en\/wp-json\/wp\/v2\/comments?post=1630"}],"version-history":[{"count":6,"href":"https:\/\/letrainjaune.fr\/en\/wp-json\/wp\/v2\/pages\/1630\/revisions"}],"predecessor-version":[{"id":10739,"href":"https:\/\/letrainjaune.fr\/en\/wp-json\/wp\/v2\/pages\/1630\/revisions\/10739"}],"up":[{"embeddable":true,"href":"https:\/\/letrainjaune.fr\/en\/wp-json\/wp\/v2\/pages\/1711"}],"wp:featuredmedia":[{"embeddable":true,"href":"https:\/\/letrainjaune.fr\/en\/wp-json\/wp\/v2\/media\/4293"}],"wp:attachment":[{"href":"https:\/\/letrainjaune.fr\/en\/wp-json\/wp\/v2\/media?parent=1630"}],"curies":[{"name":"wp","href":"https:\/\/api.w.org\/{rel}","templated":true}]}}