{"id":1695,"date":"2021-02-16T09:35:38","date_gmt":"2021-02-16T08:35:38","guid":{"rendered":"https:\/\/letrainjaune.fr\/ligne-et-gares\/"},"modified":"2023-06-26T17:46:38","modified_gmt":"2023-06-26T15:46:38","slug":"train-line-and-train-stations","status":"publish","type":"page","link":"https:\/\/letrainjaune.fr\/en\/train-line-and-train-stations\/","title":{"rendered":"The Train Line and Its Train Stations"},"content":{"rendered":"\n<p>The Yellow Train line goes through the Natural Regional Park of the Catalan Pyrenees and 22\u00a0villages and hamlets! There are 8 <strong>regular stops<\/strong> (Railway Stations) and 14 <strong>optional stops<\/strong> (Railway Stops).<\/p>\n\n\n\n<p>When the train arrives at an optional stop, it will stop only if passengers request it or if people are standing on the platform of the Railway Stop.<\/p>\n","protected":false},"excerpt":{"rendered":"<p>The Yellow Train line goes through the Natural Regional Park of the Catalan Pyrenees and 22\u00a0villages and hamlets! There are 8 regular stops (Railway Stations) and 14 optional stops (Railway Stops). When the train arrives at an optional stop, it will stop only if passengers request it or if people are standing on the platform [&hellip;]<\/p>\n","protected":false},"author":2,"featured_media":1329,"parent":0,"menu_order":3,"comment_status":"closed","ping_status":"closed","template":"page-templates\/page-gares.php","meta":{"_acf_changed":false,"inline_featured_image":false,"footnotes":""},"class_list":["post-1695","page","type-page","status-publish","has-post-thumbnail","hentry"],"acf":[],"yoast_head":"<!-- This site is optimized with the Yoast SEO plugin v25.4 - https:\/\/yoast.com\/wordpress\/plugins\/seo\/ -->\n<title>The Train Line and Its Train Stations - Let\u2019s Get on the Yellow Train<\/title>\n<meta name=\"robots\" content=\"index, follow, max-snippet:-1, max-image-preview:large, max-video-preview:-1\" \/>\n<link rel=\"canonical\" href=\"https:\/\/letrainjaune.fr\/en\/train-line-and-train-stations\/\" \/>\n<meta property=\"og:locale\" content=\"en_US\" \/>\n<meta property=\"og:type\" content=\"article\" \/>\n<meta property=\"og:title\" content=\"The Train Line and Its Train Stations - Let\u2019s Get on the Yellow Train\" \/>\n<meta property=\"og:description\" content=\"The Yellow Train line goes through the Natural Regional Park of the Catalan Pyrenees and 22\u00a0villages and hamlets! There are 8 regular stops (Railway Stations) and 14 optional stops (Railway Stops). When the train arrives at an optional stop, it will stop only if passengers request it or if people are standing on the platform [&hellip;]\" \/>\n<meta property=\"og:url\" content=\"https:\/\/letrainjaune.fr\/en\/train-line-and-train-stations\/\" \/>\n<meta property=\"og:site_name\" content=\"Let\u2019s Get on the Yellow Train\" \/>\n<meta property=\"article:modified_time\" content=\"2023-06-26T15:46:38+00:00\" \/>\n<meta property=\"og:image\" content=\"https:\/\/letrainjaune.fr\/wp-content\/uploads\/2021\/05\/TrainJaune-hiver-\u00a9JCMILHET_PNRPC-13-bd-2.jpg\" \/>\n\t<meta property=\"og:image:width\" content=\"1920\" \/>\n\t<meta property=\"og:image:height\" content=\"881\" \/>\n\t<meta property=\"og:image:type\" content=\"image\/jpeg\" \/>\n<meta name=\"twitter:card\" content=\"summary_large_image\" \/>\n<meta name=\"twitter:label1\" content=\"Est. reading time\" \/>\n\t<meta name=\"twitter:data1\" content=\"1 minute\" \/>\n<script type=\"application\/ld+json\" class=\"yoast-schema-graph\">{\"@context\":\"https:\/\/schema.org\",\"@graph\":[{\"@type\":\"WebPage\",\"@id\":\"https:\/\/letrainjaune.fr\/en\/train-line-and-train-stations\/\",\"url\":\"https:\/\/letrainjaune.fr\/en\/train-line-and-train-stations\/\",\"name\":\"The Train Line and Its Train Stations - Let\u2019s Get on the Yellow Train\",\"isPartOf\":{\"@id\":\"https:\/\/letrainjaune.fr\/en\/#website\"},\"primaryImageOfPage\":{\"@id\":\"https:\/\/letrainjaune.fr\/en\/train-line-and-train-stations\/#primaryimage\"},\"image\":{\"@id\":\"https:\/\/letrainjaune.fr\/en\/train-line-and-train-stations\/#primaryimage\"},\"thumbnailUrl\":\"https:\/\/letrainjaune.fr\/wp-content\/uploads\/2021\/05\/TrainJaune-hiver-\u00a9JCMILHET_PNRPC-13-bd-2.jpg\",\"datePublished\":\"2021-02-16T08:35:38+00:00\",\"dateModified\":\"2023-06-26T15:46:38+00:00\",\"breadcrumb\":{\"@id\":\"https:\/\/letrainjaune.fr\/en\/train-line-and-train-stations\/#breadcrumb\"},\"inLanguage\":\"en-US\",\"potentialAction\":[{\"@type\":\"ReadAction\",\"target\":[\"https:\/\/letrainjaune.fr\/en\/train-line-and-train-stations\/\"]}]},{\"@type\":\"ImageObject\",\"inLanguage\":\"en-US\",\"@id\":\"https:\/\/letrainjaune.fr\/en\/train-line-and-train-stations\/#primaryimage\",\"url\":\"https:\/\/letrainjaune.fr\/wp-content\/uploads\/2021\/05\/TrainJaune-hiver-\u00a9JCMILHET_PNRPC-13-bd-2.jpg\",\"contentUrl\":\"https:\/\/letrainjaune.fr\/wp-content\/uploads\/2021\/05\/TrainJaune-hiver-\u00a9JCMILHET_PNRPC-13-bd-2.jpg\",\"width\":1920,\"height\":881},{\"@type\":\"BreadcrumbList\",\"@id\":\"https:\/\/letrainjaune.fr\/en\/train-line-and-train-stations\/#breadcrumb\",\"itemListElement\":[{\"@type\":\"ListItem\",\"position\":1,\"name\":\"Home page\",\"item\":\"https:\/\/letrainjaune.fr\/en\/\"},{\"@type\":\"ListItem\",\"position\":2,\"name\":\"The Train Line and Its Train Stations\"}]},{\"@type\":\"WebSite\",\"@id\":\"https:\/\/letrainjaune.fr\/en\/#website\",\"url\":\"https:\/\/letrainjaune.fr\/en\/\",\"name\":\"Let\u2019s Get on the Yellow Train\",\"description\":\"Dans les Pyr\u00e9n\u00e9es Catalanes, d\u00e9couvrez ce train sur le plus haut chemin de fer d\u2019Europe.\",\"publisher\":{\"@id\":\"https:\/\/letrainjaune.fr\/en\/#organization\"},\"potentialAction\":[{\"@type\":\"SearchAction\",\"target\":{\"@type\":\"EntryPoint\",\"urlTemplate\":\"https:\/\/letrainjaune.fr\/en\/?s={search_term_string}\"},\"query-input\":{\"@type\":\"PropertyValueSpecification\",\"valueRequired\":true,\"valueName\":\"search_term_string\"}}],\"inLanguage\":\"en-US\"},{\"@type\":\"Organization\",\"@id\":\"https:\/\/letrainjaune.fr\/en\/#organization\",\"name\":\"Let\u2019s Get on the Yellow Train\",\"url\":\"https:\/\/letrainjaune.fr\/en\/\",\"logo\":{\"@type\":\"ImageObject\",\"inLanguage\":\"en-US\",\"@id\":\"https:\/\/letrainjaune.fr\/en\/#\/schema\/logo\/image\/\",\"url\":\"https:\/\/letrainjaune.fr\/wp-content\/uploads\/2021\/04\/TJ_logo-TJ-footer.svg\",\"contentUrl\":\"https:\/\/letrainjaune.fr\/wp-content\/uploads\/2021\/04\/TJ_logo-TJ-footer.svg\",\"width\":\"1920\",\"height\":\"9999\",\"caption\":\"Let\u2019s Get on the Yellow Train\"},\"image\":{\"@id\":\"https:\/\/letrainjaune.fr\/en\/#\/schema\/logo\/image\/\"}}]}<\/script>\n<!-- \/ Yoast SEO plugin. -->","yoast_head_json":{"title":"The Train Line and Its Train Stations - Let\u2019s Get on the Yellow Train","robots":{"index":"index","follow":"follow","max-snippet":"max-snippet:-1","max-image-preview":"max-image-preview:large","max-video-preview":"max-video-preview:-1"},"canonical":"https:\/\/letrainjaune.fr\/en\/train-line-and-train-stations\/","og_locale":"en_US","og_type":"article","og_title":"The Train Line and Its Train Stations - Let\u2019s Get on the Yellow Train","og_description":"The Yellow Train line goes through the Natural Regional Park of the Catalan Pyrenees and 22\u00a0villages and hamlets! There are 8 regular stops (Railway Stations) and 14 optional stops (Railway Stops). When the train arrives at an optional stop, it will stop only if passengers request it or if people are standing on the platform [&hellip;]","og_url":"https:\/\/letrainjaune.fr\/en\/train-line-and-train-stations\/","og_site_name":"Let\u2019s Get on the Yellow Train","article_modified_time":"2023-06-26T15:46:38+00:00","og_image":[{"width":1920,"height":881,"url":"https:\/\/letrainjaune.fr\/wp-content\/uploads\/2021\/05\/TrainJaune-hiver-\u00a9JCMILHET_PNRPC-13-bd-2.jpg","type":"image\/jpeg"}],"twitter_card":"summary_large_image","twitter_misc":{"Est. reading time":"1 minute"},"schema":{"@context":"https:\/\/schema.org","@graph":[{"@type":"WebPage","@id":"https:\/\/letrainjaune.fr\/en\/train-line-and-train-stations\/","url":"https:\/\/letrainjaune.fr\/en\/train-line-and-train-stations\/","name":"The Train Line and Its Train Stations - Let\u2019s Get on the Yellow Train","isPartOf":{"@id":"https:\/\/letrainjaune.fr\/en\/#website"},"primaryImageOfPage":{"@id":"https:\/\/letrainjaune.fr\/en\/train-line-and-train-stations\/#primaryimage"},"image":{"@id":"https:\/\/letrainjaune.fr\/en\/train-line-and-train-stations\/#primaryimage"},"thumbnailUrl":"https:\/\/letrainjaune.fr\/wp-content\/uploads\/2021\/05\/TrainJaune-hiver-\u00a9JCMILHET_PNRPC-13-bd-2.jpg","datePublished":"2021-02-16T08:35:38+00:00","dateModified":"2023-06-26T15:46:38+00:00","breadcrumb":{"@id":"https:\/\/letrainjaune.fr\/en\/train-line-and-train-stations\/#breadcrumb"},"inLanguage":"en-US","potentialAction":[{"@type":"ReadAction","target":["https:\/\/letrainjaune.fr\/en\/train-line-and-train-stations\/"]}]},{"@type":"ImageObject","inLanguage":"en-US","@id":"https:\/\/letrainjaune.fr\/en\/train-line-and-train-stations\/#primaryimage","url":"https:\/\/letrainjaune.fr\/wp-content\/uploads\/2021\/05\/TrainJaune-hiver-\u00a9JCMILHET_PNRPC-13-bd-2.jpg","contentUrl":"https:\/\/letrainjaune.fr\/wp-content\/uploads\/2021\/05\/TrainJaune-hiver-\u00a9JCMILHET_PNRPC-13-bd-2.jpg","width":1920,"height":881},{"@type":"BreadcrumbList","@id":"https:\/\/letrainjaune.fr\/en\/train-line-and-train-stations\/#breadcrumb","itemListElement":[{"@type":"ListItem","position":1,"name":"Home page","item":"https:\/\/letrainjaune.fr\/en\/"},{"@type":"ListItem","position":2,"name":"The Train Line and Its Train Stations"}]},{"@type":"WebSite","@id":"https:\/\/letrainjaune.fr\/en\/#website","url":"https:\/\/letrainjaune.fr\/en\/","name":"Let\u2019s Get on the Yellow Train","description":"Dans les Pyr\u00e9n\u00e9es Catalanes, d\u00e9couvrez ce train sur le plus haut chemin de fer d\u2019Europe.","publisher":{"@id":"https:\/\/letrainjaune.fr\/en\/#organization"},"potentialAction":[{"@type":"SearchAction","target":{"@type":"EntryPoint","urlTemplate":"https:\/\/letrainjaune.fr\/en\/?s={search_term_string}"},"query-input":{"@type":"PropertyValueSpecification","valueRequired":true,"valueName":"search_term_string"}}],"inLanguage":"en-US"},{"@type":"Organization","@id":"https:\/\/letrainjaune.fr\/en\/#organization","name":"Let\u2019s Get on the Yellow Train","url":"https:\/\/letrainjaune.fr\/en\/","logo":{"@type":"ImageObject","inLanguage":"en-US","@id":"https:\/\/letrainjaune.fr\/en\/#\/schema\/logo\/image\/","url":"https:\/\/letrainjaune.fr\/wp-content\/uploads\/2021\/04\/TJ_logo-TJ-footer.svg","contentUrl":"https:\/\/letrainjaune.fr\/wp-content\/uploads\/2021\/04\/TJ_logo-TJ-footer.svg","width":"1920","height":"9999","caption":"Let\u2019s Get on the Yellow Train"},"image":{"@id":"https:\/\/letrainjaune.fr\/en\/#\/schema\/logo\/image\/"}}]}},"_links":{"self":[{"href":"https:\/\/letrainjaune.fr\/en\/wp-json\/wp\/v2\/pages\/1695","targetHints":{"allow":["GET"]}}],"collection":[{"href":"https:\/\/letrainjaune.fr\/en\/wp-json\/wp\/v2\/pages"}],"about":[{"href":"https:\/\/letrainjaune.fr\/en\/wp-json\/wp\/v2\/types\/page"}],"author":[{"embeddable":true,"href":"https:\/\/letrainjaune.fr\/en\/wp-json\/wp\/v2\/users\/2"}],"replies":[{"embeddable":true,"href":"https:\/\/letrainjaune.fr\/en\/wp-json\/wp\/v2\/comments?post=1695"}],"version-history":[{"count":4,"href":"https:\/\/letrainjaune.fr\/en\/wp-json\/wp\/v2\/pages\/1695\/revisions"}],"predecessor-version":[{"id":10381,"href":"https:\/\/letrainjaune.fr\/en\/wp-json\/wp\/v2\/pages\/1695\/revisions\/10381"}],"wp:featuredmedia":[{"embeddable":true,"href":"https:\/\/letrainjaune.fr\/en\/wp-json\/wp\/v2\/media\/1329"}],"wp:attachment":[{"href":"https:\/\/letrainjaune.fr\/en\/wp-json\/wp\/v2\/media?parent=1695"}],"curies":[{"name":"wp","href":"https:\/\/api.w.org\/{rel}","templated":true}]}}