{"id":1753,"date":"2021-02-16T09:40:43","date_gmt":"2021-02-16T08:40:43","guid":{"rendered":"https:\/\/letrainjaune.fr\/horaires-et-infos\/"},"modified":"2025-06-13T09:04:52","modified_gmt":"2025-06-13T07:04:52","slug":"horaires-et-infos","status":"publish","type":"page","link":"https:\/\/letrainjaune.fr\/en\/horaires-et-infos\/","title":{"rendered":"Timetable and Information"},"content":{"rendered":"\n<p>In summer, many tourists go on board of the Yellow&nbsp;Train, but this train also runs daily all year round whatever the weather conditions. You will find below the timetables to travel from <strong>May 27, 2023 to December 9, 2023.<\/strong><\/p>\n\n\n\n<p>Remember to check the circulation of your train before departure. You can get a refund in case of cancelled departure.<\/p>\n\n\n\n<p><a href=\"https:\/\/onicster.force.com\/formulaireOCC\/s\/?region=FR-OCC\" target=\"_blank\" rel=\"noreferrer noopener\"><\/a><a href=\"https:\/\/onicster.force.com\/formulaireOCC\/s\/?region=FR-OCC\" target=\"_blank\" rel=\"noreferrer noopener\">Make your request here.<\/a><\/p>\n\n\n\n<div data-wp-interactive=\"core\/file\" class=\"wp-block-file\"><object data-wp-bind--hidden=\"!state.hasPdfPreview\" hidden class=\"wp-block-file__embed\" data=\"https:\/\/letrainjaune.fr\/wp-content\/uploads\/2025\/06\/Horaires-TRAIN-JAUNE-du-24-Mai-AU-13-decembre-25.pdf\" type=\"application\/pdf\" style=\"width:100%;height:600px\" aria-label=\"Embed of Horaires TRAIN JAUNE du 24 Mai AU 13 d\u00e9cembre 25.\"><\/object><a id=\"wp-block-file--media-32d75b08-fd1d-4e14-8304-d2d33248c1eb\" href=\"https:\/\/letrainjaune.fr\/wp-content\/uploads\/2025\/06\/Horaires-TRAIN-JAUNE-du-24-Mai-AU-13-decembre-25.pdf\">Horaires TRAIN JAUNE du 24 Mai AU 13 d\u00e9cembre 25<\/a><a href=\"https:\/\/letrainjaune.fr\/wp-content\/uploads\/2025\/06\/Horaires-TRAIN-JAUNE-du-24-Mai-AU-13-decembre-25.pdf\" class=\"wp-block-file__button wp-element-button\" download aria-describedby=\"wp-block-file--media-32d75b08-fd1d-4e14-8304-d2d33248c1eb\">T\u00e9l\u00e9charger<\/a><\/div>\n\n\n\n<h2 class=\"wp-block-heading\">Specific rates<\/h2>\n\n\n\n<p>FrequenciO\u2019 31-day season ticket for \u20ac44 per month, per person, only for clients residing near the Yellow-Train line. Offer valid to and from all Yellow-Train stations and on the liO 566 coach. Unlimited journeys for 31 consecutive days from the season ticket&#8217;s date of entry into validity. <\/p>\n\n\n\n<p>Purchase at the kiosk of any Yellow-Train station (from Villefranche-Vernet-les-Bains to Latour-de-Carol-Enveitg). Individual, nominative ticket. Offer cannot be combined with any other reduction or any other SNCF fare. Proof of residency to be presented upon purchase: find information on accepted documents at trainlio.sncf.com.<\/p>\n\n\n\n<p><\/p>\n\n\n\n<p><strong>With its 63&nbsp;km, the Yellow&nbsp;Train route that goes from Villefranche-de-Conflent \u2013 Vernet-les-Bains\/ to Latour-de-carol \u2013 Enveitg, also known as the Train Line of Cerdanya, serves 21&nbsp;train&nbsp;stations, 8 of which are obligatory stops<em> <\/em><\/strong><em>(Villefranche-de Conflent, Olette, Fontp\u00e9drouse Saint-Thomas-les-Bains, Mont-Louis, Font-Romeu, Saillagouse, Bourg Madame and Latour de Carol \/ Enveitg)<\/em>, and the others are optional \u201con request\u201d stops (also called Railway Stops).&nbsp; It is a fun and memorable way to discover the territory of the Natural Regional Park of the Catalan Pyrenees <strong>in open or closed wagons<\/strong>, depending on the season&#8230;<\/p>\n\n\n\n<p>5 of the 21&nbsp;Yellow&nbsp;Train stations have a ticket office. Advance ticket booking is possible, regardless of departure and destination.<\/p>\n\n\n<figure class=\"wp-block-image size-large\"><a href=https:\/\/letrainjaune.fr\/wp-content\/uploads\/2021\/09\/4096-2731-max-3.jpg title=\"The Yellow\u00a0Train in Autumn\" rel=\"prettyPhoto\"><img src=https:\/\/letrainjaune.fr\/wp-content\/uploads\/2021\/09\/4096-2731-max-3-1920x1280.jpg alt=\"\" title=\"4096-2731-max-3\" width=\"\" class=\"wp-image-4752\"\/><\/a><figcaption>The Yellow\u00a0Train in Autumn<span>&copy; JC MILHET <\/span><\/figcaption><\/figure>\n\n\n<p><strong><strong>The Yellow&nbsp;Train runs all year round<\/strong> <\/strong>with a few downtimes due to line and equipment maintenance. In summer, because of the high number of visitors, it is important and recommended that you book your seat in advance on booking websites :<\/p>\n\n\n\n<ul class=\"wp-block-list\">\n<li><a href=\"https:\/\/www.ter.sncf.com\/occitanie\/horaires\/recherche\" target=\"_blank\" rel=\"noreferrer noopener\"><\/a><a href=\"https:\/\/www.ter.sncf.com\/occitanie\/horaires\/recherche\" target=\"_blank\" rel=\"noreferrer noopener\">liO Train Online Booking<\/a><\/li>\n\n\n\n<li><a href=\"https:\/\/www.oui.sncf\/\" target=\"_blank\" rel=\"noreferrer noopener\"><\/a><a href=\"https:\/\/www.oui.sncf\/\" target=\"_blank\" rel=\"noreferrer noopener\">Oui SNCF Online Booking<\/a><\/li>\n\n\n\n<li><a href=\"https:\/\/m.ter.sncf.com\/occitanie\" target=\"_blank\" rel=\"noreferrer noopener\"><\/a><a href=\"https:\/\/m.ter.sncf.com\/occitanie\" target=\"_blank\" rel=\"noreferrer noopener\">liO Occitanie Online Booking<\/a><\/li>\n<\/ul>\n\n\n\n<p>It takes <strong>3&nbsp;hours for a one-way trip from Villefranche-de-Conflent to Latour de Carol \/ Enveitg and the cost is \u20ac22.50 (or \u20ac5 if you got a special summer offer from the \u201cRegion Occitanie\u201d) or 6&nbsp;hours minimum for a return trip (there is a stop of a few hours at the terminus) for \u20ac45 full price. <\/strong>The <strong>prices depend on the length of the desired trip, the number of people and seasonal promotions<\/strong>.<\/p>\n\n\n\n<ul class=\"wp-block-list\">\n<li>There are no shuttle bus to get to the village of Mont-Louis when the train arrives at the Mont-Louis train station. It takes between 15&nbsp;and 20&nbsp;minutes to go up to the village on foot (1&nbsp;km uphill).<\/li>\n<\/ul>\n\n\n\n<p class=\"has-text-align-center\"><span class=\"has-inline-color has-green-color\"><strong>To get more information, call the <strong>Villefranche Yellow&nbsp;Train direct line<\/strong> 0033 4 68 96 63 63, from July&nbsp;1, 2022, from 8.30&nbsp;a.m. to 12&nbsp;p.m. and from 1.30&nbsp;p.m. to 5.15&nbsp;p.m.<\/strong><\/span><\/p>\n\n\n\n<p><\/p>\n\n\n\n<p><strong><em>\u201cTribu Evasio\u201d<\/em> group tickets<\/strong> can be booked at the train station or online: -30% from 3&nbsp;people, -40% from 4&nbsp;people and -50% from 5&nbsp;people<em>. <\/em>Young people from 12 to 26&nbsp;years old get a -50% discount\u2026<em>.<\/em><\/p>\n\n\n\n<p>For information purposes only, here are some trip durations and prices (excluding summer promotion) according to the routes booked:<\/p>\n\n\n\n<ul class=\"wp-block-list\">\n<li>Villefranche-de-Conflent to Mont-Louis: 1h15 \u2013 \u20ac10.90\/person one way (normal price)<\/li>\n\n\n\n<li>Villefranche-de-Conflent to Font-Romeu: 1h45 \u2013 \u20ac13.30\/person<\/li>\n\n\n\n<li>Villefranche-de-Conflent to Latour de Carol: 3h10 \u2013 \u20ac22.50\/person<\/li>\n\n\n\n<li>Latour de Carol Enveitg to Font-Romeu: 1h15 \u2013 \u20ac11.60 \/person<\/li>\n\n\n\n<li>Latour de Carol Enveitg to Mont-Louis: 1h40 \u2013 \u20ac13.90\/person<\/li>\n<\/ul>\n\n\n\n<p>If you buy a return ticket, you can make a stopover. You must indicate it when you buy your ticket <strong>(please check the terms and conditions with the SNCF or TER Occitanie train stations before booking)<\/strong>. <\/p>\n\n\n\n<p><strong><strong>Pushchairs, bikes (which are limited in number, please check the information at the train station) and other equipment<\/strong> <\/strong>are accepted on board of the Yellow&nbsp;Train <em>(find out the terms and conditions beforehand at the stations). <\/em>Please note, however, that there are no elevators to access the wagons. <\/p>\n\n\n\n<p><strong>Dogs <\/strong>are <strong>allowed <\/strong>on board of the Yellow&nbsp;Train <strong>for an additional fare of \u20ac7 (one way)<\/strong>. Dogs over 6&nbsp;kg must be muzzled and kept on a leash. Particular attention must be paid to fearful dogs because the train can be noisy, especially when passing through tunnels \u2013 keep them on a leash. Make sure to have water for your dog because it can get very hot on the open wagons. <\/p>\n\n\n\n<div data-wp-interactive=\"core\/file\" class=\"wp-block-file\"><object data-wp-bind--hidden=\"!state.hasPdfPreview\" hidden class=\"wp-block-file__embed\" data=\"https:\/\/letrainjaune.fr\/wp-content\/uploads\/2023\/07\/affiche_train_jaune-2.pdf\" type=\"application\/pdf\" style=\"width:100%;height:600px\" aria-label=\"Embed of affiche_train_jaune-2.\"><\/object><a href=\"https:\/\/letrainjaune.fr\/wp-content\/uploads\/2023\/07\/affiche_train_jaune-2.pdf\">affiche_train_jaune-2<\/a><a href=\"https:\/\/letrainjaune.fr\/wp-content\/uploads\/2023\/07\/affiche_train_jaune-2.pdf\" class=\"wp-block-file__button wp-element-button\" download>T\u00e9l\u00e9charger<\/a><\/div>\n\n\n\n<iframe loading=\"lazy\" src=\"https:\/\/www.ter.sncf.com\/occitanie\/marque-grise?partner_name=pnr_train_jaune\" allow=\"fullscreen\" width=\"900\" height=\"700 \"><\/iframe>\n","protected":false},"excerpt":{"rendered":"<p>In summer, many tourists go on board of the Yellow&nbsp;Train, but this train also runs daily all year round whatever the weather conditions. You will find below the timetables to travel from May 27, 2023 to December 9, 2023. Remember to check the circulation of your train before departure. You can get a refund in [&hellip;]<\/p>\n","protected":false},"author":2,"featured_media":4319,"parent":0,"menu_order":12,"comment_status":"closed","ping_status":"closed","template":"","meta":{"_acf_changed":false,"inline_featured_image":false,"footnotes":""},"class_list":["post-1753","page","type-page","status-publish","has-post-thumbnail","hentry"],"acf":[],"yoast_head":"<!-- This site is optimized with the Yoast SEO plugin v25.4 - https:\/\/yoast.com\/wordpress\/plugins\/seo\/ -->\n<title>Timetable and Information - Let\u2019s Get on the Yellow Train<\/title>\n<meta name=\"robots\" content=\"index, follow, max-snippet:-1, max-image-preview:large, max-video-preview:-1\" \/>\n<link rel=\"canonical\" href=\"https:\/\/letrainjaune.fr\/en\/horaires-et-infos\/\" \/>\n<meta property=\"og:locale\" content=\"en_US\" \/>\n<meta property=\"og:type\" content=\"article\" \/>\n<meta property=\"og:title\" content=\"Timetable and Information - Let\u2019s Get on the Yellow Train\" \/>\n<meta property=\"og:description\" content=\"In summer, many tourists go on board of the Yellow&nbsp;Train, but this train also runs daily all year round whatever the weather conditions. You will find below the timetables to travel from May 27, 2023 to December 9, 2023. Remember to check the circulation of your train before departure. You can get a refund in [&hellip;]\" \/>\n<meta property=\"og:url\" content=\"https:\/\/letrainjaune.fr\/en\/horaires-et-infos\/\" \/>\n<meta property=\"og:site_name\" content=\"Let\u2019s Get on the Yellow Train\" \/>\n<meta property=\"article:modified_time\" content=\"2025-06-13T07:04:52+00:00\" \/>\n<meta property=\"og:image\" content=\"https:\/\/letrainjaune.fr\/wp-content\/uploads\/2021\/08\/TrainJaune-automne-\u00a9JCMILHET_PNRPC-3.jpg\" \/>\n\t<meta property=\"og:image:width\" content=\"2500\" \/>\n\t<meta property=\"og:image:height\" content=\"1667\" \/>\n\t<meta property=\"og:image:type\" content=\"image\/jpeg\" \/>\n<meta name=\"twitter:card\" content=\"summary_large_image\" \/>\n<meta name=\"twitter:label1\" content=\"Est. reading time\" \/>\n\t<meta name=\"twitter:data1\" content=\"5 minutes\" \/>\n<script type=\"application\/ld+json\" class=\"yoast-schema-graph\">{\"@context\":\"https:\/\/schema.org\",\"@graph\":[{\"@type\":\"WebPage\",\"@id\":\"https:\/\/letrainjaune.fr\/en\/horaires-et-infos\/\",\"url\":\"https:\/\/letrainjaune.fr\/en\/horaires-et-infos\/\",\"name\":\"Timetable and Information - Let\u2019s Get on the Yellow Train\",\"isPartOf\":{\"@id\":\"https:\/\/letrainjaune.fr\/en\/#website\"},\"primaryImageOfPage\":{\"@id\":\"https:\/\/letrainjaune.fr\/en\/horaires-et-infos\/#primaryimage\"},\"image\":{\"@id\":\"https:\/\/letrainjaune.fr\/en\/horaires-et-infos\/#primaryimage\"},\"thumbnailUrl\":\"https:\/\/letrainjaune.fr\/wp-content\/uploads\/2021\/08\/TrainJaune-automne-\u00a9JCMILHET_PNRPC-3.jpg\",\"datePublished\":\"2021-02-16T08:40:43+00:00\",\"dateModified\":\"2025-06-13T07:04:52+00:00\",\"breadcrumb\":{\"@id\":\"https:\/\/letrainjaune.fr\/en\/horaires-et-infos\/#breadcrumb\"},\"inLanguage\":\"en-US\",\"potentialAction\":[{\"@type\":\"ReadAction\",\"target\":[\"https:\/\/letrainjaune.fr\/en\/horaires-et-infos\/\"]}]},{\"@type\":\"ImageObject\",\"inLanguage\":\"en-US\",\"@id\":\"https:\/\/letrainjaune.fr\/en\/horaires-et-infos\/#primaryimage\",\"url\":\"https:\/\/letrainjaune.fr\/wp-content\/uploads\/2021\/08\/TrainJaune-automne-\u00a9JCMILHET_PNRPC-3.jpg\",\"contentUrl\":\"https:\/\/letrainjaune.fr\/wp-content\/uploads\/2021\/08\/TrainJaune-automne-\u00a9JCMILHET_PNRPC-3.jpg\",\"width\":2500,\"height\":1667,\"caption\":\"Train Jaune automne\"},{\"@type\":\"BreadcrumbList\",\"@id\":\"https:\/\/letrainjaune.fr\/en\/horaires-et-infos\/#breadcrumb\",\"itemListElement\":[{\"@type\":\"ListItem\",\"position\":1,\"name\":\"Home page\",\"item\":\"https:\/\/letrainjaune.fr\/en\/\"},{\"@type\":\"ListItem\",\"position\":2,\"name\":\"Timetable and Information\"}]},{\"@type\":\"WebSite\",\"@id\":\"https:\/\/letrainjaune.fr\/en\/#website\",\"url\":\"https:\/\/letrainjaune.fr\/en\/\",\"name\":\"Let\u2019s Get on the Yellow Train\",\"description\":\"Dans les Pyr\u00e9n\u00e9es Catalanes, d\u00e9couvrez ce train sur le plus haut chemin de fer d\u2019Europe.\",\"publisher\":{\"@id\":\"https:\/\/letrainjaune.fr\/en\/#organization\"},\"potentialAction\":[{\"@type\":\"SearchAction\",\"target\":{\"@type\":\"EntryPoint\",\"urlTemplate\":\"https:\/\/letrainjaune.fr\/en\/?s={search_term_string}\"},\"query-input\":{\"@type\":\"PropertyValueSpecification\",\"valueRequired\":true,\"valueName\":\"search_term_string\"}}],\"inLanguage\":\"en-US\"},{\"@type\":\"Organization\",\"@id\":\"https:\/\/letrainjaune.fr\/en\/#organization\",\"name\":\"Let\u2019s Get on the Yellow Train\",\"url\":\"https:\/\/letrainjaune.fr\/en\/\",\"logo\":{\"@type\":\"ImageObject\",\"inLanguage\":\"en-US\",\"@id\":\"https:\/\/letrainjaune.fr\/en\/#\/schema\/logo\/image\/\",\"url\":\"https:\/\/letrainjaune.fr\/wp-content\/uploads\/2021\/04\/TJ_logo-TJ-footer.svg\",\"contentUrl\":\"https:\/\/letrainjaune.fr\/wp-content\/uploads\/2021\/04\/TJ_logo-TJ-footer.svg\",\"width\":\"1920\",\"height\":\"9999\",\"caption\":\"Let\u2019s Get on the Yellow Train\"},\"image\":{\"@id\":\"https:\/\/letrainjaune.fr\/en\/#\/schema\/logo\/image\/\"}}]}<\/script>\n<!-- \/ Yoast SEO plugin. -->","yoast_head_json":{"title":"Timetable and Information - Let\u2019s Get on the Yellow Train","robots":{"index":"index","follow":"follow","max-snippet":"max-snippet:-1","max-image-preview":"max-image-preview:large","max-video-preview":"max-video-preview:-1"},"canonical":"https:\/\/letrainjaune.fr\/en\/horaires-et-infos\/","og_locale":"en_US","og_type":"article","og_title":"Timetable and Information - Let\u2019s Get on the Yellow Train","og_description":"In summer, many tourists go on board of the Yellow&nbsp;Train, but this train also runs daily all year round whatever the weather conditions. You will find below the timetables to travel from May 27, 2023 to December 9, 2023. Remember to check the circulation of your train before departure. You can get a refund in [&hellip;]","og_url":"https:\/\/letrainjaune.fr\/en\/horaires-et-infos\/","og_site_name":"Let\u2019s Get on the Yellow Train","article_modified_time":"2025-06-13T07:04:52+00:00","og_image":[{"width":2500,"height":1667,"url":"https:\/\/letrainjaune.fr\/wp-content\/uploads\/2021\/08\/TrainJaune-automne-\u00a9JCMILHET_PNRPC-3.jpg","type":"image\/jpeg"}],"twitter_card":"summary_large_image","twitter_misc":{"Est. reading time":"5 minutes"},"schema":{"@context":"https:\/\/schema.org","@graph":[{"@type":"WebPage","@id":"https:\/\/letrainjaune.fr\/en\/horaires-et-infos\/","url":"https:\/\/letrainjaune.fr\/en\/horaires-et-infos\/","name":"Timetable and Information - Let\u2019s Get on the Yellow Train","isPartOf":{"@id":"https:\/\/letrainjaune.fr\/en\/#website"},"primaryImageOfPage":{"@id":"https:\/\/letrainjaune.fr\/en\/horaires-et-infos\/#primaryimage"},"image":{"@id":"https:\/\/letrainjaune.fr\/en\/horaires-et-infos\/#primaryimage"},"thumbnailUrl":"https:\/\/letrainjaune.fr\/wp-content\/uploads\/2021\/08\/TrainJaune-automne-\u00a9JCMILHET_PNRPC-3.jpg","datePublished":"2021-02-16T08:40:43+00:00","dateModified":"2025-06-13T07:04:52+00:00","breadcrumb":{"@id":"https:\/\/letrainjaune.fr\/en\/horaires-et-infos\/#breadcrumb"},"inLanguage":"en-US","potentialAction":[{"@type":"ReadAction","target":["https:\/\/letrainjaune.fr\/en\/horaires-et-infos\/"]}]},{"@type":"ImageObject","inLanguage":"en-US","@id":"https:\/\/letrainjaune.fr\/en\/horaires-et-infos\/#primaryimage","url":"https:\/\/letrainjaune.fr\/wp-content\/uploads\/2021\/08\/TrainJaune-automne-\u00a9JCMILHET_PNRPC-3.jpg","contentUrl":"https:\/\/letrainjaune.fr\/wp-content\/uploads\/2021\/08\/TrainJaune-automne-\u00a9JCMILHET_PNRPC-3.jpg","width":2500,"height":1667,"caption":"Train Jaune automne"},{"@type":"BreadcrumbList","@id":"https:\/\/letrainjaune.fr\/en\/horaires-et-infos\/#breadcrumb","itemListElement":[{"@type":"ListItem","position":1,"name":"Home page","item":"https:\/\/letrainjaune.fr\/en\/"},{"@type":"ListItem","position":2,"name":"Timetable and Information"}]},{"@type":"WebSite","@id":"https:\/\/letrainjaune.fr\/en\/#website","url":"https:\/\/letrainjaune.fr\/en\/","name":"Let\u2019s Get on the Yellow Train","description":"Dans les Pyr\u00e9n\u00e9es Catalanes, d\u00e9couvrez ce train sur le plus haut chemin de fer d\u2019Europe.","publisher":{"@id":"https:\/\/letrainjaune.fr\/en\/#organization"},"potentialAction":[{"@type":"SearchAction","target":{"@type":"EntryPoint","urlTemplate":"https:\/\/letrainjaune.fr\/en\/?s={search_term_string}"},"query-input":{"@type":"PropertyValueSpecification","valueRequired":true,"valueName":"search_term_string"}}],"inLanguage":"en-US"},{"@type":"Organization","@id":"https:\/\/letrainjaune.fr\/en\/#organization","name":"Let\u2019s Get on the Yellow Train","url":"https:\/\/letrainjaune.fr\/en\/","logo":{"@type":"ImageObject","inLanguage":"en-US","@id":"https:\/\/letrainjaune.fr\/en\/#\/schema\/logo\/image\/","url":"https:\/\/letrainjaune.fr\/wp-content\/uploads\/2021\/04\/TJ_logo-TJ-footer.svg","contentUrl":"https:\/\/letrainjaune.fr\/wp-content\/uploads\/2021\/04\/TJ_logo-TJ-footer.svg","width":"1920","height":"9999","caption":"Let\u2019s Get on the Yellow Train"},"image":{"@id":"https:\/\/letrainjaune.fr\/en\/#\/schema\/logo\/image\/"}}]}},"_links":{"self":[{"href":"https:\/\/letrainjaune.fr\/en\/wp-json\/wp\/v2\/pages\/1753","targetHints":{"allow":["GET"]}}],"collection":[{"href":"https:\/\/letrainjaune.fr\/en\/wp-json\/wp\/v2\/pages"}],"about":[{"href":"https:\/\/letrainjaune.fr\/en\/wp-json\/wp\/v2\/types\/page"}],"author":[{"embeddable":true,"href":"https:\/\/letrainjaune.fr\/en\/wp-json\/wp\/v2\/users\/2"}],"replies":[{"embeddable":true,"href":"https:\/\/letrainjaune.fr\/en\/wp-json\/wp\/v2\/comments?post=1753"}],"version-history":[{"count":9,"href":"https:\/\/letrainjaune.fr\/en\/wp-json\/wp\/v2\/pages\/1753\/revisions"}],"predecessor-version":[{"id":16128,"href":"https:\/\/letrainjaune.fr\/en\/wp-json\/wp\/v2\/pages\/1753\/revisions\/16128"}],"wp:featuredmedia":[{"embeddable":true,"href":"https:\/\/letrainjaune.fr\/en\/wp-json\/wp\/v2\/media\/4319"}],"wp:attachment":[{"href":"https:\/\/letrainjaune.fr\/en\/wp-json\/wp\/v2\/media?parent=1753"}],"curies":[{"name":"wp","href":"https:\/\/api.w.org\/{rel}","templated":true}]}}