{"id":1798,"date":"2021-02-16T11:45:22","date_gmt":"2021-02-16T10:45:22","guid":{"rendered":"https:\/\/letrainjaune.fr\/to-see-and-do\/incontournables\/"},"modified":"2023-06-16T15:19:32","modified_gmt":"2023-06-16T13:19:32","slug":"unmissable-places-and-activities","status":"publish","type":"page","link":"https:\/\/letrainjaune.fr\/en\/places-to-see-and-things-to-do\/unmissable-places-and-activities\/","title":{"rendered":"Unmissable places and activities"},"content":{"rendered":"\n<p>The <strong>Natural Regional Park of the Catalan Pyrenees<\/strong> is full of surprising places and activities. Discover here what you can\u2019t miss when you are visiting our territory!<\/p>\n","protected":false},"excerpt":{"rendered":"<p>The Natural Regional Park of the Catalan Pyrenees is full of surprising places and activities. Discover here what you can\u2019t miss when you are visiting our territory!<\/p>\n","protected":false},"author":2,"featured_media":2919,"parent":1705,"menu_order":1,"comment_status":"closed","ping_status":"closed","template":"page-templates\/page-incontournables.php","meta":{"_acf_changed":false,"inline_featured_image":false,"footnotes":""},"class_list":["post-1798","page","type-page","status-publish","has-post-thumbnail","hentry"],"acf":[],"yoast_head":"<!-- This site is optimized with the Yoast SEO plugin v25.4 - https:\/\/yoast.com\/wordpress\/plugins\/seo\/ -->\n<title>Unmissable places and activities - Let\u2019s Get on the Yellow Train<\/title>\n<meta name=\"robots\" content=\"index, follow, max-snippet:-1, max-image-preview:large, max-video-preview:-1\" \/>\n<link rel=\"canonical\" href=\"https:\/\/letrainjaune.fr\/en\/places-to-see-and-things-to-do\/unmissable-places-and-activities\/\" \/>\n<meta property=\"og:locale\" content=\"en_US\" \/>\n<meta property=\"og:type\" content=\"article\" \/>\n<meta property=\"og:title\" content=\"Unmissable places and activities - Let\u2019s Get on the Yellow Train\" \/>\n<meta property=\"og:description\" content=\"The Natural Regional Park of the Catalan Pyrenees is full of surprising places and activities. Discover here what you can\u2019t miss when you are visiting our territory!\" \/>\n<meta property=\"og:url\" content=\"https:\/\/letrainjaune.fr\/en\/places-to-see-and-things-to-do\/unmissable-places-and-activities\/\" \/>\n<meta property=\"og:site_name\" content=\"Let\u2019s Get on the Yellow Train\" \/>\n<meta property=\"article:modified_time\" content=\"2023-06-16T13:19:32+00:00\" \/>\n<meta property=\"og:image\" content=\"https:\/\/letrainjaune.fr\/wp-content\/uploads\/2021\/07\/Gorges_de_la_Caranca_\u00a9CONFLENTCANIGO102.jpg\" \/>\n\t<meta property=\"og:image:width\" content=\"1080\" \/>\n\t<meta property=\"og:image:height\" content=\"715\" \/>\n\t<meta property=\"og:image:type\" content=\"image\/jpeg\" \/>\n<meta name=\"twitter:card\" content=\"summary_large_image\" \/>\n<meta name=\"twitter:label1\" content=\"Est. reading time\" \/>\n\t<meta name=\"twitter:data1\" content=\"1 minute\" \/>\n<script type=\"application\/ld+json\" class=\"yoast-schema-graph\">{\"@context\":\"https:\/\/schema.org\",\"@graph\":[{\"@type\":\"WebPage\",\"@id\":\"https:\/\/letrainjaune.fr\/en\/places-to-see-and-things-to-do\/unmissable-places-and-activities\/\",\"url\":\"https:\/\/letrainjaune.fr\/en\/places-to-see-and-things-to-do\/unmissable-places-and-activities\/\",\"name\":\"Unmissable places and activities - Let\u2019s Get on the Yellow Train\",\"isPartOf\":{\"@id\":\"https:\/\/letrainjaune.fr\/en\/#website\"},\"primaryImageOfPage\":{\"@id\":\"https:\/\/letrainjaune.fr\/en\/places-to-see-and-things-to-do\/unmissable-places-and-activities\/#primaryimage\"},\"image\":{\"@id\":\"https:\/\/letrainjaune.fr\/en\/places-to-see-and-things-to-do\/unmissable-places-and-activities\/#primaryimage\"},\"thumbnailUrl\":\"https:\/\/letrainjaune.fr\/wp-content\/uploads\/2021\/07\/Gorges_de_la_Caranca_\u00a9CONFLENTCANIGO102.jpg\",\"datePublished\":\"2021-02-16T10:45:22+00:00\",\"dateModified\":\"2023-06-16T13:19:32+00:00\",\"breadcrumb\":{\"@id\":\"https:\/\/letrainjaune.fr\/en\/places-to-see-and-things-to-do\/unmissable-places-and-activities\/#breadcrumb\"},\"inLanguage\":\"en-US\",\"potentialAction\":[{\"@type\":\"ReadAction\",\"target\":[\"https:\/\/letrainjaune.fr\/en\/places-to-see-and-things-to-do\/unmissable-places-and-activities\/\"]}]},{\"@type\":\"ImageObject\",\"inLanguage\":\"en-US\",\"@id\":\"https:\/\/letrainjaune.fr\/en\/places-to-see-and-things-to-do\/unmissable-places-and-activities\/#primaryimage\",\"url\":\"https:\/\/letrainjaune.fr\/wp-content\/uploads\/2021\/07\/Gorges_de_la_Caranca_\u00a9CONFLENTCANIGO102.jpg\",\"contentUrl\":\"https:\/\/letrainjaune.fr\/wp-content\/uploads\/2021\/07\/Gorges_de_la_Caranca_\u00a9CONFLENTCANIGO102.jpg\",\"width\":1080,\"height\":715,\"caption\":\"The Caran\u00e7a Valley\"},{\"@type\":\"BreadcrumbList\",\"@id\":\"https:\/\/letrainjaune.fr\/en\/places-to-see-and-things-to-do\/unmissable-places-and-activities\/#breadcrumb\",\"itemListElement\":[{\"@type\":\"ListItem\",\"position\":1,\"name\":\"Home page\",\"item\":\"https:\/\/letrainjaune.fr\/en\/\"},{\"@type\":\"ListItem\",\"position\":2,\"name\":\"Places to See and Things to Do\",\"item\":\"https:\/\/letrainjaune.fr\/en\/places-to-see-and-things-to-do\/\"},{\"@type\":\"ListItem\",\"position\":3,\"name\":\"Unmissable places and activities\"}]},{\"@type\":\"WebSite\",\"@id\":\"https:\/\/letrainjaune.fr\/en\/#website\",\"url\":\"https:\/\/letrainjaune.fr\/en\/\",\"name\":\"Let\u2019s Get on the Yellow Train\",\"description\":\"Dans les Pyr\u00e9n\u00e9es Catalanes, d\u00e9couvrez ce train sur le plus haut chemin de fer d\u2019Europe.\",\"publisher\":{\"@id\":\"https:\/\/letrainjaune.fr\/en\/#organization\"},\"potentialAction\":[{\"@type\":\"SearchAction\",\"target\":{\"@type\":\"EntryPoint\",\"urlTemplate\":\"https:\/\/letrainjaune.fr\/en\/?s={search_term_string}\"},\"query-input\":{\"@type\":\"PropertyValueSpecification\",\"valueRequired\":true,\"valueName\":\"search_term_string\"}}],\"inLanguage\":\"en-US\"},{\"@type\":\"Organization\",\"@id\":\"https:\/\/letrainjaune.fr\/en\/#organization\",\"name\":\"Let\u2019s Get on the Yellow Train\",\"url\":\"https:\/\/letrainjaune.fr\/en\/\",\"logo\":{\"@type\":\"ImageObject\",\"inLanguage\":\"en-US\",\"@id\":\"https:\/\/letrainjaune.fr\/en\/#\/schema\/logo\/image\/\",\"url\":\"https:\/\/letrainjaune.fr\/wp-content\/uploads\/2021\/04\/TJ_logo-TJ-footer.svg\",\"contentUrl\":\"https:\/\/letrainjaune.fr\/wp-content\/uploads\/2021\/04\/TJ_logo-TJ-footer.svg\",\"width\":\"1920\",\"height\":\"9999\",\"caption\":\"Let\u2019s Get on the Yellow Train\"},\"image\":{\"@id\":\"https:\/\/letrainjaune.fr\/en\/#\/schema\/logo\/image\/\"}}]}<\/script>\n<!-- \/ Yoast SEO plugin. -->","yoast_head_json":{"title":"Unmissable places and activities - Let\u2019s Get on the Yellow Train","robots":{"index":"index","follow":"follow","max-snippet":"max-snippet:-1","max-image-preview":"max-image-preview:large","max-video-preview":"max-video-preview:-1"},"canonical":"https:\/\/letrainjaune.fr\/en\/places-to-see-and-things-to-do\/unmissable-places-and-activities\/","og_locale":"en_US","og_type":"article","og_title":"Unmissable places and activities - Let\u2019s Get on the Yellow Train","og_description":"The Natural Regional Park of the Catalan Pyrenees is full of surprising places and activities. Discover here what you can\u2019t miss when you are visiting our territory!","og_url":"https:\/\/letrainjaune.fr\/en\/places-to-see-and-things-to-do\/unmissable-places-and-activities\/","og_site_name":"Let\u2019s Get on the Yellow Train","article_modified_time":"2023-06-16T13:19:32+00:00","og_image":[{"width":1080,"height":715,"url":"https:\/\/letrainjaune.fr\/wp-content\/uploads\/2021\/07\/Gorges_de_la_Caranca_\u00a9CONFLENTCANIGO102.jpg","type":"image\/jpeg"}],"twitter_card":"summary_large_image","twitter_misc":{"Est. reading time":"1 minute"},"schema":{"@context":"https:\/\/schema.org","@graph":[{"@type":"WebPage","@id":"https:\/\/letrainjaune.fr\/en\/places-to-see-and-things-to-do\/unmissable-places-and-activities\/","url":"https:\/\/letrainjaune.fr\/en\/places-to-see-and-things-to-do\/unmissable-places-and-activities\/","name":"Unmissable places and activities - Let\u2019s Get on the Yellow Train","isPartOf":{"@id":"https:\/\/letrainjaune.fr\/en\/#website"},"primaryImageOfPage":{"@id":"https:\/\/letrainjaune.fr\/en\/places-to-see-and-things-to-do\/unmissable-places-and-activities\/#primaryimage"},"image":{"@id":"https:\/\/letrainjaune.fr\/en\/places-to-see-and-things-to-do\/unmissable-places-and-activities\/#primaryimage"},"thumbnailUrl":"https:\/\/letrainjaune.fr\/wp-content\/uploads\/2021\/07\/Gorges_de_la_Caranca_\u00a9CONFLENTCANIGO102.jpg","datePublished":"2021-02-16T10:45:22+00:00","dateModified":"2023-06-16T13:19:32+00:00","breadcrumb":{"@id":"https:\/\/letrainjaune.fr\/en\/places-to-see-and-things-to-do\/unmissable-places-and-activities\/#breadcrumb"},"inLanguage":"en-US","potentialAction":[{"@type":"ReadAction","target":["https:\/\/letrainjaune.fr\/en\/places-to-see-and-things-to-do\/unmissable-places-and-activities\/"]}]},{"@type":"ImageObject","inLanguage":"en-US","@id":"https:\/\/letrainjaune.fr\/en\/places-to-see-and-things-to-do\/unmissable-places-and-activities\/#primaryimage","url":"https:\/\/letrainjaune.fr\/wp-content\/uploads\/2021\/07\/Gorges_de_la_Caranca_\u00a9CONFLENTCANIGO102.jpg","contentUrl":"https:\/\/letrainjaune.fr\/wp-content\/uploads\/2021\/07\/Gorges_de_la_Caranca_\u00a9CONFLENTCANIGO102.jpg","width":1080,"height":715,"caption":"The Caran\u00e7a Valley"},{"@type":"BreadcrumbList","@id":"https:\/\/letrainjaune.fr\/en\/places-to-see-and-things-to-do\/unmissable-places-and-activities\/#breadcrumb","itemListElement":[{"@type":"ListItem","position":1,"name":"Home page","item":"https:\/\/letrainjaune.fr\/en\/"},{"@type":"ListItem","position":2,"name":"Places to See and Things to Do","item":"https:\/\/letrainjaune.fr\/en\/places-to-see-and-things-to-do\/"},{"@type":"ListItem","position":3,"name":"Unmissable places and activities"}]},{"@type":"WebSite","@id":"https:\/\/letrainjaune.fr\/en\/#website","url":"https:\/\/letrainjaune.fr\/en\/","name":"Let\u2019s Get on the Yellow Train","description":"Dans les Pyr\u00e9n\u00e9es Catalanes, d\u00e9couvrez ce train sur le plus haut chemin de fer d\u2019Europe.","publisher":{"@id":"https:\/\/letrainjaune.fr\/en\/#organization"},"potentialAction":[{"@type":"SearchAction","target":{"@type":"EntryPoint","urlTemplate":"https:\/\/letrainjaune.fr\/en\/?s={search_term_string}"},"query-input":{"@type":"PropertyValueSpecification","valueRequired":true,"valueName":"search_term_string"}}],"inLanguage":"en-US"},{"@type":"Organization","@id":"https:\/\/letrainjaune.fr\/en\/#organization","name":"Let\u2019s Get on the Yellow Train","url":"https:\/\/letrainjaune.fr\/en\/","logo":{"@type":"ImageObject","inLanguage":"en-US","@id":"https:\/\/letrainjaune.fr\/en\/#\/schema\/logo\/image\/","url":"https:\/\/letrainjaune.fr\/wp-content\/uploads\/2021\/04\/TJ_logo-TJ-footer.svg","contentUrl":"https:\/\/letrainjaune.fr\/wp-content\/uploads\/2021\/04\/TJ_logo-TJ-footer.svg","width":"1920","height":"9999","caption":"Let\u2019s Get on the Yellow Train"},"image":{"@id":"https:\/\/letrainjaune.fr\/en\/#\/schema\/logo\/image\/"}}]}},"_links":{"self":[{"href":"https:\/\/letrainjaune.fr\/en\/wp-json\/wp\/v2\/pages\/1798","targetHints":{"allow":["GET"]}}],"collection":[{"href":"https:\/\/letrainjaune.fr\/en\/wp-json\/wp\/v2\/pages"}],"about":[{"href":"https:\/\/letrainjaune.fr\/en\/wp-json\/wp\/v2\/types\/page"}],"author":[{"embeddable":true,"href":"https:\/\/letrainjaune.fr\/en\/wp-json\/wp\/v2\/users\/2"}],"replies":[{"embeddable":true,"href":"https:\/\/letrainjaune.fr\/en\/wp-json\/wp\/v2\/comments?post=1798"}],"version-history":[{"count":4,"href":"https:\/\/letrainjaune.fr\/en\/wp-json\/wp\/v2\/pages\/1798\/revisions"}],"predecessor-version":[{"id":9813,"href":"https:\/\/letrainjaune.fr\/en\/wp-json\/wp\/v2\/pages\/1798\/revisions\/9813"}],"up":[{"embeddable":true,"href":"https:\/\/letrainjaune.fr\/en\/wp-json\/wp\/v2\/pages\/1705"}],"wp:featuredmedia":[{"embeddable":true,"href":"https:\/\/letrainjaune.fr\/en\/wp-json\/wp\/v2\/media\/2919"}],"wp:attachment":[{"href":"https:\/\/letrainjaune.fr\/en\/wp-json\/wp\/v2\/media?parent=1798"}],"curies":[{"name":"wp","href":"https:\/\/api.w.org\/{rel}","templated":true}]}}