{"id":1866,"date":"2021-02-16T10:00:22","date_gmt":"2021-02-16T09:00:22","guid":{"rendered":"https:\/\/letrainjaune.fr\/discover-the-train-jaune\/experience-du-train\/"},"modified":"2023-06-23T14:46:02","modified_gmt":"2023-06-23T12:46:02","slug":"live-the-train-experience","status":"publish","type":"page","link":"https:\/\/letrainjaune.fr\/en\/discover-the-yellow-train\/live-the-train-experience\/","title":{"rendered":"Experience a 360\u00b0 Journey"},"content":{"rendered":"\n<h2 class=\"wp-block-heading\">Embark on Board of the Yellow\u00a0Train!<\/h2>\n\n\n\n<p>The Yellow Train is an emblematic railway line of the Natural Regional Park of the Catalan Pyrenees. For more than 100\u00a0years, it has been offering very different landscapes as the seasons go by and as you go up the valleys and arrive on the high plateaus.<br>Embark on a virtual journey on board of the mythical Yellow\u00a0Train thanks to these 360\u00a0degree videos and enjoy the changing landscape colours of the Catalan\u00a0Pyrenees.<\/p>\n\n\n\n<p>Just press \u201cplay\u201d on the video and move your mouse to change the viewing angle if you are on a computer, or move your mobile phone.<\/p>\n\n\n\n<p><\/p>\n\n\n\n<p>Bon voyage and see you very soon on board of the Yellow\u00a0Train!\u00a0<\/p>\n","protected":false},"excerpt":{"rendered":"<p>Embark on Board of the Yellow\u00a0Train! The Yellow Train is an emblematic railway line of the Natural Regional Park of the Catalan Pyrenees. For more than 100\u00a0years, it has been offering very different landscapes as the seasons go by and as you go up the valleys and arrive on the high plateaus.Embark on a virtual [&hellip;]<\/p>\n","protected":false},"author":2,"featured_media":4964,"parent":1689,"menu_order":3,"comment_status":"closed","ping_status":"closed","template":"","meta":{"_acf_changed":false,"inline_featured_image":false,"footnotes":""},"class_list":["post-1866","page","type-page","status-publish","has-post-thumbnail","hentry"],"acf":[],"yoast_head":"<!-- This site is optimized with the Yoast SEO plugin v25.4 - https:\/\/yoast.com\/wordpress\/plugins\/seo\/ -->\n<title>Experience a 360\u00b0 Journey - Let\u2019s Get on the Yellow Train<\/title>\n<meta name=\"robots\" content=\"index, follow, max-snippet:-1, max-image-preview:large, max-video-preview:-1\" \/>\n<link rel=\"canonical\" href=\"https:\/\/letrainjaune.fr\/en\/discover-the-yellow-train\/live-the-train-experience\/\" \/>\n<meta property=\"og:locale\" content=\"en_US\" \/>\n<meta property=\"og:type\" content=\"article\" \/>\n<meta property=\"og:title\" content=\"Experience a 360\u00b0 Journey - Let\u2019s Get on the Yellow Train\" \/>\n<meta property=\"og:description\" content=\"Embark on Board of the Yellow\u00a0Train! The Yellow Train is an emblematic railway line of the Natural Regional Park of the Catalan Pyrenees. For more than 100\u00a0years, it has been offering very different landscapes as the seasons go by and as you go up the valleys and arrive on the high plateaus.Embark on a virtual [&hellip;]\" \/>\n<meta property=\"og:url\" content=\"https:\/\/letrainjaune.fr\/en\/discover-the-yellow-train\/live-the-train-experience\/\" \/>\n<meta property=\"og:site_name\" content=\"Let\u2019s Get on the Yellow Train\" \/>\n<meta property=\"article:modified_time\" content=\"2023-06-23T12:46:02+00:00\" \/>\n<meta property=\"og:image\" content=\"https:\/\/letrainjaune.fr\/wp-content\/uploads\/2021\/09\/360miniature.jpg\" \/>\n\t<meta property=\"og:image:width\" content=\"672\" \/>\n\t<meta property=\"og:image:height\" content=\"378\" \/>\n\t<meta property=\"og:image:type\" content=\"image\/jpeg\" \/>\n<meta name=\"twitter:card\" content=\"summary_large_image\" \/>\n<meta name=\"twitter:label1\" content=\"Est. reading time\" \/>\n\t<meta name=\"twitter:data1\" content=\"1 minute\" \/>\n<script type=\"application\/ld+json\" class=\"yoast-schema-graph\">{\"@context\":\"https:\/\/schema.org\",\"@graph\":[{\"@type\":\"WebPage\",\"@id\":\"https:\/\/letrainjaune.fr\/en\/discover-the-yellow-train\/live-the-train-experience\/\",\"url\":\"https:\/\/letrainjaune.fr\/en\/discover-the-yellow-train\/live-the-train-experience\/\",\"name\":\"Experience a 360\u00b0 Journey - Let\u2019s Get on the Yellow Train\",\"isPartOf\":{\"@id\":\"https:\/\/letrainjaune.fr\/en\/#website\"},\"primaryImageOfPage\":{\"@id\":\"https:\/\/letrainjaune.fr\/en\/discover-the-yellow-train\/live-the-train-experience\/#primaryimage\"},\"image\":{\"@id\":\"https:\/\/letrainjaune.fr\/en\/discover-the-yellow-train\/live-the-train-experience\/#primaryimage\"},\"thumbnailUrl\":\"https:\/\/letrainjaune.fr\/wp-content\/uploads\/2021\/09\/360miniature.jpg\",\"datePublished\":\"2021-02-16T09:00:22+00:00\",\"dateModified\":\"2023-06-23T12:46:02+00:00\",\"breadcrumb\":{\"@id\":\"https:\/\/letrainjaune.fr\/en\/discover-the-yellow-train\/live-the-train-experience\/#breadcrumb\"},\"inLanguage\":\"en-US\",\"potentialAction\":[{\"@type\":\"ReadAction\",\"target\":[\"https:\/\/letrainjaune.fr\/en\/discover-the-yellow-train\/live-the-train-experience\/\"]}]},{\"@type\":\"ImageObject\",\"inLanguage\":\"en-US\",\"@id\":\"https:\/\/letrainjaune.fr\/en\/discover-the-yellow-train\/live-the-train-experience\/#primaryimage\",\"url\":\"https:\/\/letrainjaune.fr\/wp-content\/uploads\/2021\/09\/360miniature.jpg\",\"contentUrl\":\"https:\/\/letrainjaune.fr\/wp-content\/uploads\/2021\/09\/360miniature.jpg\",\"width\":672,\"height\":378},{\"@type\":\"BreadcrumbList\",\"@id\":\"https:\/\/letrainjaune.fr\/en\/discover-the-yellow-train\/live-the-train-experience\/#breadcrumb\",\"itemListElement\":[{\"@type\":\"ListItem\",\"position\":1,\"name\":\"Home page\",\"item\":\"https:\/\/letrainjaune.fr\/en\/\"},{\"@type\":\"ListItem\",\"position\":2,\"name\":\"Discover the Yellow Train\",\"item\":\"https:\/\/letrainjaune.fr\/en\/discover-the-yellow-train\/\"},{\"@type\":\"ListItem\",\"position\":3,\"name\":\"Experience a 360\u00b0 Journey\"}]},{\"@type\":\"WebSite\",\"@id\":\"https:\/\/letrainjaune.fr\/en\/#website\",\"url\":\"https:\/\/letrainjaune.fr\/en\/\",\"name\":\"Let\u2019s Get on the Yellow Train\",\"description\":\"Dans les Pyr\u00e9n\u00e9es Catalanes, d\u00e9couvrez ce train sur le plus haut chemin de fer d\u2019Europe.\",\"publisher\":{\"@id\":\"https:\/\/letrainjaune.fr\/en\/#organization\"},\"potentialAction\":[{\"@type\":\"SearchAction\",\"target\":{\"@type\":\"EntryPoint\",\"urlTemplate\":\"https:\/\/letrainjaune.fr\/en\/?s={search_term_string}\"},\"query-input\":{\"@type\":\"PropertyValueSpecification\",\"valueRequired\":true,\"valueName\":\"search_term_string\"}}],\"inLanguage\":\"en-US\"},{\"@type\":\"Organization\",\"@id\":\"https:\/\/letrainjaune.fr\/en\/#organization\",\"name\":\"Let\u2019s Get on the Yellow Train\",\"url\":\"https:\/\/letrainjaune.fr\/en\/\",\"logo\":{\"@type\":\"ImageObject\",\"inLanguage\":\"en-US\",\"@id\":\"https:\/\/letrainjaune.fr\/en\/#\/schema\/logo\/image\/\",\"url\":\"https:\/\/letrainjaune.fr\/wp-content\/uploads\/2021\/04\/TJ_logo-TJ-footer.svg\",\"contentUrl\":\"https:\/\/letrainjaune.fr\/wp-content\/uploads\/2021\/04\/TJ_logo-TJ-footer.svg\",\"width\":\"1920\",\"height\":\"9999\",\"caption\":\"Let\u2019s Get on the Yellow Train\"},\"image\":{\"@id\":\"https:\/\/letrainjaune.fr\/en\/#\/schema\/logo\/image\/\"}}]}<\/script>\n<!-- \/ Yoast SEO plugin. -->","yoast_head_json":{"title":"Experience a 360\u00b0 Journey - Let\u2019s Get on the Yellow Train","robots":{"index":"index","follow":"follow","max-snippet":"max-snippet:-1","max-image-preview":"max-image-preview:large","max-video-preview":"max-video-preview:-1"},"canonical":"https:\/\/letrainjaune.fr\/en\/discover-the-yellow-train\/live-the-train-experience\/","og_locale":"en_US","og_type":"article","og_title":"Experience a 360\u00b0 Journey - Let\u2019s Get on the Yellow Train","og_description":"Embark on Board of the Yellow\u00a0Train! The Yellow Train is an emblematic railway line of the Natural Regional Park of the Catalan Pyrenees. For more than 100\u00a0years, it has been offering very different landscapes as the seasons go by and as you go up the valleys and arrive on the high plateaus.Embark on a virtual [&hellip;]","og_url":"https:\/\/letrainjaune.fr\/en\/discover-the-yellow-train\/live-the-train-experience\/","og_site_name":"Let\u2019s Get on the Yellow Train","article_modified_time":"2023-06-23T12:46:02+00:00","og_image":[{"width":672,"height":378,"url":"https:\/\/letrainjaune.fr\/wp-content\/uploads\/2021\/09\/360miniature.jpg","type":"image\/jpeg"}],"twitter_card":"summary_large_image","twitter_misc":{"Est. reading time":"1 minute"},"schema":{"@context":"https:\/\/schema.org","@graph":[{"@type":"WebPage","@id":"https:\/\/letrainjaune.fr\/en\/discover-the-yellow-train\/live-the-train-experience\/","url":"https:\/\/letrainjaune.fr\/en\/discover-the-yellow-train\/live-the-train-experience\/","name":"Experience a 360\u00b0 Journey - Let\u2019s Get on the Yellow Train","isPartOf":{"@id":"https:\/\/letrainjaune.fr\/en\/#website"},"primaryImageOfPage":{"@id":"https:\/\/letrainjaune.fr\/en\/discover-the-yellow-train\/live-the-train-experience\/#primaryimage"},"image":{"@id":"https:\/\/letrainjaune.fr\/en\/discover-the-yellow-train\/live-the-train-experience\/#primaryimage"},"thumbnailUrl":"https:\/\/letrainjaune.fr\/wp-content\/uploads\/2021\/09\/360miniature.jpg","datePublished":"2021-02-16T09:00:22+00:00","dateModified":"2023-06-23T12:46:02+00:00","breadcrumb":{"@id":"https:\/\/letrainjaune.fr\/en\/discover-the-yellow-train\/live-the-train-experience\/#breadcrumb"},"inLanguage":"en-US","potentialAction":[{"@type":"ReadAction","target":["https:\/\/letrainjaune.fr\/en\/discover-the-yellow-train\/live-the-train-experience\/"]}]},{"@type":"ImageObject","inLanguage":"en-US","@id":"https:\/\/letrainjaune.fr\/en\/discover-the-yellow-train\/live-the-train-experience\/#primaryimage","url":"https:\/\/letrainjaune.fr\/wp-content\/uploads\/2021\/09\/360miniature.jpg","contentUrl":"https:\/\/letrainjaune.fr\/wp-content\/uploads\/2021\/09\/360miniature.jpg","width":672,"height":378},{"@type":"BreadcrumbList","@id":"https:\/\/letrainjaune.fr\/en\/discover-the-yellow-train\/live-the-train-experience\/#breadcrumb","itemListElement":[{"@type":"ListItem","position":1,"name":"Home page","item":"https:\/\/letrainjaune.fr\/en\/"},{"@type":"ListItem","position":2,"name":"Discover the Yellow Train","item":"https:\/\/letrainjaune.fr\/en\/discover-the-yellow-train\/"},{"@type":"ListItem","position":3,"name":"Experience a 360\u00b0 Journey"}]},{"@type":"WebSite","@id":"https:\/\/letrainjaune.fr\/en\/#website","url":"https:\/\/letrainjaune.fr\/en\/","name":"Let\u2019s Get on the Yellow Train","description":"Dans les Pyr\u00e9n\u00e9es Catalanes, d\u00e9couvrez ce train sur le plus haut chemin de fer d\u2019Europe.","publisher":{"@id":"https:\/\/letrainjaune.fr\/en\/#organization"},"potentialAction":[{"@type":"SearchAction","target":{"@type":"EntryPoint","urlTemplate":"https:\/\/letrainjaune.fr\/en\/?s={search_term_string}"},"query-input":{"@type":"PropertyValueSpecification","valueRequired":true,"valueName":"search_term_string"}}],"inLanguage":"en-US"},{"@type":"Organization","@id":"https:\/\/letrainjaune.fr\/en\/#organization","name":"Let\u2019s Get on the Yellow Train","url":"https:\/\/letrainjaune.fr\/en\/","logo":{"@type":"ImageObject","inLanguage":"en-US","@id":"https:\/\/letrainjaune.fr\/en\/#\/schema\/logo\/image\/","url":"https:\/\/letrainjaune.fr\/wp-content\/uploads\/2021\/04\/TJ_logo-TJ-footer.svg","contentUrl":"https:\/\/letrainjaune.fr\/wp-content\/uploads\/2021\/04\/TJ_logo-TJ-footer.svg","width":"1920","height":"9999","caption":"Let\u2019s Get on the Yellow Train"},"image":{"@id":"https:\/\/letrainjaune.fr\/en\/#\/schema\/logo\/image\/"}}]}},"_links":{"self":[{"href":"https:\/\/letrainjaune.fr\/en\/wp-json\/wp\/v2\/pages\/1866","targetHints":{"allow":["GET"]}}],"collection":[{"href":"https:\/\/letrainjaune.fr\/en\/wp-json\/wp\/v2\/pages"}],"about":[{"href":"https:\/\/letrainjaune.fr\/en\/wp-json\/wp\/v2\/types\/page"}],"author":[{"embeddable":true,"href":"https:\/\/letrainjaune.fr\/en\/wp-json\/wp\/v2\/users\/2"}],"replies":[{"embeddable":true,"href":"https:\/\/letrainjaune.fr\/en\/wp-json\/wp\/v2\/comments?post=1866"}],"version-history":[{"count":2,"href":"https:\/\/letrainjaune.fr\/en\/wp-json\/wp\/v2\/pages\/1866\/revisions"}],"predecessor-version":[{"id":9974,"href":"https:\/\/letrainjaune.fr\/en\/wp-json\/wp\/v2\/pages\/1866\/revisions\/9974"}],"up":[{"embeddable":true,"href":"https:\/\/letrainjaune.fr\/en\/wp-json\/wp\/v2\/pages\/1689"}],"wp:featuredmedia":[{"embeddable":true,"href":"https:\/\/letrainjaune.fr\/en\/wp-json\/wp\/v2\/media\/4964"}],"wp:attachment":[{"href":"https:\/\/letrainjaune.fr\/en\/wp-json\/wp\/v2\/media?parent=1866"}],"curies":[{"name":"wp","href":"https:\/\/api.w.org\/{rel}","templated":true}]}}