{"id":4441,"date":"2021-08-19T18:05:05","date_gmt":"2021-08-19T16:05:05","guid":{"rendered":"https:\/\/letrainjaune.fr\/?page_id=4441"},"modified":"2021-08-23T15:47:04","modified_gmt":"2021-08-23T13:47:04","slug":"visites-arret","status":"publish","type":"page","link":"https:\/\/letrainjaune.fr\/en\/a-voir-et-a-faire\/visites-arret\/","title":{"rendered":"Visites \u00e0 cet arr\u00eat"},"content":{"rendered":"","protected":false},"excerpt":{"rendered":"","protected":false},"author":1,"featured_media":4192,"parent":23,"menu_order":2,"comment_status":"closed","ping_status":"closed","template":"page-templates\/page-cpt-poi-filters.php","meta":{"_acf_changed":false,"inline_featured_image":false,"footnotes":""},"class_list":["post-4441","page","type-page","status-publish","has-post-thumbnail","hentry"],"acf":[],"yoast_head":"<!-- This site is optimized with the Yoast SEO plugin v25.4 - https:\/\/yoast.com\/wordpress\/plugins\/seo\/ -->\n<title>Visites \u00e0 cet arr\u00eat - Let\u2019s Get on the Yellow Train<\/title>\n<meta name=\"robots\" content=\"index, follow, max-snippet:-1, max-image-preview:large, max-video-preview:-1\" \/>\n<link rel=\"canonical\" href=\"https:\/\/letrainjaune.fr\/en\/a-voir-et-a-faire\/visites-arret\/\" \/>\n<meta property=\"og:locale\" content=\"en_US\" \/>\n<meta property=\"og:type\" content=\"article\" \/>\n<meta property=\"og:title\" content=\"Visites \u00e0 cet arr\u00eat - Let\u2019s Get on the Yellow Train\" \/>\n<meta property=\"og:url\" content=\"https:\/\/letrainjaune.fr\/en\/a-voir-et-a-faire\/visites-arret\/\" \/>\n<meta property=\"og:site_name\" content=\"Let\u2019s Get on the Yellow Train\" \/>\n<meta property=\"article:modified_time\" content=\"2021-08-23T13:47:04+00:00\" \/>\n<meta property=\"og:image\" content=\"https:\/\/letrainjaune.fr\/wp-content\/uploads\/2021\/04\/musee-de-cerdagne-3-FRED-BERLIC.jpg\" \/>\n\t<meta property=\"og:image:width\" content=\"1200\" \/>\n\t<meta property=\"og:image:height\" content=\"892\" \/>\n\t<meta property=\"og:image:type\" content=\"image\/jpeg\" \/>\n<meta name=\"twitter:card\" content=\"summary_large_image\" \/>\n<script type=\"application\/ld+json\" class=\"yoast-schema-graph\">{\"@context\":\"https:\/\/schema.org\",\"@graph\":[{\"@type\":\"WebPage\",\"@id\":\"https:\/\/letrainjaune.fr\/en\/a-voir-et-a-faire\/visites-arret\/\",\"url\":\"https:\/\/letrainjaune.fr\/en\/a-voir-et-a-faire\/visites-arret\/\",\"name\":\"Visites \u00e0 cet arr\u00eat - Let\u2019s Get on the Yellow Train\",\"isPartOf\":{\"@id\":\"https:\/\/letrainjaune.fr\/en\/#website\"},\"primaryImageOfPage\":{\"@id\":\"https:\/\/letrainjaune.fr\/en\/a-voir-et-a-faire\/visites-arret\/#primaryimage\"},\"image\":{\"@id\":\"https:\/\/letrainjaune.fr\/en\/a-voir-et-a-faire\/visites-arret\/#primaryimage\"},\"thumbnailUrl\":\"https:\/\/letrainjaune.fr\/wp-content\/uploads\/2021\/04\/musee-de-cerdagne-3-FRED-BERLIC.jpg\",\"datePublished\":\"2021-08-19T16:05:05+00:00\",\"dateModified\":\"2021-08-23T13:47:04+00:00\",\"breadcrumb\":{\"@id\":\"https:\/\/letrainjaune.fr\/en\/a-voir-et-a-faire\/visites-arret\/#breadcrumb\"},\"inLanguage\":\"en-US\",\"potentialAction\":[{\"@type\":\"ReadAction\",\"target\":[\"https:\/\/letrainjaune.fr\/en\/a-voir-et-a-faire\/visites-arret\/\"]}]},{\"@type\":\"ImageObject\",\"inLanguage\":\"en-US\",\"@id\":\"https:\/\/letrainjaune.fr\/en\/a-voir-et-a-faire\/visites-arret\/#primaryimage\",\"url\":\"https:\/\/letrainjaune.fr\/wp-content\/uploads\/2021\/04\/musee-de-cerdagne-3-FRED-BERLIC.jpg\",\"contentUrl\":\"https:\/\/letrainjaune.fr\/wp-content\/uploads\/2021\/04\/musee-de-cerdagne-3-FRED-BERLIC.jpg\",\"width\":1200,\"height\":892,\"caption\":\"Cerdanya Museum\"},{\"@type\":\"BreadcrumbList\",\"@id\":\"https:\/\/letrainjaune.fr\/en\/a-voir-et-a-faire\/visites-arret\/#breadcrumb\",\"itemListElement\":[{\"@type\":\"ListItem\",\"position\":1,\"name\":\"Home page\",\"item\":\"https:\/\/letrainjaune.fr\/en\/\"},{\"@type\":\"ListItem\",\"position\":2,\"name\":\"\u00c0 voir et \u00e0 faire\",\"item\":\"https:\/\/letrainjaune.fr\/en\/a-voir-et-a-faire\/\"},{\"@type\":\"ListItem\",\"position\":3,\"name\":\"Visites \u00e0 cet arr\u00eat\"}]},{\"@type\":\"WebSite\",\"@id\":\"https:\/\/letrainjaune.fr\/en\/#website\",\"url\":\"https:\/\/letrainjaune.fr\/en\/\",\"name\":\"Let\u2019s Get on the Yellow Train\",\"description\":\"Dans les Pyr\u00e9n\u00e9es Catalanes, d\u00e9couvrez ce train sur le plus haut chemin de fer d\u2019Europe.\",\"publisher\":{\"@id\":\"https:\/\/letrainjaune.fr\/en\/#organization\"},\"potentialAction\":[{\"@type\":\"SearchAction\",\"target\":{\"@type\":\"EntryPoint\",\"urlTemplate\":\"https:\/\/letrainjaune.fr\/en\/?s={search_term_string}\"},\"query-input\":{\"@type\":\"PropertyValueSpecification\",\"valueRequired\":true,\"valueName\":\"search_term_string\"}}],\"inLanguage\":\"en-US\"},{\"@type\":\"Organization\",\"@id\":\"https:\/\/letrainjaune.fr\/en\/#organization\",\"name\":\"Let\u2019s Get on the Yellow Train\",\"url\":\"https:\/\/letrainjaune.fr\/en\/\",\"logo\":{\"@type\":\"ImageObject\",\"inLanguage\":\"en-US\",\"@id\":\"https:\/\/letrainjaune.fr\/en\/#\/schema\/logo\/image\/\",\"url\":\"https:\/\/letrainjaune.fr\/wp-content\/uploads\/2021\/04\/TJ_logo-TJ-footer.svg\",\"contentUrl\":\"https:\/\/letrainjaune.fr\/wp-content\/uploads\/2021\/04\/TJ_logo-TJ-footer.svg\",\"width\":\"1920\",\"height\":\"9999\",\"caption\":\"Let\u2019s Get on the Yellow Train\"},\"image\":{\"@id\":\"https:\/\/letrainjaune.fr\/en\/#\/schema\/logo\/image\/\"}}]}<\/script>\n<!-- \/ Yoast SEO plugin. -->","yoast_head_json":{"title":"Visites \u00e0 cet arr\u00eat - Let\u2019s Get on the Yellow Train","robots":{"index":"index","follow":"follow","max-snippet":"max-snippet:-1","max-image-preview":"max-image-preview:large","max-video-preview":"max-video-preview:-1"},"canonical":"https:\/\/letrainjaune.fr\/en\/a-voir-et-a-faire\/visites-arret\/","og_locale":"en_US","og_type":"article","og_title":"Visites \u00e0 cet arr\u00eat - Let\u2019s Get on the Yellow Train","og_url":"https:\/\/letrainjaune.fr\/en\/a-voir-et-a-faire\/visites-arret\/","og_site_name":"Let\u2019s Get on the Yellow Train","article_modified_time":"2021-08-23T13:47:04+00:00","og_image":[{"width":1200,"height":892,"url":"https:\/\/letrainjaune.fr\/wp-content\/uploads\/2021\/04\/musee-de-cerdagne-3-FRED-BERLIC.jpg","type":"image\/jpeg"}],"twitter_card":"summary_large_image","schema":{"@context":"https:\/\/schema.org","@graph":[{"@type":"WebPage","@id":"https:\/\/letrainjaune.fr\/en\/a-voir-et-a-faire\/visites-arret\/","url":"https:\/\/letrainjaune.fr\/en\/a-voir-et-a-faire\/visites-arret\/","name":"Visites \u00e0 cet arr\u00eat - Let\u2019s Get on the Yellow Train","isPartOf":{"@id":"https:\/\/letrainjaune.fr\/en\/#website"},"primaryImageOfPage":{"@id":"https:\/\/letrainjaune.fr\/en\/a-voir-et-a-faire\/visites-arret\/#primaryimage"},"image":{"@id":"https:\/\/letrainjaune.fr\/en\/a-voir-et-a-faire\/visites-arret\/#primaryimage"},"thumbnailUrl":"https:\/\/letrainjaune.fr\/wp-content\/uploads\/2021\/04\/musee-de-cerdagne-3-FRED-BERLIC.jpg","datePublished":"2021-08-19T16:05:05+00:00","dateModified":"2021-08-23T13:47:04+00:00","breadcrumb":{"@id":"https:\/\/letrainjaune.fr\/en\/a-voir-et-a-faire\/visites-arret\/#breadcrumb"},"inLanguage":"en-US","potentialAction":[{"@type":"ReadAction","target":["https:\/\/letrainjaune.fr\/en\/a-voir-et-a-faire\/visites-arret\/"]}]},{"@type":"ImageObject","inLanguage":"en-US","@id":"https:\/\/letrainjaune.fr\/en\/a-voir-et-a-faire\/visites-arret\/#primaryimage","url":"https:\/\/letrainjaune.fr\/wp-content\/uploads\/2021\/04\/musee-de-cerdagne-3-FRED-BERLIC.jpg","contentUrl":"https:\/\/letrainjaune.fr\/wp-content\/uploads\/2021\/04\/musee-de-cerdagne-3-FRED-BERLIC.jpg","width":1200,"height":892,"caption":"Cerdanya Museum"},{"@type":"BreadcrumbList","@id":"https:\/\/letrainjaune.fr\/en\/a-voir-et-a-faire\/visites-arret\/#breadcrumb","itemListElement":[{"@type":"ListItem","position":1,"name":"Home page","item":"https:\/\/letrainjaune.fr\/en\/"},{"@type":"ListItem","position":2,"name":"\u00c0 voir et \u00e0 faire","item":"https:\/\/letrainjaune.fr\/en\/a-voir-et-a-faire\/"},{"@type":"ListItem","position":3,"name":"Visites \u00e0 cet arr\u00eat"}]},{"@type":"WebSite","@id":"https:\/\/letrainjaune.fr\/en\/#website","url":"https:\/\/letrainjaune.fr\/en\/","name":"Let\u2019s Get on the Yellow Train","description":"Dans les Pyr\u00e9n\u00e9es Catalanes, d\u00e9couvrez ce train sur le plus haut chemin de fer d\u2019Europe.","publisher":{"@id":"https:\/\/letrainjaune.fr\/en\/#organization"},"potentialAction":[{"@type":"SearchAction","target":{"@type":"EntryPoint","urlTemplate":"https:\/\/letrainjaune.fr\/en\/?s={search_term_string}"},"query-input":{"@type":"PropertyValueSpecification","valueRequired":true,"valueName":"search_term_string"}}],"inLanguage":"en-US"},{"@type":"Organization","@id":"https:\/\/letrainjaune.fr\/en\/#organization","name":"Let\u2019s Get on the Yellow Train","url":"https:\/\/letrainjaune.fr\/en\/","logo":{"@type":"ImageObject","inLanguage":"en-US","@id":"https:\/\/letrainjaune.fr\/en\/#\/schema\/logo\/image\/","url":"https:\/\/letrainjaune.fr\/wp-content\/uploads\/2021\/04\/TJ_logo-TJ-footer.svg","contentUrl":"https:\/\/letrainjaune.fr\/wp-content\/uploads\/2021\/04\/TJ_logo-TJ-footer.svg","width":"1920","height":"9999","caption":"Let\u2019s Get on the Yellow Train"},"image":{"@id":"https:\/\/letrainjaune.fr\/en\/#\/schema\/logo\/image\/"}}]}},"_links":{"self":[{"href":"https:\/\/letrainjaune.fr\/en\/wp-json\/wp\/v2\/pages\/4441","targetHints":{"allow":["GET"]}}],"collection":[{"href":"https:\/\/letrainjaune.fr\/en\/wp-json\/wp\/v2\/pages"}],"about":[{"href":"https:\/\/letrainjaune.fr\/en\/wp-json\/wp\/v2\/types\/page"}],"author":[{"embeddable":true,"href":"https:\/\/letrainjaune.fr\/en\/wp-json\/wp\/v2\/users\/1"}],"replies":[{"embeddable":true,"href":"https:\/\/letrainjaune.fr\/en\/wp-json\/wp\/v2\/comments?post=4441"}],"version-history":[{"count":8,"href":"https:\/\/letrainjaune.fr\/en\/wp-json\/wp\/v2\/pages\/4441\/revisions"}],"predecessor-version":[{"id":4466,"href":"https:\/\/letrainjaune.fr\/en\/wp-json\/wp\/v2\/pages\/4441\/revisions\/4466"}],"up":[{"embeddable":true,"href":"https:\/\/letrainjaune.fr\/en\/wp-json\/wp\/v2\/pages\/23"}],"wp:featuredmedia":[{"embeddable":true,"href":"https:\/\/letrainjaune.fr\/en\/wp-json\/wp\/v2\/media\/4192"}],"wp:attachment":[{"href":"https:\/\/letrainjaune.fr\/en\/wp-json\/wp\/v2\/media?parent=4441"}],"curies":[{"name":"wp","href":"https:\/\/api.w.org\/{rel}","templated":true}]}}