{"id":10470,"date":"2021-07-30T15:37:25","date_gmt":"2021-07-30T13:37:25","guid":{"rendered":"https:\/\/letrainjaune.fr\/organizar-su-recorrido\/itinerancia\/se-deplacer-sur-le-territoire\/"},"modified":"2023-07-13T17:46:00","modified_gmt":"2023-07-13T15:46:00","slug":"se-deplacer-sur-le-territoire","status":"publish","type":"page","link":"https:\/\/letrainjaune.fr\/es\/organizar-su-recorrido\/itinerancia\/se-deplacer-sur-le-territoire\/","title":{"rendered":"Entrenador liO"},"content":{"rendered":"\n<p>A continuaci\u00f3n encontrar\u00e1 los horarios de las l\u00edneas de autob\u00fas activas dentro del territorio del <strong>Parque Natural Regional de los Pirineos Catalanes.<\/strong> <\/p>\n\n\n<figure class=\"wp-block-image size-large\"><a href=https:\/\/letrainjaune.fr\/wp-content\/uploads\/2021\/08\/Plan-ligne-523-page-001.jpg title=\"L\u00ednea 523 Mosset - Prades \" rel=\"prettyPhoto\"><img src=https:\/\/letrainjaune.fr\/wp-content\/uploads\/2021\/08\/Plan-ligne-523-page-001-1920x1280.jpg alt=\"\" title=\"Plan-ligne-523-page-001\" width=\"\" class=\"wp-image-4598\"\/><\/a><figcaption>L\u00ednea 523 Mosset &#8211; Prades <span>&copy; R\u00e9gion Occitanie, DGDIM, Fabagogo <\/span><\/figcaption><\/figure>\n\n\n<div class=\"wp-block-file\"><a href=\"https:\/\/letrainjaune.fr\/wp-content\/uploads\/2021\/07\/Plan-ligne-523.pdf\">Plan-ligne-523<\/a><a href=\"https:\/\/letrainjaune.fr\/wp-content\/uploads\/2021\/07\/Plan-ligne-523.pdf\" class=\"wp-block-file__button\" download>T\u00e9l\u00e9charger<\/a><\/div>\n\n\n<figure class=\"wp-block-image size-large\"><a href=https:\/\/letrainjaune.fr\/wp-content\/uploads\/2021\/08\/Plan-ligne-524-page-001.jpg title=\"L\u00ednea 524 Fontp\u00e9drouse - Prades\" rel=\"prettyPhoto\"><img src=https:\/\/letrainjaune.fr\/wp-content\/uploads\/2021\/08\/Plan-ligne-524-page-001-1920x1280.jpg alt=\"\" title=\"Plan-ligne-524-page-001\" width=\"\" class=\"wp-image-4606\"\/><\/a><figcaption>L\u00ednea 524 Fontp\u00e9drouse &#8211; Prades<span>&copy; R\u00e9gion Occitanie, DGDIM, Fabagogo <\/span><\/figcaption><\/figure>\n\n\n<div class=\"wp-block-file\"><a href=\"https:\/\/letrainjaune.fr\/wp-content\/uploads\/2021\/07\/Plan-ligne-524.pdf\">Plan-ligne-524<\/a><a href=\"https:\/\/letrainjaune.fr\/wp-content\/uploads\/2021\/07\/Plan-ligne-524.pdf\" class=\"wp-block-file__button\" download>T\u00e9l\u00e9charger<\/a><\/div>\n\n\n<figure class=\"wp-block-image size-large\"><a href=https:\/\/letrainjaune.fr\/wp-content\/uploads\/2021\/08\/Plan-ligne-561-page-001.jpg title=\"L\u00ednea 561 Formigu\u00e8res - Mont Louis \" rel=\"prettyPhoto\"><img src=https:\/\/letrainjaune.fr\/wp-content\/uploads\/2021\/08\/Plan-ligne-561-page-001-1920x1280.jpg alt=\"\" title=\"Plan-ligne-561-page-001\" width=\"\" class=\"wp-image-4610\"\/><\/a><figcaption>L\u00ednea 561 Formigu\u00e8res &#8211; Mont Louis <span>&copy; R\u00e9gion Occitanie, DGDIM, Fabagogo <\/span><\/figcaption><\/figure>\n\n\n<div class=\"wp-block-file\"><a href=\"https:\/\/letrainjaune.fr\/wp-content\/uploads\/2021\/07\/Plan-ligne-561-1.pdf\">Plan-ligne-561 <\/a><a href=\"https:\/\/letrainjaune.fr\/wp-content\/uploads\/2021\/07\/Plan-ligne-561-1.pdf\" class=\"wp-block-file__button\" download>T\u00e9l\u00e9charger<\/a><\/div>\n\n\n<figure class=\"wp-block-image size-large\"><a href=https:\/\/letrainjaune.fr\/wp-content\/uploads\/2021\/08\/Plan-ligne-566-page-001.jpg title=\"L\u00ednea 566 Port\u00e9 Puymorens - Puigcerda - Mont Louis \" rel=\"prettyPhoto\"><img src=https:\/\/letrainjaune.fr\/wp-content\/uploads\/2021\/08\/Plan-ligne-566-page-001-1920x1280.jpg alt=\"\" title=\"Plan-ligne-566-page-001\" width=\"\" class=\"wp-image-4614\"\/><\/a><figcaption>L\u00ednea 566 Port\u00e9 Puymorens &#8211; Puigcerda &#8211; Mont Louis <span>&copy; R\u00e9gion Occitanie, DGDIM, Fabagogo <\/span><\/figcaption><\/figure>\n\n\n<div class=\"wp-block-file\"><a href=\"https:\/\/letrainjaune.fr\/wp-content\/uploads\/2021\/07\/Plan-ligne-566.pdf\">Plan-ligne-566<\/a><a href=\"https:\/\/letrainjaune.fr\/wp-content\/uploads\/2021\/07\/Plan-ligne-566.pdf\" class=\"wp-block-file__button\" download>T\u00e9l\u00e9charger<\/a><\/div>\n\n\n<figure class=\"wp-block-image size-large\"><a href=https:\/\/letrainjaune.fr\/wp-content\/uploads\/2021\/08\/Plan-ligne-569-page-001.jpg title=\"L\u00ednea 569 Formigu\u00e8res - Puigcerda - Err \" rel=\"prettyPhoto\"><img src=https:\/\/letrainjaune.fr\/wp-content\/uploads\/2021\/08\/Plan-ligne-569-page-001-1920x1280.jpg alt=\"\" title=\"Plan-ligne-569-page-001\" width=\"\" class=\"wp-image-4618\"\/><\/a><figcaption>L\u00ednea 569 Formigu\u00e8res &#8211; Puigcerda &#8211; Err <span>&copy; R\u00e9gion Occitanie, DGDIM, Fabagogo <\/span><\/figcaption><\/figure>\n\n\n<div class=\"wp-block-file\"><a href=\"https:\/\/letrainjaune.fr\/wp-content\/uploads\/2021\/07\/Plan-ligne-569.pdf\">Plan-ligne-569<\/a><a href=\"https:\/\/letrainjaune.fr\/wp-content\/uploads\/2021\/07\/Plan-ligne-569.pdf\" class=\"wp-block-file__button\" download>T\u00e9l\u00e9charger<\/a><\/div>\n","protected":false},"excerpt":{"rendered":"<p>A continuaci\u00f3n encontrar\u00e1 los horarios de las l\u00edneas de autob\u00fas activas dentro del territorio del Parque Natural Regional de los Pirineos Catalanes.<\/p>\n","protected":false},"author":5,"featured_media":4303,"parent":1889,"menu_order":0,"comment_status":"closed","ping_status":"closed","template":"","meta":{"_acf_changed":false,"inline_featured_image":false,"footnotes":""},"class_list":["post-10470","page","type-page","status-publish","has-post-thumbnail","hentry"],"acf":[],"yoast_head":"<!-- This site is optimized with the Yoast SEO plugin v25.4 - https:\/\/yoast.com\/wordpress\/plugins\/seo\/ -->\n<title>Entrenador liO - Destino Tren amarillo<\/title>\n<meta name=\"robots\" content=\"index, follow, max-snippet:-1, max-image-preview:large, max-video-preview:-1\" \/>\n<link rel=\"canonical\" href=\"https:\/\/letrainjaune.fr\/es\/organizar-su-recorrido\/itinerancia\/se-deplacer-sur-le-territoire\/\" \/>\n<meta property=\"og:locale\" content=\"es_ES\" \/>\n<meta property=\"og:type\" content=\"article\" \/>\n<meta property=\"og:title\" content=\"Entrenador liO - Destino Tren amarillo\" \/>\n<meta property=\"og:description\" content=\"A continuaci\u00f3n encontrar\u00e1 los horarios de las l\u00edneas de autob\u00fas activas dentro del territorio del Parque Natural Regional de los Pirineos Catalanes.\" \/>\n<meta property=\"og:url\" content=\"https:\/\/letrainjaune.fr\/es\/organizar-su-recorrido\/itinerancia\/se-deplacer-sur-le-territoire\/\" \/>\n<meta property=\"og:site_name\" content=\"Destino Tren amarillo\" \/>\n<meta property=\"article:modified_time\" content=\"2023-07-13T15:46:00+00:00\" \/>\n<meta property=\"og:image\" content=\"https:\/\/letrainjaune.fr\/wp-content\/uploads\/2021\/08\/RMP0092542_Grimault-Emmanuel-Region-Occitanie_-1.jpg\" \/>\n\t<meta property=\"og:image:width\" content=\"800\" \/>\n\t<meta property=\"og:image:height\" content=\"555\" \/>\n\t<meta property=\"og:image:type\" content=\"image\/jpeg\" \/>\n<meta name=\"twitter:card\" content=\"summary_large_image\" \/>\n<meta name=\"twitter:label1\" content=\"Tiempo de lectura\" \/>\n\t<meta name=\"twitter:data1\" content=\"2 minutos\" \/>\n<script type=\"application\/ld+json\" class=\"yoast-schema-graph\">{\"@context\":\"https:\/\/schema.org\",\"@graph\":[{\"@type\":\"WebPage\",\"@id\":\"https:\/\/letrainjaune.fr\/es\/organizar-su-recorrido\/itinerancia\/se-deplacer-sur-le-territoire\/\",\"url\":\"https:\/\/letrainjaune.fr\/es\/organizar-su-recorrido\/itinerancia\/se-deplacer-sur-le-territoire\/\",\"name\":\"Entrenador liO - Destino Tren amarillo\",\"isPartOf\":{\"@id\":\"https:\/\/letrainjaune.fr\/es\/#website\"},\"primaryImageOfPage\":{\"@id\":\"https:\/\/letrainjaune.fr\/es\/organizar-su-recorrido\/itinerancia\/se-deplacer-sur-le-territoire\/#primaryimage\"},\"image\":{\"@id\":\"https:\/\/letrainjaune.fr\/es\/organizar-su-recorrido\/itinerancia\/se-deplacer-sur-le-territoire\/#primaryimage\"},\"thumbnailUrl\":\"https:\/\/letrainjaune.fr\/wp-content\/uploads\/2021\/08\/RMP0092542_Grimault-Emmanuel-Region-Occitanie_-1.jpg\",\"datePublished\":\"2021-07-30T13:37:25+00:00\",\"dateModified\":\"2023-07-13T15:46:00+00:00\",\"breadcrumb\":{\"@id\":\"https:\/\/letrainjaune.fr\/es\/organizar-su-recorrido\/itinerancia\/se-deplacer-sur-le-territoire\/#breadcrumb\"},\"inLanguage\":\"es\",\"potentialAction\":[{\"@type\":\"ReadAction\",\"target\":[\"https:\/\/letrainjaune.fr\/es\/organizar-su-recorrido\/itinerancia\/se-deplacer-sur-le-territoire\/\"]}]},{\"@type\":\"ImageObject\",\"inLanguage\":\"es\",\"@id\":\"https:\/\/letrainjaune.fr\/es\/organizar-su-recorrido\/itinerancia\/se-deplacer-sur-le-territoire\/#primaryimage\",\"url\":\"https:\/\/letrainjaune.fr\/wp-content\/uploads\/2021\/08\/RMP0092542_Grimault-Emmanuel-Region-Occitanie_-1.jpg\",\"contentUrl\":\"https:\/\/letrainjaune.fr\/wp-content\/uploads\/2021\/08\/RMP0092542_Grimault-Emmanuel-Region-Occitanie_-1.jpg\",\"width\":800,\"height\":555,\"caption\":\"L\u00ednea de autocar liO entre Albi y Castres\"},{\"@type\":\"BreadcrumbList\",\"@id\":\"https:\/\/letrainjaune.fr\/es\/organizar-su-recorrido\/itinerancia\/se-deplacer-sur-le-territoire\/#breadcrumb\",\"itemListElement\":[{\"@type\":\"ListItem\",\"position\":1,\"name\":\"Inicio\",\"item\":\"https:\/\/letrainjaune.fr\/es\/\"},{\"@type\":\"ListItem\",\"position\":2,\"name\":\"Organizar su recorrido\",\"item\":\"https:\/\/letrainjaune.fr\/es\/organizar-su-recorrido\/\"},{\"@type\":\"ListItem\",\"position\":3,\"name\":\"Itinerancia\",\"item\":\"https:\/\/letrainjaune.fr\/es\/organizar-su-recorrido\/itinerancia\/\"},{\"@type\":\"ListItem\",\"position\":4,\"name\":\"Entrenador liO\"}]},{\"@type\":\"WebSite\",\"@id\":\"https:\/\/letrainjaune.fr\/es\/#website\",\"url\":\"https:\/\/letrainjaune.fr\/es\/\",\"name\":\"Destino Tren amarillo\",\"description\":\"Dans les Pyr\u00e9n\u00e9es Catalanes, d\u00e9couvrez ce train sur le plus haut chemin de fer d\u2019Europe.\",\"publisher\":{\"@id\":\"https:\/\/letrainjaune.fr\/es\/#organization\"},\"potentialAction\":[{\"@type\":\"SearchAction\",\"target\":{\"@type\":\"EntryPoint\",\"urlTemplate\":\"https:\/\/letrainjaune.fr\/es\/?s={search_term_string}\"},\"query-input\":{\"@type\":\"PropertyValueSpecification\",\"valueRequired\":true,\"valueName\":\"search_term_string\"}}],\"inLanguage\":\"es\"},{\"@type\":\"Organization\",\"@id\":\"https:\/\/letrainjaune.fr\/es\/#organization\",\"name\":\"Destino Tren amarillo\",\"url\":\"https:\/\/letrainjaune.fr\/es\/\",\"logo\":{\"@type\":\"ImageObject\",\"inLanguage\":\"es\",\"@id\":\"https:\/\/letrainjaune.fr\/es\/#\/schema\/logo\/image\/\",\"url\":\"https:\/\/letrainjaune.fr\/wp-content\/uploads\/2021\/04\/TJ_logo-TJ-footer.svg\",\"contentUrl\":\"https:\/\/letrainjaune.fr\/wp-content\/uploads\/2021\/04\/TJ_logo-TJ-footer.svg\",\"width\":\"1920\",\"height\":\"9999\",\"caption\":\"Destino Tren amarillo\"},\"image\":{\"@id\":\"https:\/\/letrainjaune.fr\/es\/#\/schema\/logo\/image\/\"}}]}<\/script>\n<!-- \/ Yoast SEO plugin. -->","yoast_head_json":{"title":"Entrenador liO - Destino Tren amarillo","robots":{"index":"index","follow":"follow","max-snippet":"max-snippet:-1","max-image-preview":"max-image-preview:large","max-video-preview":"max-video-preview:-1"},"canonical":"https:\/\/letrainjaune.fr\/es\/organizar-su-recorrido\/itinerancia\/se-deplacer-sur-le-territoire\/","og_locale":"es_ES","og_type":"article","og_title":"Entrenador liO - Destino Tren amarillo","og_description":"A continuaci\u00f3n encontrar\u00e1 los horarios de las l\u00edneas de autob\u00fas activas dentro del territorio del Parque Natural Regional de los Pirineos Catalanes.","og_url":"https:\/\/letrainjaune.fr\/es\/organizar-su-recorrido\/itinerancia\/se-deplacer-sur-le-territoire\/","og_site_name":"Destino Tren amarillo","article_modified_time":"2023-07-13T15:46:00+00:00","og_image":[{"width":800,"height":555,"url":"https:\/\/letrainjaune.fr\/wp-content\/uploads\/2021\/08\/RMP0092542_Grimault-Emmanuel-Region-Occitanie_-1.jpg","type":"image\/jpeg"}],"twitter_card":"summary_large_image","twitter_misc":{"Tiempo de lectura":"2 minutos"},"schema":{"@context":"https:\/\/schema.org","@graph":[{"@type":"WebPage","@id":"https:\/\/letrainjaune.fr\/es\/organizar-su-recorrido\/itinerancia\/se-deplacer-sur-le-territoire\/","url":"https:\/\/letrainjaune.fr\/es\/organizar-su-recorrido\/itinerancia\/se-deplacer-sur-le-territoire\/","name":"Entrenador liO - Destino Tren amarillo","isPartOf":{"@id":"https:\/\/letrainjaune.fr\/es\/#website"},"primaryImageOfPage":{"@id":"https:\/\/letrainjaune.fr\/es\/organizar-su-recorrido\/itinerancia\/se-deplacer-sur-le-territoire\/#primaryimage"},"image":{"@id":"https:\/\/letrainjaune.fr\/es\/organizar-su-recorrido\/itinerancia\/se-deplacer-sur-le-territoire\/#primaryimage"},"thumbnailUrl":"https:\/\/letrainjaune.fr\/wp-content\/uploads\/2021\/08\/RMP0092542_Grimault-Emmanuel-Region-Occitanie_-1.jpg","datePublished":"2021-07-30T13:37:25+00:00","dateModified":"2023-07-13T15:46:00+00:00","breadcrumb":{"@id":"https:\/\/letrainjaune.fr\/es\/organizar-su-recorrido\/itinerancia\/se-deplacer-sur-le-territoire\/#breadcrumb"},"inLanguage":"es","potentialAction":[{"@type":"ReadAction","target":["https:\/\/letrainjaune.fr\/es\/organizar-su-recorrido\/itinerancia\/se-deplacer-sur-le-territoire\/"]}]},{"@type":"ImageObject","inLanguage":"es","@id":"https:\/\/letrainjaune.fr\/es\/organizar-su-recorrido\/itinerancia\/se-deplacer-sur-le-territoire\/#primaryimage","url":"https:\/\/letrainjaune.fr\/wp-content\/uploads\/2021\/08\/RMP0092542_Grimault-Emmanuel-Region-Occitanie_-1.jpg","contentUrl":"https:\/\/letrainjaune.fr\/wp-content\/uploads\/2021\/08\/RMP0092542_Grimault-Emmanuel-Region-Occitanie_-1.jpg","width":800,"height":555,"caption":"L\u00ednea de autocar liO entre Albi y Castres"},{"@type":"BreadcrumbList","@id":"https:\/\/letrainjaune.fr\/es\/organizar-su-recorrido\/itinerancia\/se-deplacer-sur-le-territoire\/#breadcrumb","itemListElement":[{"@type":"ListItem","position":1,"name":"Inicio","item":"https:\/\/letrainjaune.fr\/es\/"},{"@type":"ListItem","position":2,"name":"Organizar su recorrido","item":"https:\/\/letrainjaune.fr\/es\/organizar-su-recorrido\/"},{"@type":"ListItem","position":3,"name":"Itinerancia","item":"https:\/\/letrainjaune.fr\/es\/organizar-su-recorrido\/itinerancia\/"},{"@type":"ListItem","position":4,"name":"Entrenador liO"}]},{"@type":"WebSite","@id":"https:\/\/letrainjaune.fr\/es\/#website","url":"https:\/\/letrainjaune.fr\/es\/","name":"Destino Tren amarillo","description":"Dans les Pyr\u00e9n\u00e9es Catalanes, d\u00e9couvrez ce train sur le plus haut chemin de fer d\u2019Europe.","publisher":{"@id":"https:\/\/letrainjaune.fr\/es\/#organization"},"potentialAction":[{"@type":"SearchAction","target":{"@type":"EntryPoint","urlTemplate":"https:\/\/letrainjaune.fr\/es\/?s={search_term_string}"},"query-input":{"@type":"PropertyValueSpecification","valueRequired":true,"valueName":"search_term_string"}}],"inLanguage":"es"},{"@type":"Organization","@id":"https:\/\/letrainjaune.fr\/es\/#organization","name":"Destino Tren amarillo","url":"https:\/\/letrainjaune.fr\/es\/","logo":{"@type":"ImageObject","inLanguage":"es","@id":"https:\/\/letrainjaune.fr\/es\/#\/schema\/logo\/image\/","url":"https:\/\/letrainjaune.fr\/wp-content\/uploads\/2021\/04\/TJ_logo-TJ-footer.svg","contentUrl":"https:\/\/letrainjaune.fr\/wp-content\/uploads\/2021\/04\/TJ_logo-TJ-footer.svg","width":"1920","height":"9999","caption":"Destino Tren amarillo"},"image":{"@id":"https:\/\/letrainjaune.fr\/es\/#\/schema\/logo\/image\/"}}]}},"_links":{"self":[{"href":"https:\/\/letrainjaune.fr\/es\/wp-json\/wp\/v2\/pages\/10470","targetHints":{"allow":["GET"]}}],"collection":[{"href":"https:\/\/letrainjaune.fr\/es\/wp-json\/wp\/v2\/pages"}],"about":[{"href":"https:\/\/letrainjaune.fr\/es\/wp-json\/wp\/v2\/types\/page"}],"author":[{"embeddable":true,"href":"https:\/\/letrainjaune.fr\/es\/wp-json\/wp\/v2\/users\/5"}],"replies":[{"embeddable":true,"href":"https:\/\/letrainjaune.fr\/es\/wp-json\/wp\/v2\/comments?post=10470"}],"version-history":[{"count":1,"href":"https:\/\/letrainjaune.fr\/es\/wp-json\/wp\/v2\/pages\/10470\/revisions"}],"predecessor-version":[{"id":10472,"href":"https:\/\/letrainjaune.fr\/es\/wp-json\/wp\/v2\/pages\/10470\/revisions\/10472"}],"up":[{"embeddable":true,"href":"https:\/\/letrainjaune.fr\/es\/wp-json\/wp\/v2\/pages\/1889"}],"wp:featuredmedia":[{"embeddable":true,"href":"https:\/\/letrainjaune.fr\/es\/wp-json\/wp\/v2\/media\/4303"}],"wp:attachment":[{"href":"https:\/\/letrainjaune.fr\/es\/wp-json\/wp\/v2\/media?parent=10470"}],"curies":[{"name":"wp","href":"https:\/\/api.w.org\/{rel}","templated":true}]}}