{"id":1628,"date":"2021-02-16T12:16:21","date_gmt":"2021-02-16T11:16:21","guid":{"rendered":"https:\/\/letrainjaune.fr\/contacts\/"},"modified":"2023-06-27T10:32:43","modified_gmt":"2023-06-27T08:32:43","slug":"contacts","status":"publish","type":"page","link":"https:\/\/letrainjaune.fr\/es\/organizar-su-recorrido\/contacts\/","title":{"rendered":"Contactos"},"content":{"rendered":"\n<p>Los profesionales del ferrocarril y el turismo est\u00e1n a su disposici\u00f3n para responder a sus preguntas.<\/p>\n\n\n\n<figure class=\"wp-block-table is-style-stripes\"><table><thead><tr><th class=\"has-text-align-center\" data-align=\"center\"><strong>Organismo<\/strong><\/th><th class=\"has-text-align-center\" data-align=\"center\">Direcci\u00f3n<\/th><th class=\"has-text-align-center\" data-align=\"center\">Tel\u00e9fono<\/th><th class=\"has-text-align-center\" data-align=\"center\">Direcci\u00f3n de correo electr\u00f3nico<\/th><\/tr><\/thead><tbody><tr><td class=\"has-text-align-center\" data-align=\"center\"><strong>Oficina de turismo intermunicipal de Conflent Canig\u00f3<\/strong><\/td><td class=\"has-text-align-center\" data-align=\"center\">10 Place de la R\u00e9publique, 66 500 Prades.<\/td><td class=\"has-text-align-center\" data-align=\"center\">04 68 05 41 02<\/td><td class=\"has-text-align-center\" data-align=\"center\">info@tourisme-canigou.com<\/td><\/tr><tr><td class=\"has-text-align-center\" data-align=\"center\"><strong>Oficina de turismo Mont-Louis<\/strong><\/td><td class=\"has-text-align-center\" data-align=\"center\">6 Boulevard Vauban, 66 210 Mont-Louis<\/td><td class=\"has-text-align-center\" data-align=\"center\">04 68 04 21 97<\/td><td class=\"has-text-align-center\" data-align=\"center\">otmontlouis@wanadoo.fr<\/td><\/tr><tr><td class=\"has-text-align-center\" data-align=\"center\"><strong>Oficina de turismo intermunicipal<br>Pyr\u00e9n\u00e9es-catalanes<\/strong><\/td><td class=\"has-text-align-center\" data-align=\"center\">Rue de la Quillane, 66210 La Llagone<\/td><td class=\"has-text-align-center\" data-align=\"center\">04 68 04 49 86<\/td><td class=\"has-text-align-center\" data-align=\"center\">contact@pyrenees-catalanes.com<\/td><\/tr><tr><td class=\"has-text-align-center\" data-align=\"center\"><strong>Oficina de turismo Font-Romeu<\/strong><\/td><td class=\"has-text-align-center\" data-align=\"center\">82 Avenue Emmanuel Brousse, 66120 Font-Romeu Odeillo Via<\/td><td class=\"has-text-align-center\" data-align=\"center\">04 68 30 68 30<\/td><td class=\"has-text-align-center\" data-align=\"center\">office@font-romeu.fr<\/td><\/tr><tr><td class=\"has-text-align-center\" data-align=\"center\"><strong>Oficina de turismo Bolqu\u00e8re\/Pyr\u00e9n\u00e9es 2000<\/strong><\/td><td class=\"has-text-align-center\" data-align=\"center\">Avenue du Serrat de l&#8217;Ours, 66210 Bolqu\u00e8re<\/td><td class=\"has-text-align-center\" data-align=\"center\">04 68 30 12 42<\/td><td class=\"has-text-align-center\" data-align=\"center\">infos@pyrenees2000.com<\/td><\/tr><tr><td class=\"has-text-align-center\" data-align=\"center\"><strong>Oficina de turismo intermunicipal<\/strong><br><strong>Pyr\u00e9n\u00e9es-Cerdagne<\/strong><\/td><td class=\"has-text-align-center\" data-align=\"center\">1 Place du Roser, 66 800 Saillagouse.<\/td><td class=\"has-text-align-center\" data-align=\"center\">04 68 04 15 47<\/td><td class=\"has-text-align-center\" data-align=\"center\">Formulaire de contact : https:\/\/www.pyrenees-cerdagne.com\/pratique\/nous-contacter<\/td><\/tr><tr><td class=\"has-text-align-center\" data-align=\"center\"><strong>Parque Natural Regional de los Pirineos Catalanes<\/strong><\/td><td class=\"has-text-align-center\" data-align=\"center\">La Bastide, 66 360 Olette<\/td><td class=\"has-text-align-center\" data-align=\"center\">04 68 04 97 60<\/td><td class=\"has-text-align-center\" data-align=\"center\">contact@pnrpc.fr<\/td><\/tr><tr><td class=\"has-text-align-center\" data-align=\"center\"><strong>Estaci\u00f3n <\/strong><br><strong> Villefranche-de-Conflent <\/strong><\/td><td class=\"has-text-align-center\" data-align=\"center\">66820 Villefranche-de-Conflent <\/td><td class=\"has-text-align-center\" data-align=\"center\">04 68 96 63 62 <\/td><td class=\"has-text-align-center\" data-align=\"center\"><\/td><\/tr><tr><td class=\"has-text-align-center\" data-align=\"center\"><strong> <strong>Estaci\u00f3n <\/strong> <\/strong><br><strong>Mont-Louis <\/strong><\/td><td class=\"has-text-align-center\" data-align=\"center\">La, 1 Rue Moffre, 66210 La Cabanasse <\/td><td class=\"has-text-align-center\" data-align=\"center\">04 68 04 13 58 <\/td><td class=\"has-text-align-center\" data-align=\"center\"><\/td><\/tr><tr><td class=\"has-text-align-center\" data-align=\"center\"><strong> <strong>Estaci\u00f3n <\/strong> Latour-de-Carol <\/strong><\/td><td class=\"has-text-align-center\" data-align=\"center\">66760 Enveitg <\/td><td class=\"has-text-align-center\" data-align=\"center\">04 68 30 85 26\/24 <\/td><td class=\"has-text-align-center\" data-align=\"center\"><\/td><\/tr><\/tbody><\/table><\/figure>\n\n\n\n<p><\/p>\n\n\n\n<p><\/p>\n","protected":false},"excerpt":{"rendered":"<p>Los profesionales del ferrocarril y el turismo est\u00e1n a su disposici\u00f3n para responder a sus preguntas. Organismo Direcci\u00f3n Tel\u00e9fono Direcci\u00f3n de correo electr\u00f3nico Oficina de turismo intermunicipal de Conflent Canig\u00f3 10 Place de la R\u00e9publique, 66 500 Prades. 04 68 05 41 02 info@tourisme-canigou.com Oficina de turismo Mont-Louis 6 Boulevard Vauban, 66 210 Mont-Louis 04 [&hellip;]<\/p>\n","protected":false},"author":2,"featured_media":4876,"parent":1712,"menu_order":7,"comment_status":"closed","ping_status":"closed","template":"","meta":{"_acf_changed":false,"inline_featured_image":false,"footnotes":""},"class_list":["post-1628","page","type-page","status-publish","has-post-thumbnail","hentry"],"acf":[],"yoast_head":"<!-- This site is optimized with the Yoast SEO plugin v25.4 - https:\/\/yoast.com\/wordpress\/plugins\/seo\/ -->\n<title>Contactos - Destino Tren amarillo<\/title>\n<meta name=\"robots\" content=\"index, follow, max-snippet:-1, max-image-preview:large, max-video-preview:-1\" \/>\n<link rel=\"canonical\" href=\"https:\/\/letrainjaune.fr\/es\/organizar-su-recorrido\/contacts\/\" \/>\n<meta property=\"og:locale\" content=\"es_ES\" \/>\n<meta property=\"og:type\" content=\"article\" \/>\n<meta property=\"og:title\" content=\"Contactos - Destino Tren amarillo\" \/>\n<meta property=\"og:description\" content=\"Los profesionales del ferrocarril y el turismo est\u00e1n a su disposici\u00f3n para responder a sus preguntas. Organismo Direcci\u00f3n Tel\u00e9fono Direcci\u00f3n de correo electr\u00f3nico Oficina de turismo intermunicipal de Conflent Canig\u00f3 10 Place de la R\u00e9publique, 66 500 Prades. 04 68 05 41 02 info@tourisme-canigou.com Oficina de turismo Mont-Louis 6 Boulevard Vauban, 66 210 Mont-Louis 04 [&hellip;]\" \/>\n<meta property=\"og:url\" content=\"https:\/\/letrainjaune.fr\/es\/organizar-su-recorrido\/contacts\/\" \/>\n<meta property=\"og:site_name\" content=\"Destino Tren amarillo\" \/>\n<meta property=\"article:modified_time\" content=\"2023-06-27T08:32:43+00:00\" \/>\n<meta property=\"og:image\" content=\"https:\/\/letrainjaune.fr\/wp-content\/uploads\/2021\/09\/Schema_Pont_Gisclard\u00a9Coll-scaled.jpg\" \/>\n\t<meta property=\"og:image:width\" content=\"1920\" \/>\n\t<meta property=\"og:image:height\" content=\"1252\" \/>\n\t<meta property=\"og:image:type\" content=\"image\/jpeg\" \/>\n<meta name=\"twitter:card\" content=\"summary_large_image\" \/>\n<meta name=\"twitter:label1\" content=\"Tiempo de lectura\" \/>\n\t<meta name=\"twitter:data1\" content=\"1 minuto\" \/>\n<script type=\"application\/ld+json\" class=\"yoast-schema-graph\">{\"@context\":\"https:\/\/schema.org\",\"@graph\":[{\"@type\":\"WebPage\",\"@id\":\"https:\/\/letrainjaune.fr\/es\/organizar-su-recorrido\/contacts\/\",\"url\":\"https:\/\/letrainjaune.fr\/es\/organizar-su-recorrido\/contacts\/\",\"name\":\"Contactos - Destino Tren amarillo\",\"isPartOf\":{\"@id\":\"https:\/\/letrainjaune.fr\/es\/#website\"},\"primaryImageOfPage\":{\"@id\":\"https:\/\/letrainjaune.fr\/es\/organizar-su-recorrido\/contacts\/#primaryimage\"},\"image\":{\"@id\":\"https:\/\/letrainjaune.fr\/es\/organizar-su-recorrido\/contacts\/#primaryimage\"},\"thumbnailUrl\":\"https:\/\/letrainjaune.fr\/wp-content\/uploads\/2021\/09\/Schema_Pont_Gisclard\u00a9Coll-scaled.jpg\",\"datePublished\":\"2021-02-16T11:16:21+00:00\",\"dateModified\":\"2023-06-27T08:32:43+00:00\",\"breadcrumb\":{\"@id\":\"https:\/\/letrainjaune.fr\/es\/organizar-su-recorrido\/contacts\/#breadcrumb\"},\"inLanguage\":\"es\",\"potentialAction\":[{\"@type\":\"ReadAction\",\"target\":[\"https:\/\/letrainjaune.fr\/es\/organizar-su-recorrido\/contacts\/\"]}]},{\"@type\":\"ImageObject\",\"inLanguage\":\"es\",\"@id\":\"https:\/\/letrainjaune.fr\/es\/organizar-su-recorrido\/contacts\/#primaryimage\",\"url\":\"https:\/\/letrainjaune.fr\/wp-content\/uploads\/2021\/09\/Schema_Pont_Gisclard\u00a9Coll-scaled.jpg\",\"contentUrl\":\"https:\/\/letrainjaune.fr\/wp-content\/uploads\/2021\/09\/Schema_Pont_Gisclard\u00a9Coll-scaled.jpg\",\"width\":1920,\"height\":1252,\"caption\":\"Diagrama del puente Gisclard\"},{\"@type\":\"BreadcrumbList\",\"@id\":\"https:\/\/letrainjaune.fr\/es\/organizar-su-recorrido\/contacts\/#breadcrumb\",\"itemListElement\":[{\"@type\":\"ListItem\",\"position\":1,\"name\":\"Inicio\",\"item\":\"https:\/\/letrainjaune.fr\/es\/\"},{\"@type\":\"ListItem\",\"position\":2,\"name\":\"Organizar su recorrido\",\"item\":\"https:\/\/letrainjaune.fr\/es\/organizar-su-recorrido\/\"},{\"@type\":\"ListItem\",\"position\":3,\"name\":\"Contactos\"}]},{\"@type\":\"WebSite\",\"@id\":\"https:\/\/letrainjaune.fr\/es\/#website\",\"url\":\"https:\/\/letrainjaune.fr\/es\/\",\"name\":\"Destino Tren amarillo\",\"description\":\"Dans les Pyr\u00e9n\u00e9es Catalanes, d\u00e9couvrez ce train sur le plus haut chemin de fer d\u2019Europe.\",\"publisher\":{\"@id\":\"https:\/\/letrainjaune.fr\/es\/#organization\"},\"potentialAction\":[{\"@type\":\"SearchAction\",\"target\":{\"@type\":\"EntryPoint\",\"urlTemplate\":\"https:\/\/letrainjaune.fr\/es\/?s={search_term_string}\"},\"query-input\":{\"@type\":\"PropertyValueSpecification\",\"valueRequired\":true,\"valueName\":\"search_term_string\"}}],\"inLanguage\":\"es\"},{\"@type\":\"Organization\",\"@id\":\"https:\/\/letrainjaune.fr\/es\/#organization\",\"name\":\"Destino Tren amarillo\",\"url\":\"https:\/\/letrainjaune.fr\/es\/\",\"logo\":{\"@type\":\"ImageObject\",\"inLanguage\":\"es\",\"@id\":\"https:\/\/letrainjaune.fr\/es\/#\/schema\/logo\/image\/\",\"url\":\"https:\/\/letrainjaune.fr\/wp-content\/uploads\/2021\/04\/TJ_logo-TJ-footer.svg\",\"contentUrl\":\"https:\/\/letrainjaune.fr\/wp-content\/uploads\/2021\/04\/TJ_logo-TJ-footer.svg\",\"width\":\"1920\",\"height\":\"9999\",\"caption\":\"Destino Tren amarillo\"},\"image\":{\"@id\":\"https:\/\/letrainjaune.fr\/es\/#\/schema\/logo\/image\/\"}}]}<\/script>\n<!-- \/ Yoast SEO plugin. -->","yoast_head_json":{"title":"Contactos - Destino Tren amarillo","robots":{"index":"index","follow":"follow","max-snippet":"max-snippet:-1","max-image-preview":"max-image-preview:large","max-video-preview":"max-video-preview:-1"},"canonical":"https:\/\/letrainjaune.fr\/es\/organizar-su-recorrido\/contacts\/","og_locale":"es_ES","og_type":"article","og_title":"Contactos - Destino Tren amarillo","og_description":"Los profesionales del ferrocarril y el turismo est\u00e1n a su disposici\u00f3n para responder a sus preguntas. Organismo Direcci\u00f3n Tel\u00e9fono Direcci\u00f3n de correo electr\u00f3nico Oficina de turismo intermunicipal de Conflent Canig\u00f3 10 Place de la R\u00e9publique, 66 500 Prades. 04 68 05 41 02 info@tourisme-canigou.com Oficina de turismo Mont-Louis 6 Boulevard Vauban, 66 210 Mont-Louis 04 [&hellip;]","og_url":"https:\/\/letrainjaune.fr\/es\/organizar-su-recorrido\/contacts\/","og_site_name":"Destino Tren amarillo","article_modified_time":"2023-06-27T08:32:43+00:00","og_image":[{"width":1920,"height":1252,"url":"https:\/\/letrainjaune.fr\/wp-content\/uploads\/2021\/09\/Schema_Pont_Gisclard\u00a9Coll-scaled.jpg","type":"image\/jpeg"}],"twitter_card":"summary_large_image","twitter_misc":{"Tiempo de lectura":"1 minuto"},"schema":{"@context":"https:\/\/schema.org","@graph":[{"@type":"WebPage","@id":"https:\/\/letrainjaune.fr\/es\/organizar-su-recorrido\/contacts\/","url":"https:\/\/letrainjaune.fr\/es\/organizar-su-recorrido\/contacts\/","name":"Contactos - Destino Tren amarillo","isPartOf":{"@id":"https:\/\/letrainjaune.fr\/es\/#website"},"primaryImageOfPage":{"@id":"https:\/\/letrainjaune.fr\/es\/organizar-su-recorrido\/contacts\/#primaryimage"},"image":{"@id":"https:\/\/letrainjaune.fr\/es\/organizar-su-recorrido\/contacts\/#primaryimage"},"thumbnailUrl":"https:\/\/letrainjaune.fr\/wp-content\/uploads\/2021\/09\/Schema_Pont_Gisclard\u00a9Coll-scaled.jpg","datePublished":"2021-02-16T11:16:21+00:00","dateModified":"2023-06-27T08:32:43+00:00","breadcrumb":{"@id":"https:\/\/letrainjaune.fr\/es\/organizar-su-recorrido\/contacts\/#breadcrumb"},"inLanguage":"es","potentialAction":[{"@type":"ReadAction","target":["https:\/\/letrainjaune.fr\/es\/organizar-su-recorrido\/contacts\/"]}]},{"@type":"ImageObject","inLanguage":"es","@id":"https:\/\/letrainjaune.fr\/es\/organizar-su-recorrido\/contacts\/#primaryimage","url":"https:\/\/letrainjaune.fr\/wp-content\/uploads\/2021\/09\/Schema_Pont_Gisclard\u00a9Coll-scaled.jpg","contentUrl":"https:\/\/letrainjaune.fr\/wp-content\/uploads\/2021\/09\/Schema_Pont_Gisclard\u00a9Coll-scaled.jpg","width":1920,"height":1252,"caption":"Diagrama del puente Gisclard"},{"@type":"BreadcrumbList","@id":"https:\/\/letrainjaune.fr\/es\/organizar-su-recorrido\/contacts\/#breadcrumb","itemListElement":[{"@type":"ListItem","position":1,"name":"Inicio","item":"https:\/\/letrainjaune.fr\/es\/"},{"@type":"ListItem","position":2,"name":"Organizar su recorrido","item":"https:\/\/letrainjaune.fr\/es\/organizar-su-recorrido\/"},{"@type":"ListItem","position":3,"name":"Contactos"}]},{"@type":"WebSite","@id":"https:\/\/letrainjaune.fr\/es\/#website","url":"https:\/\/letrainjaune.fr\/es\/","name":"Destino Tren amarillo","description":"Dans les Pyr\u00e9n\u00e9es Catalanes, d\u00e9couvrez ce train sur le plus haut chemin de fer d\u2019Europe.","publisher":{"@id":"https:\/\/letrainjaune.fr\/es\/#organization"},"potentialAction":[{"@type":"SearchAction","target":{"@type":"EntryPoint","urlTemplate":"https:\/\/letrainjaune.fr\/es\/?s={search_term_string}"},"query-input":{"@type":"PropertyValueSpecification","valueRequired":true,"valueName":"search_term_string"}}],"inLanguage":"es"},{"@type":"Organization","@id":"https:\/\/letrainjaune.fr\/es\/#organization","name":"Destino Tren amarillo","url":"https:\/\/letrainjaune.fr\/es\/","logo":{"@type":"ImageObject","inLanguage":"es","@id":"https:\/\/letrainjaune.fr\/es\/#\/schema\/logo\/image\/","url":"https:\/\/letrainjaune.fr\/wp-content\/uploads\/2021\/04\/TJ_logo-TJ-footer.svg","contentUrl":"https:\/\/letrainjaune.fr\/wp-content\/uploads\/2021\/04\/TJ_logo-TJ-footer.svg","width":"1920","height":"9999","caption":"Destino Tren amarillo"},"image":{"@id":"https:\/\/letrainjaune.fr\/es\/#\/schema\/logo\/image\/"}}]}},"_links":{"self":[{"href":"https:\/\/letrainjaune.fr\/es\/wp-json\/wp\/v2\/pages\/1628","targetHints":{"allow":["GET"]}}],"collection":[{"href":"https:\/\/letrainjaune.fr\/es\/wp-json\/wp\/v2\/pages"}],"about":[{"href":"https:\/\/letrainjaune.fr\/es\/wp-json\/wp\/v2\/types\/page"}],"author":[{"embeddable":true,"href":"https:\/\/letrainjaune.fr\/es\/wp-json\/wp\/v2\/users\/2"}],"replies":[{"embeddable":true,"href":"https:\/\/letrainjaune.fr\/es\/wp-json\/wp\/v2\/comments?post=1628"}],"version-history":[{"count":4,"href":"https:\/\/letrainjaune.fr\/es\/wp-json\/wp\/v2\/pages\/1628\/revisions"}],"predecessor-version":[{"id":10430,"href":"https:\/\/letrainjaune.fr\/es\/wp-json\/wp\/v2\/pages\/1628\/revisions\/10430"}],"up":[{"embeddable":true,"href":"https:\/\/letrainjaune.fr\/es\/wp-json\/wp\/v2\/pages\/1712"}],"wp:featuredmedia":[{"embeddable":true,"href":"https:\/\/letrainjaune.fr\/es\/wp-json\/wp\/v2\/media\/4876"}],"wp:attachment":[{"href":"https:\/\/letrainjaune.fr\/es\/wp-json\/wp\/v2\/media?parent=1628"}],"curies":[{"name":"wp","href":"https:\/\/api.w.org\/{rel}","templated":true}]}}