{"id":1631,"date":"2021-02-16T12:03:52","date_gmt":"2021-02-16T11:03:52","guid":{"rendered":"https:\/\/letrainjaune.fr\/comment-venir\/"},"modified":"2023-07-13T17:34:28","modified_gmt":"2023-07-13T15:34:28","slug":"comment-venir","status":"publish","type":"page","link":"https:\/\/letrainjaune.fr\/es\/organizar-su-recorrido\/comment-venir\/","title":{"rendered":"\u00bfC\u00f3mo llegar?"},"content":{"rendered":"\n<h2 class=\"wp-block-heading\">Acceder a la l\u00ednea del Tren Amarillo<\/h2>\n\n\n\n<h3 class=\"wp-block-heading\">Rutas<\/h3>\n\n\n<figure class=\"wp-block-image size-full\"><a href=https:\/\/letrainjaune.fr\/wp-content\/uploads\/2021\/09\/trainjauneArtboard-1carte-acces2.png title=\"\" rel=\"prettyPhoto\"><img src=https:\/\/letrainjaune.fr\/wp-content\/uploads\/2021\/09\/trainjauneArtboard-1carte-acces2.png alt=\"\" title=\"trainjauneArtboard-1carte-acces2\" width=\"\" class=\"wp-image-4849\"\/><\/a><\/figure>\n\n\n<h3 class=\"wp-block-heading\">En tren liO<\/h3>\n\n\n\n<p><a href=\"http:\/\/trainlio.sncf.com\" target=\"_blank\" rel=\"noreferrer noopener\"><\/a><a href=\"http:\/\/trainlio.sncf.com\" target=\"_blank\" rel=\"noreferrer noopener\">Tren liO<\/a> L\u00ednea Perpi\u00f1\u00e1n &#8211; Villefranche-de-Conflent y l\u00ednea Toulouse &#8211; Latour-de-Carol\/Enveigt<\/p>\n\n\n\n<p><a href=\"http:\/\/rodalies.gencat.cat\/ca\/inici\" target=\"_blank\" rel=\"noreferrer noopener\">Rodalies de Catalunya<\/a> L\u00ednea Barcelona &#8211; Latour-de-Carol\/Enveigt<\/p>\n\n\n\n<p>Barcelona Sants \u2013 La Tor de Querol-Enveig<\/p>\n\n\n\n<h3 class=\"wp-block-heading\">En autocar liO<\/h3>\n\n\n\n<h4 class=\"wp-block-heading\">Horarios<\/h4>\n\n\n\n<p>A continuaci\u00f3n encontrar\u00e1 los horarios de las diferentes l\u00edneas de autocares liO que le llevar\u00e1n al territorio del <strong>Parque Natural Regional de los Pirineos Catalanes.<\/strong><\/p>\n\n\n\n<p><a href=\"https:\/\/www.mestrajets.lio.laregion.fr\/\" target=\"_blank\" rel=\"noreferrer noopener\">\u00a1<\/a><a href=\"https:\/\/www.mestrajets.lio.laregion.fr\/\" target=\"_blank\" rel=\"noreferrer noopener\">Aqu\u00ed<\/a> encontrar\u00e1 toda la informaci\u00f3n para los pasajeros de los autocares liO! <\/p>\n\n\n\n<h5 class=\"wp-block-heading\">Desde Perpi\u00f1\u00e1n<\/h5>\n\n\n<figure class=\"wp-block-image size-full\"><a href=https:\/\/letrainjaune.fr\/wp-content\/uploads\/2021\/10\/2107-PLAN-PO-66-520-page-001-rotated.jpg title=\"Mapa l\u00ednea 520 Perpi\u00f1\u00e1n \u2013 Prades\" rel=\"prettyPhoto\"><img src=https:\/\/letrainjaune.fr\/wp-content\/uploads\/2021\/10\/2107-PLAN-PO-66-520-page-001-rotated.jpg alt=\"\" title=\"2107-PLAN-PO-66-520-page-001\" width=\"\" class=\"wp-image-5209\"\/><\/a><figcaption>Mapa l\u00ednea 520 Perpi\u00f1\u00e1n \u2013 Prades<span>&copy; R\u00e9gion Occitanie, DGDIM, Fabagogo <\/span><\/figcaption><\/figure>\n\n\n<div data-wp-interactive=\"core\/file\" class=\"wp-block-file\"><object data-wp-bind--hidden=\"!state.hasPdfPreview\" hidden class=\"wp-block-file__embed\" data=\"https:\/\/letrainjaune.fr\/wp-content\/uploads\/2021\/10\/520-Prades-Perpignan-8-novembre-2021-web.pdf\" type=\"application\/pdf\" style=\"width:100%;height:600px\" aria-label=\"Incrustado de Contenu embarqu\u00e9 Ligne 520 Prades - Perpignan..\"><\/object><a href=\"https:\/\/letrainjaune.fr\/wp-content\/uploads\/2021\/10\/520-Prades-Perpignan-8-novembre-2021-web.pdf\">Ligne 520 Prades &#8211; Perpignan<\/a><a href=\"https:\/\/letrainjaune.fr\/wp-content\/uploads\/2021\/10\/520-Prades-Perpignan-8-novembre-2021-web.pdf\" class=\"wp-block-file__button\" download>T\u00e9l\u00e9charger<\/a><\/div>\n\n\n\n<div data-wp-interactive=\"core\/file\" class=\"wp-block-file\"><object data-wp-bind--hidden=\"!state.hasPdfPreview\" hidden class=\"wp-block-file__embed\" data=\"https:\/\/letrainjaune.fr\/wp-content\/uploads\/2021\/10\/520-Prades-Perpignan-web.pdf\" type=\"application\/pdf\" style=\"width:100%;height:600px\" aria-label=\"Incrustado de Contenu embarqu\u00e9 Ligne 520 Prades - Perpignan..\"><\/object><a href=\"https:\/\/letrainjaune.fr\/wp-content\/uploads\/2021\/10\/520-Prades-Perpignan-web.pdf\">Ligne 520 Prades &#8211; Perpignan<\/a><a href=\"https:\/\/letrainjaune.fr\/wp-content\/uploads\/2021\/10\/520-Prades-Perpignan-web.pdf\" class=\"wp-block-file__button\" download>T\u00e9l\u00e9charger<\/a><\/div>\n\n\n<figure class=\"wp-block-image size-large\"><a href=https:\/\/letrainjaune.fr\/wp-content\/uploads\/2021\/08\/Plan-ligne-521-page-001.jpg title=\"Mapa l\u00ednea 520 Perpi\u00f1\u00e1n - Vernet les Bains\" rel=\"prettyPhoto\"><img src=https:\/\/letrainjaune.fr\/wp-content\/uploads\/2021\/08\/Plan-ligne-521-page-001-1920x1280.jpg alt=\"\" title=\"Plan-ligne-521-page-001\" width=\"\" class=\"wp-image-4657\"\/><\/a><figcaption>Mapa l\u00ednea 520 Perpi\u00f1\u00e1n &#8211; Vernet les Bains<span>&copy; R\u00e9gion Occitanie, DGDIM, Fabagogo <\/span><\/figcaption><\/figure>\n\n\n<div data-wp-interactive=\"core\/file\" class=\"wp-block-file\"><object data-wp-bind--hidden=\"!state.hasPdfPreview\" hidden class=\"wp-block-file__embed\" data=\"https:\/\/letrainjaune.fr\/wp-content\/uploads\/2021\/10\/521-Vernet-les-bains-Perpignan-web.pdf\" type=\"application\/pdf\" style=\"width:100%;height:600px\" aria-label=\"Incrustado de Contenu embarqu\u00e9 Ligne 521 Vernet les Bains - Perpignan ..\"><\/object><a href=\"https:\/\/letrainjaune.fr\/wp-content\/uploads\/2021\/10\/521-Vernet-les-bains-Perpignan-web.pdf\">Ligne 521 Vernet les Bains &#8211; Perpignan <\/a><a href=\"https:\/\/letrainjaune.fr\/wp-content\/uploads\/2021\/10\/521-Vernet-les-bains-Perpignan-web.pdf\" class=\"wp-block-file__button\" download>T\u00e9l\u00e9charger<\/a><\/div>\n\n\n\n<div data-wp-interactive=\"core\/file\" class=\"wp-block-file\"><object data-wp-bind--hidden=\"!state.hasPdfPreview\" hidden class=\"wp-block-file__embed\" data=\"https:\/\/letrainjaune.fr\/wp-content\/uploads\/2021\/10\/521-Vernet-Perpignan-8-novembre-2021-web.pdf\" type=\"application\/pdf\" style=\"width:100%;height:600px\" aria-label=\"Incrustado de Contenu embarqu\u00e9 Ligne 521 Vernet les Bains - Perpignan..\"><\/object><a href=\"https:\/\/letrainjaune.fr\/wp-content\/uploads\/2021\/10\/521-Vernet-Perpignan-8-novembre-2021-web.pdf\">Ligne 521 Vernet les Bains &#8211; Perpignan<\/a><a href=\"https:\/\/letrainjaune.fr\/wp-content\/uploads\/2021\/10\/521-Vernet-Perpignan-8-novembre-2021-web.pdf\" class=\"wp-block-file__button\" download>T\u00e9l\u00e9charger<\/a><\/div>\n\n\n<figure class=\"wp-block-image size-large\"><a href=https:\/\/letrainjaune.fr\/wp-content\/uploads\/2021\/08\/Plan-ligne-560-page-001.jpg title=\"Mapa l\u00ednea 560 Font Romeu - Perpi\u00f1\u00e1n \" rel=\"prettyPhoto\"><img src=https:\/\/letrainjaune.fr\/wp-content\/uploads\/2021\/08\/Plan-ligne-560-page-001-1920x1280.jpg alt=\"\" title=\"Plan-ligne-560-page-001\" width=\"\" class=\"wp-image-4661\"\/><\/a><figcaption>Mapa l\u00ednea 560 Font Romeu &#8211; Perpi\u00f1\u00e1n <span>&copy; R\u00e9gion Occitanie, DGDIM, Fabagogo <\/span><\/figcaption><\/figure>\n\n\n<div data-wp-interactive=\"core\/file\" class=\"wp-block-file\"><object data-wp-bind--hidden=\"!state.hasPdfPreview\" hidden class=\"wp-block-file__embed\" data=\"https:\/\/letrainjaune.fr\/wp-content\/uploads\/2022\/05\/560-Porte-Perpignan-A-compter-du-18-Avril.pdf\" type=\"application\/pdf\" style=\"width:100%;height:600px\" aria-label=\"Incrustado de Contenu embarqu\u00e9 Ligne 560 Perpignan - Font-Romeu ..\"><\/object><a href=\"https:\/\/letrainjaune.fr\/wp-content\/uploads\/2022\/05\/560-Porte-Perpignan-A-compter-du-18-Avril.pdf\">Ligne 560 Perpignan &#8211; Font-Romeu <\/a><a href=\"https:\/\/letrainjaune.fr\/wp-content\/uploads\/2022\/05\/560-Porte-Perpignan-A-compter-du-18-Avril.pdf\" class=\"wp-block-file__button\" download>T\u00e9l\u00e9charger<\/a><\/div>\n\n\n\n<h5 class=\"wp-block-heading\">Depuis Toulouse <\/h5>\n\n\n\n<div class=\"wp-block-file\"><a href=\"https:\/\/letrainjaune.fr\/wp-content\/uploads\/2021\/07\/Latour-de-Carol-Foix-Toulouse.pdf\">Ligne Latour de Carol &#8211; Foix &#8211; Toulouse <\/a><a href=\"https:\/\/letrainjaune.fr\/wp-content\/uploads\/2021\/07\/Latour-de-Carol-Foix-Toulouse.pdf\" class=\"wp-block-file__button\" download>T\u00e9l\u00e9charger<\/a><\/div>\n\n\n\n<h5 class=\"wp-block-heading\">Ligne Transfrontali\u00e8res <em>Connect <\/em><\/h5>\n\n\n<figure class=\"wp-block-image size-large\"><a href=https:\/\/letrainjaune.fr\/wp-content\/uploads\/2021\/08\/Plan-ligne-566-page-001.jpg title=\"L\u00ednea 566 Port\u00e9 Puymorens - Puigcerda - Mont Louis \" rel=\"prettyPhoto\"><img src=https:\/\/letrainjaune.fr\/wp-content\/uploads\/2021\/08\/Plan-ligne-566-page-001-1920x1280.jpg alt=\"\" title=\"Plan-ligne-566-page-001\" width=\"\" class=\"wp-image-4614\"\/><\/a><figcaption>L\u00ednea 566 Port\u00e9 Puymorens &#8211; Puigcerda &#8211; Mont Louis <span>&copy; R\u00e9gion Occitanie, DGDIM, Fabagogo <\/span><\/figcaption><\/figure>\n\n\n<div class=\"wp-block-file\"><a href=\"https:\/\/letrainjaune.fr\/wp-content\/uploads\/2021\/07\/566-Porte-Puigcerda-Mont-Louis.pdf\">Ligne 566 Port\u00e9 Puymorens &#8211; Puigcerda &#8211; Mont Louis <\/a><a href=\"https:\/\/letrainjaune.fr\/wp-content\/uploads\/2021\/07\/566-Porte-Puigcerda-Mont-Louis.pdf\" class=\"wp-block-file__button\" download>T\u00e9l\u00e9charger<\/a><\/div>\n\n\n<figure class=\"wp-block-image size-large\"><a href=https:\/\/letrainjaune.fr\/wp-content\/uploads\/2021\/08\/Plan-ligne-569-page-001.jpg title=\"L\u00ednea 569 Formigu\u00e8res - Puigcerda - Err \" rel=\"prettyPhoto\"><img src=https:\/\/letrainjaune.fr\/wp-content\/uploads\/2021\/08\/Plan-ligne-569-page-001-1920x1280.jpg alt=\"\" title=\"Plan-ligne-569-page-001\" width=\"\" class=\"wp-image-4618\"\/><\/a><figcaption>L\u00ednea 569 Formigu\u00e8res &#8211; Puigcerda &#8211; Err <span>&copy; R\u00e9gion Occitanie, DGDIM, Fabagogo <\/span><\/figcaption><\/figure>\n\n\n<div class=\"wp-block-file\"><a href=\"https:\/\/letrainjaune.fr\/wp-content\/uploads\/2021\/07\/569-Formigueres-Puigcerda-Err.pdf\">Ligne 569 Formigu\u00e8res &#8211; Puigcerda &#8211; Err <\/a><a href=\"https:\/\/letrainjaune.fr\/wp-content\/uploads\/2021\/07\/569-Formigueres-Puigcerda-Err.pdf\" class=\"wp-block-file__button\" download>T\u00e9l\u00e9charger<\/a><\/div>\n\n\n\n<h3 class=\"wp-block-heading\">Red liO Occitanie<\/h3>\n\n\n\n<p>liO es la red de transporte regional de la Regi\u00f3n de Occitania, que combina el tren <strong>regional<\/strong> (ex TER), las <strong>l\u00edneas de autocares interurbanos<\/strong> y servicios de <strong>transporte a pedido<\/strong>. Con liO, la Regi\u00f3n est\u00e1 construyendo una red de transporte que le permitir\u00e1 conectar todo el territorio de Occitania. Las l\u00edneas y horarios de los autocares est\u00e1n organizados de manera complementaria con la red ferroviaria.<\/p>\n\n\n<figure class=\"wp-block-image size-large\"><a href=https:\/\/letrainjaune.fr\/wp-content\/uploads\/2021\/08\/Illustration_1_Finale_15042021.png title=\"\" rel=\"prettyPhoto\"><img src=https:\/\/letrainjaune.fr\/wp-content\/uploads\/2021\/08\/Illustration_1_Finale_15042021.png alt=\"\" title=\"Illustration_1_Finale_15042021\" width=\"\" class=\"wp-image-4299\"\/><\/a><figcaption><span>&copy; liO Occitanie <\/span><\/figcaption><\/figure>\n\n\n<p>Adem\u00e1s, liO tambi\u00e9n es una pol\u00edtica de movilidad que tiene en cuenta la movilidad suave, como la bicicleta y el coche compartido. Se ofrecen ayudas a los ciudadanos para comprar una bicicleta convencional o el\u00e9ctrica. Tambi\u00e9n se han lanzado convocatorias de proyectos con los territorios para desarrollar servicios locales de coche compartido o zonas multimodales.<\/p>\n\n\n\n<p>\u00a1Toda la informaci\u00f3n est\u00e1 <a href=\"https:\/\/www.lio.laregion.fr\/\" target=\"_blank\" rel=\"noreferrer noopener\"><\/a><a href=\"https:\/\/www.lio.laregion.fr\/\" target=\"_blank\" rel=\"noreferrer noopener\">disponible aqu\u00ed<\/a> ! <\/p>\n\n\n<figure class=\"wp-block-image size-full\"><a href=https:\/\/letrainjaune.fr\/wp-content\/uploads\/2021\/08\/RMP0092542_Grimault-Emmanuel-Region-Occitanie_-1.jpg title=\"L\u00ednea de autocar liO entre Albi y Castres\" rel=\"prettyPhoto\"><img src=https:\/\/letrainjaune.fr\/wp-content\/uploads\/2021\/08\/RMP0092542_Grimault-Emmanuel-Region-Occitanie_-1.jpg alt=\"\" title=\"RMP0092542\" width=\"\" class=\"wp-image-4303\"\/><\/a><figcaption>L\u00ednea de autocar liO entre Albi y Castres<span>&copy; Grimault Emmanuel &#8211; Region Occitanie<\/span><\/figcaption><\/figure>\n\n\n<div data-wp-interactive=\"core\/file\" class=\"wp-block-file\"><object data-wp-bind--hidden=\"!state.hasPdfPreview\" hidden class=\"wp-block-file__embed\" data=\"https:\/\/letrainjaune.fr\/wp-content\/uploads\/2021\/10\/Oc21-ReseauLIO-08-18-Etat.pdf\" type=\"application\/pdf\" style=\"width:100%;height:600px\" aria-label=\"Incrustado de PDF embarqu\u00e9.\"><\/object><a href=\"https:\/\/letrainjaune.fr\/wp-content\/uploads\/2021\/10\/Oc21-ReseauLIO-08-18-Etat.pdf\" class=\"wp-block-file__button\" download>T\u00e9l\u00e9charger<\/a><\/div>\n","protected":false},"excerpt":{"rendered":"<p>Acceder a la l\u00ednea del Tren Amarillo Rutas En tren liO Tren liO L\u00ednea Perpi\u00f1\u00e1n &#8211; Villefranche-de-Conflent y l\u00ednea Toulouse &#8211; Latour-de-Carol\/Enveigt Rodalies de Catalunya L\u00ednea Barcelona &#8211; Latour-de-Carol\/Enveigt Barcelona Sants \u2013 La Tor de Querol-Enveig En autocar liO Horarios A continuaci\u00f3n encontrar\u00e1 los horarios de las diferentes l\u00edneas de autocares liO que le llevar\u00e1n [&hellip;]<\/p>\n","protected":false},"author":2,"featured_media":4294,"parent":1712,"menu_order":1,"comment_status":"closed","ping_status":"closed","template":"","meta":{"_acf_changed":false,"inline_featured_image":false,"footnotes":""},"class_list":["post-1631","page","type-page","status-publish","has-post-thumbnail","hentry"],"acf":[],"yoast_head":"<!-- This site is optimized with the Yoast SEO plugin v25.4 - https:\/\/yoast.com\/wordpress\/plugins\/seo\/ -->\n<title>\u00bfC\u00f3mo llegar? - Destino Tren amarillo<\/title>\n<meta name=\"robots\" content=\"index, follow, max-snippet:-1, max-image-preview:large, max-video-preview:-1\" \/>\n<link rel=\"canonical\" href=\"https:\/\/letrainjaune.fr\/es\/organizar-su-recorrido\/comment-venir\/\" \/>\n<meta property=\"og:locale\" content=\"es_ES\" \/>\n<meta property=\"og:type\" content=\"article\" \/>\n<meta property=\"og:title\" content=\"\u00bfC\u00f3mo llegar? - Destino Tren amarillo\" \/>\n<meta property=\"og:description\" content=\"Acceder a la l\u00ednea del Tren Amarillo Rutas En tren liO Tren liO L\u00ednea Perpi\u00f1\u00e1n &#8211; Villefranche-de-Conflent y l\u00ednea Toulouse &#8211; Latour-de-Carol\/Enveigt Rodalies de Catalunya L\u00ednea Barcelona &#8211; Latour-de-Carol\/Enveigt Barcelona Sants \u2013 La Tor de Querol-Enveig En autocar liO Horarios A continuaci\u00f3n encontrar\u00e1 los horarios de las diferentes l\u00edneas de autocares liO que le llevar\u00e1n [&hellip;]\" \/>\n<meta property=\"og:url\" content=\"https:\/\/letrainjaune.fr\/es\/organizar-su-recorrido\/comment-venir\/\" \/>\n<meta property=\"og:site_name\" content=\"Destino Tren amarillo\" \/>\n<meta property=\"article:modified_time\" content=\"2023-07-13T15:34:28+00:00\" \/>\n<meta property=\"og:image\" content=\"https:\/\/letrainjaune.fr\/wp-content\/uploads\/2021\/08\/RMP0124308_Lapeyrere-Sebastien-Region-Occitanie_.jpg\" \/>\n\t<meta property=\"og:image:width\" content=\"800\" \/>\n\t<meta property=\"og:image:height\" content=\"556\" \/>\n\t<meta property=\"og:image:type\" content=\"image\/jpeg\" \/>\n<meta name=\"twitter:card\" content=\"summary_large_image\" \/>\n<meta name=\"twitter:label1\" content=\"Tiempo de lectura\" \/>\n\t<meta name=\"twitter:data1\" content=\"4 minutos\" \/>\n<script type=\"application\/ld+json\" class=\"yoast-schema-graph\">{\"@context\":\"https:\/\/schema.org\",\"@graph\":[{\"@type\":\"WebPage\",\"@id\":\"https:\/\/letrainjaune.fr\/es\/organizar-su-recorrido\/comment-venir\/\",\"url\":\"https:\/\/letrainjaune.fr\/es\/organizar-su-recorrido\/comment-venir\/\",\"name\":\"\u00bfC\u00f3mo llegar? - Destino Tren amarillo\",\"isPartOf\":{\"@id\":\"https:\/\/letrainjaune.fr\/es\/#website\"},\"primaryImageOfPage\":{\"@id\":\"https:\/\/letrainjaune.fr\/es\/organizar-su-recorrido\/comment-venir\/#primaryimage\"},\"image\":{\"@id\":\"https:\/\/letrainjaune.fr\/es\/organizar-su-recorrido\/comment-venir\/#primaryimage\"},\"thumbnailUrl\":\"https:\/\/letrainjaune.fr\/wp-content\/uploads\/2021\/08\/RMP0124308_Lapeyrere-Sebastien-Region-Occitanie_.jpg\",\"datePublished\":\"2021-02-16T11:03:52+00:00\",\"dateModified\":\"2023-07-13T15:34:28+00:00\",\"breadcrumb\":{\"@id\":\"https:\/\/letrainjaune.fr\/es\/organizar-su-recorrido\/comment-venir\/#breadcrumb\"},\"inLanguage\":\"es\",\"potentialAction\":[{\"@type\":\"ReadAction\",\"target\":[\"https:\/\/letrainjaune.fr\/es\/organizar-su-recorrido\/comment-venir\/\"]}]},{\"@type\":\"ImageObject\",\"inLanguage\":\"es\",\"@id\":\"https:\/\/letrainjaune.fr\/es\/organizar-su-recorrido\/comment-venir\/#primaryimage\",\"url\":\"https:\/\/letrainjaune.fr\/wp-content\/uploads\/2021\/08\/RMP0124308_Lapeyrere-Sebastien-Region-Occitanie_.jpg\",\"contentUrl\":\"https:\/\/letrainjaune.fr\/wp-content\/uploads\/2021\/08\/RMP0124308_Lapeyrere-Sebastien-Region-Occitanie_.jpg\",\"width\":800,\"height\":556,\"caption\":\"Train Regiolis TER Occitanie en gare de l' Isle-Jourdain (32)\"},{\"@type\":\"BreadcrumbList\",\"@id\":\"https:\/\/letrainjaune.fr\/es\/organizar-su-recorrido\/comment-venir\/#breadcrumb\",\"itemListElement\":[{\"@type\":\"ListItem\",\"position\":1,\"name\":\"Inicio\",\"item\":\"https:\/\/letrainjaune.fr\/es\/\"},{\"@type\":\"ListItem\",\"position\":2,\"name\":\"Organizar su recorrido\",\"item\":\"https:\/\/letrainjaune.fr\/es\/organizar-su-recorrido\/\"},{\"@type\":\"ListItem\",\"position\":3,\"name\":\"\u00bfC\u00f3mo llegar?\"}]},{\"@type\":\"WebSite\",\"@id\":\"https:\/\/letrainjaune.fr\/es\/#website\",\"url\":\"https:\/\/letrainjaune.fr\/es\/\",\"name\":\"Destino Tren amarillo\",\"description\":\"Dans les Pyr\u00e9n\u00e9es Catalanes, d\u00e9couvrez ce train sur le plus haut chemin de fer d\u2019Europe.\",\"publisher\":{\"@id\":\"https:\/\/letrainjaune.fr\/es\/#organization\"},\"potentialAction\":[{\"@type\":\"SearchAction\",\"target\":{\"@type\":\"EntryPoint\",\"urlTemplate\":\"https:\/\/letrainjaune.fr\/es\/?s={search_term_string}\"},\"query-input\":{\"@type\":\"PropertyValueSpecification\",\"valueRequired\":true,\"valueName\":\"search_term_string\"}}],\"inLanguage\":\"es\"},{\"@type\":\"Organization\",\"@id\":\"https:\/\/letrainjaune.fr\/es\/#organization\",\"name\":\"Destino Tren amarillo\",\"url\":\"https:\/\/letrainjaune.fr\/es\/\",\"logo\":{\"@type\":\"ImageObject\",\"inLanguage\":\"es\",\"@id\":\"https:\/\/letrainjaune.fr\/es\/#\/schema\/logo\/image\/\",\"url\":\"https:\/\/letrainjaune.fr\/wp-content\/uploads\/2021\/04\/TJ_logo-TJ-footer.svg\",\"contentUrl\":\"https:\/\/letrainjaune.fr\/wp-content\/uploads\/2021\/04\/TJ_logo-TJ-footer.svg\",\"width\":\"1920\",\"height\":\"9999\",\"caption\":\"Destino Tren amarillo\"},\"image\":{\"@id\":\"https:\/\/letrainjaune.fr\/es\/#\/schema\/logo\/image\/\"}}]}<\/script>\n<!-- \/ Yoast SEO plugin. -->","yoast_head_json":{"title":"\u00bfC\u00f3mo llegar? - Destino Tren amarillo","robots":{"index":"index","follow":"follow","max-snippet":"max-snippet:-1","max-image-preview":"max-image-preview:large","max-video-preview":"max-video-preview:-1"},"canonical":"https:\/\/letrainjaune.fr\/es\/organizar-su-recorrido\/comment-venir\/","og_locale":"es_ES","og_type":"article","og_title":"\u00bfC\u00f3mo llegar? - Destino Tren amarillo","og_description":"Acceder a la l\u00ednea del Tren Amarillo Rutas En tren liO Tren liO L\u00ednea Perpi\u00f1\u00e1n &#8211; Villefranche-de-Conflent y l\u00ednea Toulouse &#8211; Latour-de-Carol\/Enveigt Rodalies de Catalunya L\u00ednea Barcelona &#8211; Latour-de-Carol\/Enveigt Barcelona Sants \u2013 La Tor de Querol-Enveig En autocar liO Horarios A continuaci\u00f3n encontrar\u00e1 los horarios de las diferentes l\u00edneas de autocares liO que le llevar\u00e1n [&hellip;]","og_url":"https:\/\/letrainjaune.fr\/es\/organizar-su-recorrido\/comment-venir\/","og_site_name":"Destino Tren amarillo","article_modified_time":"2023-07-13T15:34:28+00:00","og_image":[{"width":800,"height":556,"url":"https:\/\/letrainjaune.fr\/wp-content\/uploads\/2021\/08\/RMP0124308_Lapeyrere-Sebastien-Region-Occitanie_.jpg","type":"image\/jpeg"}],"twitter_card":"summary_large_image","twitter_misc":{"Tiempo de lectura":"4 minutos"},"schema":{"@context":"https:\/\/schema.org","@graph":[{"@type":"WebPage","@id":"https:\/\/letrainjaune.fr\/es\/organizar-su-recorrido\/comment-venir\/","url":"https:\/\/letrainjaune.fr\/es\/organizar-su-recorrido\/comment-venir\/","name":"\u00bfC\u00f3mo llegar? - Destino Tren amarillo","isPartOf":{"@id":"https:\/\/letrainjaune.fr\/es\/#website"},"primaryImageOfPage":{"@id":"https:\/\/letrainjaune.fr\/es\/organizar-su-recorrido\/comment-venir\/#primaryimage"},"image":{"@id":"https:\/\/letrainjaune.fr\/es\/organizar-su-recorrido\/comment-venir\/#primaryimage"},"thumbnailUrl":"https:\/\/letrainjaune.fr\/wp-content\/uploads\/2021\/08\/RMP0124308_Lapeyrere-Sebastien-Region-Occitanie_.jpg","datePublished":"2021-02-16T11:03:52+00:00","dateModified":"2023-07-13T15:34:28+00:00","breadcrumb":{"@id":"https:\/\/letrainjaune.fr\/es\/organizar-su-recorrido\/comment-venir\/#breadcrumb"},"inLanguage":"es","potentialAction":[{"@type":"ReadAction","target":["https:\/\/letrainjaune.fr\/es\/organizar-su-recorrido\/comment-venir\/"]}]},{"@type":"ImageObject","inLanguage":"es","@id":"https:\/\/letrainjaune.fr\/es\/organizar-su-recorrido\/comment-venir\/#primaryimage","url":"https:\/\/letrainjaune.fr\/wp-content\/uploads\/2021\/08\/RMP0124308_Lapeyrere-Sebastien-Region-Occitanie_.jpg","contentUrl":"https:\/\/letrainjaune.fr\/wp-content\/uploads\/2021\/08\/RMP0124308_Lapeyrere-Sebastien-Region-Occitanie_.jpg","width":800,"height":556,"caption":"Train Regiolis TER Occitanie en gare de l' Isle-Jourdain (32)"},{"@type":"BreadcrumbList","@id":"https:\/\/letrainjaune.fr\/es\/organizar-su-recorrido\/comment-venir\/#breadcrumb","itemListElement":[{"@type":"ListItem","position":1,"name":"Inicio","item":"https:\/\/letrainjaune.fr\/es\/"},{"@type":"ListItem","position":2,"name":"Organizar su recorrido","item":"https:\/\/letrainjaune.fr\/es\/organizar-su-recorrido\/"},{"@type":"ListItem","position":3,"name":"\u00bfC\u00f3mo llegar?"}]},{"@type":"WebSite","@id":"https:\/\/letrainjaune.fr\/es\/#website","url":"https:\/\/letrainjaune.fr\/es\/","name":"Destino Tren amarillo","description":"Dans les Pyr\u00e9n\u00e9es Catalanes, d\u00e9couvrez ce train sur le plus haut chemin de fer d\u2019Europe.","publisher":{"@id":"https:\/\/letrainjaune.fr\/es\/#organization"},"potentialAction":[{"@type":"SearchAction","target":{"@type":"EntryPoint","urlTemplate":"https:\/\/letrainjaune.fr\/es\/?s={search_term_string}"},"query-input":{"@type":"PropertyValueSpecification","valueRequired":true,"valueName":"search_term_string"}}],"inLanguage":"es"},{"@type":"Organization","@id":"https:\/\/letrainjaune.fr\/es\/#organization","name":"Destino Tren amarillo","url":"https:\/\/letrainjaune.fr\/es\/","logo":{"@type":"ImageObject","inLanguage":"es","@id":"https:\/\/letrainjaune.fr\/es\/#\/schema\/logo\/image\/","url":"https:\/\/letrainjaune.fr\/wp-content\/uploads\/2021\/04\/TJ_logo-TJ-footer.svg","contentUrl":"https:\/\/letrainjaune.fr\/wp-content\/uploads\/2021\/04\/TJ_logo-TJ-footer.svg","width":"1920","height":"9999","caption":"Destino Tren amarillo"},"image":{"@id":"https:\/\/letrainjaune.fr\/es\/#\/schema\/logo\/image\/"}}]}},"_links":{"self":[{"href":"https:\/\/letrainjaune.fr\/es\/wp-json\/wp\/v2\/pages\/1631","targetHints":{"allow":["GET"]}}],"collection":[{"href":"https:\/\/letrainjaune.fr\/es\/wp-json\/wp\/v2\/pages"}],"about":[{"href":"https:\/\/letrainjaune.fr\/es\/wp-json\/wp\/v2\/types\/page"}],"author":[{"embeddable":true,"href":"https:\/\/letrainjaune.fr\/es\/wp-json\/wp\/v2\/users\/2"}],"replies":[{"embeddable":true,"href":"https:\/\/letrainjaune.fr\/es\/wp-json\/wp\/v2\/comments?post=1631"}],"version-history":[{"count":5,"href":"https:\/\/letrainjaune.fr\/es\/wp-json\/wp\/v2\/pages\/1631\/revisions"}],"predecessor-version":[{"id":10741,"href":"https:\/\/letrainjaune.fr\/es\/wp-json\/wp\/v2\/pages\/1631\/revisions\/10741"}],"up":[{"embeddable":true,"href":"https:\/\/letrainjaune.fr\/es\/wp-json\/wp\/v2\/pages\/1712"}],"wp:featuredmedia":[{"embeddable":true,"href":"https:\/\/letrainjaune.fr\/es\/wp-json\/wp\/v2\/media\/4294"}],"wp:attachment":[{"href":"https:\/\/letrainjaune.fr\/es\/wp-json\/wp\/v2\/media?parent=1631"}],"curies":[{"name":"wp","href":"https:\/\/api.w.org\/{rel}","templated":true}]}}