{"id":1754,"date":"2021-02-16T09:40:43","date_gmt":"2021-02-16T08:40:43","guid":{"rendered":"https:\/\/letrainjaune.fr\/horaires-et-infos\/"},"modified":"2025-06-13T09:05:09","modified_gmt":"2025-06-13T07:05:09","slug":"horaires-et-infos","status":"publish","type":"page","link":"https:\/\/letrainjaune.fr\/es\/horaires-et-infos\/","title":{"rendered":"Horarios e informaci\u00f3n"},"content":{"rendered":"\n<p>Adem\u00e1s de su tr\u00e1fico tur\u00edstico de verano, el Tren Amarillo es antes que nada un tren liO que ofrece varias rotaciones diarias a lo largo del a\u00f1o, independientemente de las condiciones meteorol\u00f3gicas. A continuaci\u00f3n se encuentran los horarios de la l\u00ednea <strong>del 27 de mayo de 2023 al 9 de diciembre de 2023.<\/strong><\/p>\n\n\n\n<p>Recuerde comprobar su tren antes de la salida, puede obtener el reembolso de su billete en caso de cancelaci\u00f3n.<\/p>\n\n\n\n<p><a href=\"https:\/\/onicster.force.com\/formulaireOCC\/s\/?region=FR-OCC\" target=\"_blank\" rel=\"noreferrer noopener\"><\/a><a href=\"https:\/\/onicster.force.com\/formulaireOCC\/s\/?region=FR-OCC\" target=\"_blank\" rel=\"noreferrer noopener\">Realice su pedido aqu\u00ed.<\/a><\/p>\n\n\n\n<div data-wp-interactive=\"core\/file\" class=\"wp-block-file\"><object data-wp-bind--hidden=\"!state.hasPdfPreview\" hidden class=\"wp-block-file__embed\" data=\"https:\/\/letrainjaune.fr\/wp-content\/uploads\/2025\/06\/Horaires-TRAIN-JAUNE-du-24-Mai-AU-13-decembre-25.pdf\" type=\"application\/pdf\" style=\"width:100%;height:600px\" aria-label=\"Incrustado de Horaires TRAIN JAUNE du 24 Mai AU 13 d\u00e9cembre 25.\"><\/object><a id=\"wp-block-file--media-6ea7fc00-17fb-4ef5-98b6-b7e680f7ef4c\" href=\"https:\/\/letrainjaune.fr\/wp-content\/uploads\/2025\/06\/Horaires-TRAIN-JAUNE-du-24-Mai-AU-13-decembre-25.pdf\">Horaires TRAIN JAUNE du 24 Mai AU 13 d\u00e9cembre 25<\/a><a href=\"https:\/\/letrainjaune.fr\/wp-content\/uploads\/2025\/06\/Horaires-TRAIN-JAUNE-du-24-Mai-AU-13-decembre-25.pdf\" class=\"wp-block-file__button wp-element-button\" download aria-describedby=\"wp-block-file--media-6ea7fc00-17fb-4ef5-98b6-b7e680f7ef4c\">T\u00e9l\u00e9charger<\/a><\/div>\n\n\n\n<h2 class=\"wp-block-heading\">Tarifas especificas<\/h2>\n\n\n\n<p>Abono \u00abFrequenciO\u00bb de 31 d\u00edas a 44 euros al mes, por persona, reservado a los clientes que viven cerca del tren amarillo. Oferta v\u00e1lida desde y hacia todas las estaciones del tren amarillo<br>as\u00ed como en el autocar liO 566. N\u00famero ilimitado de viajes durante 31 d\u00edas consecutivos a partir de la fecha de validez del abono. Puede adquirirse en las taquillas de las estaciones del Tren Amarillo (Villefranche-Vernet-les-Bains a Latour-de-Carol-Enveitg).<br><\/p>\n\n\n\n<p>Billete individual y nominativo. No acumulable con ning\u00fan otro descuento o tarifa SNCF. Presentar justificante de residencia necesaria en el momento de la compra: ver detalles de los documentos en trainlio.sncf.com.<\/p>\n\n\n\n<p><\/p>\n\n\n\n<p><strong><strong>Con una extensi\u00f3n de 63 km, el recorrido del tren amarillo \u201cVillefranche-de-Conflent &#8211; Vernet-les-Bains\/Latour-de-carol &#8211; Enveitg\u201d, tambi\u00e9n conocido como l\u00ednea de Cerda\u00f1a, presta servicio en 21 estaciones, 8 de las cuales son obligatorias<\/strong><em> <\/em><\/strong><em>(Villefranche-de-Conflent, Olette, Fontp\u00e9drouse Saint-Thomas-les-Bains, Mont-Louis, Font-Romeu, Saillagouse, Bourg Madame y Latour-de-Carol\/Enveitg) <\/em>y el resto son a pedido (tambi\u00e9n llamadas \u201capeaderos\u201d). Es un medio ideal y memorable de descubrir el territorio del Parque Natural Regional de los Pirineos Catalanes de forma divertida y agradable, en <strong>vagones abiertos o cerrados, <\/strong>seg\u00fan la estaci\u00f3n\u2026<\/p>\n\n\n\n<p><strong><strong>5 estaciones <\/strong><\/strong>de las 21 de la l\u00ednea disponen de taquilla. Se pueden reservar billetes con antelaci\u00f3n, independientemente de la salida y el destino. <\/p>\n\n\n<figure class=\"wp-block-image size-large\"><a href=https:\/\/letrainjaune.fr\/wp-content\/uploads\/2021\/09\/4096-2731-max-3.jpg title=\"El Tren Amarillo en oto\u00f1o\" rel=\"prettyPhoto\"><img src=https:\/\/letrainjaune.fr\/wp-content\/uploads\/2021\/09\/4096-2731-max-3-1920x1280.jpg alt=\"\" title=\"4096-2731-max-3\" width=\"\" class=\"wp-image-4753\"\/><\/a><figcaption>El Tren Amarillo en oto\u00f1o<span>&copy; JC MILHET <\/span><\/figcaption><\/figure>\n\n\n<p><strong><strong>El Tren Amarillo funciona todo el a\u00f1o<\/strong> <\/strong>con algunos periodos de inactividad para el mantenimiento de la l\u00ednea y los equipos. En verano, debido al elevado n\u00famero de visitantes, es importante y aconsejable reservar su lugar con antelaci\u00f3n en los sitios web de reservas en l\u00ednea:<\/p>\n\n\n\n<ul class=\"wp-block-list\">\n<li><a href=\"https:\/\/www.ter.sncf.com\/occitanie\/horaires\/recherche\" target=\"_blank\" rel=\"noreferrer noopener\"><\/a><a href=\"https:\/\/www.ter.sncf.com\/occitanie\/horaires\/recherche\" target=\"_blank\" rel=\"noreferrer noopener\">Sitio web de reservas de Train liO<\/a><\/li>\n\n\n\n<li><a href=\"https:\/\/www.oui.sncf\/\" target=\"_blank\" rel=\"noreferrer noopener\"><\/a><a href=\"https:\/\/www.oui.sncf\/\" target=\"_blank\" rel=\"noreferrer noopener\">Sitio web Oui SNCF<\/a><\/li>\n\n\n\n<li><a href=\"https:\/\/m.ter.sncf.com\/occitanie\" target=\"_blank\" rel=\"noreferrer noopener\"><\/a><a href=\"https:\/\/m.ter.sncf.com\/occitanie\" target=\"_blank\" rel=\"noreferrer noopener\">Sitio web liO Occitanie<\/a><\/li>\n<\/ul>\n\n\n\n<p>Se necesitan <strong>3 horas para un billete sencillo de Villefranche-de-Conflent a Latour de Carol\/Enveitg por 22,50 \u20ac (fuera de promoci\u00f3n de verano de la Regi\u00f3n a 5 euros por trayecto), es decir 6 horas como m\u00ednimo (con algunas horas de parada en el final del recorrido) por 45 \u20ac a tarifa completa. <\/strong>Las <strong>tarifas dependen de la duraci\u00f3n del viaje, la cantidad de personas, las promociones de temporada<\/strong>.<\/p>\n\n\n\n<ul class=\"wp-block-list\">\n<li>En la estaci\u00f3n de Mont-Louis no hay lanzaderas al pueblo cuando llega el tren. Prever una subida de 1 km desde la estaci\u00f3n a la ciudad (de 15 a 20 minutos a pie). <\/li>\n<\/ul>\n\n\n\n<p class=\"has-text-align-center\"><span class=\"has-inline-color has-green-color\"><strong><strong>Informaci\u00f3n telef\u00f3nica Villefranche Tren Amarillo<\/strong> <\/strong>a partir del 1 de julio de 2022, de 8:30 a 12:00 h y de 13:30 a 17:15 h: 04 68 96 63 63<\/span><\/p>\n\n\n\n<p><\/p>\n\n\n\n<p>Los <strong>billetes para grupos<em>\u201cTribu Evasio\u201d<\/em><\/strong> pueden reservarse en la estaci\u00f3n o en l\u00ednea: -30&nbsp;% a partir de 3 personas, -40&nbsp;% a partir de 4 y -50&nbsp;% a partir de 5<em>. <\/em>Los j\u00f3venes de 12 a 26 a\u00f1os tienen un descuento del 50&nbsp;%<em>.<\/em><\/p>\n\n\n\n<p>A t\u00edtulo indicativo, duraciones y precios (excluidas las promociones de verano) seg\u00fan las rutas reservadas:<\/p>\n\n\n\n<ul class=\"wp-block-list\">\n<li>Villefranche-de-Conflent\/Mont-Louis: 1:15 h &#8211; 10,90 \u20ac\/persona solo ida (tarifa normal)<\/li>\n\n\n\n<li>Villefranche-de-Conflent\/Font-Romeu: 1:45 h &#8211; 13,30 \u20ac\/persona<\/li>\n\n\n\n<li>Villefranche-de-Conflent\/Latour de Carol: 3:10 h- 22,50 \u20ac\/persona<\/li>\n\n\n\n<li>Latour de Carol Enveitg\/Font-Romeu: 1:15 H &#8211; 11,60 \u20ac\/persona<\/li>\n\n\n\n<li>Latour de Carol Enveitg\/Mont-Louis: 1:40 h &#8211; 13,90 \u20ac\/persona<\/li>\n<\/ul>\n\n\n\n<p>En un billete de ida y vuelta, los viajeros pueden hacer una escala. No obstante, deber\u00e1n indicarlo al comprar los billetes <strong>(consulte las modalidades en las estaciones de SNCF o TER Occitanie al hacer la reserva)<\/strong>.<\/p>\n\n\n\n<p><strong><strong>Se aceptan cochecitos de ni\u00f1os, bicicletas (n\u00famero limitado, informaci\u00f3n en la estaci\u00f3n) y otros equipos <\/strong><\/strong>a bordo del tren amarillo <em>(compruebe previamente las condiciones en la estaci\u00f3n). <\/em>Sin embargo, tenga en cuenta que no hay ascensores espec\u00edficos para acceder a los vagones altos.<\/p>\n\n\n\n<p><strong>Se <\/strong>admiten <strong>perros <\/strong>a bordo del tren amarillo por una tarifa<strong> suplementaria de 7 \u20ac&nbsp;(solo ida).<\/strong> Los perros de m\u00e1s de 6 kg deben llevar bozal y correa. Hay que tener especial cuidado con los perros miedosos, ya que el viaje en tren es ruidoso, sobre todo al pasar por los t\u00faneles (sujetarlos bien con correa). Lleve agua, ya que los vagones abiertos est\u00e1n muy expuestos al calor.<\/p>\n\n\n\n<div data-wp-interactive=\"core\/file\" class=\"wp-block-file\"><object data-wp-bind--hidden=\"!state.hasPdfPreview\" hidden class=\"wp-block-file__embed\" data=\"https:\/\/letrainjaune.fr\/wp-content\/uploads\/2023\/07\/affiche_train_jaune-3.pdf\" type=\"application\/pdf\" style=\"width:100%;height:600px\" aria-label=\"Incrustado de affiche_train_jaune-3.\"><\/object><a href=\"https:\/\/letrainjaune.fr\/wp-content\/uploads\/2023\/07\/affiche_train_jaune-3.pdf\">affiche_train_jaune-3<\/a><a href=\"https:\/\/letrainjaune.fr\/wp-content\/uploads\/2023\/07\/affiche_train_jaune-3.pdf\" class=\"wp-block-file__button wp-element-button\" download>T\u00e9l\u00e9charger<\/a><\/div>\n\n\n\n<iframe\n\nsrc=https:\/\/www.ter.sncf.com\/occitanie\/marque-grise?partner_name=pnr_train_jaune \nwidth=\"900\" height=\"700 \"allow=\"fullscreen\"\n\/>\n","protected":false},"excerpt":{"rendered":"<p>Adem\u00e1s de su tr\u00e1fico tur\u00edstico de verano, el Tren Amarillo es antes que nada un tren liO que ofrece varias rotaciones diarias a lo largo del a\u00f1o, independientemente de las condiciones meteorol\u00f3gicas. A continuaci\u00f3n se encuentran los horarios de la l\u00ednea del 27 de mayo de 2023 al 9 de diciembre de 2023. Recuerde comprobar [&hellip;]<\/p>\n","protected":false},"author":2,"featured_media":4320,"parent":0,"menu_order":12,"comment_status":"closed","ping_status":"closed","template":"","meta":{"_acf_changed":false,"inline_featured_image":false,"footnotes":""},"class_list":["post-1754","page","type-page","status-publish","has-post-thumbnail","hentry"],"acf":[],"yoast_head":"<!-- This site is optimized with the Yoast SEO plugin v25.4 - https:\/\/yoast.com\/wordpress\/plugins\/seo\/ -->\n<title>Horarios e informaci\u00f3n - Destino Tren amarillo<\/title>\n<meta name=\"robots\" content=\"index, follow, max-snippet:-1, max-image-preview:large, max-video-preview:-1\" \/>\n<link rel=\"canonical\" href=\"https:\/\/letrainjaune.fr\/es\/horaires-et-infos\/\" \/>\n<meta property=\"og:locale\" content=\"es_ES\" \/>\n<meta property=\"og:type\" content=\"article\" \/>\n<meta property=\"og:title\" content=\"Horarios e informaci\u00f3n - Destino Tren amarillo\" \/>\n<meta property=\"og:description\" content=\"Adem\u00e1s de su tr\u00e1fico tur\u00edstico de verano, el Tren Amarillo es antes que nada un tren liO que ofrece varias rotaciones diarias a lo largo del a\u00f1o, independientemente de las condiciones meteorol\u00f3gicas. A continuaci\u00f3n se encuentran los horarios de la l\u00ednea del 27 de mayo de 2023 al 9 de diciembre de 2023. Recuerde comprobar [&hellip;]\" \/>\n<meta property=\"og:url\" content=\"https:\/\/letrainjaune.fr\/es\/horaires-et-infos\/\" \/>\n<meta property=\"og:site_name\" content=\"Destino Tren amarillo\" \/>\n<meta property=\"article:modified_time\" content=\"2025-06-13T07:05:09+00:00\" \/>\n<meta property=\"og:image\" content=\"https:\/\/letrainjaune.fr\/wp-content\/uploads\/2021\/08\/TrainJaune-automne-\u00a9JCMILHET_PNRPC-3.jpg\" \/>\n\t<meta property=\"og:image:width\" content=\"2500\" \/>\n\t<meta property=\"og:image:height\" content=\"1667\" \/>\n\t<meta property=\"og:image:type\" content=\"image\/jpeg\" \/>\n<meta name=\"twitter:card\" content=\"summary_large_image\" \/>\n<meta name=\"twitter:label1\" content=\"Tiempo de lectura\" \/>\n\t<meta name=\"twitter:data1\" content=\"5 minutos\" \/>\n<script type=\"application\/ld+json\" class=\"yoast-schema-graph\">{\"@context\":\"https:\/\/schema.org\",\"@graph\":[{\"@type\":\"WebPage\",\"@id\":\"https:\/\/letrainjaune.fr\/es\/horaires-et-infos\/\",\"url\":\"https:\/\/letrainjaune.fr\/es\/horaires-et-infos\/\",\"name\":\"Horarios e informaci\u00f3n - Destino Tren amarillo\",\"isPartOf\":{\"@id\":\"https:\/\/letrainjaune.fr\/es\/#website\"},\"primaryImageOfPage\":{\"@id\":\"https:\/\/letrainjaune.fr\/es\/horaires-et-infos\/#primaryimage\"},\"image\":{\"@id\":\"https:\/\/letrainjaune.fr\/es\/horaires-et-infos\/#primaryimage\"},\"thumbnailUrl\":\"https:\/\/letrainjaune.fr\/wp-content\/uploads\/2021\/08\/TrainJaune-automne-\u00a9JCMILHET_PNRPC-3.jpg\",\"datePublished\":\"2021-02-16T08:40:43+00:00\",\"dateModified\":\"2025-06-13T07:05:09+00:00\",\"breadcrumb\":{\"@id\":\"https:\/\/letrainjaune.fr\/es\/horaires-et-infos\/#breadcrumb\"},\"inLanguage\":\"es\",\"potentialAction\":[{\"@type\":\"ReadAction\",\"target\":[\"https:\/\/letrainjaune.fr\/es\/horaires-et-infos\/\"]}]},{\"@type\":\"ImageObject\",\"inLanguage\":\"es\",\"@id\":\"https:\/\/letrainjaune.fr\/es\/horaires-et-infos\/#primaryimage\",\"url\":\"https:\/\/letrainjaune.fr\/wp-content\/uploads\/2021\/08\/TrainJaune-automne-\u00a9JCMILHET_PNRPC-3.jpg\",\"contentUrl\":\"https:\/\/letrainjaune.fr\/wp-content\/uploads\/2021\/08\/TrainJaune-automne-\u00a9JCMILHET_PNRPC-3.jpg\",\"width\":2500,\"height\":1667,\"caption\":\"Train Jaune automne\"},{\"@type\":\"BreadcrumbList\",\"@id\":\"https:\/\/letrainjaune.fr\/es\/horaires-et-infos\/#breadcrumb\",\"itemListElement\":[{\"@type\":\"ListItem\",\"position\":1,\"name\":\"Inicio\",\"item\":\"https:\/\/letrainjaune.fr\/es\/\"},{\"@type\":\"ListItem\",\"position\":2,\"name\":\"Horarios e informaci\u00f3n\"}]},{\"@type\":\"WebSite\",\"@id\":\"https:\/\/letrainjaune.fr\/es\/#website\",\"url\":\"https:\/\/letrainjaune.fr\/es\/\",\"name\":\"Destino Tren amarillo\",\"description\":\"Dans les Pyr\u00e9n\u00e9es Catalanes, d\u00e9couvrez ce train sur le plus haut chemin de fer d\u2019Europe.\",\"publisher\":{\"@id\":\"https:\/\/letrainjaune.fr\/es\/#organization\"},\"potentialAction\":[{\"@type\":\"SearchAction\",\"target\":{\"@type\":\"EntryPoint\",\"urlTemplate\":\"https:\/\/letrainjaune.fr\/es\/?s={search_term_string}\"},\"query-input\":{\"@type\":\"PropertyValueSpecification\",\"valueRequired\":true,\"valueName\":\"search_term_string\"}}],\"inLanguage\":\"es\"},{\"@type\":\"Organization\",\"@id\":\"https:\/\/letrainjaune.fr\/es\/#organization\",\"name\":\"Destino Tren amarillo\",\"url\":\"https:\/\/letrainjaune.fr\/es\/\",\"logo\":{\"@type\":\"ImageObject\",\"inLanguage\":\"es\",\"@id\":\"https:\/\/letrainjaune.fr\/es\/#\/schema\/logo\/image\/\",\"url\":\"https:\/\/letrainjaune.fr\/wp-content\/uploads\/2021\/04\/TJ_logo-TJ-footer.svg\",\"contentUrl\":\"https:\/\/letrainjaune.fr\/wp-content\/uploads\/2021\/04\/TJ_logo-TJ-footer.svg\",\"width\":\"1920\",\"height\":\"9999\",\"caption\":\"Destino Tren amarillo\"},\"image\":{\"@id\":\"https:\/\/letrainjaune.fr\/es\/#\/schema\/logo\/image\/\"}}]}<\/script>\n<!-- \/ Yoast SEO plugin. -->","yoast_head_json":{"title":"Horarios e informaci\u00f3n - Destino Tren amarillo","robots":{"index":"index","follow":"follow","max-snippet":"max-snippet:-1","max-image-preview":"max-image-preview:large","max-video-preview":"max-video-preview:-1"},"canonical":"https:\/\/letrainjaune.fr\/es\/horaires-et-infos\/","og_locale":"es_ES","og_type":"article","og_title":"Horarios e informaci\u00f3n - Destino Tren amarillo","og_description":"Adem\u00e1s de su tr\u00e1fico tur\u00edstico de verano, el Tren Amarillo es antes que nada un tren liO que ofrece varias rotaciones diarias a lo largo del a\u00f1o, independientemente de las condiciones meteorol\u00f3gicas. A continuaci\u00f3n se encuentran los horarios de la l\u00ednea del 27 de mayo de 2023 al 9 de diciembre de 2023. Recuerde comprobar [&hellip;]","og_url":"https:\/\/letrainjaune.fr\/es\/horaires-et-infos\/","og_site_name":"Destino Tren amarillo","article_modified_time":"2025-06-13T07:05:09+00:00","og_image":[{"width":2500,"height":1667,"url":"https:\/\/letrainjaune.fr\/wp-content\/uploads\/2021\/08\/TrainJaune-automne-\u00a9JCMILHET_PNRPC-3.jpg","type":"image\/jpeg"}],"twitter_card":"summary_large_image","twitter_misc":{"Tiempo de lectura":"5 minutos"},"schema":{"@context":"https:\/\/schema.org","@graph":[{"@type":"WebPage","@id":"https:\/\/letrainjaune.fr\/es\/horaires-et-infos\/","url":"https:\/\/letrainjaune.fr\/es\/horaires-et-infos\/","name":"Horarios e informaci\u00f3n - Destino Tren amarillo","isPartOf":{"@id":"https:\/\/letrainjaune.fr\/es\/#website"},"primaryImageOfPage":{"@id":"https:\/\/letrainjaune.fr\/es\/horaires-et-infos\/#primaryimage"},"image":{"@id":"https:\/\/letrainjaune.fr\/es\/horaires-et-infos\/#primaryimage"},"thumbnailUrl":"https:\/\/letrainjaune.fr\/wp-content\/uploads\/2021\/08\/TrainJaune-automne-\u00a9JCMILHET_PNRPC-3.jpg","datePublished":"2021-02-16T08:40:43+00:00","dateModified":"2025-06-13T07:05:09+00:00","breadcrumb":{"@id":"https:\/\/letrainjaune.fr\/es\/horaires-et-infos\/#breadcrumb"},"inLanguage":"es","potentialAction":[{"@type":"ReadAction","target":["https:\/\/letrainjaune.fr\/es\/horaires-et-infos\/"]}]},{"@type":"ImageObject","inLanguage":"es","@id":"https:\/\/letrainjaune.fr\/es\/horaires-et-infos\/#primaryimage","url":"https:\/\/letrainjaune.fr\/wp-content\/uploads\/2021\/08\/TrainJaune-automne-\u00a9JCMILHET_PNRPC-3.jpg","contentUrl":"https:\/\/letrainjaune.fr\/wp-content\/uploads\/2021\/08\/TrainJaune-automne-\u00a9JCMILHET_PNRPC-3.jpg","width":2500,"height":1667,"caption":"Train Jaune automne"},{"@type":"BreadcrumbList","@id":"https:\/\/letrainjaune.fr\/es\/horaires-et-infos\/#breadcrumb","itemListElement":[{"@type":"ListItem","position":1,"name":"Inicio","item":"https:\/\/letrainjaune.fr\/es\/"},{"@type":"ListItem","position":2,"name":"Horarios e informaci\u00f3n"}]},{"@type":"WebSite","@id":"https:\/\/letrainjaune.fr\/es\/#website","url":"https:\/\/letrainjaune.fr\/es\/","name":"Destino Tren amarillo","description":"Dans les Pyr\u00e9n\u00e9es Catalanes, d\u00e9couvrez ce train sur le plus haut chemin de fer d\u2019Europe.","publisher":{"@id":"https:\/\/letrainjaune.fr\/es\/#organization"},"potentialAction":[{"@type":"SearchAction","target":{"@type":"EntryPoint","urlTemplate":"https:\/\/letrainjaune.fr\/es\/?s={search_term_string}"},"query-input":{"@type":"PropertyValueSpecification","valueRequired":true,"valueName":"search_term_string"}}],"inLanguage":"es"},{"@type":"Organization","@id":"https:\/\/letrainjaune.fr\/es\/#organization","name":"Destino Tren amarillo","url":"https:\/\/letrainjaune.fr\/es\/","logo":{"@type":"ImageObject","inLanguage":"es","@id":"https:\/\/letrainjaune.fr\/es\/#\/schema\/logo\/image\/","url":"https:\/\/letrainjaune.fr\/wp-content\/uploads\/2021\/04\/TJ_logo-TJ-footer.svg","contentUrl":"https:\/\/letrainjaune.fr\/wp-content\/uploads\/2021\/04\/TJ_logo-TJ-footer.svg","width":"1920","height":"9999","caption":"Destino Tren amarillo"},"image":{"@id":"https:\/\/letrainjaune.fr\/es\/#\/schema\/logo\/image\/"}}]}},"_links":{"self":[{"href":"https:\/\/letrainjaune.fr\/es\/wp-json\/wp\/v2\/pages\/1754","targetHints":{"allow":["GET"]}}],"collection":[{"href":"https:\/\/letrainjaune.fr\/es\/wp-json\/wp\/v2\/pages"}],"about":[{"href":"https:\/\/letrainjaune.fr\/es\/wp-json\/wp\/v2\/types\/page"}],"author":[{"embeddable":true,"href":"https:\/\/letrainjaune.fr\/es\/wp-json\/wp\/v2\/users\/2"}],"replies":[{"embeddable":true,"href":"https:\/\/letrainjaune.fr\/es\/wp-json\/wp\/v2\/comments?post=1754"}],"version-history":[{"count":8,"href":"https:\/\/letrainjaune.fr\/es\/wp-json\/wp\/v2\/pages\/1754\/revisions"}],"predecessor-version":[{"id":16129,"href":"https:\/\/letrainjaune.fr\/es\/wp-json\/wp\/v2\/pages\/1754\/revisions\/16129"}],"wp:featuredmedia":[{"embeddable":true,"href":"https:\/\/letrainjaune.fr\/es\/wp-json\/wp\/v2\/media\/4320"}],"wp:attachment":[{"href":"https:\/\/letrainjaune.fr\/es\/wp-json\/wp\/v2\/media?parent=1754"}],"curies":[{"name":"wp","href":"https:\/\/api.w.org\/{rel}","templated":true}]}}