{"id":1799,"date":"2021-02-16T11:45:22","date_gmt":"2021-02-16T10:45:22","guid":{"rendered":"https:\/\/letrainjaune.fr\/para-ver-y-hacer\/incontournables\/"},"modified":"2023-06-16T15:36:09","modified_gmt":"2023-06-16T13:36:09","slug":"los-imprescindibles","status":"publish","type":"page","link":"https:\/\/letrainjaune.fr\/es\/que-ver-y-hacer\/los-imprescindibles\/","title":{"rendered":"Los imprescindibles"},"content":{"rendered":"\n<p>El <strong>Parque Natural Regional de los Pirineos Catalu\u00f1a <\/strong>est\u00e1 lleno de lugares y actividades sorprendentes. \u00a1Descubra aqu\u00ed nuestra selecci\u00f3n de algunos de los lugares imprescindibles que debe visitar o probar en nuestro territorio! <\/p>\n","protected":false},"excerpt":{"rendered":"<p>El Parque Natural Regional de los Pirineos Catalu\u00f1a est\u00e1 lleno de lugares y actividades sorprendentes. \u00a1Descubra aqu\u00ed nuestra selecci\u00f3n de algunos de los lugares imprescindibles que debe visitar o probar en nuestro territorio!<\/p>\n","protected":false},"author":2,"featured_media":2920,"parent":1706,"menu_order":1,"comment_status":"closed","ping_status":"closed","template":"page-templates\/page-incontournables.php","meta":{"_acf_changed":false,"inline_featured_image":false,"footnotes":""},"class_list":["post-1799","page","type-page","status-publish","has-post-thumbnail","hentry"],"acf":[],"yoast_head":"<!-- This site is optimized with the Yoast SEO plugin v25.4 - https:\/\/yoast.com\/wordpress\/plugins\/seo\/ -->\n<title>Los imprescindibles - Destino Tren amarillo<\/title>\n<meta name=\"robots\" content=\"index, follow, max-snippet:-1, max-image-preview:large, max-video-preview:-1\" \/>\n<link rel=\"canonical\" href=\"https:\/\/letrainjaune.fr\/es\/que-ver-y-hacer\/los-imprescindibles\/\" \/>\n<meta property=\"og:locale\" content=\"es_ES\" \/>\n<meta property=\"og:type\" content=\"article\" \/>\n<meta property=\"og:title\" content=\"Los imprescindibles - Destino Tren amarillo\" \/>\n<meta property=\"og:description\" content=\"El Parque Natural Regional de los Pirineos Catalu\u00f1a est\u00e1 lleno de lugares y actividades sorprendentes. \u00a1Descubra aqu\u00ed nuestra selecci\u00f3n de algunos de los lugares imprescindibles que debe visitar o probar en nuestro territorio!\" \/>\n<meta property=\"og:url\" content=\"https:\/\/letrainjaune.fr\/es\/que-ver-y-hacer\/los-imprescindibles\/\" \/>\n<meta property=\"og:site_name\" content=\"Destino Tren amarillo\" \/>\n<meta property=\"article:modified_time\" content=\"2023-06-16T13:36:09+00:00\" \/>\n<meta property=\"og:image\" content=\"https:\/\/letrainjaune.fr\/wp-content\/uploads\/2021\/07\/Gorges_de_la_Caranca_\u00a9CONFLENTCANIGO102.jpg\" \/>\n\t<meta property=\"og:image:width\" content=\"1080\" \/>\n\t<meta property=\"og:image:height\" content=\"715\" \/>\n\t<meta property=\"og:image:type\" content=\"image\/jpeg\" \/>\n<meta name=\"twitter:card\" content=\"summary_large_image\" \/>\n<meta name=\"twitter:label1\" content=\"Tiempo de lectura\" \/>\n\t<meta name=\"twitter:data1\" content=\"1 minuto\" \/>\n<script type=\"application\/ld+json\" class=\"yoast-schema-graph\">{\"@context\":\"https:\/\/schema.org\",\"@graph\":[{\"@type\":\"WebPage\",\"@id\":\"https:\/\/letrainjaune.fr\/es\/que-ver-y-hacer\/los-imprescindibles\/\",\"url\":\"https:\/\/letrainjaune.fr\/es\/que-ver-y-hacer\/los-imprescindibles\/\",\"name\":\"Los imprescindibles - Destino Tren amarillo\",\"isPartOf\":{\"@id\":\"https:\/\/letrainjaune.fr\/es\/#website\"},\"primaryImageOfPage\":{\"@id\":\"https:\/\/letrainjaune.fr\/es\/que-ver-y-hacer\/los-imprescindibles\/#primaryimage\"},\"image\":{\"@id\":\"https:\/\/letrainjaune.fr\/es\/que-ver-y-hacer\/los-imprescindibles\/#primaryimage\"},\"thumbnailUrl\":\"https:\/\/letrainjaune.fr\/wp-content\/uploads\/2021\/07\/Gorges_de_la_Caranca_\u00a9CONFLENTCANIGO102.jpg\",\"datePublished\":\"2021-02-16T10:45:22+00:00\",\"dateModified\":\"2023-06-16T13:36:09+00:00\",\"breadcrumb\":{\"@id\":\"https:\/\/letrainjaune.fr\/es\/que-ver-y-hacer\/los-imprescindibles\/#breadcrumb\"},\"inLanguage\":\"es\",\"potentialAction\":[{\"@type\":\"ReadAction\",\"target\":[\"https:\/\/letrainjaune.fr\/es\/que-ver-y-hacer\/los-imprescindibles\/\"]}]},{\"@type\":\"ImageObject\",\"inLanguage\":\"es\",\"@id\":\"https:\/\/letrainjaune.fr\/es\/que-ver-y-hacer\/los-imprescindibles\/#primaryimage\",\"url\":\"https:\/\/letrainjaune.fr\/wp-content\/uploads\/2021\/07\/Gorges_de_la_Caranca_\u00a9CONFLENTCANIGO102.jpg\",\"contentUrl\":\"https:\/\/letrainjaune.fr\/wp-content\/uploads\/2021\/07\/Gorges_de_la_Caranca_\u00a9CONFLENTCANIGO102.jpg\",\"width\":1080,\"height\":715,\"caption\":\"Valle del Caran\u00e7a\"},{\"@type\":\"BreadcrumbList\",\"@id\":\"https:\/\/letrainjaune.fr\/es\/que-ver-y-hacer\/los-imprescindibles\/#breadcrumb\",\"itemListElement\":[{\"@type\":\"ListItem\",\"position\":1,\"name\":\"Inicio\",\"item\":\"https:\/\/letrainjaune.fr\/es\/\"},{\"@type\":\"ListItem\",\"position\":2,\"name\":\"Qu\u00e9 ver y hacer\",\"item\":\"https:\/\/letrainjaune.fr\/es\/que-ver-y-hacer\/\"},{\"@type\":\"ListItem\",\"position\":3,\"name\":\"Los imprescindibles\"}]},{\"@type\":\"WebSite\",\"@id\":\"https:\/\/letrainjaune.fr\/es\/#website\",\"url\":\"https:\/\/letrainjaune.fr\/es\/\",\"name\":\"Destino Tren amarillo\",\"description\":\"Dans les Pyr\u00e9n\u00e9es Catalanes, d\u00e9couvrez ce train sur le plus haut chemin de fer d\u2019Europe.\",\"publisher\":{\"@id\":\"https:\/\/letrainjaune.fr\/es\/#organization\"},\"potentialAction\":[{\"@type\":\"SearchAction\",\"target\":{\"@type\":\"EntryPoint\",\"urlTemplate\":\"https:\/\/letrainjaune.fr\/es\/?s={search_term_string}\"},\"query-input\":{\"@type\":\"PropertyValueSpecification\",\"valueRequired\":true,\"valueName\":\"search_term_string\"}}],\"inLanguage\":\"es\"},{\"@type\":\"Organization\",\"@id\":\"https:\/\/letrainjaune.fr\/es\/#organization\",\"name\":\"Destino Tren amarillo\",\"url\":\"https:\/\/letrainjaune.fr\/es\/\",\"logo\":{\"@type\":\"ImageObject\",\"inLanguage\":\"es\",\"@id\":\"https:\/\/letrainjaune.fr\/es\/#\/schema\/logo\/image\/\",\"url\":\"https:\/\/letrainjaune.fr\/wp-content\/uploads\/2021\/04\/TJ_logo-TJ-footer.svg\",\"contentUrl\":\"https:\/\/letrainjaune.fr\/wp-content\/uploads\/2021\/04\/TJ_logo-TJ-footer.svg\",\"width\":\"1920\",\"height\":\"9999\",\"caption\":\"Destino Tren amarillo\"},\"image\":{\"@id\":\"https:\/\/letrainjaune.fr\/es\/#\/schema\/logo\/image\/\"}}]}<\/script>\n<!-- \/ Yoast SEO plugin. -->","yoast_head_json":{"title":"Los imprescindibles - Destino Tren amarillo","robots":{"index":"index","follow":"follow","max-snippet":"max-snippet:-1","max-image-preview":"max-image-preview:large","max-video-preview":"max-video-preview:-1"},"canonical":"https:\/\/letrainjaune.fr\/es\/que-ver-y-hacer\/los-imprescindibles\/","og_locale":"es_ES","og_type":"article","og_title":"Los imprescindibles - Destino Tren amarillo","og_description":"El Parque Natural Regional de los Pirineos Catalu\u00f1a est\u00e1 lleno de lugares y actividades sorprendentes. \u00a1Descubra aqu\u00ed nuestra selecci\u00f3n de algunos de los lugares imprescindibles que debe visitar o probar en nuestro territorio!","og_url":"https:\/\/letrainjaune.fr\/es\/que-ver-y-hacer\/los-imprescindibles\/","og_site_name":"Destino Tren amarillo","article_modified_time":"2023-06-16T13:36:09+00:00","og_image":[{"width":1080,"height":715,"url":"https:\/\/letrainjaune.fr\/wp-content\/uploads\/2021\/07\/Gorges_de_la_Caranca_\u00a9CONFLENTCANIGO102.jpg","type":"image\/jpeg"}],"twitter_card":"summary_large_image","twitter_misc":{"Tiempo de lectura":"1 minuto"},"schema":{"@context":"https:\/\/schema.org","@graph":[{"@type":"WebPage","@id":"https:\/\/letrainjaune.fr\/es\/que-ver-y-hacer\/los-imprescindibles\/","url":"https:\/\/letrainjaune.fr\/es\/que-ver-y-hacer\/los-imprescindibles\/","name":"Los imprescindibles - Destino Tren amarillo","isPartOf":{"@id":"https:\/\/letrainjaune.fr\/es\/#website"},"primaryImageOfPage":{"@id":"https:\/\/letrainjaune.fr\/es\/que-ver-y-hacer\/los-imprescindibles\/#primaryimage"},"image":{"@id":"https:\/\/letrainjaune.fr\/es\/que-ver-y-hacer\/los-imprescindibles\/#primaryimage"},"thumbnailUrl":"https:\/\/letrainjaune.fr\/wp-content\/uploads\/2021\/07\/Gorges_de_la_Caranca_\u00a9CONFLENTCANIGO102.jpg","datePublished":"2021-02-16T10:45:22+00:00","dateModified":"2023-06-16T13:36:09+00:00","breadcrumb":{"@id":"https:\/\/letrainjaune.fr\/es\/que-ver-y-hacer\/los-imprescindibles\/#breadcrumb"},"inLanguage":"es","potentialAction":[{"@type":"ReadAction","target":["https:\/\/letrainjaune.fr\/es\/que-ver-y-hacer\/los-imprescindibles\/"]}]},{"@type":"ImageObject","inLanguage":"es","@id":"https:\/\/letrainjaune.fr\/es\/que-ver-y-hacer\/los-imprescindibles\/#primaryimage","url":"https:\/\/letrainjaune.fr\/wp-content\/uploads\/2021\/07\/Gorges_de_la_Caranca_\u00a9CONFLENTCANIGO102.jpg","contentUrl":"https:\/\/letrainjaune.fr\/wp-content\/uploads\/2021\/07\/Gorges_de_la_Caranca_\u00a9CONFLENTCANIGO102.jpg","width":1080,"height":715,"caption":"Valle del Caran\u00e7a"},{"@type":"BreadcrumbList","@id":"https:\/\/letrainjaune.fr\/es\/que-ver-y-hacer\/los-imprescindibles\/#breadcrumb","itemListElement":[{"@type":"ListItem","position":1,"name":"Inicio","item":"https:\/\/letrainjaune.fr\/es\/"},{"@type":"ListItem","position":2,"name":"Qu\u00e9 ver y hacer","item":"https:\/\/letrainjaune.fr\/es\/que-ver-y-hacer\/"},{"@type":"ListItem","position":3,"name":"Los imprescindibles"}]},{"@type":"WebSite","@id":"https:\/\/letrainjaune.fr\/es\/#website","url":"https:\/\/letrainjaune.fr\/es\/","name":"Destino Tren amarillo","description":"Dans les Pyr\u00e9n\u00e9es Catalanes, d\u00e9couvrez ce train sur le plus haut chemin de fer d\u2019Europe.","publisher":{"@id":"https:\/\/letrainjaune.fr\/es\/#organization"},"potentialAction":[{"@type":"SearchAction","target":{"@type":"EntryPoint","urlTemplate":"https:\/\/letrainjaune.fr\/es\/?s={search_term_string}"},"query-input":{"@type":"PropertyValueSpecification","valueRequired":true,"valueName":"search_term_string"}}],"inLanguage":"es"},{"@type":"Organization","@id":"https:\/\/letrainjaune.fr\/es\/#organization","name":"Destino Tren amarillo","url":"https:\/\/letrainjaune.fr\/es\/","logo":{"@type":"ImageObject","inLanguage":"es","@id":"https:\/\/letrainjaune.fr\/es\/#\/schema\/logo\/image\/","url":"https:\/\/letrainjaune.fr\/wp-content\/uploads\/2021\/04\/TJ_logo-TJ-footer.svg","contentUrl":"https:\/\/letrainjaune.fr\/wp-content\/uploads\/2021\/04\/TJ_logo-TJ-footer.svg","width":"1920","height":"9999","caption":"Destino Tren amarillo"},"image":{"@id":"https:\/\/letrainjaune.fr\/es\/#\/schema\/logo\/image\/"}}]}},"_links":{"self":[{"href":"https:\/\/letrainjaune.fr\/es\/wp-json\/wp\/v2\/pages\/1799","targetHints":{"allow":["GET"]}}],"collection":[{"href":"https:\/\/letrainjaune.fr\/es\/wp-json\/wp\/v2\/pages"}],"about":[{"href":"https:\/\/letrainjaune.fr\/es\/wp-json\/wp\/v2\/types\/page"}],"author":[{"embeddable":true,"href":"https:\/\/letrainjaune.fr\/es\/wp-json\/wp\/v2\/users\/2"}],"replies":[{"embeddable":true,"href":"https:\/\/letrainjaune.fr\/es\/wp-json\/wp\/v2\/comments?post=1799"}],"version-history":[{"count":4,"href":"https:\/\/letrainjaune.fr\/es\/wp-json\/wp\/v2\/pages\/1799\/revisions"}],"predecessor-version":[{"id":9816,"href":"https:\/\/letrainjaune.fr\/es\/wp-json\/wp\/v2\/pages\/1799\/revisions\/9816"}],"up":[{"embeddable":true,"href":"https:\/\/letrainjaune.fr\/es\/wp-json\/wp\/v2\/pages\/1706"}],"wp:featuredmedia":[{"embeddable":true,"href":"https:\/\/letrainjaune.fr\/es\/wp-json\/wp\/v2\/media\/2920"}],"wp:attachment":[{"href":"https:\/\/letrainjaune.fr\/es\/wp-json\/wp\/v2\/media?parent=1799"}],"curies":[{"name":"wp","href":"https:\/\/api.w.org\/{rel}","templated":true}]}}