{"id":1824,"date":"2021-06-22T18:29:49","date_gmt":"2021-06-22T16:29:49","guid":{"rendered":"https:\/\/letrainjaune.fr\/?page_id=1824"},"modified":"2023-06-06T17:13:25","modified_gmt":"2023-06-06T15:13:25","slug":"menciones-legales","status":"publish","type":"page","link":"https:\/\/letrainjaune.fr\/es\/menciones-legales\/","title":{"rendered":"Menciones legales"},"content":{"rendered":"\n<h2 class=\"wp-block-heading\">\u00c9diteur du site<\/h2>\n\n\n\n<p><strong>Propri\u00e9taire<\/strong>&nbsp;: Parc naturel r\u00e9gional des Pyr\u00e9n\u00e9es-catalanes <br><strong>Adresse<\/strong>&nbsp;: La Bastide, 66360 Olette<br><strong>E-mail<\/strong>&nbsp;: contact@pnrpc.fr <br><strong>T\u00e9l\u00e9phone<\/strong>&nbsp;: 04 68 04 97 60 <\/p>\n\n\n\n<p><strong>Directeur de publication<\/strong>&nbsp;: Tristan ROUX <\/p>\n\n\n\n<p><strong>Raison sociale<\/strong>&nbsp;: Parc naturel r\u00e9gional des Pyr\u00e9n\u00e9es-catalanes <br><strong>Structure juridique<\/strong>&nbsp;: Syndicat mixte <br><strong>Num\u00e9ro SIRET<\/strong>&nbsp;: 256 601 857 000 20 <br><strong>Code APE<\/strong>&nbsp;: 751 A <\/p>\n\n\n\n<h2 class=\"wp-block-heading\">Conception et r\u00e9alisation du site<\/h2>\n\n\n\n<p>Canop\u00e9e, agence de design global et strat\u00e9gie de communication<br><strong>Adresse<\/strong>&nbsp;: 2 rue \u00c9tienne Gautier, 13200 Arles<br><strong>Tel<\/strong>. : 04 90 93 80 30<br><strong>E-mail&nbsp;<\/strong>:&nbsp;<a href=\"mailto:info@canopee.cc\" rel=\"nofollow\">info@canopee.cc<\/a><br><strong>Site internet&nbsp;<\/strong>:&nbsp;<a href=\"http:\/\/www.canopee.cc\/\" target=\"_blank\" rel=\"noreferrer noopener nofollow\">www.canopee.cc<\/a><\/p>\n\n\n\n<h2 class=\"wp-block-heading\">H\u00e9bergement<\/h2>\n\n\n\n<p>OVH<br>RCS Roubaix \u2013 Tourcoing 424 761 419 00045<br><strong>Code APE :<\/strong> 6202A<br><strong>N\u00b0 TVA<\/strong>&nbsp;: FR 22 424 761 419<br><strong>Si\u00e8ge social<\/strong>&nbsp;: 2 rue Kellermann \u2013 59100 Roubaix \u2013 France.<\/p>\n\n\n\n<h2 class=\"wp-block-heading\">Propri\u00e9t\u00e9 intellectuelle<\/h2>\n\n\n<p>L\u2019ensemble du contenu du site&nbsp;<a href=\"https:\/\/letrainjaune.fr\/es\/\">letrainjaune.fr<\/a>&nbsp;\u00e0 savoir notamment tous les textes, commentaires, ouvrages, illustrations, \u0153uvres et images reproduits ou repr\u00e9sent\u00e9s sont strictement r\u00e9serv\u00e9s au titre du droit d\u2019auteur ainsi qu\u2019au titre de la propri\u00e9t\u00e9 intellectuelle et pour le monde entier. \u00c0 ce titre et conform\u00e9ment aux dispositions du code de la propri\u00e9t\u00e9 intellectuelle, seule l\u2019utilisation pour un usage priv\u00e9 sous r\u00e9serve de dispositions diff\u00e9rentes voire plus restrictives du code de la propri\u00e9t\u00e9 intellectuelle est autoris\u00e9e. Toute reproduction ou repr\u00e9sentation totale ou partielle du site&nbsp;<a href=\"https:\/\/letrainjaune.fr\/es\/\">letrainjaune.fr<\/a>&nbsp;ou de tout ou partie des \u00e9l\u00e9ments se trouvant sur le site&nbsp;<a href=\"https:\/\/letrainjaune.fr\/es\/\">letrainjaune.fr<\/a>&nbsp;est strictement interdite.<\/p>\n\n\n<p>Toute utilisation de ces contenus en fraude des droits d\u00e9tenus par des tiers sur ceux-ci est constitutive du d\u00e9lit de contrefa\u00e7on, s\u00e9v\u00e8rement sanctionn\u00e9 par le Code de la Propri\u00e9t\u00e9 Intellectuelle.<\/p>\n\n\n\n<h2 class=\"wp-block-heading\">Photos<\/h2>\n\n\n\n<p>Les photos sont les propri\u00e9t\u00e9s des auteurs cr\u00e9dit\u00e9s et sont soumises \u00e0 autorisation. <\/p>\n\n\n\n<h2 class=\"wp-block-heading\">Responsabilit\u00e9<\/h2>\n\n\n\n<p>Le site&nbsp;<a href=\"https:\/\/letrainjaune.fr\/es\/\">letrainjaune.fr<\/a> peut contenir des liens vers d\u2019autres sites dont les contenus ne sont pas sous le contr\u00f4le du Parc naturel r\u00e9gional des Pyr\u00e9n\u00e9es Catalanes. Par cons\u00e9quent, la responsabilit\u00e9 du Parc naturel r\u00e9gional des Pyr\u00e9n\u00e9es Catalanes ne saurait \u00eatre engag\u00e9e \u00e0 raison du contenu de ces sites, des liens qu\u2019ils contiennent, des produits ou services qu\u2019ils proposent. <\/p>\n\n\n\n<p>\u00c9galement, certaines pages du site <em>letrainjaune.fr <\/em>sont aliment\u00e9es directement par un flux automatique provenant de la base touristique <em>Tourinsoft <\/em>r\u00e9gie par l&#8217;<em>Agence D\u00e9partementales des Pyr\u00e9n\u00e9es-orientales. <\/em>Il s&#8217;agit des pages suivantes :<\/p>\n\n\n\n<ul class=\"wp-block-list\"><li>Agenda. <\/li><li>Gastronom\u00eda y productos locales<\/li><li>Visites. <\/li><li>Actividades en la naturaleza<\/li><li>Restauration. <\/li><li>H\u00e9bergement. <\/li><\/ul>\n\n\n\n<p>Le Parc naturel r\u00e9gional des Pyr\u00e9n\u00e9es Catalanes exclut toute responsabilit\u00e9 pour n\u2019importe quel pr\u00e9judice caus\u00e9 directement et\/ou indirectement, de quelque fa\u00e7on que ce soit, du fait de l\u2019utilisation du site. Le Parc naturel r\u00e9gional des Pyr\u00e9n\u00e9es Catalanes ne sera en aucun cas responsable d\u2019un quelconque pr\u00e9judice, caus\u00e9 par :<\/p>\n\n\n\n<ul class=\"wp-block-list\"><li>des faits et actions des tiers,<\/li><li>l\u2019impossibilit\u00e9 d\u2019utiliser le site,<\/li><li>l\u2019utilisation irr\u00e9guli\u00e8re du site et\/ou des syst\u00e8mes informatiques du Parc naturel r\u00e9gional des Pyr\u00e9n\u00e9es Catalanes par un tiers.<\/li><\/ul>\n","protected":false},"excerpt":{"rendered":"<p>\u00c9diteur du site Propri\u00e9taire&nbsp;: Parc naturel r\u00e9gional des Pyr\u00e9n\u00e9es-catalanes Adresse&nbsp;: La Bastide, 66360 OletteE-mail&nbsp;: contact@pnrpc.fr T\u00e9l\u00e9phone&nbsp;: 04 68 04 97 60 Directeur de publication&nbsp;: Tristan ROUX Raison sociale&nbsp;: Parc naturel r\u00e9gional des Pyr\u00e9n\u00e9es-catalanes Structure juridique&nbsp;: Syndicat mixte Num\u00e9ro SIRET&nbsp;: 256 601 857 000 20 Code APE&nbsp;: 751 A Conception et r\u00e9alisation du site Canop\u00e9e, agence [&hellip;]<\/p>\n","protected":false},"author":2,"featured_media":0,"parent":0,"menu_order":23,"comment_status":"closed","ping_status":"closed","template":"","meta":{"_acf_changed":false,"inline_featured_image":false,"footnotes":""},"class_list":["post-1824","page","type-page","status-publish","hentry"],"acf":[],"yoast_head":"<!-- This site is optimized with the Yoast SEO plugin v25.4 - https:\/\/yoast.com\/wordpress\/plugins\/seo\/ -->\n<title>Menciones legales - Destino Tren amarillo<\/title>\n<meta name=\"robots\" content=\"index, follow, max-snippet:-1, max-image-preview:large, max-video-preview:-1\" \/>\n<link rel=\"canonical\" href=\"https:\/\/letrainjaune.fr\/es\/menciones-legales\/\" \/>\n<meta property=\"og:locale\" content=\"es_ES\" \/>\n<meta property=\"og:type\" content=\"article\" \/>\n<meta property=\"og:title\" content=\"Menciones legales - Destino Tren amarillo\" \/>\n<meta property=\"og:description\" content=\"\u00c9diteur du site Propri\u00e9taire&nbsp;: Parc naturel r\u00e9gional des Pyr\u00e9n\u00e9es-catalanes Adresse&nbsp;: La Bastide, 66360 OletteE-mail&nbsp;: contact@pnrpc.fr T\u00e9l\u00e9phone&nbsp;: 04 68 04 97 60 Directeur de publication&nbsp;: Tristan ROUX Raison sociale&nbsp;: Parc naturel r\u00e9gional des Pyr\u00e9n\u00e9es-catalanes Structure juridique&nbsp;: Syndicat mixte Num\u00e9ro SIRET&nbsp;: 256 601 857 000 20 Code APE&nbsp;: 751 A Conception et r\u00e9alisation du site Canop\u00e9e, agence [&hellip;]\" \/>\n<meta property=\"og:url\" content=\"https:\/\/letrainjaune.fr\/es\/menciones-legales\/\" \/>\n<meta property=\"og:site_name\" content=\"Destino Tren amarillo\" \/>\n<meta property=\"article:modified_time\" content=\"2023-06-06T15:13:25+00:00\" \/>\n<meta name=\"twitter:card\" content=\"summary_large_image\" \/>\n<meta name=\"twitter:label1\" content=\"Tiempo de lectura\" \/>\n\t<meta name=\"twitter:data1\" content=\"3 minutos\" \/>\n<script type=\"application\/ld+json\" class=\"yoast-schema-graph\">{\"@context\":\"https:\/\/schema.org\",\"@graph\":[{\"@type\":\"WebPage\",\"@id\":\"https:\/\/letrainjaune.fr\/es\/menciones-legales\/\",\"url\":\"https:\/\/letrainjaune.fr\/es\/menciones-legales\/\",\"name\":\"Menciones legales - Destino Tren amarillo\",\"isPartOf\":{\"@id\":\"https:\/\/letrainjaune.fr\/es\/#website\"},\"datePublished\":\"2021-06-22T16:29:49+00:00\",\"dateModified\":\"2023-06-06T15:13:25+00:00\",\"breadcrumb\":{\"@id\":\"https:\/\/letrainjaune.fr\/es\/menciones-legales\/#breadcrumb\"},\"inLanguage\":\"es\",\"potentialAction\":[{\"@type\":\"ReadAction\",\"target\":[\"https:\/\/letrainjaune.fr\/es\/menciones-legales\/\"]}]},{\"@type\":\"BreadcrumbList\",\"@id\":\"https:\/\/letrainjaune.fr\/es\/menciones-legales\/#breadcrumb\",\"itemListElement\":[{\"@type\":\"ListItem\",\"position\":1,\"name\":\"Inicio\",\"item\":\"https:\/\/letrainjaune.fr\/es\/\"},{\"@type\":\"ListItem\",\"position\":2,\"name\":\"Menciones legales\"}]},{\"@type\":\"WebSite\",\"@id\":\"https:\/\/letrainjaune.fr\/es\/#website\",\"url\":\"https:\/\/letrainjaune.fr\/es\/\",\"name\":\"Destino Tren amarillo\",\"description\":\"Dans les Pyr\u00e9n\u00e9es Catalanes, d\u00e9couvrez ce train sur le plus haut chemin de fer d\u2019Europe.\",\"publisher\":{\"@id\":\"https:\/\/letrainjaune.fr\/es\/#organization\"},\"potentialAction\":[{\"@type\":\"SearchAction\",\"target\":{\"@type\":\"EntryPoint\",\"urlTemplate\":\"https:\/\/letrainjaune.fr\/es\/?s={search_term_string}\"},\"query-input\":{\"@type\":\"PropertyValueSpecification\",\"valueRequired\":true,\"valueName\":\"search_term_string\"}}],\"inLanguage\":\"es\"},{\"@type\":\"Organization\",\"@id\":\"https:\/\/letrainjaune.fr\/es\/#organization\",\"name\":\"Destino Tren amarillo\",\"url\":\"https:\/\/letrainjaune.fr\/es\/\",\"logo\":{\"@type\":\"ImageObject\",\"inLanguage\":\"es\",\"@id\":\"https:\/\/letrainjaune.fr\/es\/#\/schema\/logo\/image\/\",\"url\":\"https:\/\/letrainjaune.fr\/wp-content\/uploads\/2021\/04\/TJ_logo-TJ-footer.svg\",\"contentUrl\":\"https:\/\/letrainjaune.fr\/wp-content\/uploads\/2021\/04\/TJ_logo-TJ-footer.svg\",\"width\":\"1920\",\"height\":\"9999\",\"caption\":\"Destino Tren amarillo\"},\"image\":{\"@id\":\"https:\/\/letrainjaune.fr\/es\/#\/schema\/logo\/image\/\"}}]}<\/script>\n<!-- \/ Yoast SEO plugin. -->","yoast_head_json":{"title":"Menciones legales - Destino Tren amarillo","robots":{"index":"index","follow":"follow","max-snippet":"max-snippet:-1","max-image-preview":"max-image-preview:large","max-video-preview":"max-video-preview:-1"},"canonical":"https:\/\/letrainjaune.fr\/es\/menciones-legales\/","og_locale":"es_ES","og_type":"article","og_title":"Menciones legales - Destino Tren amarillo","og_description":"\u00c9diteur du site Propri\u00e9taire&nbsp;: Parc naturel r\u00e9gional des Pyr\u00e9n\u00e9es-catalanes Adresse&nbsp;: La Bastide, 66360 OletteE-mail&nbsp;: contact@pnrpc.fr T\u00e9l\u00e9phone&nbsp;: 04 68 04 97 60 Directeur de publication&nbsp;: Tristan ROUX Raison sociale&nbsp;: Parc naturel r\u00e9gional des Pyr\u00e9n\u00e9es-catalanes Structure juridique&nbsp;: Syndicat mixte Num\u00e9ro SIRET&nbsp;: 256 601 857 000 20 Code APE&nbsp;: 751 A Conception et r\u00e9alisation du site Canop\u00e9e, agence [&hellip;]","og_url":"https:\/\/letrainjaune.fr\/es\/menciones-legales\/","og_site_name":"Destino Tren amarillo","article_modified_time":"2023-06-06T15:13:25+00:00","twitter_card":"summary_large_image","twitter_misc":{"Tiempo de lectura":"3 minutos"},"schema":{"@context":"https:\/\/schema.org","@graph":[{"@type":"WebPage","@id":"https:\/\/letrainjaune.fr\/es\/menciones-legales\/","url":"https:\/\/letrainjaune.fr\/es\/menciones-legales\/","name":"Menciones legales - Destino Tren amarillo","isPartOf":{"@id":"https:\/\/letrainjaune.fr\/es\/#website"},"datePublished":"2021-06-22T16:29:49+00:00","dateModified":"2023-06-06T15:13:25+00:00","breadcrumb":{"@id":"https:\/\/letrainjaune.fr\/es\/menciones-legales\/#breadcrumb"},"inLanguage":"es","potentialAction":[{"@type":"ReadAction","target":["https:\/\/letrainjaune.fr\/es\/menciones-legales\/"]}]},{"@type":"BreadcrumbList","@id":"https:\/\/letrainjaune.fr\/es\/menciones-legales\/#breadcrumb","itemListElement":[{"@type":"ListItem","position":1,"name":"Inicio","item":"https:\/\/letrainjaune.fr\/es\/"},{"@type":"ListItem","position":2,"name":"Menciones legales"}]},{"@type":"WebSite","@id":"https:\/\/letrainjaune.fr\/es\/#website","url":"https:\/\/letrainjaune.fr\/es\/","name":"Destino Tren amarillo","description":"Dans les Pyr\u00e9n\u00e9es Catalanes, d\u00e9couvrez ce train sur le plus haut chemin de fer d\u2019Europe.","publisher":{"@id":"https:\/\/letrainjaune.fr\/es\/#organization"},"potentialAction":[{"@type":"SearchAction","target":{"@type":"EntryPoint","urlTemplate":"https:\/\/letrainjaune.fr\/es\/?s={search_term_string}"},"query-input":{"@type":"PropertyValueSpecification","valueRequired":true,"valueName":"search_term_string"}}],"inLanguage":"es"},{"@type":"Organization","@id":"https:\/\/letrainjaune.fr\/es\/#organization","name":"Destino Tren amarillo","url":"https:\/\/letrainjaune.fr\/es\/","logo":{"@type":"ImageObject","inLanguage":"es","@id":"https:\/\/letrainjaune.fr\/es\/#\/schema\/logo\/image\/","url":"https:\/\/letrainjaune.fr\/wp-content\/uploads\/2021\/04\/TJ_logo-TJ-footer.svg","contentUrl":"https:\/\/letrainjaune.fr\/wp-content\/uploads\/2021\/04\/TJ_logo-TJ-footer.svg","width":"1920","height":"9999","caption":"Destino Tren amarillo"},"image":{"@id":"https:\/\/letrainjaune.fr\/es\/#\/schema\/logo\/image\/"}}]}},"_links":{"self":[{"href":"https:\/\/letrainjaune.fr\/es\/wp-json\/wp\/v2\/pages\/1824","targetHints":{"allow":["GET"]}}],"collection":[{"href":"https:\/\/letrainjaune.fr\/es\/wp-json\/wp\/v2\/pages"}],"about":[{"href":"https:\/\/letrainjaune.fr\/es\/wp-json\/wp\/v2\/types\/page"}],"author":[{"embeddable":true,"href":"https:\/\/letrainjaune.fr\/es\/wp-json\/wp\/v2\/users\/2"}],"replies":[{"embeddable":true,"href":"https:\/\/letrainjaune.fr\/es\/wp-json\/wp\/v2\/comments?post=1824"}],"version-history":[{"count":4,"href":"https:\/\/letrainjaune.fr\/es\/wp-json\/wp\/v2\/pages\/1824\/revisions"}],"predecessor-version":[{"id":9644,"href":"https:\/\/letrainjaune.fr\/es\/wp-json\/wp\/v2\/pages\/1824\/revisions\/9644"}],"wp:attachment":[{"href":"https:\/\/letrainjaune.fr\/es\/wp-json\/wp\/v2\/media?parent=1824"}],"curies":[{"name":"wp","href":"https:\/\/api.w.org\/{rel}","templated":true}]}}