{"id":1865,"date":"2021-02-16T10:00:22","date_gmt":"2021-02-16T09:00:22","guid":{"rendered":"https:\/\/letrainjaune.fr\/descubre-el-train-jaune\/experience-du-train\/"},"modified":"2023-06-23T14:49:26","modified_gmt":"2023-06-23T12:49:26","slug":"vive-la-experiencia-del-tren","status":"publish","type":"page","link":"https:\/\/letrainjaune.fr\/es\/descubrir-el-tren-amarillo\/vive-la-experiencia-del-tren\/","title":{"rendered":"Viva un recorrido en 360\u00b0"},"content":{"rendered":"\n<h2 class=\"wp-block-heading\">\u00a1Suba a bordo del Tren Amarillo!<\/h2>\n\n\n\n<p>El Tren Amarillo es una l\u00ednea ferroviaria emblem\u00e1tica del territorio del Parque Natural Regional de los Pirineos Catalanes. Desde hace m\u00e1s de 100 a\u00f1os, los paisajes que ofrece este viaje cambian con las estaciones y el sinuoso avance por los valles y altiplanos.<br>Suba a bordo con estas pel\u00edculas en 360 grados y descubra el m\u00edtico Tren Amarillo con todos los colores de los paisajes de los Pirineos Catalanes, como si estuviera all\u00ed.<\/p>\n\n\n\n<p>Solo tiene que empezar a reproducir uno de los v\u00eddeos seg\u00fan la estaci\u00f3n que le interese y mover el rat\u00f3n para orientar el \u00e1ngulo de visi\u00f3n si est\u00e1 en un ordenador, o mover el tel\u00e9fono si est\u00e1 en un m\u00f3vil.<\/p>\n\n\n\n<p><\/p>\n\n\n\n<p>\u00a1Buen viaje y hasta pronto para disfrutar de la experiencia en vivo!<\/p>\n","protected":false},"excerpt":{"rendered":"<p>\u00a1Suba a bordo del Tren Amarillo! El Tren Amarillo es una l\u00ednea ferroviaria emblem\u00e1tica del territorio del Parque Natural Regional de los Pirineos Catalanes. Desde hace m\u00e1s de 100 a\u00f1os, los paisajes que ofrece este viaje cambian con las estaciones y el sinuoso avance por los valles y altiplanos.Suba a bordo con estas pel\u00edculas en [&hellip;]<\/p>\n","protected":false},"author":2,"featured_media":4965,"parent":1690,"menu_order":3,"comment_status":"closed","ping_status":"closed","template":"","meta":{"_acf_changed":false,"inline_featured_image":false,"footnotes":""},"class_list":["post-1865","page","type-page","status-publish","has-post-thumbnail","hentry"],"acf":[],"yoast_head":"<!-- This site is optimized with the Yoast SEO plugin v25.4 - https:\/\/yoast.com\/wordpress\/plugins\/seo\/ -->\n<title>Viva un recorrido en 360\u00b0 - Destino Tren amarillo<\/title>\n<meta name=\"robots\" content=\"index, follow, max-snippet:-1, max-image-preview:large, max-video-preview:-1\" \/>\n<link rel=\"canonical\" href=\"https:\/\/letrainjaune.fr\/es\/descubrir-el-tren-amarillo\/vive-la-experiencia-del-tren\/\" \/>\n<meta property=\"og:locale\" content=\"es_ES\" \/>\n<meta property=\"og:type\" content=\"article\" \/>\n<meta property=\"og:title\" content=\"Viva un recorrido en 360\u00b0 - Destino Tren amarillo\" \/>\n<meta property=\"og:description\" content=\"\u00a1Suba a bordo del Tren Amarillo! El Tren Amarillo es una l\u00ednea ferroviaria emblem\u00e1tica del territorio del Parque Natural Regional de los Pirineos Catalanes. Desde hace m\u00e1s de 100 a\u00f1os, los paisajes que ofrece este viaje cambian con las estaciones y el sinuoso avance por los valles y altiplanos.Suba a bordo con estas pel\u00edculas en [&hellip;]\" \/>\n<meta property=\"og:url\" content=\"https:\/\/letrainjaune.fr\/es\/descubrir-el-tren-amarillo\/vive-la-experiencia-del-tren\/\" \/>\n<meta property=\"og:site_name\" content=\"Destino Tren amarillo\" \/>\n<meta property=\"article:modified_time\" content=\"2023-06-23T12:49:26+00:00\" \/>\n<meta property=\"og:image\" content=\"https:\/\/letrainjaune.fr\/wp-content\/uploads\/2021\/09\/360miniature.jpg\" \/>\n\t<meta property=\"og:image:width\" content=\"672\" \/>\n\t<meta property=\"og:image:height\" content=\"378\" \/>\n\t<meta property=\"og:image:type\" content=\"image\/jpeg\" \/>\n<meta name=\"twitter:card\" content=\"summary_large_image\" \/>\n<meta name=\"twitter:label1\" content=\"Tiempo de lectura\" \/>\n\t<meta name=\"twitter:data1\" content=\"1 minuto\" \/>\n<script type=\"application\/ld+json\" class=\"yoast-schema-graph\">{\"@context\":\"https:\/\/schema.org\",\"@graph\":[{\"@type\":\"WebPage\",\"@id\":\"https:\/\/letrainjaune.fr\/es\/descubrir-el-tren-amarillo\/vive-la-experiencia-del-tren\/\",\"url\":\"https:\/\/letrainjaune.fr\/es\/descubrir-el-tren-amarillo\/vive-la-experiencia-del-tren\/\",\"name\":\"Viva un recorrido en 360\u00b0 - Destino Tren amarillo\",\"isPartOf\":{\"@id\":\"https:\/\/letrainjaune.fr\/es\/#website\"},\"primaryImageOfPage\":{\"@id\":\"https:\/\/letrainjaune.fr\/es\/descubrir-el-tren-amarillo\/vive-la-experiencia-del-tren\/#primaryimage\"},\"image\":{\"@id\":\"https:\/\/letrainjaune.fr\/es\/descubrir-el-tren-amarillo\/vive-la-experiencia-del-tren\/#primaryimage\"},\"thumbnailUrl\":\"https:\/\/letrainjaune.fr\/wp-content\/uploads\/2021\/09\/360miniature.jpg\",\"datePublished\":\"2021-02-16T09:00:22+00:00\",\"dateModified\":\"2023-06-23T12:49:26+00:00\",\"breadcrumb\":{\"@id\":\"https:\/\/letrainjaune.fr\/es\/descubrir-el-tren-amarillo\/vive-la-experiencia-del-tren\/#breadcrumb\"},\"inLanguage\":\"es\",\"potentialAction\":[{\"@type\":\"ReadAction\",\"target\":[\"https:\/\/letrainjaune.fr\/es\/descubrir-el-tren-amarillo\/vive-la-experiencia-del-tren\/\"]}]},{\"@type\":\"ImageObject\",\"inLanguage\":\"es\",\"@id\":\"https:\/\/letrainjaune.fr\/es\/descubrir-el-tren-amarillo\/vive-la-experiencia-del-tren\/#primaryimage\",\"url\":\"https:\/\/letrainjaune.fr\/wp-content\/uploads\/2021\/09\/360miniature.jpg\",\"contentUrl\":\"https:\/\/letrainjaune.fr\/wp-content\/uploads\/2021\/09\/360miniature.jpg\",\"width\":672,\"height\":378},{\"@type\":\"BreadcrumbList\",\"@id\":\"https:\/\/letrainjaune.fr\/es\/descubrir-el-tren-amarillo\/vive-la-experiencia-del-tren\/#breadcrumb\",\"itemListElement\":[{\"@type\":\"ListItem\",\"position\":1,\"name\":\"Inicio\",\"item\":\"https:\/\/letrainjaune.fr\/es\/\"},{\"@type\":\"ListItem\",\"position\":2,\"name\":\"Descubrir el tren amarillo\",\"item\":\"https:\/\/letrainjaune.fr\/es\/descubrir-el-tren-amarillo\/\"},{\"@type\":\"ListItem\",\"position\":3,\"name\":\"Viva un recorrido en 360\u00b0\"}]},{\"@type\":\"WebSite\",\"@id\":\"https:\/\/letrainjaune.fr\/es\/#website\",\"url\":\"https:\/\/letrainjaune.fr\/es\/\",\"name\":\"Destino Tren amarillo\",\"description\":\"Dans les Pyr\u00e9n\u00e9es Catalanes, d\u00e9couvrez ce train sur le plus haut chemin de fer d\u2019Europe.\",\"publisher\":{\"@id\":\"https:\/\/letrainjaune.fr\/es\/#organization\"},\"potentialAction\":[{\"@type\":\"SearchAction\",\"target\":{\"@type\":\"EntryPoint\",\"urlTemplate\":\"https:\/\/letrainjaune.fr\/es\/?s={search_term_string}\"},\"query-input\":{\"@type\":\"PropertyValueSpecification\",\"valueRequired\":true,\"valueName\":\"search_term_string\"}}],\"inLanguage\":\"es\"},{\"@type\":\"Organization\",\"@id\":\"https:\/\/letrainjaune.fr\/es\/#organization\",\"name\":\"Destino Tren amarillo\",\"url\":\"https:\/\/letrainjaune.fr\/es\/\",\"logo\":{\"@type\":\"ImageObject\",\"inLanguage\":\"es\",\"@id\":\"https:\/\/letrainjaune.fr\/es\/#\/schema\/logo\/image\/\",\"url\":\"https:\/\/letrainjaune.fr\/wp-content\/uploads\/2021\/04\/TJ_logo-TJ-footer.svg\",\"contentUrl\":\"https:\/\/letrainjaune.fr\/wp-content\/uploads\/2021\/04\/TJ_logo-TJ-footer.svg\",\"width\":\"1920\",\"height\":\"9999\",\"caption\":\"Destino Tren amarillo\"},\"image\":{\"@id\":\"https:\/\/letrainjaune.fr\/es\/#\/schema\/logo\/image\/\"}}]}<\/script>\n<!-- \/ Yoast SEO plugin. -->","yoast_head_json":{"title":"Viva un recorrido en 360\u00b0 - Destino Tren amarillo","robots":{"index":"index","follow":"follow","max-snippet":"max-snippet:-1","max-image-preview":"max-image-preview:large","max-video-preview":"max-video-preview:-1"},"canonical":"https:\/\/letrainjaune.fr\/es\/descubrir-el-tren-amarillo\/vive-la-experiencia-del-tren\/","og_locale":"es_ES","og_type":"article","og_title":"Viva un recorrido en 360\u00b0 - Destino Tren amarillo","og_description":"\u00a1Suba a bordo del Tren Amarillo! El Tren Amarillo es una l\u00ednea ferroviaria emblem\u00e1tica del territorio del Parque Natural Regional de los Pirineos Catalanes. Desde hace m\u00e1s de 100 a\u00f1os, los paisajes que ofrece este viaje cambian con las estaciones y el sinuoso avance por los valles y altiplanos.Suba a bordo con estas pel\u00edculas en [&hellip;]","og_url":"https:\/\/letrainjaune.fr\/es\/descubrir-el-tren-amarillo\/vive-la-experiencia-del-tren\/","og_site_name":"Destino Tren amarillo","article_modified_time":"2023-06-23T12:49:26+00:00","og_image":[{"width":672,"height":378,"url":"https:\/\/letrainjaune.fr\/wp-content\/uploads\/2021\/09\/360miniature.jpg","type":"image\/jpeg"}],"twitter_card":"summary_large_image","twitter_misc":{"Tiempo de lectura":"1 minuto"},"schema":{"@context":"https:\/\/schema.org","@graph":[{"@type":"WebPage","@id":"https:\/\/letrainjaune.fr\/es\/descubrir-el-tren-amarillo\/vive-la-experiencia-del-tren\/","url":"https:\/\/letrainjaune.fr\/es\/descubrir-el-tren-amarillo\/vive-la-experiencia-del-tren\/","name":"Viva un recorrido en 360\u00b0 - Destino Tren amarillo","isPartOf":{"@id":"https:\/\/letrainjaune.fr\/es\/#website"},"primaryImageOfPage":{"@id":"https:\/\/letrainjaune.fr\/es\/descubrir-el-tren-amarillo\/vive-la-experiencia-del-tren\/#primaryimage"},"image":{"@id":"https:\/\/letrainjaune.fr\/es\/descubrir-el-tren-amarillo\/vive-la-experiencia-del-tren\/#primaryimage"},"thumbnailUrl":"https:\/\/letrainjaune.fr\/wp-content\/uploads\/2021\/09\/360miniature.jpg","datePublished":"2021-02-16T09:00:22+00:00","dateModified":"2023-06-23T12:49:26+00:00","breadcrumb":{"@id":"https:\/\/letrainjaune.fr\/es\/descubrir-el-tren-amarillo\/vive-la-experiencia-del-tren\/#breadcrumb"},"inLanguage":"es","potentialAction":[{"@type":"ReadAction","target":["https:\/\/letrainjaune.fr\/es\/descubrir-el-tren-amarillo\/vive-la-experiencia-del-tren\/"]}]},{"@type":"ImageObject","inLanguage":"es","@id":"https:\/\/letrainjaune.fr\/es\/descubrir-el-tren-amarillo\/vive-la-experiencia-del-tren\/#primaryimage","url":"https:\/\/letrainjaune.fr\/wp-content\/uploads\/2021\/09\/360miniature.jpg","contentUrl":"https:\/\/letrainjaune.fr\/wp-content\/uploads\/2021\/09\/360miniature.jpg","width":672,"height":378},{"@type":"BreadcrumbList","@id":"https:\/\/letrainjaune.fr\/es\/descubrir-el-tren-amarillo\/vive-la-experiencia-del-tren\/#breadcrumb","itemListElement":[{"@type":"ListItem","position":1,"name":"Inicio","item":"https:\/\/letrainjaune.fr\/es\/"},{"@type":"ListItem","position":2,"name":"Descubrir el tren amarillo","item":"https:\/\/letrainjaune.fr\/es\/descubrir-el-tren-amarillo\/"},{"@type":"ListItem","position":3,"name":"Viva un recorrido en 360\u00b0"}]},{"@type":"WebSite","@id":"https:\/\/letrainjaune.fr\/es\/#website","url":"https:\/\/letrainjaune.fr\/es\/","name":"Destino Tren amarillo","description":"Dans les Pyr\u00e9n\u00e9es Catalanes, d\u00e9couvrez ce train sur le plus haut chemin de fer d\u2019Europe.","publisher":{"@id":"https:\/\/letrainjaune.fr\/es\/#organization"},"potentialAction":[{"@type":"SearchAction","target":{"@type":"EntryPoint","urlTemplate":"https:\/\/letrainjaune.fr\/es\/?s={search_term_string}"},"query-input":{"@type":"PropertyValueSpecification","valueRequired":true,"valueName":"search_term_string"}}],"inLanguage":"es"},{"@type":"Organization","@id":"https:\/\/letrainjaune.fr\/es\/#organization","name":"Destino Tren amarillo","url":"https:\/\/letrainjaune.fr\/es\/","logo":{"@type":"ImageObject","inLanguage":"es","@id":"https:\/\/letrainjaune.fr\/es\/#\/schema\/logo\/image\/","url":"https:\/\/letrainjaune.fr\/wp-content\/uploads\/2021\/04\/TJ_logo-TJ-footer.svg","contentUrl":"https:\/\/letrainjaune.fr\/wp-content\/uploads\/2021\/04\/TJ_logo-TJ-footer.svg","width":"1920","height":"9999","caption":"Destino Tren amarillo"},"image":{"@id":"https:\/\/letrainjaune.fr\/es\/#\/schema\/logo\/image\/"}}]}},"_links":{"self":[{"href":"https:\/\/letrainjaune.fr\/es\/wp-json\/wp\/v2\/pages\/1865","targetHints":{"allow":["GET"]}}],"collection":[{"href":"https:\/\/letrainjaune.fr\/es\/wp-json\/wp\/v2\/pages"}],"about":[{"href":"https:\/\/letrainjaune.fr\/es\/wp-json\/wp\/v2\/types\/page"}],"author":[{"embeddable":true,"href":"https:\/\/letrainjaune.fr\/es\/wp-json\/wp\/v2\/users\/2"}],"replies":[{"embeddable":true,"href":"https:\/\/letrainjaune.fr\/es\/wp-json\/wp\/v2\/comments?post=1865"}],"version-history":[{"count":2,"href":"https:\/\/letrainjaune.fr\/es\/wp-json\/wp\/v2\/pages\/1865\/revisions"}],"predecessor-version":[{"id":9976,"href":"https:\/\/letrainjaune.fr\/es\/wp-json\/wp\/v2\/pages\/1865\/revisions\/9976"}],"up":[{"embeddable":true,"href":"https:\/\/letrainjaune.fr\/es\/wp-json\/wp\/v2\/pages\/1690"}],"wp:featuredmedia":[{"embeddable":true,"href":"https:\/\/letrainjaune.fr\/es\/wp-json\/wp\/v2\/media\/4965"}],"wp:attachment":[{"href":"https:\/\/letrainjaune.fr\/es\/wp-json\/wp\/v2\/media?parent=1865"}],"curies":[{"name":"wp","href":"https:\/\/api.w.org\/{rel}","templated":true}]}}