{"id":4449,"date":"2021-08-19T18:07:47","date_gmt":"2021-08-19T16:07:47","guid":{"rendered":"https:\/\/letrainjaune.fr\/?page_id=4449"},"modified":"2021-08-23T16:31:22","modified_gmt":"2021-08-23T14:31:22","slug":"hebergements-arret","status":"publish","type":"page","link":"https:\/\/letrainjaune.fr\/es\/organiser-votre-trajet\/hebergements-arret\/","title":{"rendered":"H\u00e9bergements \u00e0 cet arr\u00eat"},"content":{"rendered":"","protected":false},"excerpt":{"rendered":"","protected":false},"author":1,"featured_media":1140,"parent":25,"menu_order":3,"comment_status":"closed","ping_status":"closed","template":"page-templates\/page-cpt-poi-filters.php","meta":{"_acf_changed":false,"inline_featured_image":false,"footnotes":""},"class_list":["post-4449","page","type-page","status-publish","has-post-thumbnail","hentry"],"acf":[],"yoast_head":"<!-- This site is optimized with the Yoast SEO plugin v25.4 - https:\/\/yoast.com\/wordpress\/plugins\/seo\/ -->\n<title>H\u00e9bergements \u00e0 cet arr\u00eat - Destino Tren amarillo<\/title>\n<meta name=\"robots\" content=\"index, follow, max-snippet:-1, max-image-preview:large, max-video-preview:-1\" \/>\n<link rel=\"canonical\" href=\"https:\/\/letrainjaune.fr\/es\/organiser-votre-trajet\/hebergements-arret\/\" \/>\n<meta property=\"og:locale\" content=\"es_ES\" \/>\n<meta property=\"og:type\" content=\"article\" \/>\n<meta property=\"og:title\" content=\"H\u00e9bergements \u00e0 cet arr\u00eat - Destino Tren amarillo\" \/>\n<meta property=\"og:url\" content=\"https:\/\/letrainjaune.fr\/es\/organiser-votre-trajet\/hebergements-arret\/\" \/>\n<meta property=\"og:site_name\" content=\"Destino Tren amarillo\" \/>\n<meta property=\"article:modified_time\" content=\"2021-08-23T14:31:22+00:00\" \/>\n<meta property=\"og:image\" content=\"https:\/\/letrainjaune.fr\/wp-content\/uploads\/2021\/04\/TJ-accroche-mobile.jpg\" \/>\n\t<meta property=\"og:image:width\" content=\"670\" \/>\n\t<meta property=\"og:image:height\" content=\"670\" \/>\n\t<meta property=\"og:image:type\" content=\"image\/jpeg\" \/>\n<meta name=\"twitter:card\" content=\"summary_large_image\" \/>\n<script type=\"application\/ld+json\" class=\"yoast-schema-graph\">{\"@context\":\"https:\/\/schema.org\",\"@graph\":[{\"@type\":\"WebPage\",\"@id\":\"https:\/\/letrainjaune.fr\/es\/organiser-votre-trajet\/hebergements-arret\/\",\"url\":\"https:\/\/letrainjaune.fr\/es\/organiser-votre-trajet\/hebergements-arret\/\",\"name\":\"H\u00e9bergements \u00e0 cet arr\u00eat - Destino Tren amarillo\",\"isPartOf\":{\"@id\":\"https:\/\/letrainjaune.fr\/es\/#website\"},\"primaryImageOfPage\":{\"@id\":\"https:\/\/letrainjaune.fr\/es\/organiser-votre-trajet\/hebergements-arret\/#primaryimage\"},\"image\":{\"@id\":\"https:\/\/letrainjaune.fr\/es\/organiser-votre-trajet\/hebergements-arret\/#primaryimage\"},\"thumbnailUrl\":\"https:\/\/letrainjaune.fr\/wp-content\/uploads\/2021\/04\/TJ-accroche-mobile.jpg\",\"datePublished\":\"2021-08-19T16:07:47+00:00\",\"dateModified\":\"2021-08-23T14:31:22+00:00\",\"breadcrumb\":{\"@id\":\"https:\/\/letrainjaune.fr\/es\/organiser-votre-trajet\/hebergements-arret\/#breadcrumb\"},\"inLanguage\":\"es\",\"potentialAction\":[{\"@type\":\"ReadAction\",\"target\":[\"https:\/\/letrainjaune.fr\/es\/organiser-votre-trajet\/hebergements-arret\/\"]}]},{\"@type\":\"ImageObject\",\"inLanguage\":\"es\",\"@id\":\"https:\/\/letrainjaune.fr\/es\/organiser-votre-trajet\/hebergements-arret\/#primaryimage\",\"url\":\"https:\/\/letrainjaune.fr\/wp-content\/uploads\/2021\/04\/TJ-accroche-mobile.jpg\",\"contentUrl\":\"https:\/\/letrainjaune.fr\/wp-content\/uploads\/2021\/04\/TJ-accroche-mobile.jpg\",\"width\":670,\"height\":670,\"caption\":\"Train 2\"},{\"@type\":\"BreadcrumbList\",\"@id\":\"https:\/\/letrainjaune.fr\/es\/organiser-votre-trajet\/hebergements-arret\/#breadcrumb\",\"itemListElement\":[{\"@type\":\"ListItem\",\"position\":1,\"name\":\"Inicio\",\"item\":\"https:\/\/letrainjaune.fr\/es\/\"},{\"@type\":\"ListItem\",\"position\":2,\"name\":\"Organiser votre trajet\",\"item\":\"https:\/\/letrainjaune.fr\/es\/organiser-votre-trajet\/\"},{\"@type\":\"ListItem\",\"position\":3,\"name\":\"H\u00e9bergements \u00e0 cet arr\u00eat\"}]},{\"@type\":\"WebSite\",\"@id\":\"https:\/\/letrainjaune.fr\/es\/#website\",\"url\":\"https:\/\/letrainjaune.fr\/es\/\",\"name\":\"Destino Tren amarillo\",\"description\":\"Dans les Pyr\u00e9n\u00e9es Catalanes, d\u00e9couvrez ce train sur le plus haut chemin de fer d\u2019Europe.\",\"publisher\":{\"@id\":\"https:\/\/letrainjaune.fr\/es\/#organization\"},\"potentialAction\":[{\"@type\":\"SearchAction\",\"target\":{\"@type\":\"EntryPoint\",\"urlTemplate\":\"https:\/\/letrainjaune.fr\/es\/?s={search_term_string}\"},\"query-input\":{\"@type\":\"PropertyValueSpecification\",\"valueRequired\":true,\"valueName\":\"search_term_string\"}}],\"inLanguage\":\"es\"},{\"@type\":\"Organization\",\"@id\":\"https:\/\/letrainjaune.fr\/es\/#organization\",\"name\":\"Destino Tren amarillo\",\"url\":\"https:\/\/letrainjaune.fr\/es\/\",\"logo\":{\"@type\":\"ImageObject\",\"inLanguage\":\"es\",\"@id\":\"https:\/\/letrainjaune.fr\/es\/#\/schema\/logo\/image\/\",\"url\":\"https:\/\/letrainjaune.fr\/wp-content\/uploads\/2021\/04\/TJ_logo-TJ-footer.svg\",\"contentUrl\":\"https:\/\/letrainjaune.fr\/wp-content\/uploads\/2021\/04\/TJ_logo-TJ-footer.svg\",\"width\":\"1920\",\"height\":\"9999\",\"caption\":\"Destino Tren amarillo\"},\"image\":{\"@id\":\"https:\/\/letrainjaune.fr\/es\/#\/schema\/logo\/image\/\"}}]}<\/script>\n<!-- \/ Yoast SEO plugin. -->","yoast_head_json":{"title":"H\u00e9bergements \u00e0 cet arr\u00eat - Destino Tren amarillo","robots":{"index":"index","follow":"follow","max-snippet":"max-snippet:-1","max-image-preview":"max-image-preview:large","max-video-preview":"max-video-preview:-1"},"canonical":"https:\/\/letrainjaune.fr\/es\/organiser-votre-trajet\/hebergements-arret\/","og_locale":"es_ES","og_type":"article","og_title":"H\u00e9bergements \u00e0 cet arr\u00eat - Destino Tren amarillo","og_url":"https:\/\/letrainjaune.fr\/es\/organiser-votre-trajet\/hebergements-arret\/","og_site_name":"Destino Tren amarillo","article_modified_time":"2021-08-23T14:31:22+00:00","og_image":[{"width":670,"height":670,"url":"https:\/\/letrainjaune.fr\/wp-content\/uploads\/2021\/04\/TJ-accroche-mobile.jpg","type":"image\/jpeg"}],"twitter_card":"summary_large_image","schema":{"@context":"https:\/\/schema.org","@graph":[{"@type":"WebPage","@id":"https:\/\/letrainjaune.fr\/es\/organiser-votre-trajet\/hebergements-arret\/","url":"https:\/\/letrainjaune.fr\/es\/organiser-votre-trajet\/hebergements-arret\/","name":"H\u00e9bergements \u00e0 cet arr\u00eat - Destino Tren amarillo","isPartOf":{"@id":"https:\/\/letrainjaune.fr\/es\/#website"},"primaryImageOfPage":{"@id":"https:\/\/letrainjaune.fr\/es\/organiser-votre-trajet\/hebergements-arret\/#primaryimage"},"image":{"@id":"https:\/\/letrainjaune.fr\/es\/organiser-votre-trajet\/hebergements-arret\/#primaryimage"},"thumbnailUrl":"https:\/\/letrainjaune.fr\/wp-content\/uploads\/2021\/04\/TJ-accroche-mobile.jpg","datePublished":"2021-08-19T16:07:47+00:00","dateModified":"2021-08-23T14:31:22+00:00","breadcrumb":{"@id":"https:\/\/letrainjaune.fr\/es\/organiser-votre-trajet\/hebergements-arret\/#breadcrumb"},"inLanguage":"es","potentialAction":[{"@type":"ReadAction","target":["https:\/\/letrainjaune.fr\/es\/organiser-votre-trajet\/hebergements-arret\/"]}]},{"@type":"ImageObject","inLanguage":"es","@id":"https:\/\/letrainjaune.fr\/es\/organiser-votre-trajet\/hebergements-arret\/#primaryimage","url":"https:\/\/letrainjaune.fr\/wp-content\/uploads\/2021\/04\/TJ-accroche-mobile.jpg","contentUrl":"https:\/\/letrainjaune.fr\/wp-content\/uploads\/2021\/04\/TJ-accroche-mobile.jpg","width":670,"height":670,"caption":"Train 2"},{"@type":"BreadcrumbList","@id":"https:\/\/letrainjaune.fr\/es\/organiser-votre-trajet\/hebergements-arret\/#breadcrumb","itemListElement":[{"@type":"ListItem","position":1,"name":"Inicio","item":"https:\/\/letrainjaune.fr\/es\/"},{"@type":"ListItem","position":2,"name":"Organiser votre trajet","item":"https:\/\/letrainjaune.fr\/es\/organiser-votre-trajet\/"},{"@type":"ListItem","position":3,"name":"H\u00e9bergements \u00e0 cet arr\u00eat"}]},{"@type":"WebSite","@id":"https:\/\/letrainjaune.fr\/es\/#website","url":"https:\/\/letrainjaune.fr\/es\/","name":"Destino Tren amarillo","description":"Dans les Pyr\u00e9n\u00e9es Catalanes, d\u00e9couvrez ce train sur le plus haut chemin de fer d\u2019Europe.","publisher":{"@id":"https:\/\/letrainjaune.fr\/es\/#organization"},"potentialAction":[{"@type":"SearchAction","target":{"@type":"EntryPoint","urlTemplate":"https:\/\/letrainjaune.fr\/es\/?s={search_term_string}"},"query-input":{"@type":"PropertyValueSpecification","valueRequired":true,"valueName":"search_term_string"}}],"inLanguage":"es"},{"@type":"Organization","@id":"https:\/\/letrainjaune.fr\/es\/#organization","name":"Destino Tren amarillo","url":"https:\/\/letrainjaune.fr\/es\/","logo":{"@type":"ImageObject","inLanguage":"es","@id":"https:\/\/letrainjaune.fr\/es\/#\/schema\/logo\/image\/","url":"https:\/\/letrainjaune.fr\/wp-content\/uploads\/2021\/04\/TJ_logo-TJ-footer.svg","contentUrl":"https:\/\/letrainjaune.fr\/wp-content\/uploads\/2021\/04\/TJ_logo-TJ-footer.svg","width":"1920","height":"9999","caption":"Destino Tren amarillo"},"image":{"@id":"https:\/\/letrainjaune.fr\/es\/#\/schema\/logo\/image\/"}}]}},"_links":{"self":[{"href":"https:\/\/letrainjaune.fr\/es\/wp-json\/wp\/v2\/pages\/4449","targetHints":{"allow":["GET"]}}],"collection":[{"href":"https:\/\/letrainjaune.fr\/es\/wp-json\/wp\/v2\/pages"}],"about":[{"href":"https:\/\/letrainjaune.fr\/es\/wp-json\/wp\/v2\/types\/page"}],"author":[{"embeddable":true,"href":"https:\/\/letrainjaune.fr\/es\/wp-json\/wp\/v2\/users\/1"}],"replies":[{"embeddable":true,"href":"https:\/\/letrainjaune.fr\/es\/wp-json\/wp\/v2\/comments?post=4449"}],"version-history":[{"count":6,"href":"https:\/\/letrainjaune.fr\/es\/wp-json\/wp\/v2\/pages\/4449\/revisions"}],"predecessor-version":[{"id":4482,"href":"https:\/\/letrainjaune.fr\/es\/wp-json\/wp\/v2\/pages\/4449\/revisions\/4482"}],"up":[{"embeddable":true,"href":"https:\/\/letrainjaune.fr\/es\/wp-json\/wp\/v2\/pages\/25"}],"wp:featuredmedia":[{"embeddable":true,"href":"https:\/\/letrainjaune.fr\/es\/wp-json\/wp\/v2\/media\/1140"}],"wp:attachment":[{"href":"https:\/\/letrainjaune.fr\/es\/wp-json\/wp\/v2\/media?parent=4449"}],"curies":[{"name":"wp","href":"https:\/\/api.w.org\/{rel}","templated":true}]}}